{"id":2092,"date":"2025-02-04T13:32:04","date_gmt":"2025-02-04T13:32:04","guid":{"rendered":"https:\/\/www.holenberg.com\/?page_id=2092"},"modified":"2025-12-19T13:33:40","modified_gmt":"2025-12-19T13:33:40","slug":"winter","status":"publish","type":"page","link":"https:\/\/www.holenberg.com\/de\/winter\/","title":{"rendered":"Erlebe die stille Ruhe des Winters in Cabin ANNA"},"content":{"rendered":"\n<div class=\"wp-block-cover is-light use-max-height\" style=\"margin-top:0;min-height:1101px;aspect-ratio:unset;\"><img loading=\"lazy\" decoding=\"async\" width=\"2560\" height=\"1226\" class=\"wp-block-cover__image-background wp-image-705\" alt=\"\" src=\"https:\/\/www.holenberg.com\/wp-content\/uploads\/2025\/02\/cabinanna-winter-banner.jpg\" data-object-fit=\"cover\" srcset=\"https:\/\/www.holenberg.com\/wp-content\/uploads\/2025\/02\/cabinanna-winter-banner.jpg 2560w, https:\/\/www.holenberg.com\/wp-content\/uploads\/2025\/02\/cabinanna-winter-banner-300x144.jpg 300w, https:\/\/www.holenberg.com\/wp-content\/uploads\/2025\/02\/cabinanna-winter-banner-1024x490.jpg 1024w, https:\/\/www.holenberg.com\/wp-content\/uploads\/2025\/02\/cabinanna-winter-banner-768x368.jpg 768w, https:\/\/www.holenberg.com\/wp-content\/uploads\/2025\/02\/cabinanna-winter-banner-1536x736.jpg 1536w, https:\/\/www.holenberg.com\/wp-content\/uploads\/2025\/02\/cabinanna-winter-banner-2048x981.jpg 2048w, https:\/\/www.holenberg.com\/wp-content\/uploads\/2025\/02\/cabinanna-winter-banner-800x383.jpg 800w\" sizes=\"auto, (max-width: 2560px) 100vw, 2560px\" \/><span aria-hidden=\"true\" class=\"wp-block-cover__background has-background-dim-0 has-background-dim\" style=\"background-color:#acb1be\"><\/span><div class=\"wp-block-cover__inner-container is-layout-constrained wp-block-cover-is-layout-constrained\">\n<p class=\"has-text-align-center has-large-font-size\"><\/p>\n<\/div><\/div>\n\n\n\n<h2 class=\"wp-block-heading has-text-align-center\">Erlebe die stille Ruhe des Winters in Cabin ANNA<\/h2>\n\n\n\n<div class=\"wp-block-columns is-layout-flex wp-block-columns-is-layout-flex\">\n<div class=\"wp-block-column is-layout-flow wp-block-column-is-layout-flow\">\n<p>Der Winter offenbart eine andere Seite der Natur: eine stille, friedliche Welt, in der alles langsamer wird. Von Cabin ANNA aus erlebst du diese Ruhe wie nie zuvor. Die gro\u00dfe gl\u00e4serne H\u00fclle bringt die winterliche Natur nach drinnen, w\u00e4hrend du es dir warm und gem\u00fctlich am knisternden Kaminfeuer machst.<\/p>\n\n\n\n<p>Umarme die K\u00e4lte! Die frische Luft stimuliert deine Sinne, macht dich klarer und aktiver und ist gut f\u00fcr deine Gesundheit. Sie st\u00e4rkt dein Immunsystem, erh\u00f6ht dein Energieniveau und sorgt f\u00fcr einen tiefen, erholsamen Schlaf.<\/p>\n<\/div>\n\n\n\n<div class=\"wp-block-column is-layout-flow wp-block-column-is-layout-flow\">\n<p>Spazierg\u00e4nge durch die gefrorene Landschaft regen deine Sinne an und lassen dich die Stille beinahe greifbar erleben.<\/p>\n\n\n\n<p>Nach einem Tag im Freien h\u00fcllt dich die W\u00e4rme der Cabin wie eine Decke ein, w\u00e4hrend das Kaminfeuer knistert und sich die Natur direkt vor deinem Fenster entfaltet. Diese einzigartige Kombination aus winterlicher Frischluft und ultimativem Indoor-Komfort macht einen Aufenthalt in Cabin ANNA zu einem unvergesslichen Erlebnis. Entfliehe dem Alltag, tanke neue Energie und f\u00fchle dich eins mit der Natur.<\/p>\n<\/div>\n<\/div>\n\n\n\n<figure class=\"wp-block-gallery has-nested-images columns-4 is-cropped wp-block-gallery-1 is-layout-flex wp-block-gallery-is-layout-flex\">\n<figure class=\"wp-block-image size-large\"><img loading=\"lazy\" decoding=\"async\" width=\"640\" height=\"427\" data-id=\"723\" src=\"https:\/\/www.holenberg.com\/wp-content\/uploads\/2025\/02\/57.jpg\" alt=\"\" class=\"wp-image-723\" srcset=\"https:\/\/www.holenberg.com\/wp-content\/uploads\/2025\/02\/57.jpg 640w, https:\/\/www.holenberg.com\/wp-content\/uploads\/2025\/02\/57-300x200.jpg 300w\" sizes=\"auto, (max-width: 640px) 100vw, 640px\" \/><\/figure>\n\n\n\n<figure class=\"wp-block-image size-large\"><img loading=\"lazy\" decoding=\"async\" width=\"640\" height=\"427\" data-id=\"719\" src=\"https:\/\/www.holenberg.com\/wp-content\/uploads\/2025\/02\/51.jpg\" alt=\"\" class=\"wp-image-719\" srcset=\"https:\/\/www.holenberg.com\/wp-content\/uploads\/2025\/02\/51.jpg 640w, https:\/\/www.holenberg.com\/wp-content\/uploads\/2025\/02\/51-300x200.jpg 300w\" sizes=\"auto, (max-width: 640px) 100vw, 640px\" \/><\/figure>\n\n\n\n<figure class=\"wp-block-image size-large\"><img loading=\"lazy\" decoding=\"async\" width=\"640\" height=\"427\" data-id=\"721\" src=\"https:\/\/www.holenberg.com\/wp-content\/uploads\/2025\/02\/54.jpg\" alt=\"\" class=\"wp-image-721\" srcset=\"https:\/\/www.holenberg.com\/wp-content\/uploads\/2025\/02\/54.jpg 640w, https:\/\/www.holenberg.com\/wp-content\/uploads\/2025\/02\/54-300x200.jpg 300w\" sizes=\"auto, (max-width: 640px) 100vw, 640px\" \/><\/figure>\n\n\n\n<figure class=\"wp-block-image size-large\"><img loading=\"lazy\" decoding=\"async\" width=\"1024\" height=\"683\" data-id=\"1977\" src=\"https:\/\/www.holenberg.com\/wp-content\/uploads\/2025\/11\/winter-5-1024x683.jpg\" alt=\"\" class=\"wp-image-1977\" srcset=\"https:\/\/www.holenberg.com\/wp-content\/uploads\/2025\/11\/winter-5-1024x683.jpg 1024w, https:\/\/www.holenberg.com\/wp-content\/uploads\/2025\/11\/winter-5-300x200.jpg 300w, https:\/\/www.holenberg.com\/wp-content\/uploads\/2025\/11\/winter-5-768x512.jpg 768w, https:\/\/www.holenberg.com\/wp-content\/uploads\/2025\/11\/winter-5-800x533.jpg 800w, https:\/\/www.holenberg.com\/wp-content\/uploads\/2025\/11\/winter-5.jpg 1440w\" sizes=\"auto, (max-width: 1024px) 100vw, 1024px\" \/><\/figure>\n<\/figure>\n\n\n\n<div class=\"wp-block-group has-beige-light-background-color has-background is-layout-constrained wp-block-group-is-layout-constrained\" style=\"margin-bottom:0\">\n<h2 class=\"wp-block-heading has-text-align-center\">Winterliche Aktivit\u00e4ten bei Cabin ANNA<\/h2>\n\n\n\n<div class=\"wp-block-columns is-layout-flex wp-block-columns-is-layout-flex\">\n<div class=\"wp-block-column is-layout-flow wp-block-column-is-layout-flow\">\n<p><strong>De Maashorst<\/strong><\/p>\n\n\n\n<p>Entdecke die Kraft der kalten Luft und des kalten Wassers im See unter Anleitung eines erfahrenen Atemcoachs oder erkunde den zauberhaften Maashorst mit seinen wundersch\u00f6nen Wanderrouten. Beobachte die gro\u00dfen Weidetiere \u2013 den Tauros, das Exmoor-Pony und den beeindruckenden Wisent \u2013 in der winterlichen Landschaft. Beende den Tag mit urspr\u00fcnglichem Kochen: Bereite eine k\u00f6stliche Mahlzeit \u00fcber offenem Feuer im Dutch Oven zu und genie\u00dfe W\u00e4rme und Gem\u00fctlichkeit.<br>F\u00fcr Entspannung kannst du zwischen einer beruhigenden Schmetterlingsmassage, einer Meditationssitzung oder Yoga w\u00e4hlen, abgestimmt auf die Energie der Jahreszeit. Lass deine Atmung zur Ruhe kommen, finde Balance und bringe K\u00f6rper und Geist in Harmonie.<\/p>\n\n\n\n<div class=\"wp-block-buttons is-layout-flex wp-block-buttons-is-layout-flex\">\n<div class=\"wp-block-button\"><a class=\"wp-block-button__link wp-element-button\" href=\"https:\/\/www.holenberg.com\/de\/aktivitaten\/\"><span class=\"wp-block-button__link-icon\" aria-hidden=\"true\"><svg width=\"6.846\" height=\"7.732\" viewBox=\"0 0 6.846 7.732\"><path d=\"M6.844 3.844a2.433 2.433 0 00-.42-.45Q3.646 1.746.85.123C.385-.149.015.042.015.573q-.028 3.285 0 6.571c0 .535.37.741.833.469q2.819-1.63 5.615-3.3c.137-.087.219-.276.383-.472z\" fill=\"currentColor\"><\/path><\/svg><\/span>Aktivit\u00e4ten ansehen<\/a><\/div>\n<\/div>\n<\/div>\n\n\n\n<div class=\"wp-block-column is-layout-flow wp-block-column-is-layout-flow\">\n<p><strong>De Biesbosch<\/strong><\/p>\n\n\n\n<p>Streife durch das winterliche Biesbosch und entdecke die stille Sch\u00f6nheit der Noordwaard mit ihren Wasserl\u00e4ufen, Schilfg\u00fcrteln und Moorlandschaften. Wandere direkt von Cabin ANNA aus durch das Gezeitengebiet oder erlebe die Magie der Jahreszeit vom Wasser aus im Kanu. Beobachte \u00fcberwinternde V\u00f6gel aus dem hohen Norden und genie\u00dfe die Ruhe, die das Gebiet umh\u00fcllt. Beende den Tag mit der Zubereitung und dem Genuss einer winterlichen Mahlzeit, einem warmen Bad unter den Sternen und einem gem\u00fctlichen Abend am Kaminfeuer.<\/p>\n<\/div>\n<\/div>\n<\/div>\n\n\n<div class=\"hol-image-slider is-section-display  m-top-0\"><div class=\"hol-image-slider__controls\">\n    <button class=\"hol-image-slider__control\"><svg width=\"6.846\" height=\"7.732\" viewBox=\"0 0 6.846 7.732\"><path d=\"M6.844 3.844a2.433 2.433 0 00-.42-.45Q3.646 1.746.85.123C.385-.149.015.042.015.573q-.028 3.285 0 6.571c0 .535.37.741.833.469q2.819-1.63 5.615-3.3c.137-.087.219-.276.383-.472z\" fill=\"currentColor\"><\/path><\/svg><\/button>\n    <button class=\"hol-image-slider__control\"><svg width=\"6.846\" height=\"7.732\" viewBox=\"0 0 6.846 7.732\"><path d=\"M6.844 3.844a2.433 2.433 0 00-.42-.45Q3.646 1.746.85.123C.385-.149.015.042.015.573q-.028 3.285 0 6.571c0 .535.37.741.833.469q2.819-1.63 5.615-3.3c.137-.087.219-.276.383-.472z\" fill=\"currentColor\"><\/path><\/svg><\/button>\n  <\/div><div class=\"hol-image-slider__wrapper\"><div class=\"wrapper\"><img loading=\"lazy\" decoding=\"async\" width=\"800\" height=\"450\" src=\"https:\/\/www.holenberg.com\/wp-content\/uploads\/2024\/12\/tumbleweed-fireflies-photography-2022-cabin-anna-103-800x450.jpg\" class=\"hol-image-slider__image\" alt=\"\" srcset=\"https:\/\/www.holenberg.com\/wp-content\/uploads\/2024\/12\/tumbleweed-fireflies-photography-2022-cabin-anna-103-800x450.jpg 800w, https:\/\/www.holenberg.com\/wp-content\/uploads\/2024\/12\/tumbleweed-fireflies-photography-2022-cabin-anna-103-300x169.jpg 300w, https:\/\/www.holenberg.com\/wp-content\/uploads\/2024\/12\/tumbleweed-fireflies-photography-2022-cabin-anna-103-1024x576.jpg 1024w, https:\/\/www.holenberg.com\/wp-content\/uploads\/2024\/12\/tumbleweed-fireflies-photography-2022-cabin-anna-103-768x432.jpg 768w, https:\/\/www.holenberg.com\/wp-content\/uploads\/2024\/12\/tumbleweed-fireflies-photography-2022-cabin-anna-103.jpg 1280w\" sizes=\"auto, (max-width: 800px) 100vw, 800px\" \/><img loading=\"lazy\" decoding=\"async\" width=\"800\" height=\"450\" src=\"https:\/\/www.holenberg.com\/wp-content\/uploads\/2024\/12\/unnamed-2-800x450.jpg\" class=\"hol-image-slider__image\" alt=\"\" srcset=\"https:\/\/www.holenberg.com\/wp-content\/uploads\/2024\/12\/unnamed-2-800x450.jpg 800w, https:\/\/www.holenberg.com\/wp-content\/uploads\/2024\/12\/unnamed-2-300x169.jpg 300w, https:\/\/www.holenberg.com\/wp-content\/uploads\/2024\/12\/unnamed-2-1024x576.jpg 1024w, https:\/\/www.holenberg.com\/wp-content\/uploads\/2024\/12\/unnamed-2-768x432.jpg 768w, https:\/\/www.holenberg.com\/wp-content\/uploads\/2024\/12\/unnamed-2.jpg 1280w\" sizes=\"auto, (max-width: 800px) 100vw, 800px\" \/><img loading=\"lazy\" decoding=\"async\" width=\"800\" height=\"450\" src=\"https:\/\/www.holenberg.com\/wp-content\/uploads\/2025\/02\/pexels-mart-production-8032840-800x450.jpg\" class=\"hol-image-slider__image\" alt=\"\" srcset=\"https:\/\/www.holenberg.com\/wp-content\/uploads\/2025\/02\/pexels-mart-production-8032840-800x450.jpg 800w, https:\/\/www.holenberg.com\/wp-content\/uploads\/2025\/02\/pexels-mart-production-8032840-300x169.jpg 300w, https:\/\/www.holenberg.com\/wp-content\/uploads\/2025\/02\/pexels-mart-production-8032840-1024x576.jpg 1024w, https:\/\/www.holenberg.com\/wp-content\/uploads\/2025\/02\/pexels-mart-production-8032840-768x432.jpg 768w, https:\/\/www.holenberg.com\/wp-content\/uploads\/2025\/02\/pexels-mart-production-8032840-1536x864.jpg 1536w, https:\/\/www.holenberg.com\/wp-content\/uploads\/2025\/02\/pexels-mart-production-8032840.jpg 1920w\" sizes=\"auto, (max-width: 800px) 100vw, 800px\" \/><\/div><\/div><div class=\"progress-indicators\">\n      <div class=\"wrapper\">\n        <div class=\"progress-indicators__bar\"><\/div>\n        <div class=\"progress-indicators__count\">1\/3<\/div>\n      <\/div>\n    <\/div><\/div>\n\n\n<div class=\"wp-block-group is-small is-layout-constrained wp-block-group-is-layout-constrained\">\n<h2 class=\"wp-block-heading has-text-align-center\">Buche deinen Aufenthalt<\/h2>\n\n\n\n<p>M\u00f6chtest du deinen winterlichen Aufenthalt in der au\u00dfergew\u00f6hnlichen Cabin ANNA buchen? Genie\u00dft du die frische K\u00e4lte und die stille Sch\u00f6nheit des Winters? In Cabin ANNA kannst du die K\u00e4lte umarmen und ganz in die Magie der Jahreszeit eintauchen. Ob du f\u00fcr eine erfrischende Atemcoach-Session kommst, eine Wanderung durch den winterlichen Maashorst machst oder einfach am Kamin entspannen m\u00f6chtest \u2013 Cabin ANNA bietet dir den perfekten Ort, um vollkommen zur Ruhe zu kommen. Buche jetzt und erlebe den Winter wie nie zuvor!<\/p>\n\n\n\n<div class=\"wp-block-buttons is-layout-flex wp-block-buttons-is-layout-flex\">\n<div class=\"wp-block-button\"><a class=\"wp-block-button__link wp-element-button\" href=\"https:\/\/www.holenberg.com\/de\/unsere-cabin-annas\/\"><span class=\"wp-block-button__link-icon\" aria-hidden=\"true\"><svg width=\"6.846\" height=\"7.732\" viewBox=\"0 0 6.846 7.732\"><path d=\"M6.844 3.844a2.433 2.433 0 00-.42-.45Q3.646 1.746.85.123C.385-.149.015.042.015.573q-.028 3.285 0 6.571c0 .535.37.741.833.469q2.819-1.63 5.615-3.3c.137-.087.219-.276.383-.472z\" fill=\"currentColor\"><\/path><\/svg><\/span>Entdecke unsere Cabins<\/a><\/div>\n\n\n\n<div class=\"wp-block-button\"><a class=\"wp-block-button__link wp-element-button\" href=\"https:\/\/www.holenberg.com\/de\/buchen\/\"><span class=\"wp-block-button__link-icon\" aria-hidden=\"true\"><svg width=\"6.846\" height=\"7.732\" viewBox=\"0 0 6.846 7.732\"><path d=\"M6.844 3.844a2.433 2.433 0 00-.42-.45Q3.646 1.746.85.123C.385-.149.015.042.015.573q-.028 3.285 0 6.571c0 .535.37.741.833.469q2.819-1.63 5.615-3.3c.137-.087.219-.276.383-.472z\" fill=\"currentColor\"><\/path><\/svg><\/span>Buche deinen Aufenthalt<\/a><\/div>\n\n\n\n<div class=\"wp-block-button\"><a class=\"wp-block-button__link wp-element-button\" href=\"https:\/\/www.holenberg.com\/de\/mein-aufenthalt\/jahreszeit\/winter-aufenthalt\/\"><span class=\"wp-block-button__link-icon\" aria-hidden=\"true\"><svg width=\"6.846\" height=\"7.732\" viewBox=\"0 0 6.846 7.732\"><path d=\"M6.844 3.844a2.433 2.433 0 00-.42-.45Q3.646 1.746.85.123C.385-.149.015.042.015.573q-.028 3.285 0 6.571c0 .535.37.741.833.469q2.819-1.63 5.615-3.3c.137-.087.219-.276.383-.472z\" fill=\"currentColor\"><\/path><\/svg><\/span>Mehr Informationen \u00fcber den Winter<\/a><\/div>\n<\/div>\n<\/div>\n\n\n\n<div class=\"wp-block-cover is-light\" style=\"min-height:754px;aspect-ratio:unset;\"><img loading=\"lazy\" decoding=\"async\" width=\"2560\" height=\"1707\" class=\"wp-block-cover__image-background wp-image-729\" alt=\"\" src=\"https:\/\/www.holenberg.com\/wp-content\/uploads\/2025\/02\/54-1.jpg\" data-object-fit=\"cover\" srcset=\"https:\/\/www.holenberg.com\/wp-content\/uploads\/2025\/02\/54-1.jpg 2560w, https:\/\/www.holenberg.com\/wp-content\/uploads\/2025\/02\/54-1-300x200.jpg 300w, https:\/\/www.holenberg.com\/wp-content\/uploads\/2025\/02\/54-1-1024x683.jpg 1024w, https:\/\/www.holenberg.com\/wp-content\/uploads\/2025\/02\/54-1-768x512.jpg 768w, https:\/\/www.holenberg.com\/wp-content\/uploads\/2025\/02\/54-1-1536x1024.jpg 1536w, https:\/\/www.holenberg.com\/wp-content\/uploads\/2025\/02\/54-1-2048x1366.jpg 2048w, https:\/\/www.holenberg.com\/wp-content\/uploads\/2025\/02\/54-1-1875x1250.jpg 1875w, https:\/\/www.holenberg.com\/wp-content\/uploads\/2025\/02\/54-1-800x533.jpg 800w\" sizes=\"auto, (max-width: 2560px) 100vw, 2560px\" \/><span aria-hidden=\"true\" class=\"wp-block-cover__background has-background-dim-0 has-background-dim\" style=\"background-color:#979193\"><\/span><div class=\"wp-block-cover__inner-container is-layout-constrained wp-block-cover-is-layout-constrained\">\n<p class=\"has-text-align-center has-large-font-size\"><\/p>\n<\/div><\/div>\n","protected":false},"excerpt":{"rendered":"Erlebe die stille Ruhe des Winters in Cabin ANNA Der Winter offenbart eine andere Seite der Natur: eine stille, friedliche Welt, in der alles langsamer wird. Von Cabin ANNA aus erlebst du diese Ruhe wie nie zuvor. Die gro\u00dfe gl\u00e4serne H\u00fclle bringt die winterliche Natur nach drinnen, w\u00e4hrend du es dir warm und gem\u00fctlich am [&hellip;]","protected":false},"author":2,"featured_media":0,"parent":0,"menu_order":0,"comment_status":"closed","ping_status":"closed","template":"","meta":{"_acf_changed":false,"footnotes":""},"class_list":["post-2092","page","type-page","status-publish","hentry"],"acf":[],"yoast_head":"<!-- This site is optimized with the Yoast SEO plugin v27.3 - https:\/\/yoast.com\/product\/yoast-seo-wordpress\/ -->\n<title>Erlebe die stille Ruhe des Winters in Cabin ANNA - Holenberg<\/title>\n<meta name=\"robots\" content=\"index, follow, max-snippet:-1, max-image-preview:large, max-video-preview:-1\" \/>\n<link rel=\"canonical\" href=\"https:\/\/www.holenberg.com\/de\/winter\/\" \/>\n<meta property=\"og:locale\" content=\"de_DE\" \/>\n<meta property=\"og:type\" content=\"article\" \/>\n<meta property=\"og:title\" content=\"Erlebe die stille Ruhe des Winters in Cabin ANNA - Holenberg\" \/>\n<meta property=\"og:description\" content=\"Erlebe die stille Ruhe des Winters in Cabin ANNA Der Winter offenbart eine andere Seite der Natur: eine stille, friedliche Welt, in der alles langsamer wird. Von Cabin ANNA aus erlebst du diese Ruhe wie nie zuvor. Die gro\u00dfe gl\u00e4serne H\u00fclle bringt die winterliche Natur nach drinnen, w\u00e4hrend du es dir warm und gem\u00fctlich am [&hellip;]\" \/>\n<meta property=\"og:url\" content=\"https:\/\/www.holenberg.com\/de\/winter\/\" \/>\n<meta property=\"og:site_name\" content=\"Holenberg\" \/>\n<meta property=\"article:modified_time\" content=\"2025-12-19T13:33:40+00:00\" \/>\n<meta property=\"og:image\" content=\"https:\/\/www.holenberg.com\/wp-content\/uploads\/2025\/02\/cabinanna-winter-banner.jpg\" \/>\n\t<meta property=\"og:image:width\" content=\"2560\" \/>\n\t<meta property=\"og:image:height\" content=\"1226\" \/>\n\t<meta property=\"og:image:type\" content=\"image\/jpeg\" \/>\n<meta name=\"twitter:card\" content=\"summary_large_image\" \/>\n<meta name=\"twitter:label1\" content=\"Gesch\u00e4tzte Lesezeit\" \/>\n\t<meta name=\"twitter:data1\" content=\"4\u00a0Minuten\" \/>\n<script type=\"application\/ld+json\" class=\"yoast-schema-graph\">{\"@context\":\"https:\\\/\\\/schema.org\",\"@graph\":[{\"@type\":\"WebPage\",\"@id\":\"https:\\\/\\\/www.holenberg.com\\\/de\\\/winter\\\/\",\"url\":\"https:\\\/\\\/www.holenberg.com\\\/de\\\/winter\\\/\",\"name\":\"Erlebe die stille Ruhe des Winters in Cabin ANNA - Holenberg\",\"isPartOf\":{\"@id\":\"https:\\\/\\\/www.holenberg.com\\\/de\\\/#website\"},\"primaryImageOfPage\":{\"@id\":\"https:\\\/\\\/www.holenberg.com\\\/de\\\/winter\\\/#primaryimage\"},\"image\":{\"@id\":\"https:\\\/\\\/www.holenberg.com\\\/de\\\/winter\\\/#primaryimage\"},\"thumbnailUrl\":\"https:\\\/\\\/www.holenberg.com\\\/wp-content\\\/uploads\\\/2025\\\/02\\\/cabinanna-winter-banner.jpg\",\"datePublished\":\"2025-02-04T13:32:04+00:00\",\"dateModified\":\"2025-12-19T13:33:40+00:00\",\"breadcrumb\":{\"@id\":\"https:\\\/\\\/www.holenberg.com\\\/de\\\/winter\\\/#breadcrumb\"},\"inLanguage\":\"de\",\"potentialAction\":[{\"@type\":\"ReadAction\",\"target\":[\"https:\\\/\\\/www.holenberg.com\\\/de\\\/winter\\\/\"]}]},{\"@type\":\"ImageObject\",\"inLanguage\":\"de\",\"@id\":\"https:\\\/\\\/www.holenberg.com\\\/de\\\/winter\\\/#primaryimage\",\"url\":\"https:\\\/\\\/www.holenberg.com\\\/wp-content\\\/uploads\\\/2025\\\/02\\\/cabinanna-winter-banner.jpg\",\"contentUrl\":\"https:\\\/\\\/www.holenberg.com\\\/wp-content\\\/uploads\\\/2025\\\/02\\\/cabinanna-winter-banner.jpg\"},{\"@type\":\"BreadcrumbList\",\"@id\":\"https:\\\/\\\/www.holenberg.com\\\/de\\\/winter\\\/#breadcrumb\",\"itemListElement\":[{\"@type\":\"ListItem\",\"position\":1,\"name\":\"Home\",\"item\":\"https:\\\/\\\/www.holenberg.com\\\/de\\\/\"},{\"@type\":\"ListItem\",\"position\":2,\"name\":\"Erlebe die stille Ruhe des Winters in Cabin ANNA\"}]},{\"@type\":\"WebSite\",\"@id\":\"https:\\\/\\\/www.holenberg.com\\\/de\\\/#website\",\"url\":\"https:\\\/\\\/www.holenberg.com\\\/de\\\/\",\"name\":\"Holenberg\",\"description\":\"Home of ANNA\",\"potentialAction\":[{\"@type\":\"SearchAction\",\"target\":{\"@type\":\"EntryPoint\",\"urlTemplate\":\"https:\\\/\\\/www.holenberg.com\\\/de\\\/?s={search_term_string}\"},\"query-input\":{\"@type\":\"PropertyValueSpecification\",\"valueRequired\":true,\"valueName\":\"search_term_string\"}}],\"inLanguage\":\"de\"}]}<\/script>\n<!-- \/ Yoast SEO plugin. -->","yoast_head_json":{"title":"Erlebe die stille Ruhe des Winters in Cabin ANNA - Holenberg","robots":{"index":"index","follow":"follow","max-snippet":"max-snippet:-1","max-image-preview":"max-image-preview:large","max-video-preview":"max-video-preview:-1"},"canonical":"https:\/\/www.holenberg.com\/de\/winter\/","og_locale":"de_DE","og_type":"article","og_title":"Erlebe die stille Ruhe des Winters in Cabin ANNA - Holenberg","og_description":"Erlebe die stille Ruhe des Winters in Cabin ANNA Der Winter offenbart eine andere Seite der Natur: eine stille, friedliche Welt, in der alles langsamer wird. Von Cabin ANNA aus erlebst du diese Ruhe wie nie zuvor. Die gro\u00dfe gl\u00e4serne H\u00fclle bringt die winterliche Natur nach drinnen, w\u00e4hrend du es dir warm und gem\u00fctlich am [&hellip;]","og_url":"https:\/\/www.holenberg.com\/de\/winter\/","og_site_name":"Holenberg","article_modified_time":"2025-12-19T13:33:40+00:00","og_image":[{"width":2560,"height":1226,"url":"https:\/\/www.holenberg.com\/wp-content\/uploads\/2025\/02\/cabinanna-winter-banner.jpg","type":"image\/jpeg"}],"twitter_card":"summary_large_image","twitter_misc":{"Gesch\u00e4tzte Lesezeit":"4\u00a0Minuten"},"schema":{"@context":"https:\/\/schema.org","@graph":[{"@type":"WebPage","@id":"https:\/\/www.holenberg.com\/de\/winter\/","url":"https:\/\/www.holenberg.com\/de\/winter\/","name":"Erlebe die stille Ruhe des Winters in Cabin ANNA - Holenberg","isPartOf":{"@id":"https:\/\/www.holenberg.com\/de\/#website"},"primaryImageOfPage":{"@id":"https:\/\/www.holenberg.com\/de\/winter\/#primaryimage"},"image":{"@id":"https:\/\/www.holenberg.com\/de\/winter\/#primaryimage"},"thumbnailUrl":"https:\/\/www.holenberg.com\/wp-content\/uploads\/2025\/02\/cabinanna-winter-banner.jpg","datePublished":"2025-02-04T13:32:04+00:00","dateModified":"2025-12-19T13:33:40+00:00","breadcrumb":{"@id":"https:\/\/www.holenberg.com\/de\/winter\/#breadcrumb"},"inLanguage":"de","potentialAction":[{"@type":"ReadAction","target":["https:\/\/www.holenberg.com\/de\/winter\/"]}]},{"@type":"ImageObject","inLanguage":"de","@id":"https:\/\/www.holenberg.com\/de\/winter\/#primaryimage","url":"https:\/\/www.holenberg.com\/wp-content\/uploads\/2025\/02\/cabinanna-winter-banner.jpg","contentUrl":"https:\/\/www.holenberg.com\/wp-content\/uploads\/2025\/02\/cabinanna-winter-banner.jpg"},{"@type":"BreadcrumbList","@id":"https:\/\/www.holenberg.com\/de\/winter\/#breadcrumb","itemListElement":[{"@type":"ListItem","position":1,"name":"Home","item":"https:\/\/www.holenberg.com\/de\/"},{"@type":"ListItem","position":2,"name":"Erlebe die stille Ruhe des Winters in Cabin ANNA"}]},{"@type":"WebSite","@id":"https:\/\/www.holenberg.com\/de\/#website","url":"https:\/\/www.holenberg.com\/de\/","name":"Holenberg","description":"Home of ANNA","potentialAction":[{"@type":"SearchAction","target":{"@type":"EntryPoint","urlTemplate":"https:\/\/www.holenberg.com\/de\/?s={search_term_string}"},"query-input":{"@type":"PropertyValueSpecification","valueRequired":true,"valueName":"search_term_string"}}],"inLanguage":"de"}]}},"_links":{"self":[{"href":"https:\/\/www.holenberg.com\/de\/wp-json\/wp\/v2\/pages\/2092","targetHints":{"allow":["GET"]}}],"collection":[{"href":"https:\/\/www.holenberg.com\/de\/wp-json\/wp\/v2\/pages"}],"about":[{"href":"https:\/\/www.holenberg.com\/de\/wp-json\/wp\/v2\/types\/page"}],"author":[{"embeddable":true,"href":"https:\/\/www.holenberg.com\/de\/wp-json\/wp\/v2\/users\/2"}],"replies":[{"embeddable":true,"href":"https:\/\/www.holenberg.com\/de\/wp-json\/wp\/v2\/comments?post=2092"}],"version-history":[{"count":8,"href":"https:\/\/www.holenberg.com\/de\/wp-json\/wp\/v2\/pages\/2092\/revisions"}],"predecessor-version":[{"id":2107,"href":"https:\/\/www.holenberg.com\/de\/wp-json\/wp\/v2\/pages\/2092\/revisions\/2107"}],"wp:attachment":[{"href":"https:\/\/www.holenberg.com\/de\/wp-json\/wp\/v2\/media?parent=2092"}],"curies":[{"name":"wp","href":"https:\/\/api.w.org\/{rel}","templated":true}]}}