{"id":1344,"date":"2024-12-18T11:28:02","date_gmt":"2024-12-18T11:28:02","guid":{"rendered":"https:\/\/www.holenberg.com\/rust\/"},"modified":"2025-06-04T12:09:48","modified_gmt":"2025-06-04T12:09:48","slug":"ruhe","status":"publish","type":"page","link":"https:\/\/www.holenberg.com\/de\/ruhe\/","title":{"rendered":"Wann findest du die Ruhe im Maashorst"},"content":{"rendered":"\n<div class=\"wp-block-columns is-layout-flex wp-block-columns-is-layout-flex\">\n<div class=\"wp-block-column is-layout-flow wp-block-column-is-layout-flow\">\n<p>Ruhe ist f\u00fcr viele ein entscheidender Aspekt, um die Natur wirklich genie\u00dfen zu k\u00f6nnen. Auch auf Holenberg tun wir unser Bestes, um allen G\u00e4sten w\u00e4hrend ihres Aufenthalts m\u00f6glichst viel Ruhe und Privatsph\u00e4re zu bieten. Das Waldst\u00fcck im Maashorst, in dem sich die Cabins befinden, ist ausschlie\u00dflich f\u00fcr G\u00e4ste von Holenberg zug\u00e4nglich. Unsere Mitarbeitenden kommen w\u00e4hrend deines Aufenthalts nicht in Sichtweite deiner ANNA \u2013 es sei denn, du w\u00fcnschst dies.<\/p>\n<\/div>\n\n\n\n<div class=\"wp-block-column is-layout-flow wp-block-column-is-layout-flow\">\n<p>Der Maashorst grenzt an das gleichnamige Naturschutzgebiet, das in der Hochsaison und an Wochenenden viele Besucher anzieht, die die eindrucksvolle Urnatur genie\u00dfen m\u00f6chten. Wenn Ruhe f\u00fcr dich ein entscheidender Faktor bei der Wahl deines Aufenthalts ist, empfehlen wir dir, au\u00dferhalb der beliebten Reisezeiten zu buchen. Die folgenden Fragen und Antworten geben dir einen guten \u00dcberblick, wann du w\u00e4hrend deines Aufenthalts mit Ruhe rechnen kannst.<\/p>\n<\/div>\n<\/div>\n\n\n<div class=\"hol-faq-section\"><div class=\"hol-faq-item\">\n      <h2 class=\"hol-faq-item__question\">F\u00fcr wen ist das Gel\u00e4nde zug\u00e4nglich?<\/h2>\n      <div class=\"hol-faq-item__answer\"><p class=\"Body\"><b><span lang=\"NL\">Im Maashorst:<\/span><\/b><span lang=\"NL\">\u00a0Das Gel\u00e4nde, auf dem sich die ANNA-Cabins befinden, ist ausschlie\u00dflich f\u00fcr G\u00e4ste von Cabin ANNA zug\u00e4nglich. G\u00e4ste des Charme Camping Hartje Groen sowie Besucher von au\u00dferhalb werden gebeten, den Wald nicht zu betreten. Unser Team wird w\u00e4hrend deines Aufenthalts nicht in Sichtweite deiner ANNA erscheinen \u2013 es sei denn, du w\u00fcnschst es ausdr\u00fccklich.<\/span><\/p>\n<p class=\"Body\"><b><span lang=\"NL\">Im Biesbosch:<\/span><\/b><span lang=\"NL\"> Cabin ANNA im Biesbosch liegt auf einer Halbinsel mitten im Naturschutzgebiet. Der Weg zur Cabin ist f\u00fcr den Autoverkehr gesperrt. Tags\u00fcber kannst du Wanderern auf dem Zugangsweg begegnen oder Booten, die auf der anderen Seite der Halbinsel anlegen. Am Abend verlassen die meisten Besucher das Gebiet \u2013 dein Aufenthalt im Biesbosch ist vollkommen abgelegen, das Gel\u00e4nde rund um die Cabin ist nur f\u00fcr dich als Gast zug\u00e4nglich.<\/span><\/p>\n<\/div>\n    <\/div><div class=\"hol-faq-item\">\n      <h2 class=\"hol-faq-item__question\">Wann ist Haupt- und Nebensaison?<\/h2>\n      <div class=\"hol-faq-item__answer\"><p class=\"Body\"><span lang=\"NL\">Ein Aufenthalt in Cabin ANNA ist das ganze Jahr \u00fcber m\u00f6glich. Die Hauptsaison umfasst die Wochenenden und Schulferien.<\/span><\/p>\n<\/div>\n    <\/div><div class=\"hol-faq-item\">\n      <h2 class=\"hol-faq-item__question\">An welchen Wochentagen findest du die meiste Ruhe im Maashorst und rund um den Wald, in dem Cabin ANNA steht?<\/h2>\n      <div class=\"hol-faq-item__answer\"><p class=\"Body\"><span lang=\"NL\">Die ruhigsten Tage findest du in der Nebensaison, grob gesagt von Oktober bis M\u00e4rz. Du kannst stundenlang durch den Maashorst wandern, ohne jemandem zu begegnen. Auch in der Hochsaison sind die Wochentage deutlich ruhiger \u2013 besonders in den Wochen vor und nach den Schulferien.<\/span><\/p>\n<\/div>\n    <\/div><div class=\"hol-faq-item\">\n      <h2 class=\"hol-faq-item__question\">Kann es im Maashorst zu L\u00e4rmbel\u00e4stigung durch den angrenzenden Campingplatz kommen?<\/h2>\n      <div class=\"hol-faq-item__answer\"><p class=\"Body\"><span lang=\"NL\">In der Hochsaison ist es auf dem Charme Camping Hartje Groen sehr lebendig. Es kann vorkommen, dass du etwas vom Campingplatz h\u00f6rst. Wir spielen jedoch keine laute Musik und bitten alle G\u00e4ste, nach 22:00 Uhr Ruhe zu bewahren. Zudem nehmen wir keine Gruppen auf dem Campingplatz auf, wodurch der L\u00e4rmpegel gering bleibt. ANNA Cytisus befindet sich am n\u00e4chsten zum Campingplatz.<\/span><\/p>\n<\/div>\n    <\/div><div class=\"hol-faq-item\">\n      <h2 class=\"hol-faq-item__question\">Wann erlebst du die sch\u00f6nsten Naturmomente?<\/h2>\n      <div class=\"hol-faq-item__answer\"><section id=\"faq-1\" class=\"block-spacing previous-block-content next-block-image is-inview\" data-controller=\"scroll-animator\" data-scroll=\"\" data-scroll-call=\"controller\" data-id=\"faq-1\" data-scroll-section=\"\">\n<div class=\"container\" data-target=\"scroll-animator.animationElement\">\n<div class=\"capped-lg mx-auto\">\n<div class=\"faq\" data-controller=\"faq\">\n<div class=\"faq__item\">\n<div id=\"faq-554058-4\" class=\"faq__answer\" aria-hidden=\"false\">\n<div class=\"cms-content capped-md\">\n<p class=\"Body\"><span lang=\"NL\">Die Natur \u00fcberrascht dich am liebsten ungeplant. Die eindrucksvollsten Erlebnisse entstehen oft ganz unerwartet. Dennoch gibt es im Maashorst und im Biesbosch besondere Momente, die wirklich herausstechen. Geh fr\u00fch morgens hinaus in die Natur und erlebe, wie magisch die Landschaft wirken kann. Auch bei Sonnenuntergang zeigt sich die Natur von ihrer sch\u00f6nsten Seite. Und bei klarem Himmel in der Nacht beeindruckt der Sternenhimmel besonders. Das Beobachten von Wildpferden, Wisenten und Bibern bleibt immer ein unvergessliches Erlebnis.<\/span><\/p>\n<\/div>\n<\/div>\n<\/div>\n<\/div>\n<\/div>\n<\/div>\n<\/section>\n<\/div>\n    <\/div><\/div>\n\n\n<div class=\"wp-block-cover is-light\"><img loading=\"lazy\" decoding=\"async\" width=\"2560\" height=\"1706\" class=\"wp-block-cover__image-background wp-image-386\" alt=\"\" src=\"https:\/\/www.holenberg.com\/wp-content\/uploads\/2024\/12\/cf4a4718-1-1.jpg\" data-object-fit=\"cover\" srcset=\"https:\/\/www.holenberg.com\/wp-content\/uploads\/2024\/12\/cf4a4718-1-1.jpg 2560w, https:\/\/www.holenberg.com\/wp-content\/uploads\/2024\/12\/cf4a4718-1-1-300x200.jpg 300w, https:\/\/www.holenberg.com\/wp-content\/uploads\/2024\/12\/cf4a4718-1-1-1024x682.jpg 1024w, https:\/\/www.holenberg.com\/wp-content\/uploads\/2024\/12\/cf4a4718-1-1-768x512.jpg 768w, https:\/\/www.holenberg.com\/wp-content\/uploads\/2024\/12\/cf4a4718-1-1-1536x1024.jpg 1536w, https:\/\/www.holenberg.com\/wp-content\/uploads\/2024\/12\/cf4a4718-1-1-2048x1365.jpg 2048w, https:\/\/www.holenberg.com\/wp-content\/uploads\/2024\/12\/cf4a4718-1-1-1876x1250.jpg 1876w, https:\/\/www.holenberg.com\/wp-content\/uploads\/2024\/12\/cf4a4718-1-1-800x533.jpg 800w\" sizes=\"auto, (max-width: 2560px) 100vw, 2560px\" \/><span aria-hidden=\"true\" class=\"wp-block-cover__background has-background-dim\" style=\"background-color:#c8a48e\"><\/span><div class=\"wp-block-cover__inner-container is-layout-constrained wp-block-cover-is-layout-constrained\">\n<p class=\"has-text-align-center\"><\/p>\n<\/div><\/div>\n","protected":false},"excerpt":{"rendered":"Ruhe ist f\u00fcr viele ein entscheidender Aspekt, um die Natur wirklich genie\u00dfen zu k\u00f6nnen. Auch auf Holenberg tun wir unser Bestes, um allen G\u00e4sten w\u00e4hrend ihres Aufenthalts m\u00f6glichst viel Ruhe und Privatsph\u00e4re zu bieten. Das Waldst\u00fcck im Maashorst, in dem sich die Cabins befinden, ist ausschlie\u00dflich f\u00fcr G\u00e4ste von Holenberg zug\u00e4nglich. Unsere Mitarbeitenden kommen w\u00e4hrend [&hellip;]","protected":false},"author":1,"featured_media":0,"parent":0,"menu_order":0,"comment_status":"closed","ping_status":"closed","template":"","meta":{"_acf_changed":false,"footnotes":""},"class_list":["post-1344","page","type-page","status-publish","hentry"],"acf":[],"yoast_head":"<!-- This site is optimized with the Yoast SEO plugin v27.3 - https:\/\/yoast.com\/product\/yoast-seo-wordpress\/ -->\n<title>Wann findest du die Ruhe im Maashorst - Holenberg<\/title>\n<meta name=\"description\" content=\"Um die Natur in vollen Z\u00fcgen genie\u00dfen zu k\u00f6nnen, ist Ruhe f\u00fcr viele Menschen ein wichtiger Faktor. Erfahre hier, wann du diese Ruhe findest \u2013 und wann es weniger ruhig ist.\" \/>\n<meta name=\"robots\" content=\"index, follow, max-snippet:-1, max-image-preview:large, max-video-preview:-1\" \/>\n<link rel=\"canonical\" href=\"https:\/\/www.holenberg.com\/de\/ruhe\/\" \/>\n<meta property=\"og:locale\" content=\"de_DE\" \/>\n<meta property=\"og:type\" content=\"article\" \/>\n<meta property=\"og:title\" content=\"Wann findest du die Ruhe im Maashorst - Holenberg\" \/>\n<meta property=\"og:description\" content=\"Um die Natur in vollen Z\u00fcgen genie\u00dfen zu k\u00f6nnen, ist Ruhe f\u00fcr viele Menschen ein wichtiger Faktor. Erfahre hier, wann du diese Ruhe findest \u2013 und wann es weniger ruhig ist.\" \/>\n<meta property=\"og:url\" content=\"https:\/\/www.holenberg.com\/de\/ruhe\/\" \/>\n<meta property=\"og:site_name\" content=\"Holenberg\" \/>\n<meta property=\"article:modified_time\" content=\"2025-06-04T12:09:48+00:00\" \/>\n<meta property=\"og:image\" content=\"https:\/\/www.holenberg.com\/wp-content\/uploads\/2024\/12\/cf4a4718-1-1.jpg\" \/>\n\t<meta property=\"og:image:width\" content=\"2560\" \/>\n\t<meta property=\"og:image:height\" content=\"1706\" \/>\n\t<meta property=\"og:image:type\" content=\"image\/jpeg\" \/>\n<meta name=\"twitter:card\" content=\"summary_large_image\" \/>\n<meta name=\"twitter:label1\" content=\"Gesch\u00e4tzte Lesezeit\" \/>\n\t<meta name=\"twitter:data1\" content=\"1\u00a0Minute\" \/>\n<script type=\"application\/ld+json\" class=\"yoast-schema-graph\">{\"@context\":\"https:\\\/\\\/schema.org\",\"@graph\":[{\"@type\":\"WebPage\",\"@id\":\"https:\\\/\\\/www.holenberg.com\\\/de\\\/ruhe\\\/\",\"url\":\"https:\\\/\\\/www.holenberg.com\\\/de\\\/ruhe\\\/\",\"name\":\"Wann findest du die Ruhe im Maashorst - Holenberg\",\"isPartOf\":{\"@id\":\"https:\\\/\\\/www.holenberg.com\\\/de\\\/#website\"},\"primaryImageOfPage\":{\"@id\":\"https:\\\/\\\/www.holenberg.com\\\/de\\\/ruhe\\\/#primaryimage\"},\"image\":{\"@id\":\"https:\\\/\\\/www.holenberg.com\\\/de\\\/ruhe\\\/#primaryimage\"},\"thumbnailUrl\":\"https:\\\/\\\/www.holenberg.com\\\/wp-content\\\/uploads\\\/2024\\\/12\\\/cf4a4718-1-1.jpg\",\"datePublished\":\"2024-12-18T11:28:02+00:00\",\"dateModified\":\"2025-06-04T12:09:48+00:00\",\"description\":\"Um die Natur in vollen Z\u00fcgen genie\u00dfen zu k\u00f6nnen, ist Ruhe f\u00fcr viele Menschen ein wichtiger Faktor. Erfahre hier, wann du diese Ruhe findest \u2013 und wann es weniger ruhig ist.\",\"breadcrumb\":{\"@id\":\"https:\\\/\\\/www.holenberg.com\\\/de\\\/ruhe\\\/#breadcrumb\"},\"inLanguage\":\"de\",\"potentialAction\":[{\"@type\":\"ReadAction\",\"target\":[\"https:\\\/\\\/www.holenberg.com\\\/de\\\/ruhe\\\/\"]}]},{\"@type\":\"ImageObject\",\"inLanguage\":\"de\",\"@id\":\"https:\\\/\\\/www.holenberg.com\\\/de\\\/ruhe\\\/#primaryimage\",\"url\":\"https:\\\/\\\/www.holenberg.com\\\/wp-content\\\/uploads\\\/2024\\\/12\\\/cf4a4718-1-1.jpg\",\"contentUrl\":\"https:\\\/\\\/www.holenberg.com\\\/wp-content\\\/uploads\\\/2024\\\/12\\\/cf4a4718-1-1.jpg\"},{\"@type\":\"BreadcrumbList\",\"@id\":\"https:\\\/\\\/www.holenberg.com\\\/de\\\/ruhe\\\/#breadcrumb\",\"itemListElement\":[{\"@type\":\"ListItem\",\"position\":1,\"name\":\"Home\",\"item\":\"https:\\\/\\\/www.holenberg.com\\\/de\\\/\"},{\"@type\":\"ListItem\",\"position\":2,\"name\":\"Wann findest du die Ruhe im Maashorst\"}]},{\"@type\":\"WebSite\",\"@id\":\"https:\\\/\\\/www.holenberg.com\\\/de\\\/#website\",\"url\":\"https:\\\/\\\/www.holenberg.com\\\/de\\\/\",\"name\":\"Holenberg\",\"description\":\"Home of ANNA\",\"potentialAction\":[{\"@type\":\"SearchAction\",\"target\":{\"@type\":\"EntryPoint\",\"urlTemplate\":\"https:\\\/\\\/www.holenberg.com\\\/de\\\/?s={search_term_string}\"},\"query-input\":{\"@type\":\"PropertyValueSpecification\",\"valueRequired\":true,\"valueName\":\"search_term_string\"}}],\"inLanguage\":\"de\"}]}<\/script>\n<!-- \/ Yoast SEO plugin. -->","yoast_head_json":{"title":"Wann findest du die Ruhe im Maashorst - Holenberg","description":"Um die Natur in vollen Z\u00fcgen genie\u00dfen zu k\u00f6nnen, ist Ruhe f\u00fcr viele Menschen ein wichtiger Faktor. Erfahre hier, wann du diese Ruhe findest \u2013 und wann es weniger ruhig ist.","robots":{"index":"index","follow":"follow","max-snippet":"max-snippet:-1","max-image-preview":"max-image-preview:large","max-video-preview":"max-video-preview:-1"},"canonical":"https:\/\/www.holenberg.com\/de\/ruhe\/","og_locale":"de_DE","og_type":"article","og_title":"Wann findest du die Ruhe im Maashorst - Holenberg","og_description":"Um die Natur in vollen Z\u00fcgen genie\u00dfen zu k\u00f6nnen, ist Ruhe f\u00fcr viele Menschen ein wichtiger Faktor. Erfahre hier, wann du diese Ruhe findest \u2013 und wann es weniger ruhig ist.","og_url":"https:\/\/www.holenberg.com\/de\/ruhe\/","og_site_name":"Holenberg","article_modified_time":"2025-06-04T12:09:48+00:00","og_image":[{"width":2560,"height":1706,"url":"https:\/\/www.holenberg.com\/wp-content\/uploads\/2024\/12\/cf4a4718-1-1.jpg","type":"image\/jpeg"}],"twitter_card":"summary_large_image","twitter_misc":{"Gesch\u00e4tzte Lesezeit":"1\u00a0Minute"},"schema":{"@context":"https:\/\/schema.org","@graph":[{"@type":"WebPage","@id":"https:\/\/www.holenberg.com\/de\/ruhe\/","url":"https:\/\/www.holenberg.com\/de\/ruhe\/","name":"Wann findest du die Ruhe im Maashorst - Holenberg","isPartOf":{"@id":"https:\/\/www.holenberg.com\/de\/#website"},"primaryImageOfPage":{"@id":"https:\/\/www.holenberg.com\/de\/ruhe\/#primaryimage"},"image":{"@id":"https:\/\/www.holenberg.com\/de\/ruhe\/#primaryimage"},"thumbnailUrl":"https:\/\/www.holenberg.com\/wp-content\/uploads\/2024\/12\/cf4a4718-1-1.jpg","datePublished":"2024-12-18T11:28:02+00:00","dateModified":"2025-06-04T12:09:48+00:00","description":"Um die Natur in vollen Z\u00fcgen genie\u00dfen zu k\u00f6nnen, ist Ruhe f\u00fcr viele Menschen ein wichtiger Faktor. Erfahre hier, wann du diese Ruhe findest \u2013 und wann es weniger ruhig ist.","breadcrumb":{"@id":"https:\/\/www.holenberg.com\/de\/ruhe\/#breadcrumb"},"inLanguage":"de","potentialAction":[{"@type":"ReadAction","target":["https:\/\/www.holenberg.com\/de\/ruhe\/"]}]},{"@type":"ImageObject","inLanguage":"de","@id":"https:\/\/www.holenberg.com\/de\/ruhe\/#primaryimage","url":"https:\/\/www.holenberg.com\/wp-content\/uploads\/2024\/12\/cf4a4718-1-1.jpg","contentUrl":"https:\/\/www.holenberg.com\/wp-content\/uploads\/2024\/12\/cf4a4718-1-1.jpg"},{"@type":"BreadcrumbList","@id":"https:\/\/www.holenberg.com\/de\/ruhe\/#breadcrumb","itemListElement":[{"@type":"ListItem","position":1,"name":"Home","item":"https:\/\/www.holenberg.com\/de\/"},{"@type":"ListItem","position":2,"name":"Wann findest du die Ruhe im Maashorst"}]},{"@type":"WebSite","@id":"https:\/\/www.holenberg.com\/de\/#website","url":"https:\/\/www.holenberg.com\/de\/","name":"Holenberg","description":"Home of ANNA","potentialAction":[{"@type":"SearchAction","target":{"@type":"EntryPoint","urlTemplate":"https:\/\/www.holenberg.com\/de\/?s={search_term_string}"},"query-input":{"@type":"PropertyValueSpecification","valueRequired":true,"valueName":"search_term_string"}}],"inLanguage":"de"}]}},"_links":{"self":[{"href":"https:\/\/www.holenberg.com\/de\/wp-json\/wp\/v2\/pages\/1344","targetHints":{"allow":["GET"]}}],"collection":[{"href":"https:\/\/www.holenberg.com\/de\/wp-json\/wp\/v2\/pages"}],"about":[{"href":"https:\/\/www.holenberg.com\/de\/wp-json\/wp\/v2\/types\/page"}],"author":[{"embeddable":true,"href":"https:\/\/www.holenberg.com\/de\/wp-json\/wp\/v2\/users\/1"}],"replies":[{"embeddable":true,"href":"https:\/\/www.holenberg.com\/de\/wp-json\/wp\/v2\/comments?post=1344"}],"version-history":[{"count":2,"href":"https:\/\/www.holenberg.com\/de\/wp-json\/wp\/v2\/pages\/1344\/revisions"}],"predecessor-version":[{"id":1348,"href":"https:\/\/www.holenberg.com\/de\/wp-json\/wp\/v2\/pages\/1344\/revisions\/1348"}],"wp:attachment":[{"href":"https:\/\/www.holenberg.com\/de\/wp-json\/wp\/v2\/media?parent=1344"}],"curies":[{"name":"wp","href":"https:\/\/api.w.org\/{rel}","templated":true}]}}