{"id":1311,"date":"2024-11-28T12:34:37","date_gmt":"2024-11-28T12:34:37","guid":{"rendered":"https:\/\/www.holenberg.com\/privacy-statement\/"},"modified":"2025-06-02T13:42:39","modified_gmt":"2025-06-02T13:42:39","slug":"datenschutzerklaerung","status":"publish","type":"page","link":"https:\/\/www.holenberg.com\/de\/datenschutzerklaerung\/","title":{"rendered":"Datenschutzerkl\u00e4rung"},"content":{"rendered":"\n<div class=\"wp-block-group is-small is-layout-constrained wp-block-group-is-layout-constrained\" style=\"margin-top:0;margin-bottom:0\">\n<p>Holenberg, mit Sitz an der Udensedreef 14, 5374 RK Schaijk, ist verantwortlich f\u00fcr die Verarbeitung personenbezogener Daten, wie in dieser Datenschutzerkl\u00e4rung beschrieben.<\/p>\n\n\n\n<p>Kontaktdaten:<\/p>\n\n\n\n<p><a href=\"https:\/\/www.holenberg.com\/de\/\"><span class=\"wp-block-button__link-icon\" aria-hidden=\"true\"><svg width=\"6.846\" height=\"7.732\" viewBox=\"0 0 6.846 7.732\"><path d=\"M6.844 3.844a2.433 2.433 0 00-.42-.45Q3.646 1.746.85.123C.385-.149.015.042.015.573q-.028 3.285 0 6.571c0 .535.37.741.833.469q2.819-1.63 5.615-3.3c.137-.087.219-.276.383-.472z\" fill=\"currentColor\"><\/path><\/svg><\/span>https:\/\/www.holenberg.com<\/a><\/p>\n\n\n\n<p>Udensedreef 14, 5374 RK Schaijk<\/p>\n\n\n\n<p>Tel. +31 486 461703<\/p>\n\n\n\n<p>Personenbezogene Daten, die wir verarbeiten<\/p>\n\n\n\n<p>Holenberg verarbeitet deine personenbezogenen Daten, weil du unsere Dienstleistungen in Anspruch nimmst und\/oder weil du uns diese selbst zur Verf\u00fcgung stellst. Nachfolgend findest du eine \u00dcbersicht \u00fcber die personenbezogenen Daten, die wir verarbeiten:<\/p>\n\n\n\n<ul class=\"wp-block-list\">\n<li>Vor- und Nachname<\/li>\n\n\n\n<li>Adressdaten<\/li>\n\n\n\n<li>Telefonnummer<\/li>\n\n\n\n<li>E-Mail-Adresse<\/li>\n\n\n\n<li>Daten \u00fcber deine Aktivit\u00e4ten auf unserer Website<\/li>\n\n\n\n<li>Internetbrowser und Ger\u00e4tetyp<\/li>\n<\/ul>\n\n\n\n<p><strong>Besondere und\/oder sensible personenbezogene Daten<\/strong><\/p>\n\n\n\n<p>Unsere Website und\/oder unser Dienst hat nicht die Absicht, Daten von Websitebesuchern unter 16 Jahren zu sammeln \u2013 es sei denn, sie haben die Zustimmung ihrer Eltern oder eines Erziehungsberechtigten.<\/p>\n\n\n\n<p>Wir k\u00f6nnen jedoch nicht \u00fcberpr\u00fcfen, ob ein Besucher tats\u00e4chlich \u00fcber 16 Jahre alt ist. Wir empfehlen daher Eltern, sich aktiv an den Online-Aktivit\u00e4ten ihrer Kinder zu beteiligen, um zu verhindern, dass Daten von Kindern ohne elterliche Zustimmung erhoben werden.<\/p>\n\n\n\n<p>Wenn du der Meinung bist, dass wir ohne diese Zustimmung personenbezogene Daten eines Minderj\u00e4hrigen gesammelt haben, kontaktiere uns bitte unter contact@hartjegroen.com, damit wir diese Informationen umgehend l\u00f6schen k\u00f6nnen.<\/p>\n\n\n\n<p><strong>Zweck und Rechtsgrundlage der Datenverarbeitung<\/strong><\/p>\n\n\n\n<p>Holenberg verarbeitet deine personenbezogenen Daten zu folgenden Zwecken:<\/p>\n\n\n\n<ul class=\"wp-block-list\">\n<li>Versand unseres Newsletters und\/oder Werbematerials<\/li>\n\n\n\n<li>Um dich telefonisch oder per E-Mail zu kontaktieren, wenn dies f\u00fcr die Erbringung unserer Dienstleistung erforderlich ist<\/li>\n\n\n\n<li>Analyse deines Nutzerverhaltens auf der Website, um diese zu verbessern und unser Angebot besser auf deine Interessen abzustimmen<\/li>\n<\/ul>\n\n\n\n<p><strong>Speicherdauer personenbezogener Daten<\/strong><\/p>\n\n\n\n<p>Holenberg speichert deine personenbezogenen Daten nicht l\u00e4nger, als es zur Erf\u00fcllung der Zwecke, f\u00fcr die deine Daten erhoben wurden, notwendig ist.<\/p>\n\n\n\n<p>Wir verwenden folgende Aufbewahrungsfrist: 90 Tage<\/p>\n\n\n\n<p><strong>Weitergabe personenbezogener Daten an Dritte<\/strong><\/p>\n\n\n\n<p>Holenberg verkauft deine Daten nicht an Dritte und gibt sie nur dann weiter, wenn dies zur Erf\u00fcllung eines Vertrags mit dir notwendig ist oder wenn wir gesetzlich dazu verpflichtet sind.<\/p>\n\n\n\n<p>Mit Unternehmen, die deine Daten in unserem Auftrag verarbeiten, schlie\u00dfen wir eine Auftragsverarbeitungsvereinbarung ab, um ein gleichwertiges Ma\u00df an Sicherheit und Vertraulichkeit deiner Daten zu gew\u00e4hrleisten.<\/p>\n\n\n\n<p>Holenberg bleibt f\u00fcr diese Verarbeitung verantwortlich.<\/p>\n\n\n\n<p><strong>Cookies und \u00e4hnliche Technologien<\/strong><\/p>\n\n\n\n<p>Holenberg verwendet funktionale, analytische und Tracking-Cookies.<\/p>\n\n\n\n<p>Ein Cookie ist eine kleine Textdatei, die beim ersten Besuch unserer Website im Browser deines Computers, Tablets oder Smartphones gespeichert wird.<\/p>\n\n\n\n<p>Holenberg verwendet Cookies mit rein technischer Funktionalit\u00e4t, die daf\u00fcr sorgen, dass die Website ordnungsgem\u00e4\u00df funktioniert \u2013 z.\u202fB. durch das Speichern von Einstellungen oder die Anzeige korrekter Inhalte.<\/p>\n\n\n\n<p>Dar\u00fcber hinaus setzen wir Cookies ein, um das Surfverhalten zu analysieren und personalisierte Inhalte und Werbung anzubieten.<\/p>\n\n\n\n<p>Bei deinem ersten Besuch auf unserer Website haben wir dich bereits \u00fcber den Einsatz dieser Cookies informiert und um deine Zustimmung gebeten.<\/p>\n\n\n\n<p>Du kannst das Setzen von Cookies durch eine entsprechende Einstellung deines Browsers verhindern. Auch bereits gespeicherte Informationen kannst du \u00fcber die Browsereinstellungen l\u00f6schen.<\/p>\n\n\n\n<p>Mehr Informationen findest du unter:<\/p>\n\n\n\n<p><a href=\"https:\/\/veiliginternetten.nl\/themes\/situatie\/cookies-wat-zijn-het-en-wat-doe-ik-ermee\"><span class=\"wp-block-button__link-icon\" aria-hidden=\"true\"><svg width=\"6.846\" height=\"7.732\" viewBox=\"0 0 6.846 7.732\"><path d=\"M6.844 3.844a2.433 2.433 0 00-.42-.45Q3.646 1.746.85.123C.385-.149.015.042.015.573q-.028 3.285 0 6.571c0 .535.37.741.833.469q2.819-1.63 5.615-3.3c.137-.087.219-.276.383-.472z\" fill=\"currentColor\"><\/path><\/svg><\/span>https:\/\/veiliginternetten.nl\/themes\/situatie\/cookies-wat-zijn-het-en-wat-doe-ik-ermee<\/a><\/p>\n\n\n\n<p><strong>Einsicht, \u00c4nderung oder L\u00f6schung deiner Daten<\/strong><\/p>\n\n\n\n<p>Du hast das Recht, deine personenbezogenen Daten einzusehen, zu berichtigen oder l\u00f6schen zu lassen. Du hast au\u00dferdem das Recht, deine Einwilligung zur Datenverarbeitung zu widerrufen oder der Verarbeitung deiner personenbezogenen Daten durch Holenberg zu widersprechen. Ebenso hast du das Recht auf Daten\u00fcbertragbarkeit.<\/p>\n\n\n\n<p>Das bedeutet, dass du bei uns eine Anfrage stellen kannst, deine personenbezogenen Daten in einem strukturierten, g\u00e4ngigen und maschinenlesbaren Format an dich oder eine andere von dir benannte Organisation zu \u00fcbermitteln.<\/p>\n\n\n\n<p>Anfragen zur Einsicht, Berichtigung, L\u00f6schung, Daten\u00fcbertragung, Widerruf der Einwilligung oder Widerspruch richtest du bitte an: contact@hartjegroen.com<\/p>\n\n\n\n<p>Um sicherzustellen, dass die Anfrage tats\u00e4chlich von dir stammt, bitten wir dich, eine Kopie deines Ausweises beizuf\u00fcgen. Bitte schw\u00e4rze auf dieser Kopie dein Passfoto, die MRZ (maschinenlesbarer Bereich), die Ausweisnummer). Das dient dem Schutz deiner Privatsph\u00e4re.<\/p>\n\n\n\n<p>Wir reagieren so schnell wie m\u00f6glich \u2013 sp\u00e4testens innerhalb von vier Wochen.<\/p>\n\n\n\n<p><strong>Beschwerderecht<\/strong><\/p>\n\n\n\n<p>Holenberg weist dich darauf hin, dass du das Recht hast, eine Beschwerde bei der niederl\u00e4ndischen Datenschutzbeh\u00f6rde \u2013 Autoriteit Persoonsgegevens \u2013 einzureichen.<\/p>\n\n\n\n<p>Das kannst du \u00fcber folgenden Link tun:<\/p>\n\n\n\n<p><a href=\"https:\/\/autoriteitpersoonsgegevens.nl\/nl\/contact-met-de-autoriteit-persoonsgegevens\/tip-ons\"><span class=\"wp-block-button__link-icon\" aria-hidden=\"true\"><svg width=\"6.846\" height=\"7.732\" viewBox=\"0 0 6.846 7.732\"><path d=\"M6.844 3.844a2.433 2.433 0 00-.42-.45Q3.646 1.746.85.123C.385-.149.015.042.015.573q-.028 3.285 0 6.571c0 .535.37.741.833.469q2.819-1.63 5.615-3.3c.137-.087.219-.276.383-.472z\" fill=\"currentColor\"><\/path><\/svg><\/span>https:\/\/autoriteitpersoonsgegevens.nl\/nl\/contact-met-de-autoriteit-persoonsgegevens\/tip-ons<\/a><\/p>\n\n\n\n<p><strong>Wie wir deine Daten sch\u00fctzen<\/strong><\/p>\n\n\n\n<p>Holenberg nimmt den Schutz deiner Daten sehr ernst und ergreift geeignete Ma\u00dfnahmen, um Missbrauch, Verlust, unbefugten Zugriff, unerw\u00fcnschte Ver\u00f6ffentlichung und unzul\u00e4ssige \u00c4nderungen zu verhindern.<\/p>\n\n\n\n<p>Wenn du den Eindruck hast, dass deine Daten nicht sicher sind oder Hinweise auf Missbrauch hast, wende dich bitte an unseren Kundenservice oder schreibe an: <a href=\"mailto:contact@hartjegroen.com\"><span class=\"wp-block-button__link-icon\" aria-hidden=\"true\"><svg width=\"6.846\" height=\"7.732\" viewBox=\"0 0 6.846 7.732\"><path d=\"M6.844 3.844a2.433 2.433 0 00-.42-.45Q3.646 1.746.85.123C.385-.149.015.042.015.573q-.028 3.285 0 6.571c0 .535.37.741.833.469q2.819-1.63 5.615-3.3c.137-.087.219-.276.383-.472z\" fill=\"currentColor\"><\/path><\/svg><\/span>contact@hartjegroen.com<\/a><\/p>\n<\/div>\n","protected":false},"excerpt":{"rendered":"Holenberg, mit Sitz an der Udensedreef 14, 5374 RK Schaijk, ist verantwortlich f\u00fcr die Verarbeitung personenbezogener Daten, wie in dieser Datenschutzerkl\u00e4rung beschrieben. Kontaktdaten: https:\/\/www.holenberg.com Udensedreef 14, 5374 RK Schaijk Tel. +31 486 461703 Personenbezogene Daten, die wir verarbeiten Holenberg verarbeitet deine personenbezogenen Daten, weil du unsere Dienstleistungen in Anspruch nimmst und\/oder weil du uns diese [&hellip;]","protected":false},"author":1,"featured_media":0,"parent":0,"menu_order":0,"comment_status":"closed","ping_status":"closed","template":"","meta":{"_acf_changed":false,"footnotes":""},"class_list":["post-1311","page","type-page","status-publish","hentry"],"acf":[],"yoast_head":"<!-- This site is optimized with the Yoast SEO plugin v27.3 - https:\/\/yoast.com\/product\/yoast-seo-wordpress\/ -->\n<title>Datenschutzerkl\u00e4rung - Holenberg<\/title>\n<meta name=\"robots\" content=\"index, follow, max-snippet:-1, max-image-preview:large, max-video-preview:-1\" \/>\n<link rel=\"canonical\" href=\"https:\/\/www.holenberg.com\/de\/datenschutzerklaerung\/\" \/>\n<meta property=\"og:locale\" content=\"de_DE\" \/>\n<meta property=\"og:type\" content=\"article\" \/>\n<meta property=\"og:title\" content=\"Datenschutzerkl\u00e4rung - Holenberg\" \/>\n<meta property=\"og:description\" content=\"Holenberg, mit Sitz an der Udensedreef 14, 5374 RK Schaijk, ist verantwortlich f\u00fcr die Verarbeitung personenbezogener Daten, wie in dieser Datenschutzerkl\u00e4rung beschrieben. Kontaktdaten: https:\/\/www.holenberg.com Udensedreef 14, 5374 RK Schaijk Tel. +31 486 461703 Personenbezogene Daten, die wir verarbeiten Holenberg verarbeitet deine personenbezogenen Daten, weil du unsere Dienstleistungen in Anspruch nimmst und\/oder weil du uns diese [&hellip;]\" \/>\n<meta property=\"og:url\" content=\"https:\/\/www.holenberg.com\/de\/datenschutzerklaerung\/\" \/>\n<meta property=\"og:site_name\" content=\"Holenberg\" \/>\n<meta property=\"article:modified_time\" content=\"2025-06-02T13:42:39+00:00\" \/>\n<meta name=\"twitter:card\" content=\"summary_large_image\" \/>\n<meta name=\"twitter:label1\" content=\"Gesch\u00e4tzte Lesezeit\" \/>\n\t<meta name=\"twitter:data1\" content=\"4\u00a0Minuten\" \/>\n<script type=\"application\/ld+json\" class=\"yoast-schema-graph\">{\"@context\":\"https:\\\/\\\/schema.org\",\"@graph\":[{\"@type\":\"WebPage\",\"@id\":\"https:\\\/\\\/www.holenberg.com\\\/de\\\/datenschutzerklaerung\\\/\",\"url\":\"https:\\\/\\\/www.holenberg.com\\\/de\\\/datenschutzerklaerung\\\/\",\"name\":\"Datenschutzerkl\u00e4rung - Holenberg\",\"isPartOf\":{\"@id\":\"https:\\\/\\\/www.holenberg.com\\\/de\\\/#website\"},\"datePublished\":\"2024-11-28T12:34:37+00:00\",\"dateModified\":\"2025-06-02T13:42:39+00:00\",\"breadcrumb\":{\"@id\":\"https:\\\/\\\/www.holenberg.com\\\/de\\\/datenschutzerklaerung\\\/#breadcrumb\"},\"inLanguage\":\"de\",\"potentialAction\":[{\"@type\":\"ReadAction\",\"target\":[\"https:\\\/\\\/www.holenberg.com\\\/de\\\/datenschutzerklaerung\\\/\"]}]},{\"@type\":\"BreadcrumbList\",\"@id\":\"https:\\\/\\\/www.holenberg.com\\\/de\\\/datenschutzerklaerung\\\/#breadcrumb\",\"itemListElement\":[{\"@type\":\"ListItem\",\"position\":1,\"name\":\"Home\",\"item\":\"https:\\\/\\\/www.holenberg.com\\\/de\\\/\"},{\"@type\":\"ListItem\",\"position\":2,\"name\":\"Datenschutzerkl\u00e4rung\"}]},{\"@type\":\"WebSite\",\"@id\":\"https:\\\/\\\/www.holenberg.com\\\/de\\\/#website\",\"url\":\"https:\\\/\\\/www.holenberg.com\\\/de\\\/\",\"name\":\"Holenberg\",\"description\":\"Home of ANNA\",\"potentialAction\":[{\"@type\":\"SearchAction\",\"target\":{\"@type\":\"EntryPoint\",\"urlTemplate\":\"https:\\\/\\\/www.holenberg.com\\\/de\\\/?s={search_term_string}\"},\"query-input\":{\"@type\":\"PropertyValueSpecification\",\"valueRequired\":true,\"valueName\":\"search_term_string\"}}],\"inLanguage\":\"de\"}]}<\/script>\n<!-- \/ Yoast SEO plugin. -->","yoast_head_json":{"title":"Datenschutzerkl\u00e4rung - Holenberg","robots":{"index":"index","follow":"follow","max-snippet":"max-snippet:-1","max-image-preview":"max-image-preview:large","max-video-preview":"max-video-preview:-1"},"canonical":"https:\/\/www.holenberg.com\/de\/datenschutzerklaerung\/","og_locale":"de_DE","og_type":"article","og_title":"Datenschutzerkl\u00e4rung - Holenberg","og_description":"Holenberg, mit Sitz an der Udensedreef 14, 5374 RK Schaijk, ist verantwortlich f\u00fcr die Verarbeitung personenbezogener Daten, wie in dieser Datenschutzerkl\u00e4rung beschrieben. Kontaktdaten: https:\/\/www.holenberg.com Udensedreef 14, 5374 RK Schaijk Tel. +31 486 461703 Personenbezogene Daten, die wir verarbeiten Holenberg verarbeitet deine personenbezogenen Daten, weil du unsere Dienstleistungen in Anspruch nimmst und\/oder weil du uns diese [&hellip;]","og_url":"https:\/\/www.holenberg.com\/de\/datenschutzerklaerung\/","og_site_name":"Holenberg","article_modified_time":"2025-06-02T13:42:39+00:00","twitter_card":"summary_large_image","twitter_misc":{"Gesch\u00e4tzte Lesezeit":"4\u00a0Minuten"},"schema":{"@context":"https:\/\/schema.org","@graph":[{"@type":"WebPage","@id":"https:\/\/www.holenberg.com\/de\/datenschutzerklaerung\/","url":"https:\/\/www.holenberg.com\/de\/datenschutzerklaerung\/","name":"Datenschutzerkl\u00e4rung - Holenberg","isPartOf":{"@id":"https:\/\/www.holenberg.com\/de\/#website"},"datePublished":"2024-11-28T12:34:37+00:00","dateModified":"2025-06-02T13:42:39+00:00","breadcrumb":{"@id":"https:\/\/www.holenberg.com\/de\/datenschutzerklaerung\/#breadcrumb"},"inLanguage":"de","potentialAction":[{"@type":"ReadAction","target":["https:\/\/www.holenberg.com\/de\/datenschutzerklaerung\/"]}]},{"@type":"BreadcrumbList","@id":"https:\/\/www.holenberg.com\/de\/datenschutzerklaerung\/#breadcrumb","itemListElement":[{"@type":"ListItem","position":1,"name":"Home","item":"https:\/\/www.holenberg.com\/de\/"},{"@type":"ListItem","position":2,"name":"Datenschutzerkl\u00e4rung"}]},{"@type":"WebSite","@id":"https:\/\/www.holenberg.com\/de\/#website","url":"https:\/\/www.holenberg.com\/de\/","name":"Holenberg","description":"Home of ANNA","potentialAction":[{"@type":"SearchAction","target":{"@type":"EntryPoint","urlTemplate":"https:\/\/www.holenberg.com\/de\/?s={search_term_string}"},"query-input":{"@type":"PropertyValueSpecification","valueRequired":true,"valueName":"search_term_string"}}],"inLanguage":"de"}]}},"_links":{"self":[{"href":"https:\/\/www.holenberg.com\/de\/wp-json\/wp\/v2\/pages\/1311","targetHints":{"allow":["GET"]}}],"collection":[{"href":"https:\/\/www.holenberg.com\/de\/wp-json\/wp\/v2\/pages"}],"about":[{"href":"https:\/\/www.holenberg.com\/de\/wp-json\/wp\/v2\/types\/page"}],"author":[{"embeddable":true,"href":"https:\/\/www.holenberg.com\/de\/wp-json\/wp\/v2\/users\/1"}],"replies":[{"embeddable":true,"href":"https:\/\/www.holenberg.com\/de\/wp-json\/wp\/v2\/comments?post=1311"}],"version-history":[{"count":1,"href":"https:\/\/www.holenberg.com\/de\/wp-json\/wp\/v2\/pages\/1311\/revisions"}],"predecessor-version":[{"id":1313,"href":"https:\/\/www.holenberg.com\/de\/wp-json\/wp\/v2\/pages\/1311\/revisions\/1313"}],"wp:attachment":[{"href":"https:\/\/www.holenberg.com\/de\/wp-json\/wp\/v2\/media?parent=1311"}],"curies":[{"name":"wp","href":"https:\/\/api.w.org\/{rel}","templated":true}]}}