{"id":1288,"date":"2024-12-11T10:57:03","date_gmt":"2024-12-11T10:57:03","guid":{"rendered":"https:\/\/www.holenberg.com\/ontdek-de-maashorst\/"},"modified":"2025-06-04T12:22:00","modified_gmt":"2025-06-04T12:22:00","slug":"entdecke-de-maashorst","status":"publish","type":"page","link":"https:\/\/www.holenberg.com\/de\/entdecke-de-maashorst\/","title":{"rendered":"Entdecke De Maashorst"},"content":{"rendered":"\n<h2 class=\"wp-block-heading has-text-align-center\">Das Urgebiet von Brabant<\/h2>\n\n\n\n<p class=\"has-text-align-center\">Holenberg ist das Tor zum Herzen von De Maashorst \u2013 dem gr\u00f6\u00dften zusammenh\u00e4ngenden Naturgebiet Nordbrabants. Dieses urzeitliche Gebiet entstand in der Eiszeit und erz\u00e4hlt eine besondere Geschichte, in der Mensch und Natur seit jeher nebeneinander leben. Hier herrschen die drei gro\u00dfen Weidetiere unseres Landes: der Wisent, der Taurus und das Exmoor-Pony.<\/p>\n\n\n\n<div class=\"wp-block-cover has-animation\" style=\"min-height:691px;aspect-ratio:unset;\"><img loading=\"lazy\" decoding=\"async\" width=\"1280\" height=\"853\" class=\"wp-block-cover__image-background wp-image-130\" alt=\"\" src=\"https:\/\/www.holenberg.com\/wp-content\/uploads\/2024\/12\/cf4a7094-1.jpg\" data-object-fit=\"cover\" srcset=\"https:\/\/www.holenberg.com\/wp-content\/uploads\/2024\/12\/cf4a7094-1.jpg 1280w, https:\/\/www.holenberg.com\/wp-content\/uploads\/2024\/12\/cf4a7094-1-300x200.jpg 300w, https:\/\/www.holenberg.com\/wp-content\/uploads\/2024\/12\/cf4a7094-1-1024x682.jpg 1024w, https:\/\/www.holenberg.com\/wp-content\/uploads\/2024\/12\/cf4a7094-1-768x512.jpg 768w, https:\/\/www.holenberg.com\/wp-content\/uploads\/2024\/12\/cf4a7094-1-800x533.jpg 800w\" sizes=\"auto, (max-width: 1280px) 100vw, 1280px\" \/><span aria-hidden=\"true\" class=\"wp-block-cover__background has-background-dim-0 has-background-dim\" style=\"background-color:#735530\"><\/span><div class=\"wp-block-cover__inner-container is-layout-constrained wp-block-cover-is-layout-constrained\">\n<p class=\"has-text-align-center\"><\/p>\n<\/div><\/div>\n\n\n\n<h2 class=\"wp-block-heading has-text-align-center\">Lerne De Maashorst kennen<\/h2>\n\n\n\n<p class=\"has-text-align-center\">Tauche ein in eine Welt voller Ruhe und Weite. Beobachte die gro\u00dfen Weidetiere, entdecke seltene Naturjuwelen und lass dich von uralten Geheimnissen \u00fcberraschen. Ob zu Fu\u00df oder mit dem Fahrrad \u2013 durchstreife die vielf\u00e4ltigen Landschaften und lerne ausgedehnte Heidefl\u00e4chen, dichte W\u00e4lder und feuchte Quellgebiete kennen. Mach dich auf den Weg \u2013 und lass dich verzaubern.<\/p>\n\n\n\n<div class=\"wp-block-buttons is-content-justification-center is-layout-flex wp-block-buttons-is-layout-flex\">\n<div class=\"wp-block-button\"><a class=\"wp-block-button__link wp-element-button\" href=\"https:\/\/www.holenberg.com\/de\/aktivitaten\/\"><span class=\"wp-block-button__link-icon\" aria-hidden=\"true\"><svg width=\"6.846\" height=\"7.732\" viewBox=\"0 0 6.846 7.732\"><path d=\"M6.844 3.844a2.433 2.433 0 00-.42-.45Q3.646 1.746.85.123C.385-.149.015.042.015.573q-.028 3.285 0 6.571c0 .535.37.741.833.469q2.819-1.63 5.615-3.3c.137-.087.219-.276.383-.472z\" fill=\"currentColor\"><\/path><\/svg><\/span>Entdecke alle Aktivit\u00e4ten<\/a><\/div>\n\n\n\n<div class=\"wp-block-button\"><a class=\"wp-block-button__link wp-element-button\" href=\"https:\/\/www.holenberg.com\/de\/buchen\/\"><span class=\"wp-block-button__link-icon\" aria-hidden=\"true\"><svg width=\"6.846\" height=\"7.732\" viewBox=\"0 0 6.846 7.732\"><path d=\"M6.844 3.844a2.433 2.433 0 00-.42-.45Q3.646 1.746.85.123C.385-.149.015.042.015.573q-.028 3.285 0 6.571c0 .535.37.741.833.469q2.819-1.63 5.615-3.3c.137-.087.219-.276.383-.472z\" fill=\"currentColor\"><\/path><\/svg><\/span>Buche deinen Aufenthalt<\/a><\/div>\n<\/div>\n\n\n\n<div class=\"wp-block-cover has-animation\" style=\"min-height:561px;aspect-ratio:unset;\"><img loading=\"lazy\" decoding=\"async\" width=\"1280\" height=\"942\" class=\"wp-block-cover__image-background wp-image-132\" alt=\"\" src=\"https:\/\/www.holenberg.com\/wp-content\/uploads\/2024\/12\/ak7i6260-1.jpg\" data-object-fit=\"cover\" srcset=\"https:\/\/www.holenberg.com\/wp-content\/uploads\/2024\/12\/ak7i6260-1.jpg 1280w, https:\/\/www.holenberg.com\/wp-content\/uploads\/2024\/12\/ak7i6260-1-300x221.jpg 300w, https:\/\/www.holenberg.com\/wp-content\/uploads\/2024\/12\/ak7i6260-1-1024x754.jpg 1024w, https:\/\/www.holenberg.com\/wp-content\/uploads\/2024\/12\/ak7i6260-1-768x565.jpg 768w, https:\/\/www.holenberg.com\/wp-content\/uploads\/2024\/12\/ak7i6260-1-800x589.jpg 800w\" sizes=\"auto, (max-width: 1280px) 100vw, 1280px\" \/><span aria-hidden=\"true\" class=\"wp-block-cover__background has-background-dim-0 has-background-dim\" style=\"background-color:#312911\"><\/span><div class=\"wp-block-cover__inner-container is-layout-constrained wp-block-cover-is-layout-constrained\">\n<p class=\"has-text-align-center\"><\/p>\n<\/div><\/div>\n","protected":false},"excerpt":{"rendered":"Das Urgebiet von Brabant Holenberg ist das Tor zum Herzen von De Maashorst \u2013 dem gr\u00f6\u00dften zusammenh\u00e4ngenden Naturgebiet Nordbrabants. Dieses urzeitliche Gebiet entstand in der Eiszeit und erz\u00e4hlt eine besondere Geschichte, in der Mensch und Natur seit jeher nebeneinander leben. Hier herrschen die drei gro\u00dfen Weidetiere unseres Landes: der Wisent, der Taurus und das Exmoor-Pony. [&hellip;]","protected":false},"author":1,"featured_media":0,"parent":0,"menu_order":0,"comment_status":"closed","ping_status":"closed","template":"","meta":{"_acf_changed":false,"footnotes":""},"class_list":["post-1288","page","type-page","status-publish","hentry"],"acf":[],"yoast_head":"<!-- This site is optimized with the Yoast SEO plugin v27.3 - https:\/\/yoast.com\/product\/yoast-seo-wordpress\/ -->\n<title>Entdecke De Maashorst - Holenberg<\/title>\n<meta name=\"description\" content=\"Die Natur von De Maashorst ist magisch. Weite Ebenen, feuchte Quellgebiete und drei beeindruckende Wildtiere. Entdecke die M\u00f6glichkeiten f\u00fcr einen Aufenthalt mitten in der Natur.\" \/>\n<meta name=\"robots\" content=\"index, follow, max-snippet:-1, max-image-preview:large, max-video-preview:-1\" \/>\n<link rel=\"canonical\" href=\"https:\/\/www.holenberg.com\/de\/entdecke-de-maashorst\/\" \/>\n<meta property=\"og:locale\" content=\"de_DE\" \/>\n<meta property=\"og:type\" content=\"article\" \/>\n<meta property=\"og:title\" content=\"Entdecke De Maashorst - Holenberg\" \/>\n<meta property=\"og:description\" content=\"Die Natur von De Maashorst ist magisch. Weite Ebenen, feuchte Quellgebiete und drei beeindruckende Wildtiere. Entdecke die M\u00f6glichkeiten f\u00fcr einen Aufenthalt mitten in der Natur.\" \/>\n<meta property=\"og:url\" content=\"https:\/\/www.holenberg.com\/de\/entdecke-de-maashorst\/\" \/>\n<meta property=\"og:site_name\" content=\"Holenberg\" \/>\n<meta property=\"article:modified_time\" content=\"2025-06-04T12:22:00+00:00\" \/>\n<meta property=\"og:image\" content=\"https:\/\/www.holenberg.com\/wp-content\/uploads\/2024\/12\/cf4a7094-1.jpg\" \/>\n\t<meta property=\"og:image:width\" content=\"1280\" \/>\n\t<meta property=\"og:image:height\" content=\"853\" \/>\n\t<meta property=\"og:image:type\" content=\"image\/jpeg\" \/>\n<meta name=\"twitter:card\" content=\"summary_large_image\" \/>\n<meta name=\"twitter:label1\" content=\"Gesch\u00e4tzte Lesezeit\" \/>\n\t<meta name=\"twitter:data1\" content=\"1\u00a0Minute\" \/>\n<script type=\"application\/ld+json\" class=\"yoast-schema-graph\">{\"@context\":\"https:\\\/\\\/schema.org\",\"@graph\":[{\"@type\":\"WebPage\",\"@id\":\"https:\\\/\\\/www.holenberg.com\\\/de\\\/entdecke-de-maashorst\\\/\",\"url\":\"https:\\\/\\\/www.holenberg.com\\\/de\\\/entdecke-de-maashorst\\\/\",\"name\":\"Entdecke De Maashorst - Holenberg\",\"isPartOf\":{\"@id\":\"https:\\\/\\\/www.holenberg.com\\\/de\\\/#website\"},\"primaryImageOfPage\":{\"@id\":\"https:\\\/\\\/www.holenberg.com\\\/de\\\/entdecke-de-maashorst\\\/#primaryimage\"},\"image\":{\"@id\":\"https:\\\/\\\/www.holenberg.com\\\/de\\\/entdecke-de-maashorst\\\/#primaryimage\"},\"thumbnailUrl\":\"https:\\\/\\\/www.holenberg.com\\\/wp-content\\\/uploads\\\/2024\\\/12\\\/cf4a7094-1.jpg\",\"datePublished\":\"2024-12-11T10:57:03+00:00\",\"dateModified\":\"2025-06-04T12:22:00+00:00\",\"description\":\"Die Natur von De Maashorst ist magisch. Weite Ebenen, feuchte Quellgebiete und drei beeindruckende Wildtiere. Entdecke die M\u00f6glichkeiten f\u00fcr einen Aufenthalt mitten in der Natur.\",\"breadcrumb\":{\"@id\":\"https:\\\/\\\/www.holenberg.com\\\/de\\\/entdecke-de-maashorst\\\/#breadcrumb\"},\"inLanguage\":\"de\",\"potentialAction\":[{\"@type\":\"ReadAction\",\"target\":[\"https:\\\/\\\/www.holenberg.com\\\/de\\\/entdecke-de-maashorst\\\/\"]}]},{\"@type\":\"ImageObject\",\"inLanguage\":\"de\",\"@id\":\"https:\\\/\\\/www.holenberg.com\\\/de\\\/entdecke-de-maashorst\\\/#primaryimage\",\"url\":\"https:\\\/\\\/www.holenberg.com\\\/wp-content\\\/uploads\\\/2024\\\/12\\\/cf4a7094-1.jpg\",\"contentUrl\":\"https:\\\/\\\/www.holenberg.com\\\/wp-content\\\/uploads\\\/2024\\\/12\\\/cf4a7094-1.jpg\"},{\"@type\":\"BreadcrumbList\",\"@id\":\"https:\\\/\\\/www.holenberg.com\\\/de\\\/entdecke-de-maashorst\\\/#breadcrumb\",\"itemListElement\":[{\"@type\":\"ListItem\",\"position\":1,\"name\":\"Home\",\"item\":\"https:\\\/\\\/www.holenberg.com\\\/de\\\/\"},{\"@type\":\"ListItem\",\"position\":2,\"name\":\"Entdecke De Maashorst\"}]},{\"@type\":\"WebSite\",\"@id\":\"https:\\\/\\\/www.holenberg.com\\\/de\\\/#website\",\"url\":\"https:\\\/\\\/www.holenberg.com\\\/de\\\/\",\"name\":\"Holenberg\",\"description\":\"Home of ANNA\",\"potentialAction\":[{\"@type\":\"SearchAction\",\"target\":{\"@type\":\"EntryPoint\",\"urlTemplate\":\"https:\\\/\\\/www.holenberg.com\\\/de\\\/?s={search_term_string}\"},\"query-input\":{\"@type\":\"PropertyValueSpecification\",\"valueRequired\":true,\"valueName\":\"search_term_string\"}}],\"inLanguage\":\"de\"}]}<\/script>\n<!-- \/ Yoast SEO plugin. -->","yoast_head_json":{"title":"Entdecke De Maashorst - Holenberg","description":"Die Natur von De Maashorst ist magisch. Weite Ebenen, feuchte Quellgebiete und drei beeindruckende Wildtiere. Entdecke die M\u00f6glichkeiten f\u00fcr einen Aufenthalt mitten in der Natur.","robots":{"index":"index","follow":"follow","max-snippet":"max-snippet:-1","max-image-preview":"max-image-preview:large","max-video-preview":"max-video-preview:-1"},"canonical":"https:\/\/www.holenberg.com\/de\/entdecke-de-maashorst\/","og_locale":"de_DE","og_type":"article","og_title":"Entdecke De Maashorst - Holenberg","og_description":"Die Natur von De Maashorst ist magisch. Weite Ebenen, feuchte Quellgebiete und drei beeindruckende Wildtiere. Entdecke die M\u00f6glichkeiten f\u00fcr einen Aufenthalt mitten in der Natur.","og_url":"https:\/\/www.holenberg.com\/de\/entdecke-de-maashorst\/","og_site_name":"Holenberg","article_modified_time":"2025-06-04T12:22:00+00:00","og_image":[{"width":1280,"height":853,"url":"https:\/\/www.holenberg.com\/wp-content\/uploads\/2024\/12\/cf4a7094-1.jpg","type":"image\/jpeg"}],"twitter_card":"summary_large_image","twitter_misc":{"Gesch\u00e4tzte Lesezeit":"1\u00a0Minute"},"schema":{"@context":"https:\/\/schema.org","@graph":[{"@type":"WebPage","@id":"https:\/\/www.holenberg.com\/de\/entdecke-de-maashorst\/","url":"https:\/\/www.holenberg.com\/de\/entdecke-de-maashorst\/","name":"Entdecke De Maashorst - Holenberg","isPartOf":{"@id":"https:\/\/www.holenberg.com\/de\/#website"},"primaryImageOfPage":{"@id":"https:\/\/www.holenberg.com\/de\/entdecke-de-maashorst\/#primaryimage"},"image":{"@id":"https:\/\/www.holenberg.com\/de\/entdecke-de-maashorst\/#primaryimage"},"thumbnailUrl":"https:\/\/www.holenberg.com\/wp-content\/uploads\/2024\/12\/cf4a7094-1.jpg","datePublished":"2024-12-11T10:57:03+00:00","dateModified":"2025-06-04T12:22:00+00:00","description":"Die Natur von De Maashorst ist magisch. Weite Ebenen, feuchte Quellgebiete und drei beeindruckende Wildtiere. Entdecke die M\u00f6glichkeiten f\u00fcr einen Aufenthalt mitten in der Natur.","breadcrumb":{"@id":"https:\/\/www.holenberg.com\/de\/entdecke-de-maashorst\/#breadcrumb"},"inLanguage":"de","potentialAction":[{"@type":"ReadAction","target":["https:\/\/www.holenberg.com\/de\/entdecke-de-maashorst\/"]}]},{"@type":"ImageObject","inLanguage":"de","@id":"https:\/\/www.holenberg.com\/de\/entdecke-de-maashorst\/#primaryimage","url":"https:\/\/www.holenberg.com\/wp-content\/uploads\/2024\/12\/cf4a7094-1.jpg","contentUrl":"https:\/\/www.holenberg.com\/wp-content\/uploads\/2024\/12\/cf4a7094-1.jpg"},{"@type":"BreadcrumbList","@id":"https:\/\/www.holenberg.com\/de\/entdecke-de-maashorst\/#breadcrumb","itemListElement":[{"@type":"ListItem","position":1,"name":"Home","item":"https:\/\/www.holenberg.com\/de\/"},{"@type":"ListItem","position":2,"name":"Entdecke De Maashorst"}]},{"@type":"WebSite","@id":"https:\/\/www.holenberg.com\/de\/#website","url":"https:\/\/www.holenberg.com\/de\/","name":"Holenberg","description":"Home of ANNA","potentialAction":[{"@type":"SearchAction","target":{"@type":"EntryPoint","urlTemplate":"https:\/\/www.holenberg.com\/de\/?s={search_term_string}"},"query-input":{"@type":"PropertyValueSpecification","valueRequired":true,"valueName":"search_term_string"}}],"inLanguage":"de"}]}},"_links":{"self":[{"href":"https:\/\/www.holenberg.com\/de\/wp-json\/wp\/v2\/pages\/1288","targetHints":{"allow":["GET"]}}],"collection":[{"href":"https:\/\/www.holenberg.com\/de\/wp-json\/wp\/v2\/pages"}],"about":[{"href":"https:\/\/www.holenberg.com\/de\/wp-json\/wp\/v2\/types\/page"}],"author":[{"embeddable":true,"href":"https:\/\/www.holenberg.com\/de\/wp-json\/wp\/v2\/users\/1"}],"replies":[{"embeddable":true,"href":"https:\/\/www.holenberg.com\/de\/wp-json\/wp\/v2\/comments?post=1288"}],"version-history":[{"count":3,"href":"https:\/\/www.holenberg.com\/de\/wp-json\/wp\/v2\/pages\/1288\/revisions"}],"predecessor-version":[{"id":1357,"href":"https:\/\/www.holenberg.com\/de\/wp-json\/wp\/v2\/pages\/1288\/revisions\/1357"}],"wp:attachment":[{"href":"https:\/\/www.holenberg.com\/de\/wp-json\/wp\/v2\/media?parent=1288"}],"curies":[{"name":"wp","href":"https:\/\/api.w.org\/{rel}","templated":true}]}}