{"id":1283,"date":"2024-12-18T13:22:42","date_gmt":"2024-12-18T13:22:42","guid":{"rendered":"https:\/\/www.holenberg.com\/mein-aufenthalt\/praktische-informatie\/"},"modified":"2025-06-02T13:20:01","modified_gmt":"2025-06-02T13:20:01","slug":"praktische-informationen","status":"publish","type":"page","link":"https:\/\/www.holenberg.com\/de\/mein-aufenthalt\/praktische-informationen\/","title":{"rendered":"Praktische Informationen"},"content":{"rendered":"\n<p class=\"has-text-align-center\">Ein Aufenthalt in ANNA ist ein Aufenthalt mitten in der Natur. ANNA bietet dir viele M\u00f6glichkeiten: unter dem Sternenhimmel schlafen, mit Vogelgesang aufwachen oder ein Bad nehmen beim Sonnenuntergang. Und wenn du Lust auf Gesellschaft hast \u2013 De Boshut hei\u00dft dich jederzeit willkommen zu einem leckeren Mittagessen oder einem Getr\u00e4nk.<\/p>\n\n\n\n<div class=\"wp-block-columns is-layout-flex wp-block-columns-is-layout-flex\">\n<div class=\"wp-block-column is-layout-flow wp-block-column-is-layout-flow\">\n<h4 class=\"wp-block-heading\"><strong><strong>Welche ANNA ist f\u00fcr mich reserviert?<\/strong><\/strong><\/h4>\n\n\n\n<p>In deiner Buchungsbest\u00e4tigung steht genau, in welcher ANNA du \u00fcbernachtest. Bei deiner Ankunft kannst du an der Rezeption des Charme Camping Hartje Groen einchecken. Auf dem <a href=\"https:\/\/holenberg.com\/wp-content\/uploads\/2025\/03\/holenberg-plattegrond3.pdf\" target=\"_blank\" rel=\"noreferrer noopener\"><span class=\"wp-block-button__link-icon\" aria-hidden=\"true\"><svg width=\"6.846\" height=\"7.732\" viewBox=\"0 0 6.846 7.732\"><path d=\"M6.844 3.844a2.433 2.433 0 00-.42-.45Q3.646 1.746.85.123C.385-.149.015.042.015.573q-.028 3.285 0 6.571c0 .535.37.741.833.469q2.819-1.63 5.615-3.3c.137-.087.219-.276.383-.472z\" fill=\"currentColor\"><\/path><\/svg><\/span>Lageplan<\/a> findest du den Weg vom Parkplatz zu deiner ANNA. Der Lageplan ist auch am Eingang des Holenberg-Walds zu finden.<\/p>\n\n\n\n<h4 class=\"wp-block-heading\"><strong><strong>Parken<\/strong><\/strong><\/h4>\n\n\n\n<p>Am Empfang stehen Parkpl\u00e4tze f\u00fcr G\u00e4ste von Hartje Groen und Holenberg zur Verf\u00fcgung. Sollte dieser Bereich voll sein, gibt es zus\u00e4tzliche Parkpl\u00e4tze ausschlie\u00dflich f\u00fcr Holenberg-G\u00e4ste. Das Rezeptionsteam zeigt dir den Weg \u2013 eine Reservierung ist nicht n\u00f6tig.<\/p>\n\n\n\n<h4 class=\"wp-block-heading\"><strong><strong>Ankunft &amp; Check-in<\/strong><\/strong><\/h4>\n\n\n\n<p>Du bist herzlich willkommen ab 15:00 Uhr. Vorher kannst du nat\u00fcrlich gern schon bei De Boshut vorbeischauen oder eine kleine Wanderung im Naturgebiet machen. Dein Gep\u00e4ck kannst du entweder im Auto lassen oder bei uns abstellen.<\/p>\n\n\n\n<h4 class=\"wp-block-heading\"><strong><strong>Check-in an der Rezeption<\/strong><\/strong><\/h4>\n\n\n\n<p>Du kannst an der Rezeption von Charme Camping Hartje Groen einchecken. Wir empfangen dich gern am Eingang des Campingplatzes und begleiten dich zu deiner ANNA. Eine Ankunft vor 17:00 Uhr ist ideal, damit wir uns ausreichend Zeit f\u00fcr dich nehmen k\u00f6nnen. Wenn du sp\u00e4ter kommst, gib uns bitte kurz Bescheid \u2013 am liebsten per E-Mail.<\/p>\n\n\n\n<h4 class=\"wp-block-heading\"><strong><strong>Kontaktloser Check-in<\/strong><\/strong><\/h4>\n\n\n\n<p>Ab 15:00 Uhr ist auch ein kontaktloser Check-in direkt an deiner ANNA m\u00f6glich. Mit diesem <a href=\"https:\/\/holenberg.com\/wp-content\/uploads\/2025\/03\/holenberg-plattegrond3.pdf\" target=\"_blank\" rel=\"noreferrer noopener\"><span class=\"wp-block-button__link-icon\" aria-hidden=\"true\"><svg width=\"6.846\" height=\"7.732\" viewBox=\"0 0 6.846 7.732\"><path d=\"M6.844 3.844a2.433 2.433 0 00-.42-.45Q3.646 1.746.85.123C.385-.149.015.042.015.573q-.028 3.285 0 6.571c0 .535.37.741.833.469q2.819-1.63 5.615-3.3c.137-.087.219-.276.383-.472z\" fill=\"currentColor\"><\/path><\/svg><\/span>Lageplan<\/a> findest du deine ANNA problemlos. Der Schl\u00fcssel befindet sich im Aufbewahrungskasten an der L\u00e4ngsseite deiner ANNA \u2013 rechts, wenn du zur Eingangst\u00fcr schaust. Bei ANNA Origin h\u00e4ngt der Schl\u00fcssel an der R\u00fcckseite des Toilettenh\u00e4uschens, innen an der T\u00fcr. Die T\u00fcren sind offen; der Schl\u00fcssel h\u00e4ngt an einem Haken an der Innenseite.<\/p>\n<\/div>\n\n\n\n<div class=\"wp-block-column is-layout-flow wp-block-column-is-layout-flow\">\n<h4 class=\"wp-block-heading\"><strong><strong>Ausstattung &amp; Komfort in der Cabin<\/strong><\/strong><\/h4>\n\n\n\n<p>Wir haben deinen Aufenthalt so gestaltet, dass er einen m\u00f6glichst kleinen \u00f6kologischen Fu\u00dfabdruck hinterl\u00e4sst. Gleichzeitig ist deine Cabin mit allem ausgestattet, was du f\u00fcr ein komfortables und nachhaltiges Naturerlebnis brauchst \u2013 von frischem Obst, Kaffee und Tee bis hin zu den besten nat\u00fcrlichen Pflegeprodukten.&nbsp;<\/p>\n\n\n\n<p>Jede ANNA ist ausgestattet mit einem Doppelbett, einer kleinen K\u00fcche mit Herd, handgefertigtem, recyceltem Geschirr von Cor Unum, Besteck und Kochutensilien, einem Jacobus Kook Holzofen (in allen ANNA\u2019s au\u00dfer ANNA Origin), einer gro\u00dfen eingelassenen Badewanne, einem Hochbett (Mezzanine) f\u00fcr zwei Kinder ab 5 Jahren sowie einer separaten Dusche und Toilette. ANNA Origin ist f\u00fcr maximal zwei Personen und verf\u00fcgt \u00fcber ein separates Toiletten- und Duschh\u00e4uschen neben der Cabin. An alles wurde gedacht, um dir einen angenehmen Aufenthalt zu bieten:<\/p>\n\n\n\n<ul class=\"wp-block-list\">\n<li>Kr\u00e4utertee &amp; frischer Ingwer<\/li>\n\n\n\n<li>Milch vom lokalen Bauern<\/li>\n\n\n\n<li>Zucker<\/li>\n\n\n\n<li>Salz &amp; Pfeffer<\/li>\n\n\n\n<li>Oliven\u00f6l &amp; Balsamico<\/li>\n\n\n\n<li>Frisches Obst<\/li>\n\n\n\n<li>Nat\u00fcrliches Bettzeug von Yumeko<\/li>\n\n\n\n<li>Ausreichend Handt\u00fccher von Yumeko<\/li>\n\n\n\n<li>Zwei Badem\u00e4ntel von Yumeko<\/li>\n\n\n\n<li>Duschgel, Shampoo &amp; Conditioner<\/li>\n\n\n\n<li>Badesalz<\/li>\n\n\n\n<li>Sp\u00fclmittel<\/li>\n\n\n\n<li>Handseife<\/li>\n\n\n\n<li>Wiederverwendbare Wasserflaschen von Cortazu<\/li>\n\n\n\n<li>Babybett &amp; Hochstuhl (auf Anfrage)<\/li>\n<\/ul>\n\n\n\n<p>In der k\u00e4lteren Jahreszeit ist deine Cabin zus\u00e4tzlich ausgestattet mit:<\/p>\n\n\n\n<p>einer Winterdaunendecke, W\u00e4rmflaschen, Wolldecken und warmen Socken.<\/p>\n\n\n\n<h4 class=\"wp-block-heading\"><strong><strong>Abreise &amp; Check-out<\/strong><\/strong><\/h4>\n\n\n\n<p>Am Abreisetag bitten wir dich, deine ANNA bis 11:00 Uhr zu verlassen. Den Schl\u00fcssel kannst du entweder in der Cabin oder an der Rezeption abgeben.<\/p>\n\n\n\n<h4 class=\"wp-block-heading\"><strong>Adresse<\/strong><\/h4>\n\n\n\n<p>Holenberg<br>Udensedreef 14<br>5374 RK Schaijk<\/p>\n<\/div>\n<\/div>\n\n\n\n<p class=\"has-text-align-center\">Antworten auf h\u00e4ufig gestellte Fragen findest du auf der <a href=\"https:\/\/www.holenberg.com\/faq\/\"><span class=\"wp-block-button__link-icon\" aria-hidden=\"true\"><svg width=\"6.846\" height=\"7.732\" viewBox=\"0 0 6.846 7.732\"><path d=\"M6.844 3.844a2.433 2.433 0 00-.42-.45Q3.646 1.746.85.123C.385-.149.015.042.015.573q-.028 3.285 0 6.571c0 .535.37.741.833.469q2.819-1.63 5.615-3.3c.137-.087.219-.276.383-.472z\" fill=\"currentColor\"><\/path><\/svg><\/span>FAQ-Seite<\/a> unserer Website.<\/p>\n\n\n\n<p class=\"has-text-align-center\">F\u00fcr weitere Fragen kannst du gerne <a href=\"https:\/\/www.holenberg.com\/de\/kontakt\/\"><span class=\"wp-block-button__link-icon\" aria-hidden=\"true\"><svg width=\"6.846\" height=\"7.732\" viewBox=\"0 0 6.846 7.732\"><path d=\"M6.844 3.844a2.433 2.433 0 00-.42-.45Q3.646 1.746.85.123C.385-.149.015.042.015.573q-.028 3.285 0 6.571c0 .535.37.741.833.469q2.819-1.63 5.615-3.3c.137-.087.219-.276.383-.472z\" fill=\"currentColor\"><\/path><\/svg><\/span>Kontakt<\/a> mit uns aufnehmen.<\/p>\n\n\n\n<div class=\"wp-block-cover\"><img loading=\"lazy\" decoding=\"async\" width=\"2560\" height=\"1706\" class=\"wp-block-cover__image-background wp-image-394\" alt=\"\" src=\"https:\/\/www.holenberg.com\/wp-content\/uploads\/2024\/12\/cdb-dji-0324.jpg\" data-object-fit=\"cover\" srcset=\"https:\/\/www.holenberg.com\/wp-content\/uploads\/2024\/12\/cdb-dji-0324.jpg 2560w, https:\/\/www.holenberg.com\/wp-content\/uploads\/2024\/12\/cdb-dji-0324-300x200.jpg 300w, https:\/\/www.holenberg.com\/wp-content\/uploads\/2024\/12\/cdb-dji-0324-1024x682.jpg 1024w, https:\/\/www.holenberg.com\/wp-content\/uploads\/2024\/12\/cdb-dji-0324-768x512.jpg 768w, https:\/\/www.holenberg.com\/wp-content\/uploads\/2024\/12\/cdb-dji-0324-1536x1024.jpg 1536w, https:\/\/www.holenberg.com\/wp-content\/uploads\/2024\/12\/cdb-dji-0324-2048x1365.jpg 2048w, https:\/\/www.holenberg.com\/wp-content\/uploads\/2024\/12\/cdb-dji-0324-1876x1250.jpg 1876w, https:\/\/www.holenberg.com\/wp-content\/uploads\/2024\/12\/cdb-dji-0324-800x533.jpg 800w\" sizes=\"auto, (max-width: 2560px) 100vw, 2560px\" \/><span aria-hidden=\"true\" class=\"wp-block-cover__background has-background-dim-0 has-background-dim\" style=\"background-color:#664d3f\"><\/span><div class=\"wp-block-cover__inner-container is-layout-constrained wp-block-cover-is-layout-constrained\">\n<p class=\"has-text-align-center\"><\/p>\n<\/div><\/div>\n","protected":false},"excerpt":{"rendered":"Ein Aufenthalt in ANNA ist ein Aufenthalt mitten in der Natur. ANNA bietet dir viele M\u00f6glichkeiten: unter dem Sternenhimmel schlafen, mit Vogelgesang aufwachen oder ein Bad nehmen beim Sonnenuntergang. Und wenn du Lust auf Gesellschaft hast \u2013 De Boshut hei\u00dft dich jederzeit willkommen zu einem leckeren Mittagessen oder einem Getr\u00e4nk. Welche ANNA ist f\u00fcr mich [&hellip;]","protected":false},"author":1,"featured_media":0,"parent":1213,"menu_order":0,"comment_status":"closed","ping_status":"closed","template":"","meta":{"_acf_changed":false,"footnotes":""},"class_list":["post-1283","page","type-page","status-publish","hentry"],"acf":[],"yoast_head":"<!-- This site is optimized with the Yoast SEO plugin v27.3 - https:\/\/yoast.com\/product\/yoast-seo-wordpress\/ -->\n<title>Praktische Informationen - Holenberg<\/title>\n<meta name=\"robots\" content=\"index, follow, max-snippet:-1, max-image-preview:large, max-video-preview:-1\" \/>\n<link rel=\"canonical\" href=\"https:\/\/www.holenberg.com\/de\/mein-aufenthalt\/praktische-informationen\/\" \/>\n<meta property=\"og:locale\" content=\"de_DE\" \/>\n<meta property=\"og:type\" content=\"article\" \/>\n<meta property=\"og:title\" content=\"Praktische Informationen - Holenberg\" \/>\n<meta property=\"og:description\" content=\"Ein Aufenthalt in ANNA ist ein Aufenthalt mitten in der Natur. ANNA bietet dir viele M\u00f6glichkeiten: unter dem Sternenhimmel schlafen, mit Vogelgesang aufwachen oder ein Bad nehmen beim Sonnenuntergang. Und wenn du Lust auf Gesellschaft hast \u2013 De Boshut hei\u00dft dich jederzeit willkommen zu einem leckeren Mittagessen oder einem Getr\u00e4nk. Welche ANNA ist f\u00fcr mich [&hellip;]\" \/>\n<meta property=\"og:url\" content=\"https:\/\/www.holenberg.com\/de\/mein-aufenthalt\/praktische-informationen\/\" \/>\n<meta property=\"og:site_name\" content=\"Holenberg\" \/>\n<meta property=\"article:modified_time\" content=\"2025-06-02T13:20:01+00:00\" \/>\n<meta property=\"og:image\" content=\"https:\/\/www.holenberg.com\/wp-content\/uploads\/2024\/12\/cdb-dji-0324.jpg\" \/>\n\t<meta property=\"og:image:width\" content=\"2560\" \/>\n\t<meta property=\"og:image:height\" content=\"1706\" \/>\n\t<meta property=\"og:image:type\" content=\"image\/jpeg\" \/>\n<meta name=\"twitter:card\" content=\"summary_large_image\" \/>\n<meta name=\"twitter:label1\" content=\"Gesch\u00e4tzte Lesezeit\" \/>\n\t<meta name=\"twitter:data1\" content=\"3\u00a0Minuten\" \/>\n<script type=\"application\/ld+json\" class=\"yoast-schema-graph\">{\"@context\":\"https:\\\/\\\/schema.org\",\"@graph\":[{\"@type\":\"WebPage\",\"@id\":\"https:\\\/\\\/www.holenberg.com\\\/de\\\/mein-aufenthalt\\\/praktische-informationen\\\/\",\"url\":\"https:\\\/\\\/www.holenberg.com\\\/de\\\/mein-aufenthalt\\\/praktische-informationen\\\/\",\"name\":\"Praktische Informationen - Holenberg\",\"isPartOf\":{\"@id\":\"https:\\\/\\\/www.holenberg.com\\\/de\\\/#website\"},\"primaryImageOfPage\":{\"@id\":\"https:\\\/\\\/www.holenberg.com\\\/de\\\/mein-aufenthalt\\\/praktische-informationen\\\/#primaryimage\"},\"image\":{\"@id\":\"https:\\\/\\\/www.holenberg.com\\\/de\\\/mein-aufenthalt\\\/praktische-informationen\\\/#primaryimage\"},\"thumbnailUrl\":\"https:\\\/\\\/www.holenberg.com\\\/wp-content\\\/uploads\\\/2024\\\/12\\\/cdb-dji-0324.jpg\",\"datePublished\":\"2024-12-18T13:22:42+00:00\",\"dateModified\":\"2025-06-02T13:20:01+00:00\",\"breadcrumb\":{\"@id\":\"https:\\\/\\\/www.holenberg.com\\\/de\\\/mein-aufenthalt\\\/praktische-informationen\\\/#breadcrumb\"},\"inLanguage\":\"de\",\"potentialAction\":[{\"@type\":\"ReadAction\",\"target\":[\"https:\\\/\\\/www.holenberg.com\\\/de\\\/mein-aufenthalt\\\/praktische-informationen\\\/\"]}]},{\"@type\":\"ImageObject\",\"inLanguage\":\"de\",\"@id\":\"https:\\\/\\\/www.holenberg.com\\\/de\\\/mein-aufenthalt\\\/praktische-informationen\\\/#primaryimage\",\"url\":\"https:\\\/\\\/www.holenberg.com\\\/wp-content\\\/uploads\\\/2024\\\/12\\\/cdb-dji-0324.jpg\",\"contentUrl\":\"https:\\\/\\\/www.holenberg.com\\\/wp-content\\\/uploads\\\/2024\\\/12\\\/cdb-dji-0324.jpg\"},{\"@type\":\"BreadcrumbList\",\"@id\":\"https:\\\/\\\/www.holenberg.com\\\/de\\\/mein-aufenthalt\\\/praktische-informationen\\\/#breadcrumb\",\"itemListElement\":[{\"@type\":\"ListItem\",\"position\":1,\"name\":\"Home\",\"item\":\"https:\\\/\\\/www.holenberg.com\\\/de\\\/\"},{\"@type\":\"ListItem\",\"position\":2,\"name\":\"Mein Aufenthalt auf Holenberg\",\"item\":\"https:\\\/\\\/www.holenberg.com\\\/de\\\/mein-aufenthalt\\\/\"},{\"@type\":\"ListItem\",\"position\":3,\"name\":\"Praktische Informationen\"}]},{\"@type\":\"WebSite\",\"@id\":\"https:\\\/\\\/www.holenberg.com\\\/de\\\/#website\",\"url\":\"https:\\\/\\\/www.holenberg.com\\\/de\\\/\",\"name\":\"Holenberg\",\"description\":\"Home of ANNA\",\"potentialAction\":[{\"@type\":\"SearchAction\",\"target\":{\"@type\":\"EntryPoint\",\"urlTemplate\":\"https:\\\/\\\/www.holenberg.com\\\/de\\\/?s={search_term_string}\"},\"query-input\":{\"@type\":\"PropertyValueSpecification\",\"valueRequired\":true,\"valueName\":\"search_term_string\"}}],\"inLanguage\":\"de\"}]}<\/script>\n<!-- \/ Yoast SEO plugin. -->","yoast_head_json":{"title":"Praktische Informationen - Holenberg","robots":{"index":"index","follow":"follow","max-snippet":"max-snippet:-1","max-image-preview":"max-image-preview:large","max-video-preview":"max-video-preview:-1"},"canonical":"https:\/\/www.holenberg.com\/de\/mein-aufenthalt\/praktische-informationen\/","og_locale":"de_DE","og_type":"article","og_title":"Praktische Informationen - Holenberg","og_description":"Ein Aufenthalt in ANNA ist ein Aufenthalt mitten in der Natur. ANNA bietet dir viele M\u00f6glichkeiten: unter dem Sternenhimmel schlafen, mit Vogelgesang aufwachen oder ein Bad nehmen beim Sonnenuntergang. Und wenn du Lust auf Gesellschaft hast \u2013 De Boshut hei\u00dft dich jederzeit willkommen zu einem leckeren Mittagessen oder einem Getr\u00e4nk. Welche ANNA ist f\u00fcr mich [&hellip;]","og_url":"https:\/\/www.holenberg.com\/de\/mein-aufenthalt\/praktische-informationen\/","og_site_name":"Holenberg","article_modified_time":"2025-06-02T13:20:01+00:00","og_image":[{"width":2560,"height":1706,"url":"https:\/\/www.holenberg.com\/wp-content\/uploads\/2024\/12\/cdb-dji-0324.jpg","type":"image\/jpeg"}],"twitter_card":"summary_large_image","twitter_misc":{"Gesch\u00e4tzte Lesezeit":"3\u00a0Minuten"},"schema":{"@context":"https:\/\/schema.org","@graph":[{"@type":"WebPage","@id":"https:\/\/www.holenberg.com\/de\/mein-aufenthalt\/praktische-informationen\/","url":"https:\/\/www.holenberg.com\/de\/mein-aufenthalt\/praktische-informationen\/","name":"Praktische Informationen - Holenberg","isPartOf":{"@id":"https:\/\/www.holenberg.com\/de\/#website"},"primaryImageOfPage":{"@id":"https:\/\/www.holenberg.com\/de\/mein-aufenthalt\/praktische-informationen\/#primaryimage"},"image":{"@id":"https:\/\/www.holenberg.com\/de\/mein-aufenthalt\/praktische-informationen\/#primaryimage"},"thumbnailUrl":"https:\/\/www.holenberg.com\/wp-content\/uploads\/2024\/12\/cdb-dji-0324.jpg","datePublished":"2024-12-18T13:22:42+00:00","dateModified":"2025-06-02T13:20:01+00:00","breadcrumb":{"@id":"https:\/\/www.holenberg.com\/de\/mein-aufenthalt\/praktische-informationen\/#breadcrumb"},"inLanguage":"de","potentialAction":[{"@type":"ReadAction","target":["https:\/\/www.holenberg.com\/de\/mein-aufenthalt\/praktische-informationen\/"]}]},{"@type":"ImageObject","inLanguage":"de","@id":"https:\/\/www.holenberg.com\/de\/mein-aufenthalt\/praktische-informationen\/#primaryimage","url":"https:\/\/www.holenberg.com\/wp-content\/uploads\/2024\/12\/cdb-dji-0324.jpg","contentUrl":"https:\/\/www.holenberg.com\/wp-content\/uploads\/2024\/12\/cdb-dji-0324.jpg"},{"@type":"BreadcrumbList","@id":"https:\/\/www.holenberg.com\/de\/mein-aufenthalt\/praktische-informationen\/#breadcrumb","itemListElement":[{"@type":"ListItem","position":1,"name":"Home","item":"https:\/\/www.holenberg.com\/de\/"},{"@type":"ListItem","position":2,"name":"Mein Aufenthalt auf Holenberg","item":"https:\/\/www.holenberg.com\/de\/mein-aufenthalt\/"},{"@type":"ListItem","position":3,"name":"Praktische Informationen"}]},{"@type":"WebSite","@id":"https:\/\/www.holenberg.com\/de\/#website","url":"https:\/\/www.holenberg.com\/de\/","name":"Holenberg","description":"Home of ANNA","potentialAction":[{"@type":"SearchAction","target":{"@type":"EntryPoint","urlTemplate":"https:\/\/www.holenberg.com\/de\/?s={search_term_string}"},"query-input":{"@type":"PropertyValueSpecification","valueRequired":true,"valueName":"search_term_string"}}],"inLanguage":"de"}]}},"_links":{"self":[{"href":"https:\/\/www.holenberg.com\/de\/wp-json\/wp\/v2\/pages\/1283","targetHints":{"allow":["GET"]}}],"collection":[{"href":"https:\/\/www.holenberg.com\/de\/wp-json\/wp\/v2\/pages"}],"about":[{"href":"https:\/\/www.holenberg.com\/de\/wp-json\/wp\/v2\/types\/page"}],"author":[{"embeddable":true,"href":"https:\/\/www.holenberg.com\/de\/wp-json\/wp\/v2\/users\/1"}],"replies":[{"embeddable":true,"href":"https:\/\/www.holenberg.com\/de\/wp-json\/wp\/v2\/comments?post=1283"}],"version-history":[{"count":2,"href":"https:\/\/www.holenberg.com\/de\/wp-json\/wp\/v2\/pages\/1283\/revisions"}],"predecessor-version":[{"id":1287,"href":"https:\/\/www.holenberg.com\/de\/wp-json\/wp\/v2\/pages\/1283\/revisions\/1287"}],"up":[{"embeddable":true,"href":"https:\/\/www.holenberg.com\/de\/wp-json\/wp\/v2\/pages\/1213"}],"wp:attachment":[{"href":"https:\/\/www.holenberg.com\/de\/wp-json\/wp\/v2\/media?parent=1283"}],"curies":[{"name":"wp","href":"https:\/\/api.w.org\/{rel}","templated":true}]}}