{"id":1272,"date":"2025-01-14T10:08:58","date_gmt":"2025-01-14T10:08:58","guid":{"rendered":"https:\/\/www.holenberg.com\/mein-aufenthalt\/eten\/"},"modified":"2025-12-04T11:48:45","modified_gmt":"2025-12-04T11:48:45","slug":"essen","status":"publish","type":"page","link":"https:\/\/www.holenberg.com\/de\/mein-aufenthalt\/essen\/","title":{"rendered":"Essen in und rund um deine ANNA"},"content":{"rendered":"\n<p class=\"has-text-align-center\">W\u00e4hrend deines Aufenthalts ist das Fr\u00fchst\u00fcck immer inklusive. Und nach einem Tag in der Natur gibt es kaum etwas Sch\u00f6neres, als ein wohlverdientes Getr\u00e4nk oder ein gutes Essen zu genie\u00dfen. Ob kleiner Hunger oder gro\u00dfer Appetit \u2013 in und rund um Holenberg gibt es viele M\u00f6glichkeiten. Nimm teil an unseren gemeinsamen Abendessen, w\u00e4hle ein urspr\u00fcngliches Lagerfeuergericht oder genie\u00dfe ein Essen au\u00dfer Haus in einem der von uns pers\u00f6nlich ausgew\u00e4hlten Restaurants in der Umgebung.<\/p>\n\n\n\n<p class=\"has-text-align-center\"><\/p>\n\n\n\n<div class=\"wp-block-columns is-extra-wide is-layout-flex wp-block-columns-is-layout-flex\">\n<div class=\"wp-block-column is-layout-flow wp-block-column-is-layout-flow\">\n<figure class=\"wp-block-image size-large\"><img loading=\"lazy\" decoding=\"async\" width=\"1024\" height=\"682\" src=\"https:\/\/www.holenberg.com\/wp-content\/uploads\/2025\/01\/hartje-groen-boshut-1024x682.jpeg\" alt=\"\" class=\"wp-image-512\" srcset=\"https:\/\/www.holenberg.com\/wp-content\/uploads\/2025\/01\/hartje-groen-boshut-1024x682.jpeg 1024w, https:\/\/www.holenberg.com\/wp-content\/uploads\/2025\/01\/hartje-groen-boshut-300x200.jpeg 300w, https:\/\/www.holenberg.com\/wp-content\/uploads\/2025\/01\/hartje-groen-boshut-768x512.jpeg 768w, https:\/\/www.holenberg.com\/wp-content\/uploads\/2025\/01\/hartje-groen-boshut-800x533.jpeg 800w, https:\/\/www.holenberg.com\/wp-content\/uploads\/2025\/01\/hartje-groen-boshut.jpeg 1280w\" sizes=\"auto, (max-width: 1024px) 100vw, 1024px\" \/><\/figure>\n<\/div>\n\n\n\n<div class=\"wp-block-column is-layout-flow wp-block-column-is-layout-flow\">\n<h2 class=\"wp-block-heading\">Mittagessen &amp; Drinks in De Boshut<\/h2>\n\n\n\n<p>Direkt neben dem Holenberg-Wald liegt die gem\u00fctliche Boshut \u2013 eingebettet im Gr\u00fcnen, am Rand des Naturgebiets De Maashorst. Genie\u00dfe kleine Gerichte und Getr\u00e4nke drau\u00dfen auf der Terrasse oder drinnen am Kamin an kalten Tagen. Die Speisekarte bietet k\u00f6stliche Mittagsgerichte, Kuchen und leckere Snack-Platten.<\/p>\n\n\n\n<h3 class=\"wp-block-heading\">\u00d6FFNUNGSZEITEN DE BOSHUT<\/h3>\n\n\n\n<p>Montag bis Freitag: 10.00 \u2013 17.00 Uhr (K\u00fcche bis 16.45)<\/p>\n\n\n\n<p>Samstag &amp; Sonntag: 10.00 \u2013 18.00 Uhr (K\u00fcche bis 17.30)<\/p>\n\n\n\n<p>Am 1. Weihnachtstag und Neujahrstag geschlossen<\/p>\n<\/div>\n<\/div>\n\n\n\n<h2 class=\"wp-block-heading has-text-align-center\">Abendessen<\/h2>\n\n\n\n<div class=\"wp-block-columns is-layout-flex wp-block-columns-is-layout-flex\">\n<div class=\"wp-block-column is-layout-flow wp-block-column-is-layout-flow\">\n<h4 class=\"wp-block-heading\"><strong>Essen bestellen bei Restaurant Trien<\/strong><\/h4>\n\n\n\n<p>Keine Lust zu kochen? Das Restaurant Trien bereitet k\u00f6stliche Gerichte aus frischen Zutaten zu \u2013 und liefert direkt zu deiner Cabin. Sieh dir die Speisekarte \u00fcber diesen <a href=\"https:\/\/trien.nl\/menukaart\"><span class=\"wp-block-button__link-icon\" aria-hidden=\"true\"><svg width=\"6.846\" height=\"7.732\" viewBox=\"0 0 6.846 7.732\"><path d=\"M6.844 3.844a2.433 2.433 0 00-.42-.45Q3.646 1.746.85.123C.385-.149.015.042.015.573q-.028 3.285 0 6.571c0 .535.37.741.833.469q2.819-1.63 5.615-3.3c.137-.087.219-.276.383-.472z\" fill=\"currentColor\"><\/path><\/svg><\/span>Link<\/a> an und bestelle bis sp\u00e4testens 17.00 Uhr telefonisch unter +31(0)486 41 41 41. Die warmen Gerichte werden dann um 17.30 Uhr zu deiner ANNA gebracht. Restaurant Trien ist ge\u00f6ffnet von Mittwoch bis Sonntag. <\/p>\n\n\n\n<p>Trien ist vom 22. Dezember bis zum 2. Januar und vom 9. Februar bis zum 23. Februar geschlossen.<\/p>\n\n\n\n<h4 class=\"wp-block-heading\"><strong>Abendessen bestellen bei De Boshut<\/strong><\/h4>\n\n\n\n<p>Montags und dienstags bietet De Boshut schmackhafte Hauptgerichte f\u00fcr je 17,50 \u20ac an:<\/p>\n\n\n\n<ul class=\"wp-block-list\">\n<li>Risotto mit Tr\u00fcffel, gebratenen Pilzen und Parmesan<\/li>\n\n\n\n<li>Risotto mit saisonalem Gem\u00fcse und Parmesan<\/li>\n\n\n\n<li>Traditionelle Pasta mit Hackfleisch, frischer Tomatensauce und Parmesan<\/li>\n<\/ul>\n\n\n\n<p>Alle Gerichte werden mit einem frischen Salat serviert.<\/p>\n\n\n\n<p>Optional kannst du Pulled Chicken, ger\u00e4ucherten Lachs oder gebratene Ziegenk\u00e4se (+ 5,00 \u20ac) hinzuf\u00fcgen.<\/p>\n\n\n\n<p>Bestelle dein Abendessen am besten bis 16.00 Uhr telefonisch unter +31(0)486 46 46 46.<\/p>\n\n\n\n<p>Die regul\u00e4re <a href=\"http:\/\/www.hartjegroen.com\/de-boshut-ontbijt-lunch-borrel\/menukaart\"><span class=\"wp-block-button__link-icon\" aria-hidden=\"true\"><svg width=\"6.846\" height=\"7.732\" viewBox=\"0 0 6.846 7.732\"><path d=\"M6.844 3.844a2.433 2.433 0 00-.42-.45Q3.646 1.746.85.123C.385-.149.015.042.015.573q-.028 3.285 0 6.571c0 .535.37.741.833.469q2.819-1.63 5.615-3.3c.137-.087.219-.276.383-.472z\" fill=\"currentColor\"><\/path><\/svg><\/span>Mittags- und Snackkarte<\/a> ist t\u00e4glich bis 17.00 Uhr zur Abholung verf\u00fcgbar.<\/p>\n<\/div>\n\n\n\n<div class=\"wp-block-column is-layout-flow wp-block-column-is-layout-flow\">\n<h4 class=\"wp-block-heading\"><strong><strong>Urspr\u00fcnglich kochen am Feuer<\/strong><\/strong><\/h4>\n\n\n\n<p>Zur\u00fcck zur Basis \u2013 gemeinsam ein Gericht \u00fcber offenem Feuer zubereiten. Wir stellen euch ein Paket mit frischen Zutaten zusammen, mit dem ihr ein leckeres Gericht \u00fcber dem Lagerfeuer in einem Dutch Oven zubereiten k\u00f6nnt \u2013 wahlweise vegetarischer Eintopf oder Pulled Chicken.<\/p>\n\n\n\n<p>Die Feuerschale, der Dreifu\u00df, der Dutch Oven sowie das Zutatenpaket werden am Tag selbst um 17.00 Uhr zu deiner ANNA gebracht. Du erh\u00e4ltst frische Zutaten, eine Anleitung und alles, was du brauchst. Bitte bestelle dieses Paket sp\u00e4testens einen Tag vorher vor 15.00 Uhr an der Rezeption.<\/p>\n\n\n\n<div class=\"wp-block-buttons is-layout-flex wp-block-buttons-is-layout-flex\">\n<div class=\"wp-block-button\"><a class=\"wp-block-button__link wp-element-button\" href=\"https:\/\/www.holenberg.com\/de\/aktivitaten\/urzeitliches-kochen\/\"><span class=\"wp-block-button__link-icon\" aria-hidden=\"true\"><svg width=\"6.846\" height=\"7.732\" viewBox=\"0 0 6.846 7.732\"><path d=\"M6.844 3.844a2.433 2.433 0 00-.42-.45Q3.646 1.746.85.123C.385-.149.015.042.015.573q-.028 3.285 0 6.571c0 .535.37.741.833.469q2.819-1.63 5.615-3.3c.137-.087.219-.276.383-.472z\" fill=\"currentColor\"><\/path><\/svg><\/span>Weitere Informationen<\/a><\/div>\n<\/div>\n\n\n\n<p>Kochen \u00fcber offenem Feuer ist im ANNA Bosvijver nicht m\u00f6glich.<\/p>\n\n\n\n<h4 class=\"wp-block-heading\"><strong><strong>Essenslieferung auf Holenberg<\/strong><\/strong><\/h4>\n\n\n\n<p>Der Holenberg-Wald ist nur f\u00fcr G\u00e4ste zug\u00e4nglich. Restaurant Trien kennt Holenberg und liefert direkt bis zu deiner ANNA. Lieferdienste anderer Restaurants d\u00fcrfen den Wald nicht betreten \u2013 zum Schutz der Privatsph\u00e4re. Falls du Essen ausw\u00e4rts bestellst, hole es bitte selbst auf dem Parkplatz ab.<\/p>\n<\/div>\n<\/div>\n\n\n\n<h2 class=\"wp-block-heading has-text-align-center\"><strong>Empfohlene Restaurants in der Umgebung<\/strong><\/h2>\n\n\n\n<p>In der Umgebung findest du ausgezeichnete Restaurants f\u00fcr Mittag- oder Abendessen. Unsere pers\u00f6nliche Empfehlung:<\/p>\n\n\n\n<p><a href=\"http:\/\/www.onseethuys.nl\/\" target=\"_blank\" rel=\"noreferrer noopener\"><span class=\"wp-block-button__link-icon\" aria-hidden=\"true\"><svg width=\"6.846\" height=\"7.732\" viewBox=\"0 0 6.846 7.732\"><path d=\"M6.844 3.844a2.433 2.433 0 00-.42-.45Q3.646 1.746.85.123C.385-.149.015.042.015.573q-.028 3.285 0 6.571c0 .535.37.741.833.469q2.819-1.63 5.615-3.3c.137-.087.219-.276.383-.472z\" fill=\"currentColor\"><\/path><\/svg><\/span>Ons Eethuys<\/a>&nbsp;in&nbsp;Schaijk. Tel. +31(0)486 461226 \u2013 Gem\u00fctlich &amp; gut<br><a href=\"https:\/\/nieuwschaijk.nl\/\"><span class=\"wp-block-button__link-icon\" aria-hidden=\"true\"><svg width=\"6.846\" height=\"7.732\" viewBox=\"0 0 6.846 7.732\"><path d=\"M6.844 3.844a2.433 2.433 0 00-.42-.45Q3.646 1.746.85.123C.385-.149.015.042.015.573q-.028 3.285 0 6.571c0 .535.37.741.833.469q2.819-1.63 5.615-3.3c.137-.087.219-.276.383-.472z\" fill=\"currentColor\"><\/path><\/svg><\/span>Nieuw Schaijk<\/a>&nbsp;in Schaijk. Tel. +31(0)486 461294 \u2013 Lunch, Dinner &amp; italienisches Eis<br><a href=\"https:\/\/www.eetcafedenotaris.nl\/\" target=\"_blank\" rel=\"noreferrer noopener\"><span class=\"wp-block-button__link-icon\" aria-hidden=\"true\"><svg width=\"6.846\" height=\"7.732\" viewBox=\"0 0 6.846 7.732\"><path d=\"M6.844 3.844a2.433 2.433 0 00-.42-.45Q3.646 1.746.85.123C.385-.149.015.042.015.573q-.028 3.285 0 6.571c0 .535.37.741.833.469q2.819-1.63 5.615-3.3c.137-.087.219-.276.383-.472z\" fill=\"currentColor\"><\/path><\/svg><\/span>Eetcaf\u00e9 De Notaris<\/a>&nbsp;in&nbsp;Schaijk. Tel. +31(0)486 460777 \u2013 Geselliges Bistro<br><a href=\"https:\/\/trien.nl\/\" target=\"_blank\" rel=\"noreferrer noopener\"><span class=\"wp-block-button__link-icon\" aria-hidden=\"true\"><svg width=\"6.846\" height=\"7.732\" viewBox=\"0 0 6.846 7.732\"><path d=\"M6.844 3.844a2.433 2.433 0 00-.42-.45Q3.646 1.746.85.123C.385-.149.015.042.015.573q-.028 3.285 0 6.571c0 .535.37.741.833.469q2.819-1.63 5.615-3.3c.137-.087.219-.276.383-.472z\" fill=\"currentColor\"><\/path><\/svg><\/span>Restaurant Trien<\/a>&nbsp;in&nbsp;Herpen. Tel. +31(0)486 414141 \u2013 Frisch &amp; ehrlich<br><a href=\"https:\/\/www.panenzo.com\/\" target=\"_blank\" rel=\"noreferrer noopener\"><span class=\"wp-block-button__link-icon\" aria-hidden=\"true\"><svg width=\"6.846\" height=\"7.732\" viewBox=\"0 0 6.846 7.732\"><path d=\"M6.844 3.844a2.433 2.433 0 00-.42-.45Q3.646 1.746.85.123C.385-.149.015.042.015.573q-.028 3.285 0 6.571c0 .535.37.741.833.469q2.819-1.63 5.615-3.3c.137-.087.219-.276.383-.472z\" fill=\"currentColor\"><\/path><\/svg><\/span>Pan &amp; Zo<\/a>&nbsp;in&nbsp;Herpen. Tel. +31(0)486 416689 \u2013 Pfannkuchen, Lunch, kinderfreundlich<br><a href=\"https:\/\/bomenpark.nl\/\" target=\"_blank\" rel=\"noreferrer noopener\"><span class=\"wp-block-button__link-icon\" aria-hidden=\"true\"><svg width=\"6.846\" height=\"7.732\" viewBox=\"0 0 6.846 7.732\"><path d=\"M6.844 3.844a2.433 2.433 0 00-.42-.45Q3.646 1.746.85.123C.385-.149.015.042.015.573q-.028 3.285 0 6.571c0 .535.37.741.833.469q2.819-1.63 5.615-3.3c.137-.087.219-.276.383-.472z\" fill=\"currentColor\"><\/path><\/svg><\/span>Bomenpark Heesch<\/a>&nbsp;in&nbsp;Heesch. Tel. +31(0)412 473074 \u2013 Naturkulisse zum Genie\u00dfen<br><a href=\"https:\/\/lindereek.nl\/\"><span class=\"wp-block-button__link-icon\" aria-hidden=\"true\"><svg width=\"6.846\" height=\"7.732\" viewBox=\"0 0 6.846 7.732\"><path d=\"M6.844 3.844a2.433 2.433 0 00-.42-.45Q3.646 1.746.85.123C.385-.149.015.042.015.573q-.028 3.285 0 6.571c0 .535.37.741.833.469q2.819-1.63 5.615-3.3c.137-.087.219-.276.383-.472z\" fill=\"currentColor\"><\/path><\/svg><\/span>De Linde<\/a>&nbsp;in Reek. Tel. +31(0)486 721016 \u2013 Entspannte Atmosph\u00e4re mit Gastfreundschaft<br><a href=\"https:\/\/www.restaurantversaen.nl\/\" target=\"_blank\" rel=\"noreferrer noopener\"><span class=\"wp-block-button__link-icon\" aria-hidden=\"true\"><svg width=\"6.846\" height=\"7.732\" viewBox=\"0 0 6.846 7.732\"><path d=\"M6.844 3.844a2.433 2.433 0 00-.42-.45Q3.646 1.746.85.123C.385-.149.015.042.015.573q-.028 3.285 0 6.571c0 .535.37.741.833.469q2.819-1.63 5.615-3.3c.137-.087.219-.276.383-.472z\" fill=\"currentColor\"><\/path><\/svg><\/span>Versaen<\/a>&nbsp;in&nbsp;Ravenstein. Tel. +31(0)486 851565 \u2013 Sternerestaurant mit franz\u00f6sisch-mediterraner K\u00fcche<\/p>\n\n\n\n<div class=\"wp-block-cover\"><img loading=\"lazy\" decoding=\"async\" width=\"2560\" height=\"1562\" class=\"wp-block-cover__image-background wp-image-514\" alt=\"\" src=\"https:\/\/www.holenberg.com\/wp-content\/uploads\/2025\/01\/boshut3-1.jpg\" data-object-fit=\"cover\" srcset=\"https:\/\/www.holenberg.com\/wp-content\/uploads\/2025\/01\/boshut3-1.jpg 2560w, https:\/\/www.holenberg.com\/wp-content\/uploads\/2025\/01\/boshut3-1-300x183.jpg 300w, https:\/\/www.holenberg.com\/wp-content\/uploads\/2025\/01\/boshut3-1-1024x625.jpg 1024w, https:\/\/www.holenberg.com\/wp-content\/uploads\/2025\/01\/boshut3-1-768x469.jpg 768w, https:\/\/www.holenberg.com\/wp-content\/uploads\/2025\/01\/boshut3-1-1536x937.jpg 1536w, https:\/\/www.holenberg.com\/wp-content\/uploads\/2025\/01\/boshut3-1-2048x1250.jpg 2048w, https:\/\/www.holenberg.com\/wp-content\/uploads\/2025\/01\/boshut3-1-800x488.jpg 800w\" sizes=\"auto, (max-width: 2560px) 100vw, 2560px\" \/><span aria-hidden=\"true\" class=\"wp-block-cover__background has-background-dim-0 has-background-dim\" style=\"background-color:#666257\"><\/span><div class=\"wp-block-cover__inner-container is-layout-constrained wp-block-cover-is-layout-constrained\">\n<p class=\"has-text-align-center\"><\/p>\n<\/div><\/div>\n","protected":false},"excerpt":{"rendered":"W\u00e4hrend deines Aufenthalts ist das Fr\u00fchst\u00fcck immer inklusive. Und nach einem Tag in der Natur gibt es kaum etwas Sch\u00f6neres, als ein wohlverdientes Getr\u00e4nk oder ein gutes Essen zu genie\u00dfen. Ob kleiner Hunger oder gro\u00dfer Appetit \u2013 in und rund um Holenberg gibt es viele M\u00f6glichkeiten. Nimm teil an unseren gemeinsamen Abendessen, w\u00e4hle ein urspr\u00fcngliches [&hellip;]","protected":false},"author":1,"featured_media":0,"parent":1213,"menu_order":0,"comment_status":"closed","ping_status":"closed","template":"","meta":{"_acf_changed":false,"footnotes":""},"class_list":["post-1272","page","type-page","status-publish","hentry"],"acf":[],"yoast_head":"<!-- This site is optimized with the Yoast SEO plugin v27.3 - https:\/\/yoast.com\/product\/yoast-seo-wordpress\/ -->\n<title>Essen in und rund um deine ANNA - Holenberg<\/title>\n<meta name=\"description\" content=\"Entdecke die M\u00f6glichkeiten f\u00fcr verschiedene Mahlzeiten w\u00e4hrend deines Aufenthalts auf Holenberg.\" \/>\n<meta name=\"robots\" content=\"index, follow, max-snippet:-1, max-image-preview:large, max-video-preview:-1\" \/>\n<link rel=\"canonical\" href=\"https:\/\/www.holenberg.com\/de\/mein-aufenthalt\/essen\/\" \/>\n<meta property=\"og:locale\" content=\"de_DE\" \/>\n<meta property=\"og:type\" content=\"article\" \/>\n<meta property=\"og:title\" content=\"Essen in und rund um deine ANNA - Holenberg\" \/>\n<meta property=\"og:description\" content=\"Entdecke die M\u00f6glichkeiten f\u00fcr verschiedene Mahlzeiten w\u00e4hrend deines Aufenthalts auf Holenberg.\" \/>\n<meta property=\"og:url\" content=\"https:\/\/www.holenberg.com\/de\/mein-aufenthalt\/essen\/\" \/>\n<meta property=\"og:site_name\" content=\"Holenberg\" \/>\n<meta property=\"article:modified_time\" content=\"2025-12-04T11:48:45+00:00\" \/>\n<meta property=\"og:image\" content=\"https:\/\/www.holenberg.com\/wp-content\/uploads\/2025\/01\/hartje-groen-boshut.jpeg\" \/>\n\t<meta property=\"og:image:width\" content=\"1280\" \/>\n\t<meta property=\"og:image:height\" content=\"853\" \/>\n\t<meta property=\"og:image:type\" content=\"image\/jpeg\" \/>\n<meta name=\"twitter:card\" content=\"summary_large_image\" \/>\n<meta name=\"twitter:label1\" content=\"Gesch\u00e4tzte Lesezeit\" \/>\n\t<meta name=\"twitter:data1\" content=\"4\u00a0Minuten\" \/>\n<script type=\"application\/ld+json\" class=\"yoast-schema-graph\">{\"@context\":\"https:\\\/\\\/schema.org\",\"@graph\":[{\"@type\":\"WebPage\",\"@id\":\"https:\\\/\\\/www.holenberg.com\\\/de\\\/mein-aufenthalt\\\/essen\\\/\",\"url\":\"https:\\\/\\\/www.holenberg.com\\\/de\\\/mein-aufenthalt\\\/essen\\\/\",\"name\":\"Essen in und rund um deine ANNA - Holenberg\",\"isPartOf\":{\"@id\":\"https:\\\/\\\/www.holenberg.com\\\/de\\\/#website\"},\"primaryImageOfPage\":{\"@id\":\"https:\\\/\\\/www.holenberg.com\\\/de\\\/mein-aufenthalt\\\/essen\\\/#primaryimage\"},\"image\":{\"@id\":\"https:\\\/\\\/www.holenberg.com\\\/de\\\/mein-aufenthalt\\\/essen\\\/#primaryimage\"},\"thumbnailUrl\":\"https:\\\/\\\/www.holenberg.com\\\/wp-content\\\/uploads\\\/2025\\\/01\\\/hartje-groen-boshut-1024x682.jpeg\",\"datePublished\":\"2025-01-14T10:08:58+00:00\",\"dateModified\":\"2025-12-04T11:48:45+00:00\",\"description\":\"Entdecke die M\u00f6glichkeiten f\u00fcr verschiedene Mahlzeiten w\u00e4hrend deines Aufenthalts auf Holenberg.\",\"breadcrumb\":{\"@id\":\"https:\\\/\\\/www.holenberg.com\\\/de\\\/mein-aufenthalt\\\/essen\\\/#breadcrumb\"},\"inLanguage\":\"de\",\"potentialAction\":[{\"@type\":\"ReadAction\",\"target\":[\"https:\\\/\\\/www.holenberg.com\\\/de\\\/mein-aufenthalt\\\/essen\\\/\"]}]},{\"@type\":\"ImageObject\",\"inLanguage\":\"de\",\"@id\":\"https:\\\/\\\/www.holenberg.com\\\/de\\\/mein-aufenthalt\\\/essen\\\/#primaryimage\",\"url\":\"https:\\\/\\\/www.holenberg.com\\\/wp-content\\\/uploads\\\/2025\\\/01\\\/hartje-groen-boshut-1024x682.jpeg\",\"contentUrl\":\"https:\\\/\\\/www.holenberg.com\\\/wp-content\\\/uploads\\\/2025\\\/01\\\/hartje-groen-boshut-1024x682.jpeg\"},{\"@type\":\"BreadcrumbList\",\"@id\":\"https:\\\/\\\/www.holenberg.com\\\/de\\\/mein-aufenthalt\\\/essen\\\/#breadcrumb\",\"itemListElement\":[{\"@type\":\"ListItem\",\"position\":1,\"name\":\"Home\",\"item\":\"https:\\\/\\\/www.holenberg.com\\\/de\\\/\"},{\"@type\":\"ListItem\",\"position\":2,\"name\":\"Mein Aufenthalt auf Holenberg\",\"item\":\"https:\\\/\\\/www.holenberg.com\\\/de\\\/mein-aufenthalt\\\/\"},{\"@type\":\"ListItem\",\"position\":3,\"name\":\"Essen in und rund um deine ANNA\"}]},{\"@type\":\"WebSite\",\"@id\":\"https:\\\/\\\/www.holenberg.com\\\/de\\\/#website\",\"url\":\"https:\\\/\\\/www.holenberg.com\\\/de\\\/\",\"name\":\"Holenberg\",\"description\":\"Home of ANNA\",\"potentialAction\":[{\"@type\":\"SearchAction\",\"target\":{\"@type\":\"EntryPoint\",\"urlTemplate\":\"https:\\\/\\\/www.holenberg.com\\\/de\\\/?s={search_term_string}\"},\"query-input\":{\"@type\":\"PropertyValueSpecification\",\"valueRequired\":true,\"valueName\":\"search_term_string\"}}],\"inLanguage\":\"de\"}]}<\/script>\n<!-- \/ Yoast SEO plugin. -->","yoast_head_json":{"title":"Essen in und rund um deine ANNA - Holenberg","description":"Entdecke die M\u00f6glichkeiten f\u00fcr verschiedene Mahlzeiten w\u00e4hrend deines Aufenthalts auf Holenberg.","robots":{"index":"index","follow":"follow","max-snippet":"max-snippet:-1","max-image-preview":"max-image-preview:large","max-video-preview":"max-video-preview:-1"},"canonical":"https:\/\/www.holenberg.com\/de\/mein-aufenthalt\/essen\/","og_locale":"de_DE","og_type":"article","og_title":"Essen in und rund um deine ANNA - Holenberg","og_description":"Entdecke die M\u00f6glichkeiten f\u00fcr verschiedene Mahlzeiten w\u00e4hrend deines Aufenthalts auf Holenberg.","og_url":"https:\/\/www.holenberg.com\/de\/mein-aufenthalt\/essen\/","og_site_name":"Holenberg","article_modified_time":"2025-12-04T11:48:45+00:00","og_image":[{"width":1280,"height":853,"url":"https:\/\/www.holenberg.com\/wp-content\/uploads\/2025\/01\/hartje-groen-boshut.jpeg","type":"image\/jpeg"}],"twitter_card":"summary_large_image","twitter_misc":{"Gesch\u00e4tzte Lesezeit":"4\u00a0Minuten"},"schema":{"@context":"https:\/\/schema.org","@graph":[{"@type":"WebPage","@id":"https:\/\/www.holenberg.com\/de\/mein-aufenthalt\/essen\/","url":"https:\/\/www.holenberg.com\/de\/mein-aufenthalt\/essen\/","name":"Essen in und rund um deine ANNA - Holenberg","isPartOf":{"@id":"https:\/\/www.holenberg.com\/de\/#website"},"primaryImageOfPage":{"@id":"https:\/\/www.holenberg.com\/de\/mein-aufenthalt\/essen\/#primaryimage"},"image":{"@id":"https:\/\/www.holenberg.com\/de\/mein-aufenthalt\/essen\/#primaryimage"},"thumbnailUrl":"https:\/\/www.holenberg.com\/wp-content\/uploads\/2025\/01\/hartje-groen-boshut-1024x682.jpeg","datePublished":"2025-01-14T10:08:58+00:00","dateModified":"2025-12-04T11:48:45+00:00","description":"Entdecke die M\u00f6glichkeiten f\u00fcr verschiedene Mahlzeiten w\u00e4hrend deines Aufenthalts auf Holenberg.","breadcrumb":{"@id":"https:\/\/www.holenberg.com\/de\/mein-aufenthalt\/essen\/#breadcrumb"},"inLanguage":"de","potentialAction":[{"@type":"ReadAction","target":["https:\/\/www.holenberg.com\/de\/mein-aufenthalt\/essen\/"]}]},{"@type":"ImageObject","inLanguage":"de","@id":"https:\/\/www.holenberg.com\/de\/mein-aufenthalt\/essen\/#primaryimage","url":"https:\/\/www.holenberg.com\/wp-content\/uploads\/2025\/01\/hartje-groen-boshut-1024x682.jpeg","contentUrl":"https:\/\/www.holenberg.com\/wp-content\/uploads\/2025\/01\/hartje-groen-boshut-1024x682.jpeg"},{"@type":"BreadcrumbList","@id":"https:\/\/www.holenberg.com\/de\/mein-aufenthalt\/essen\/#breadcrumb","itemListElement":[{"@type":"ListItem","position":1,"name":"Home","item":"https:\/\/www.holenberg.com\/de\/"},{"@type":"ListItem","position":2,"name":"Mein Aufenthalt auf Holenberg","item":"https:\/\/www.holenberg.com\/de\/mein-aufenthalt\/"},{"@type":"ListItem","position":3,"name":"Essen in und rund um deine ANNA"}]},{"@type":"WebSite","@id":"https:\/\/www.holenberg.com\/de\/#website","url":"https:\/\/www.holenberg.com\/de\/","name":"Holenberg","description":"Home of ANNA","potentialAction":[{"@type":"SearchAction","target":{"@type":"EntryPoint","urlTemplate":"https:\/\/www.holenberg.com\/de\/?s={search_term_string}"},"query-input":{"@type":"PropertyValueSpecification","valueRequired":true,"valueName":"search_term_string"}}],"inLanguage":"de"}]}},"_links":{"self":[{"href":"https:\/\/www.holenberg.com\/de\/wp-json\/wp\/v2\/pages\/1272","targetHints":{"allow":["GET"]}}],"collection":[{"href":"https:\/\/www.holenberg.com\/de\/wp-json\/wp\/v2\/pages"}],"about":[{"href":"https:\/\/www.holenberg.com\/de\/wp-json\/wp\/v2\/types\/page"}],"author":[{"embeddable":true,"href":"https:\/\/www.holenberg.com\/de\/wp-json\/wp\/v2\/users\/1"}],"replies":[{"embeddable":true,"href":"https:\/\/www.holenberg.com\/de\/wp-json\/wp\/v2\/comments?post=1272"}],"version-history":[{"count":9,"href":"https:\/\/www.holenberg.com\/de\/wp-json\/wp\/v2\/pages\/1272\/revisions"}],"predecessor-version":[{"id":2035,"href":"https:\/\/www.holenberg.com\/de\/wp-json\/wp\/v2\/pages\/1272\/revisions\/2035"}],"up":[{"embeddable":true,"href":"https:\/\/www.holenberg.com\/de\/wp-json\/wp\/v2\/pages\/1213"}],"wp:attachment":[{"href":"https:\/\/www.holenberg.com\/de\/wp-json\/wp\/v2\/media?parent=1272"}],"curies":[{"name":"wp","href":"https:\/\/api.w.org\/{rel}","templated":true}]}}