{"id":1261,"date":"2025-01-14T12:48:19","date_gmt":"2025-01-14T12:48:19","guid":{"rendered":"https:\/\/www.holenberg.com\/mein-aufenthalt\/jahreszeit\/zomer\/"},"modified":"2025-06-02T13:01:07","modified_gmt":"2025-06-02T13:01:07","slug":"sommer","status":"publish","type":"page","link":"https:\/\/www.holenberg.com\/de\/mein-aufenthalt\/jahreszeit\/sommer\/","title":{"rendered":"F\u00fcr den Sommer"},"content":{"rendered":"\n<h2 class=\"wp-block-heading has-text-align-center\">Tipps f\u00fcr deinen Aufenthalt im Sommer<\/h2>\n\n\n\n<div class=\"wp-block-columns is-layout-flex wp-block-columns-is-layout-flex\">\n<div class=\"wp-block-column is-layout-flow wp-block-column-is-layout-flow\">\n<p>Der Sommer ist vielleicht die angenehmste Zeit des Jahres, um in der Natur zu leben. Schl\u00e4fst du unter dem Glasdach \u2013 oder unter freiem Himmel? Ziehst du dich zur\u00fcck oder \u00f6ffnest du dich ganz der Natur? Wir haben deinen Aufenthalt so vorbereitet, dass du die \u00dcbernachtung in der Natur rundum genie\u00dfen kannst.<\/p>\n<\/div>\n\n\n\n<div class=\"wp-block-column is-layout-flow wp-block-column-is-layout-flow\">\n<p>Auch wenn die Temperaturen in den Sommermonaten steigen, bietet die Lage im Wald angenehme K\u00fchle. Informiere dich im Voraus \u00fcber das Wetter w\u00e4hrend deines Aufenthalts und bereite dich entsprechend vor. Was auch kommt \u2013 mit diesen Tipps startest du gut vorbereitet in dein Sommerabenteuer.<\/p>\n<\/div>\n<\/div>\n\n\n\n<div class=\"wp-block-group has-beige-light-background-color has-background is-layout-flow wp-block-group-is-layout-flow\" style=\"margin-top:0;margin-bottom:0\"><div class=\"hol-grid\" style=\"--col-count: 3;\">\n  \n<div class=\"hol-grid-item\">\n  \n\n<div style=\"height:32px\" aria-hidden=\"true\" class=\"wp-block-spacer\"><\/div>\n\n\n\n<h3 class=\"wp-block-heading has-text-align-center\"><strong>BARFUSS UNTERWEGS<\/strong><\/h3>\n\n\n\n<p>Laufe w\u00e4hrend deines Aufenthalts so oft wie m\u00f6glich barfu\u00df \u2013 das bringt dich der Natur n\u00e4her. Wenn du drau\u00dfen lieber nicht barfu\u00df l\u00e4ufst, nimm Hausschuhe oder Sandalen mit, um bequem zwischen drinnen und drau\u00dfen zu wechseln.<\/p>\n\n\n<\/div>\n\n<div class=\"hol-grid-item\">\n  \n\n<div style=\"height:2rem\" aria-hidden=\"true\" class=\"wp-block-spacer\"><\/div>\n\n\n\n<h3 class=\"wp-block-heading has-text-align-center\"><strong>ZECKEN<\/strong><\/h3>\n\n\n\n<p>Kontrolliere nach Aufenthalten in der Natur immer deinen K\u00f6rper und deine Kleidung auf Zecken. Nimm vorsichtshalber eine Zeckenzange mit. Vergiss dabei Haaransatz, Ohren und Nacken nicht. In zeckenreichen Zeiten: Bleib m\u00f6glichst auf den Wegen, trage geschlossene Schuhe und Kleidung, die Arme und Beine bedeckt. DEET kann auf unbedeckter Haut verwendet werden.<\/p>\n\n\n<\/div>\n\n<div class=\"hol-grid-item\">\n  \n\n<div style=\"height:2rem\" aria-hidden=\"true\" class=\"wp-block-spacer\"><\/div>\n\n\n\n<h3 class=\"wp-block-heading has-text-align-center\"><strong><strong>M\u00dcCKEN<\/strong><\/strong><\/h3>\n\n\n\n<p>Wenn M\u00fccken aktiv sind, findest du in deiner Cabin ein Moskitonetz, das sich komplett um das Bett schlie\u00dfen l\u00e4sst. Benutze ein gutes Insektenschutzmittel wie z.B. DEET \u2013 besonders bei Sonnenauf- und -untergang.<\/p>\n\n\n<\/div>\n\n<div class=\"hol-grid-item\">\n  \n\n<div style=\"height:2rem\" aria-hidden=\"true\" class=\"wp-block-spacer\"><\/div>\n\n\n\n<h3 class=\"wp-block-heading has-text-align-center\"><strong><strong>BADEKLEIDUNG<\/strong><\/strong><\/h3>\n\n\n\n<p>Pack deine Badesachen ein f\u00fcr ein erfrischendes Bad im Naturteich des Charme Camping Hartje Groen, direkt neben Holenberg. W\u00e4hrend deines Aufenthalts kannst du alle Einrichtungen des Campingplatzes nutzen.<\/p>\n\n\n<\/div>\n\n<div class=\"hol-grid-item\">\n  \n\n<div style=\"height:31px\" aria-hidden=\"true\" class=\"wp-block-spacer\"><\/div>\n\n\n\n<h3 class=\"wp-block-heading has-text-align-center\"><strong>SONNENSCHUTZ<\/strong><\/h3>\n\n\n\n<p>Sch\u00fctze dich vor UV-Strahlung. Verwende eine Sonnencreme mit Lichtschutzfaktor, trinke ausreichend und trage bei Bedarf sch\u00fctzende Kleidung. F\u00fcr unterwegs findest du in deiner Cabin nachf\u00fcllbare Wasserflaschen \u2013 so brauchst du keine Plastikflaschen mitzubringen.<\/p>\n\n\n<\/div>\n\n<div class=\"hol-grid-item\">\n  \n\n<div style=\"height:2rem\" aria-hidden=\"true\" class=\"wp-block-spacer\"><\/div>\n\n\n\n<h3 class=\"wp-block-heading has-text-align-center\"><strong>AKTIVIT\u00c4TEN FR\u00dcHZEITIG PLANEN<\/strong><\/h3>\n\n\n\n<p>M\u00f6chtest du w\u00e4hrend deines Aufenthalts an einer gef\u00fchrten Aktivit\u00e4t teilnehmen? Buche in den Sommerferien und an Wochenenden rechtzeitig \u2013 die Nachfrage ist hoch. Hier findest du alle Aktivit\u00e4tsangebote.<\/p>\n\n\n<\/div>\n\n<\/div><\/div>\n\n\n<div class=\"hol-image-slider is-section-display \"><div class=\"hol-image-slider__controls\">\n    <button class=\"hol-image-slider__control\"><svg width=\"6.846\" height=\"7.732\" viewBox=\"0 0 6.846 7.732\"><path d=\"M6.844 3.844a2.433 2.433 0 00-.42-.45Q3.646 1.746.85.123C.385-.149.015.042.015.573q-.028 3.285 0 6.571c0 .535.37.741.833.469q2.819-1.63 5.615-3.3c.137-.087.219-.276.383-.472z\" fill=\"currentColor\"><\/path><\/svg><\/button>\n    <button class=\"hol-image-slider__control\"><svg width=\"6.846\" height=\"7.732\" viewBox=\"0 0 6.846 7.732\"><path d=\"M6.844 3.844a2.433 2.433 0 00-.42-.45Q3.646 1.746.85.123C.385-.149.015.042.015.573q-.028 3.285 0 6.571c0 .535.37.741.833.469q2.819-1.63 5.615-3.3c.137-.087.219-.276.383-.472z\" fill=\"currentColor\"><\/path><\/svg><\/button>\n  <\/div><div class=\"hol-image-slider__wrapper\"><div class=\"wrapper\"><img loading=\"lazy\" decoding=\"async\" width=\"800\" height=\"450\" src=\"https:\/\/www.holenberg.com\/wp-content\/uploads\/2025\/01\/ak7i7112-1-800x450.jpg\" class=\"hol-image-slider__image\" alt=\"\" srcset=\"https:\/\/www.holenberg.com\/wp-content\/uploads\/2025\/01\/ak7i7112-1-800x450.jpg 800w, https:\/\/www.holenberg.com\/wp-content\/uploads\/2025\/01\/ak7i7112-1-300x169.jpg 300w, https:\/\/www.holenberg.com\/wp-content\/uploads\/2025\/01\/ak7i7112-1-1024x576.jpg 1024w, https:\/\/www.holenberg.com\/wp-content\/uploads\/2025\/01\/ak7i7112-1-768x432.jpg 768w, https:\/\/www.holenberg.com\/wp-content\/uploads\/2025\/01\/ak7i7112-1.jpg 1280w\" sizes=\"auto, (max-width: 800px) 100vw, 800px\" \/><img loading=\"lazy\" decoding=\"async\" width=\"800\" height=\"450\" src=\"https:\/\/www.holenberg.com\/wp-content\/uploads\/2025\/01\/dsf8920-800x450.jpg\" class=\"hol-image-slider__image\" alt=\"\" srcset=\"https:\/\/www.holenberg.com\/wp-content\/uploads\/2025\/01\/dsf8920-800x450.jpg 800w, https:\/\/www.holenberg.com\/wp-content\/uploads\/2025\/01\/dsf8920-300x169.jpg 300w, https:\/\/www.holenberg.com\/wp-content\/uploads\/2025\/01\/dsf8920-1024x576.jpg 1024w, https:\/\/www.holenberg.com\/wp-content\/uploads\/2025\/01\/dsf8920-768x432.jpg 768w, https:\/\/www.holenberg.com\/wp-content\/uploads\/2025\/01\/dsf8920.jpg 1280w\" sizes=\"auto, (max-width: 800px) 100vw, 800px\" \/><img loading=\"lazy\" decoding=\"async\" width=\"800\" height=\"450\" src=\"https:\/\/www.holenberg.com\/wp-content\/uploads\/2025\/01\/cf4a8300-1-800x450.jpg\" class=\"hol-image-slider__image\" alt=\"\" srcset=\"https:\/\/www.holenberg.com\/wp-content\/uploads\/2025\/01\/cf4a8300-1-800x450.jpg 800w, https:\/\/www.holenberg.com\/wp-content\/uploads\/2025\/01\/cf4a8300-1-300x169.jpg 300w, https:\/\/www.holenberg.com\/wp-content\/uploads\/2025\/01\/cf4a8300-1-1024x576.jpg 1024w, https:\/\/www.holenberg.com\/wp-content\/uploads\/2025\/01\/cf4a8300-1-768x432.jpg 768w, https:\/\/www.holenberg.com\/wp-content\/uploads\/2025\/01\/cf4a8300-1.jpg 1280w\" sizes=\"auto, (max-width: 800px) 100vw, 800px\" \/><img loading=\"lazy\" decoding=\"async\" width=\"800\" height=\"450\" src=\"https:\/\/www.holenberg.com\/wp-content\/uploads\/2025\/01\/cf4a1981-1-800x450.jpg\" class=\"hol-image-slider__image\" alt=\"\" srcset=\"https:\/\/www.holenberg.com\/wp-content\/uploads\/2025\/01\/cf4a1981-1-800x450.jpg 800w, https:\/\/www.holenberg.com\/wp-content\/uploads\/2025\/01\/cf4a1981-1-300x169.jpg 300w, https:\/\/www.holenberg.com\/wp-content\/uploads\/2025\/01\/cf4a1981-1-1024x576.jpg 1024w, https:\/\/www.holenberg.com\/wp-content\/uploads\/2025\/01\/cf4a1981-1-768x432.jpg 768w, https:\/\/www.holenberg.com\/wp-content\/uploads\/2025\/01\/cf4a1981-1.jpg 1280w\" sizes=\"auto, (max-width: 800px) 100vw, 800px\" \/><img loading=\"lazy\" decoding=\"async\" width=\"800\" height=\"450\" src=\"https:\/\/www.holenberg.com\/wp-content\/uploads\/2025\/01\/dji-0549-800x450.jpg\" class=\"hol-image-slider__image\" alt=\"\" srcset=\"https:\/\/www.holenberg.com\/wp-content\/uploads\/2025\/01\/dji-0549-800x450.jpg 800w, https:\/\/www.holenberg.com\/wp-content\/uploads\/2025\/01\/dji-0549-300x169.jpg 300w, https:\/\/www.holenberg.com\/wp-content\/uploads\/2025\/01\/dji-0549-1024x576.jpg 1024w, https:\/\/www.holenberg.com\/wp-content\/uploads\/2025\/01\/dji-0549-768x432.jpg 768w, https:\/\/www.holenberg.com\/wp-content\/uploads\/2025\/01\/dji-0549.jpg 1280w\" sizes=\"auto, (max-width: 800px) 100vw, 800px\" \/><img loading=\"lazy\" decoding=\"async\" width=\"800\" height=\"450\" src=\"https:\/\/www.holenberg.com\/wp-content\/uploads\/2025\/01\/cf4a4718-1-800x450.jpg\" class=\"hol-image-slider__image\" alt=\"\" srcset=\"https:\/\/www.holenberg.com\/wp-content\/uploads\/2025\/01\/cf4a4718-1-800x450.jpg 800w, https:\/\/www.holenberg.com\/wp-content\/uploads\/2025\/01\/cf4a4718-1-300x169.jpg 300w, https:\/\/www.holenberg.com\/wp-content\/uploads\/2025\/01\/cf4a4718-1-1024x576.jpg 1024w, https:\/\/www.holenberg.com\/wp-content\/uploads\/2025\/01\/cf4a4718-1-768x432.jpg 768w, https:\/\/www.holenberg.com\/wp-content\/uploads\/2025\/01\/cf4a4718-1.jpg 1280w\" sizes=\"auto, (max-width: 800px) 100vw, 800px\" \/><\/div><\/div><div class=\"progress-indicators\">\n      <div class=\"wrapper\">\n        <div class=\"progress-indicators__bar\"><\/div>\n        <div class=\"progress-indicators__count\">1\/6<\/div>\n      <\/div>\n    <\/div><\/div>","protected":false},"excerpt":{"rendered":"Tipps f\u00fcr deinen Aufenthalt im Sommer Der Sommer ist vielleicht die angenehmste Zeit des Jahres, um in der Natur zu leben. Schl\u00e4fst du unter dem Glasdach \u2013 oder unter freiem Himmel? Ziehst du dich zur\u00fcck oder \u00f6ffnest du dich ganz der Natur? Wir haben deinen Aufenthalt so vorbereitet, dass du die \u00dcbernachtung in der Natur [&hellip;]","protected":false},"author":1,"featured_media":0,"parent":1225,"menu_order":0,"comment_status":"closed","ping_status":"closed","template":"","meta":{"_acf_changed":false,"footnotes":""},"class_list":["post-1261","page","type-page","status-publish","hentry"],"acf":[],"yoast_head":"<!-- This site is optimized with the Yoast SEO plugin v27.3 - https:\/\/yoast.com\/product\/yoast-seo-wordpress\/ -->\n<title>Tipps f\u00fcr einen Aufenthalt im Sommer \u2013 Holenberg<\/title>\n<meta name=\"description\" content=\"Die richtige Vorbereitung f\u00fcr den Sommer\" \/>\n<meta name=\"robots\" content=\"index, follow, max-snippet:-1, max-image-preview:large, max-video-preview:-1\" \/>\n<link rel=\"canonical\" href=\"https:\/\/www.holenberg.com\/de\/mein-aufenthalt\/jahreszeit\/sommer\/\" \/>\n<meta property=\"og:locale\" content=\"de_DE\" \/>\n<meta property=\"og:type\" content=\"article\" \/>\n<meta property=\"og:title\" content=\"Tipps f\u00fcr einen Aufenthalt im Sommer \u2013 Holenberg\" \/>\n<meta property=\"og:description\" content=\"Die richtige Vorbereitung f\u00fcr den Sommer\" \/>\n<meta property=\"og:url\" content=\"https:\/\/www.holenberg.com\/de\/mein-aufenthalt\/jahreszeit\/sommer\/\" \/>\n<meta property=\"og:site_name\" content=\"Holenberg\" \/>\n<meta property=\"article:modified_time\" content=\"2025-06-02T13:01:07+00:00\" \/>\n<meta name=\"twitter:card\" content=\"summary_large_image\" \/>\n<meta name=\"twitter:label1\" content=\"Gesch\u00e4tzte Lesezeit\" \/>\n\t<meta name=\"twitter:data1\" content=\"2\u00a0Minuten\" \/>\n<script type=\"application\/ld+json\" class=\"yoast-schema-graph\">{\"@context\":\"https:\\\/\\\/schema.org\",\"@graph\":[{\"@type\":\"WebPage\",\"@id\":\"https:\\\/\\\/www.holenberg.com\\\/de\\\/mein-aufenthalt\\\/jahreszeit\\\/sommer\\\/\",\"url\":\"https:\\\/\\\/www.holenberg.com\\\/de\\\/mein-aufenthalt\\\/jahreszeit\\\/sommer\\\/\",\"name\":\"Tipps f\u00fcr einen Aufenthalt im Sommer \u2013 Holenberg\",\"isPartOf\":{\"@id\":\"https:\\\/\\\/www.holenberg.com\\\/de\\\/#website\"},\"datePublished\":\"2025-01-14T12:48:19+00:00\",\"dateModified\":\"2025-06-02T13:01:07+00:00\",\"description\":\"Die richtige Vorbereitung f\u00fcr den Sommer\",\"breadcrumb\":{\"@id\":\"https:\\\/\\\/www.holenberg.com\\\/de\\\/mein-aufenthalt\\\/jahreszeit\\\/sommer\\\/#breadcrumb\"},\"inLanguage\":\"de\",\"potentialAction\":[{\"@type\":\"ReadAction\",\"target\":[\"https:\\\/\\\/www.holenberg.com\\\/de\\\/mein-aufenthalt\\\/jahreszeit\\\/sommer\\\/\"]}]},{\"@type\":\"BreadcrumbList\",\"@id\":\"https:\\\/\\\/www.holenberg.com\\\/de\\\/mein-aufenthalt\\\/jahreszeit\\\/sommer\\\/#breadcrumb\",\"itemListElement\":[{\"@type\":\"ListItem\",\"position\":1,\"name\":\"Home\",\"item\":\"https:\\\/\\\/www.holenberg.com\\\/de\\\/\"},{\"@type\":\"ListItem\",\"position\":2,\"name\":\"Mein Aufenthalt auf Holenberg\",\"item\":\"https:\\\/\\\/www.holenberg.com\\\/de\\\/mein-aufenthalt\\\/\"},{\"@type\":\"ListItem\",\"position\":3,\"name\":\"Bereite dich auf die Jahreszeit vor\",\"item\":\"https:\\\/\\\/www.holenberg.com\\\/de\\\/mein-aufenthalt\\\/jahreszeit\\\/\"},{\"@type\":\"ListItem\",\"position\":4,\"name\":\"F\u00fcr den Sommer\"}]},{\"@type\":\"WebSite\",\"@id\":\"https:\\\/\\\/www.holenberg.com\\\/de\\\/#website\",\"url\":\"https:\\\/\\\/www.holenberg.com\\\/de\\\/\",\"name\":\"Holenberg\",\"description\":\"Home of ANNA\",\"potentialAction\":[{\"@type\":\"SearchAction\",\"target\":{\"@type\":\"EntryPoint\",\"urlTemplate\":\"https:\\\/\\\/www.holenberg.com\\\/de\\\/?s={search_term_string}\"},\"query-input\":{\"@type\":\"PropertyValueSpecification\",\"valueRequired\":true,\"valueName\":\"search_term_string\"}}],\"inLanguage\":\"de\"}]}<\/script>\n<!-- \/ Yoast SEO plugin. -->","yoast_head_json":{"title":"Tipps f\u00fcr einen Aufenthalt im Sommer \u2013 Holenberg","description":"Die richtige Vorbereitung f\u00fcr den Sommer","robots":{"index":"index","follow":"follow","max-snippet":"max-snippet:-1","max-image-preview":"max-image-preview:large","max-video-preview":"max-video-preview:-1"},"canonical":"https:\/\/www.holenberg.com\/de\/mein-aufenthalt\/jahreszeit\/sommer\/","og_locale":"de_DE","og_type":"article","og_title":"Tipps f\u00fcr einen Aufenthalt im Sommer \u2013 Holenberg","og_description":"Die richtige Vorbereitung f\u00fcr den Sommer","og_url":"https:\/\/www.holenberg.com\/de\/mein-aufenthalt\/jahreszeit\/sommer\/","og_site_name":"Holenberg","article_modified_time":"2025-06-02T13:01:07+00:00","twitter_card":"summary_large_image","twitter_misc":{"Gesch\u00e4tzte Lesezeit":"2\u00a0Minuten"},"schema":{"@context":"https:\/\/schema.org","@graph":[{"@type":"WebPage","@id":"https:\/\/www.holenberg.com\/de\/mein-aufenthalt\/jahreszeit\/sommer\/","url":"https:\/\/www.holenberg.com\/de\/mein-aufenthalt\/jahreszeit\/sommer\/","name":"Tipps f\u00fcr einen Aufenthalt im Sommer \u2013 Holenberg","isPartOf":{"@id":"https:\/\/www.holenberg.com\/de\/#website"},"datePublished":"2025-01-14T12:48:19+00:00","dateModified":"2025-06-02T13:01:07+00:00","description":"Die richtige Vorbereitung f\u00fcr den Sommer","breadcrumb":{"@id":"https:\/\/www.holenberg.com\/de\/mein-aufenthalt\/jahreszeit\/sommer\/#breadcrumb"},"inLanguage":"de","potentialAction":[{"@type":"ReadAction","target":["https:\/\/www.holenberg.com\/de\/mein-aufenthalt\/jahreszeit\/sommer\/"]}]},{"@type":"BreadcrumbList","@id":"https:\/\/www.holenberg.com\/de\/mein-aufenthalt\/jahreszeit\/sommer\/#breadcrumb","itemListElement":[{"@type":"ListItem","position":1,"name":"Home","item":"https:\/\/www.holenberg.com\/de\/"},{"@type":"ListItem","position":2,"name":"Mein Aufenthalt auf Holenberg","item":"https:\/\/www.holenberg.com\/de\/mein-aufenthalt\/"},{"@type":"ListItem","position":3,"name":"Bereite dich auf die Jahreszeit vor","item":"https:\/\/www.holenberg.com\/de\/mein-aufenthalt\/jahreszeit\/"},{"@type":"ListItem","position":4,"name":"F\u00fcr den Sommer"}]},{"@type":"WebSite","@id":"https:\/\/www.holenberg.com\/de\/#website","url":"https:\/\/www.holenberg.com\/de\/","name":"Holenberg","description":"Home of ANNA","potentialAction":[{"@type":"SearchAction","target":{"@type":"EntryPoint","urlTemplate":"https:\/\/www.holenberg.com\/de\/?s={search_term_string}"},"query-input":{"@type":"PropertyValueSpecification","valueRequired":true,"valueName":"search_term_string"}}],"inLanguage":"de"}]}},"_links":{"self":[{"href":"https:\/\/www.holenberg.com\/de\/wp-json\/wp\/v2\/pages\/1261","targetHints":{"allow":["GET"]}}],"collection":[{"href":"https:\/\/www.holenberg.com\/de\/wp-json\/wp\/v2\/pages"}],"about":[{"href":"https:\/\/www.holenberg.com\/de\/wp-json\/wp\/v2\/types\/page"}],"author":[{"embeddable":true,"href":"https:\/\/www.holenberg.com\/de\/wp-json\/wp\/v2\/users\/1"}],"replies":[{"embeddable":true,"href":"https:\/\/www.holenberg.com\/de\/wp-json\/wp\/v2\/comments?post=1261"}],"version-history":[{"count":2,"href":"https:\/\/www.holenberg.com\/de\/wp-json\/wp\/v2\/pages\/1261\/revisions"}],"predecessor-version":[{"id":1271,"href":"https:\/\/www.holenberg.com\/de\/wp-json\/wp\/v2\/pages\/1261\/revisions\/1271"}],"up":[{"embeddable":true,"href":"https:\/\/www.holenberg.com\/de\/wp-json\/wp\/v2\/pages\/1225"}],"wp:attachment":[{"href":"https:\/\/www.holenberg.com\/de\/wp-json\/wp\/v2\/media?parent=1261"}],"curies":[{"name":"wp","href":"https:\/\/api.w.org\/{rel}","templated":true}]}}