{"id":1251,"date":"2025-01-14T12:39:20","date_gmt":"2025-01-14T12:39:20","guid":{"rendered":"https:\/\/www.holenberg.com\/mein-aufenthalt\/jahreszeit\/winter-verblijf\/"},"modified":"2025-06-02T12:56:28","modified_gmt":"2025-06-02T12:56:28","slug":"winter-aufenthalt","status":"publish","type":"page","link":"https:\/\/www.holenberg.com\/de\/mein-aufenthalt\/jahreszeit\/winter-aufenthalt\/","title":{"rendered":"F\u00fcr den Winter"},"content":{"rendered":"\n<h2 class=\"wp-block-heading has-text-align-center\">Tipps f\u00fcr deinen Aufenthalt im Winter<\/h2>\n\n\n\n<div class=\"wp-block-columns is-layout-flex wp-block-columns-is-layout-flex\">\n<div class=\"wp-block-column is-layout-flow wp-block-column-is-layout-flow\">\n<p>Dein Aufenthalt f\u00e4llt in die kalte und dunkle Jahreszeit \u2013 eine Zeit, in der sich die Natur zur\u00fcckzieht und langsam in den Winterschlaf gleitet. Deine Cabin ANNA ist ausgestattet mit einem guten Holzofen, einer Winterdaunendecke, W\u00e4rmflaschen, Wolldecken und warmen Socken. Aber Achtung: Ein Aufenthalt im Winter ist ein wenig abenteuerlicher.<\/p>\n<\/div>\n\n\n\n<div class=\"wp-block-column is-layout-flow wp-block-column-is-layout-flow\">\n<p>Vielleicht musst du nachts den Ofen nachlegen oder die W\u00e4rmflaschen ins Bett holen. Wir empfehlen dir, Hausschuhe einzupacken und dich mit mehreren Lagen Innen- und Au\u00dfenkleidung zu kleiden \u2013 f\u00fcr maximalen Komfort. Auf dieser Seite findest du alle Tipps zur Vorbereitung, damit du deinen Winteraufenthalt in der Natur in vollen Z\u00fcgen genie\u00dfen kannst.<\/p>\n<\/div>\n<\/div>\n\n\n\n<div class=\"wp-block-group has-beige-light-background-color has-background is-layout-flow wp-block-group-is-layout-flow\" style=\"margin-top:0;margin-bottom:0\"><div class=\"hol-grid\" style=\"--col-count: 3;\">\n  \n<div class=\"hol-grid-item\">\n  \n\n<div style=\"height:2rem\" aria-hidden=\"true\" class=\"wp-block-spacer\"><\/div>\n\n\n\n<h3 class=\"wp-block-heading has-text-align-center\"><strong>WARM OBEN DRAUF<\/strong><\/h3>\n\n\n\n<p>Eine gute M\u00fctze ist essenziell \u2013 sie sollte nicht nur den Kopf, sondern auch Ohren und Nacken sch\u00fctzen. Wenn es sehr kalt wird, empfehlen wir au\u00dferdem ein gutes Paar Handschuhe.<\/p>\n\n\n<\/div>\n\n<div class=\"hol-grid-item\">\n  \n\n<div style=\"height:2rem\" aria-hidden=\"true\" class=\"wp-block-spacer\"><\/div>\n\n\n\n<h3 class=\"wp-block-heading has-text-align-center\"><strong>WARME SOCKEN AUS WOLLE<\/strong><\/h3>\n\n\n\n<p>Wolle ist das beste Material f\u00fcr warme Socken \u2013 sie h\u00e4lt deine F\u00fc\u00dfe auch dann warm, wenn sie feucht werden. Warme F\u00fc\u00dfe sind entscheidend f\u00fcr ein warmes K\u00f6rpergef\u00fchl.<\/p>\n\n\n<\/div>\n\n<div class=\"hol-grid-item\">\n  \n\n<div style=\"height:2rem\" aria-hidden=\"true\" class=\"wp-block-spacer\"><\/div>\n\n\n\n<h3 class=\"wp-block-heading has-text-align-center\"><strong>FEUCHTIGKEITSTRANSPORT<\/strong><\/h3>\n\n\n\n<p>Die unterste Kleidungsschicht sollte Feuchtigkeit zuverl\u00e4ssig abtransportieren. Wolle oder Wollmischungen sind ideal. Fleece, vorzugsweise winddicht, eignet sich hervorragend als mittlere Lage.<\/p>\n\n\n<\/div>\n\n<div class=\"hol-grid-item\">\n  \n\n<div style=\"height:2rem\" aria-hidden=\"true\" class=\"wp-block-spacer\"><\/div>\n\n\n\n<h3 class=\"wp-block-heading has-text-align-center\"><strong>SCHLAFEN<\/strong><\/h3>\n\n\n\n<p>F\u00fcr die Nacht in ANNA empfehlen wir Thermounterw\u00e4sche, warme Socken und eine M\u00fctze. Pack sicherheitshalber auch eine zus\u00e4tzliche Fleecejacke ein. Trage mehrere atmungsaktive Lagen, die gut w\u00e4rmen und Feuchtigkeit ableiten.<\/p>\n\n\n<\/div>\n\n<div class=\"hol-grid-item\">\n  \n\n<div style=\"height:31px\" aria-hidden=\"true\" class=\"wp-block-spacer\"><\/div>\n\n\n\n<h3 class=\"wp-block-heading has-text-align-center\"><strong>GR\u00d6SSERE SCHUHE<\/strong><\/h3>\n\n\n\n<p>W\u00e4hle Schuhe, die etwas gr\u00f6\u00dfer sind als normal \u2013 so kannst du mehrere Socken oder Einlegesohlen tragen. Warme F\u00fc\u00dfe halten den ganzen K\u00f6rper warm, da \u00fcber die F\u00fc\u00dfe viel K\u00f6rperw\u00e4rme verloren gehen kann.<\/p>\n\n\n<\/div>\n\n<div class=\"hol-grid-item\">\n  \n\n<div style=\"height:2rem\" aria-hidden=\"true\" class=\"wp-block-spacer\"><\/div>\n\n\n\n<h3 class=\"wp-block-heading has-text-align-center\"><strong>SCHUTZ GEGEN WIND<\/strong><\/h3>\n\n\n\n<p>Deine Jacke sollte gemeinsam mit den \u00e4u\u00dferen Kleidungsschichten Schutz vor Wind und Regen bieten. Das Material sollte atmungsaktiv sein und Bewegungsfreiheit erm\u00f6glichen \u2013 zum Beispiel Gore-Tex. Eine zus\u00e4tzliche Daunenjacke oder ein dicker Fleece- oder Wollpullover sorgt f\u00fcr zus\u00e4tzliche W\u00e4rme.<\/p>\n\n\n<\/div>\n\n<\/div><\/div>\n\n\n<div class=\"hol-image-slider is-section-display \"><div class=\"hol-image-slider__controls\">\n    <button class=\"hol-image-slider__control\"><svg width=\"6.846\" height=\"7.732\" viewBox=\"0 0 6.846 7.732\"><path d=\"M6.844 3.844a2.433 2.433 0 00-.42-.45Q3.646 1.746.85.123C.385-.149.015.042.015.573q-.028 3.285 0 6.571c0 .535.37.741.833.469q2.819-1.63 5.615-3.3c.137-.087.219-.276.383-.472z\" fill=\"currentColor\"><\/path><\/svg><\/button>\n    <button class=\"hol-image-slider__control\"><svg width=\"6.846\" height=\"7.732\" viewBox=\"0 0 6.846 7.732\"><path d=\"M6.844 3.844a2.433 2.433 0 00-.42-.45Q3.646 1.746.85.123C.385-.149.015.042.015.573q-.028 3.285 0 6.571c0 .535.37.741.833.469q2.819-1.63 5.615-3.3c.137-.087.219-.276.383-.472z\" fill=\"currentColor\"><\/path><\/svg><\/button>\n  <\/div><div class=\"hol-image-slider__wrapper\"><div class=\"wrapper\"><img loading=\"lazy\" decoding=\"async\" width=\"800\" height=\"450\" src=\"https:\/\/www.holenberg.com\/wp-content\/uploads\/2025\/01\/dsf9633donkerder1-1-800x450.jpg\" class=\"hol-image-slider__image\" alt=\"\" srcset=\"https:\/\/www.holenberg.com\/wp-content\/uploads\/2025\/01\/dsf9633donkerder1-1-800x450.jpg 800w, https:\/\/www.holenberg.com\/wp-content\/uploads\/2025\/01\/dsf9633donkerder1-1-300x169.jpg 300w, https:\/\/www.holenberg.com\/wp-content\/uploads\/2025\/01\/dsf9633donkerder1-1-1024x576.jpg 1024w, https:\/\/www.holenberg.com\/wp-content\/uploads\/2025\/01\/dsf9633donkerder1-1-768x432.jpg 768w, https:\/\/www.holenberg.com\/wp-content\/uploads\/2025\/01\/dsf9633donkerder1-1.jpg 1280w\" sizes=\"auto, (max-width: 800px) 100vw, 800px\" \/><img loading=\"lazy\" decoding=\"async\" width=\"800\" height=\"450\" src=\"https:\/\/www.holenberg.com\/wp-content\/uploads\/2025\/01\/dsf9774-1-800x450.jpg\" class=\"hol-image-slider__image\" alt=\"\" srcset=\"https:\/\/www.holenberg.com\/wp-content\/uploads\/2025\/01\/dsf9774-1-800x450.jpg 800w, https:\/\/www.holenberg.com\/wp-content\/uploads\/2025\/01\/dsf9774-1-300x169.jpg 300w, https:\/\/www.holenberg.com\/wp-content\/uploads\/2025\/01\/dsf9774-1-1024x576.jpg 1024w, https:\/\/www.holenberg.com\/wp-content\/uploads\/2025\/01\/dsf9774-1-768x432.jpg 768w, https:\/\/www.holenberg.com\/wp-content\/uploads\/2025\/01\/dsf9774-1.jpg 1280w\" sizes=\"auto, (max-width: 800px) 100vw, 800px\" \/><img loading=\"lazy\" decoding=\"async\" width=\"800\" height=\"450\" src=\"https:\/\/www.holenberg.com\/wp-content\/uploads\/2025\/01\/dsf1523-800x450.jpg\" class=\"hol-image-slider__image\" alt=\"\" srcset=\"https:\/\/www.holenberg.com\/wp-content\/uploads\/2025\/01\/dsf1523-800x450.jpg 800w, https:\/\/www.holenberg.com\/wp-content\/uploads\/2025\/01\/dsf1523-300x169.jpg 300w, https:\/\/www.holenberg.com\/wp-content\/uploads\/2025\/01\/dsf1523-1024x576.jpg 1024w, https:\/\/www.holenberg.com\/wp-content\/uploads\/2025\/01\/dsf1523-768x432.jpg 768w, https:\/\/www.holenberg.com\/wp-content\/uploads\/2025\/01\/dsf1523.jpg 1280w\" sizes=\"auto, (max-width: 800px) 100vw, 800px\" \/><img loading=\"lazy\" decoding=\"async\" width=\"800\" height=\"450\" src=\"https:\/\/www.holenberg.com\/wp-content\/uploads\/2025\/01\/dsf1361-800x450.jpg\" class=\"hol-image-slider__image\" alt=\"\" srcset=\"https:\/\/www.holenberg.com\/wp-content\/uploads\/2025\/01\/dsf1361-800x450.jpg 800w, https:\/\/www.holenberg.com\/wp-content\/uploads\/2025\/01\/dsf1361-300x169.jpg 300w, https:\/\/www.holenberg.com\/wp-content\/uploads\/2025\/01\/dsf1361-1024x576.jpg 1024w, https:\/\/www.holenberg.com\/wp-content\/uploads\/2025\/01\/dsf1361-768x432.jpg 768w, https:\/\/www.holenberg.com\/wp-content\/uploads\/2025\/01\/dsf1361.jpg 1280w\" sizes=\"auto, (max-width: 800px) 100vw, 800px\" \/><img loading=\"lazy\" decoding=\"async\" width=\"800\" height=\"450\" src=\"https:\/\/www.holenberg.com\/wp-content\/uploads\/2025\/01\/dsf1036-800x450.jpg\" class=\"hol-image-slider__image\" alt=\"\" srcset=\"https:\/\/www.holenberg.com\/wp-content\/uploads\/2025\/01\/dsf1036-800x450.jpg 800w, https:\/\/www.holenberg.com\/wp-content\/uploads\/2025\/01\/dsf1036-300x169.jpg 300w, https:\/\/www.holenberg.com\/wp-content\/uploads\/2025\/01\/dsf1036-1024x576.jpg 1024w, https:\/\/www.holenberg.com\/wp-content\/uploads\/2025\/01\/dsf1036-768x432.jpg 768w, https:\/\/www.holenberg.com\/wp-content\/uploads\/2025\/01\/dsf1036.jpg 1280w\" sizes=\"auto, (max-width: 800px) 100vw, 800px\" \/><img loading=\"lazy\" decoding=\"async\" width=\"800\" height=\"450\" src=\"https:\/\/www.holenberg.com\/wp-content\/uploads\/2025\/01\/cdb-r6cb8578-800x450.jpg\" class=\"hol-image-slider__image\" alt=\"\" srcset=\"https:\/\/www.holenberg.com\/wp-content\/uploads\/2025\/01\/cdb-r6cb8578-800x450.jpg 800w, https:\/\/www.holenberg.com\/wp-content\/uploads\/2025\/01\/cdb-r6cb8578-300x169.jpg 300w, https:\/\/www.holenberg.com\/wp-content\/uploads\/2025\/01\/cdb-r6cb8578-1024x576.jpg 1024w, https:\/\/www.holenberg.com\/wp-content\/uploads\/2025\/01\/cdb-r6cb8578-768x432.jpg 768w, https:\/\/www.holenberg.com\/wp-content\/uploads\/2025\/01\/cdb-r6cb8578.jpg 1280w\" sizes=\"auto, (max-width: 800px) 100vw, 800px\" \/><\/div><\/div><div class=\"progress-indicators\">\n      <div class=\"wrapper\">\n        <div class=\"progress-indicators__bar\"><\/div>\n        <div class=\"progress-indicators__count\">1\/6<\/div>\n      <\/div>\n    <\/div><\/div>\n\n\n<p><\/p>\n","protected":false},"excerpt":{"rendered":"Tipps f\u00fcr deinen Aufenthalt im Winter Dein Aufenthalt f\u00e4llt in die kalte und dunkle Jahreszeit \u2013 eine Zeit, in der sich die Natur zur\u00fcckzieht und langsam in den Winterschlaf gleitet. Deine Cabin ANNA ist ausgestattet mit einem guten Holzofen, einer Winterdaunendecke, W\u00e4rmflaschen, Wolldecken und warmen Socken. Aber Achtung: Ein Aufenthalt im Winter ist ein wenig [&hellip;]","protected":false},"author":1,"featured_media":0,"parent":1225,"menu_order":0,"comment_status":"closed","ping_status":"closed","template":"","meta":{"_acf_changed":false,"footnotes":""},"class_list":["post-1251","page","type-page","status-publish","hentry"],"acf":[],"yoast_head":"<!-- This site is optimized with the Yoast SEO plugin v27.3 - https:\/\/yoast.com\/product\/yoast-seo-wordpress\/ -->\n<title>Tipps f\u00fcr einen Aufenthalt im Winter \u2013 Holenberg<\/title>\n<meta name=\"description\" content=\"Die richtige Vorbereitung f\u00fcr den Winter\" \/>\n<meta name=\"robots\" content=\"index, follow, max-snippet:-1, max-image-preview:large, max-video-preview:-1\" \/>\n<link rel=\"canonical\" href=\"https:\/\/www.holenberg.com\/de\/mein-aufenthalt\/jahreszeit\/winter-aufenthalt\/\" \/>\n<meta property=\"og:locale\" content=\"de_DE\" \/>\n<meta property=\"og:type\" content=\"article\" \/>\n<meta property=\"og:title\" content=\"Tipps f\u00fcr einen Aufenthalt im Winter \u2013 Holenberg\" \/>\n<meta property=\"og:description\" content=\"Die richtige Vorbereitung f\u00fcr den Winter\" \/>\n<meta property=\"og:url\" content=\"https:\/\/www.holenberg.com\/de\/mein-aufenthalt\/jahreszeit\/winter-aufenthalt\/\" \/>\n<meta property=\"og:site_name\" content=\"Holenberg\" \/>\n<meta property=\"article:modified_time\" content=\"2025-06-02T12:56:28+00:00\" \/>\n<meta name=\"twitter:card\" content=\"summary_large_image\" \/>\n<meta name=\"twitter:label1\" content=\"Gesch\u00e4tzte Lesezeit\" \/>\n\t<meta name=\"twitter:data1\" content=\"2\u00a0Minuten\" \/>\n<script type=\"application\/ld+json\" class=\"yoast-schema-graph\">{\"@context\":\"https:\\\/\\\/schema.org\",\"@graph\":[{\"@type\":\"WebPage\",\"@id\":\"https:\\\/\\\/www.holenberg.com\\\/de\\\/mein-aufenthalt\\\/jahreszeit\\\/winter-aufenthalt\\\/\",\"url\":\"https:\\\/\\\/www.holenberg.com\\\/de\\\/mein-aufenthalt\\\/jahreszeit\\\/winter-aufenthalt\\\/\",\"name\":\"Tipps f\u00fcr einen Aufenthalt im Winter \u2013 Holenberg\",\"isPartOf\":{\"@id\":\"https:\\\/\\\/www.holenberg.com\\\/de\\\/#website\"},\"datePublished\":\"2025-01-14T12:39:20+00:00\",\"dateModified\":\"2025-06-02T12:56:28+00:00\",\"description\":\"Die richtige Vorbereitung f\u00fcr den Winter\",\"breadcrumb\":{\"@id\":\"https:\\\/\\\/www.holenberg.com\\\/de\\\/mein-aufenthalt\\\/jahreszeit\\\/winter-aufenthalt\\\/#breadcrumb\"},\"inLanguage\":\"de\",\"potentialAction\":[{\"@type\":\"ReadAction\",\"target\":[\"https:\\\/\\\/www.holenberg.com\\\/de\\\/mein-aufenthalt\\\/jahreszeit\\\/winter-aufenthalt\\\/\"]}]},{\"@type\":\"BreadcrumbList\",\"@id\":\"https:\\\/\\\/www.holenberg.com\\\/de\\\/mein-aufenthalt\\\/jahreszeit\\\/winter-aufenthalt\\\/#breadcrumb\",\"itemListElement\":[{\"@type\":\"ListItem\",\"position\":1,\"name\":\"Home\",\"item\":\"https:\\\/\\\/www.holenberg.com\\\/de\\\/\"},{\"@type\":\"ListItem\",\"position\":2,\"name\":\"Mein Aufenthalt auf Holenberg\",\"item\":\"https:\\\/\\\/www.holenberg.com\\\/de\\\/mein-aufenthalt\\\/\"},{\"@type\":\"ListItem\",\"position\":3,\"name\":\"Bereite dich auf die Jahreszeit vor\",\"item\":\"https:\\\/\\\/www.holenberg.com\\\/de\\\/mein-aufenthalt\\\/jahreszeit\\\/\"},{\"@type\":\"ListItem\",\"position\":4,\"name\":\"F\u00fcr den Winter\"}]},{\"@type\":\"WebSite\",\"@id\":\"https:\\\/\\\/www.holenberg.com\\\/de\\\/#website\",\"url\":\"https:\\\/\\\/www.holenberg.com\\\/de\\\/\",\"name\":\"Holenberg\",\"description\":\"Home of ANNA\",\"potentialAction\":[{\"@type\":\"SearchAction\",\"target\":{\"@type\":\"EntryPoint\",\"urlTemplate\":\"https:\\\/\\\/www.holenberg.com\\\/de\\\/?s={search_term_string}\"},\"query-input\":{\"@type\":\"PropertyValueSpecification\",\"valueRequired\":true,\"valueName\":\"search_term_string\"}}],\"inLanguage\":\"de\"}]}<\/script>\n<!-- \/ Yoast SEO plugin. -->","yoast_head_json":{"title":"Tipps f\u00fcr einen Aufenthalt im Winter \u2013 Holenberg","description":"Die richtige Vorbereitung f\u00fcr den Winter","robots":{"index":"index","follow":"follow","max-snippet":"max-snippet:-1","max-image-preview":"max-image-preview:large","max-video-preview":"max-video-preview:-1"},"canonical":"https:\/\/www.holenberg.com\/de\/mein-aufenthalt\/jahreszeit\/winter-aufenthalt\/","og_locale":"de_DE","og_type":"article","og_title":"Tipps f\u00fcr einen Aufenthalt im Winter \u2013 Holenberg","og_description":"Die richtige Vorbereitung f\u00fcr den Winter","og_url":"https:\/\/www.holenberg.com\/de\/mein-aufenthalt\/jahreszeit\/winter-aufenthalt\/","og_site_name":"Holenberg","article_modified_time":"2025-06-02T12:56:28+00:00","twitter_card":"summary_large_image","twitter_misc":{"Gesch\u00e4tzte Lesezeit":"2\u00a0Minuten"},"schema":{"@context":"https:\/\/schema.org","@graph":[{"@type":"WebPage","@id":"https:\/\/www.holenberg.com\/de\/mein-aufenthalt\/jahreszeit\/winter-aufenthalt\/","url":"https:\/\/www.holenberg.com\/de\/mein-aufenthalt\/jahreszeit\/winter-aufenthalt\/","name":"Tipps f\u00fcr einen Aufenthalt im Winter \u2013 Holenberg","isPartOf":{"@id":"https:\/\/www.holenberg.com\/de\/#website"},"datePublished":"2025-01-14T12:39:20+00:00","dateModified":"2025-06-02T12:56:28+00:00","description":"Die richtige Vorbereitung f\u00fcr den Winter","breadcrumb":{"@id":"https:\/\/www.holenberg.com\/de\/mein-aufenthalt\/jahreszeit\/winter-aufenthalt\/#breadcrumb"},"inLanguage":"de","potentialAction":[{"@type":"ReadAction","target":["https:\/\/www.holenberg.com\/de\/mein-aufenthalt\/jahreszeit\/winter-aufenthalt\/"]}]},{"@type":"BreadcrumbList","@id":"https:\/\/www.holenberg.com\/de\/mein-aufenthalt\/jahreszeit\/winter-aufenthalt\/#breadcrumb","itemListElement":[{"@type":"ListItem","position":1,"name":"Home","item":"https:\/\/www.holenberg.com\/de\/"},{"@type":"ListItem","position":2,"name":"Mein Aufenthalt auf Holenberg","item":"https:\/\/www.holenberg.com\/de\/mein-aufenthalt\/"},{"@type":"ListItem","position":3,"name":"Bereite dich auf die Jahreszeit vor","item":"https:\/\/www.holenberg.com\/de\/mein-aufenthalt\/jahreszeit\/"},{"@type":"ListItem","position":4,"name":"F\u00fcr den Winter"}]},{"@type":"WebSite","@id":"https:\/\/www.holenberg.com\/de\/#website","url":"https:\/\/www.holenberg.com\/de\/","name":"Holenberg","description":"Home of ANNA","potentialAction":[{"@type":"SearchAction","target":{"@type":"EntryPoint","urlTemplate":"https:\/\/www.holenberg.com\/de\/?s={search_term_string}"},"query-input":{"@type":"PropertyValueSpecification","valueRequired":true,"valueName":"search_term_string"}}],"inLanguage":"de"}]}},"_links":{"self":[{"href":"https:\/\/www.holenberg.com\/de\/wp-json\/wp\/v2\/pages\/1251","targetHints":{"allow":["GET"]}}],"collection":[{"href":"https:\/\/www.holenberg.com\/de\/wp-json\/wp\/v2\/pages"}],"about":[{"href":"https:\/\/www.holenberg.com\/de\/wp-json\/wp\/v2\/types\/page"}],"author":[{"embeddable":true,"href":"https:\/\/www.holenberg.com\/de\/wp-json\/wp\/v2\/users\/1"}],"replies":[{"embeddable":true,"href":"https:\/\/www.holenberg.com\/de\/wp-json\/wp\/v2\/comments?post=1251"}],"version-history":[{"count":1,"href":"https:\/\/www.holenberg.com\/de\/wp-json\/wp\/v2\/pages\/1251\/revisions"}],"predecessor-version":[{"id":1260,"href":"https:\/\/www.holenberg.com\/de\/wp-json\/wp\/v2\/pages\/1251\/revisions\/1260"}],"up":[{"embeddable":true,"href":"https:\/\/www.holenberg.com\/de\/wp-json\/wp\/v2\/pages\/1225"}],"wp:attachment":[{"href":"https:\/\/www.holenberg.com\/de\/wp-json\/wp\/v2\/media?parent=1251"}],"curies":[{"name":"wp","href":"https:\/\/api.w.org\/{rel}","templated":true}]}}