{"id":1241,"date":"2025-01-14T12:44:22","date_gmt":"2025-01-14T12:44:22","guid":{"rendered":"https:\/\/www.holenberg.com\/mein-aufenthalt\/jahreszeit\/lente\/"},"modified":"2025-06-02T12:52:59","modified_gmt":"2025-06-02T12:52:59","slug":"fruhling","status":"publish","type":"page","link":"https:\/\/www.holenberg.com\/de\/mein-aufenthalt\/jahreszeit\/fruhling\/","title":{"rendered":"F\u00fcr den Fr\u00fchling"},"content":{"rendered":"\n<h2 class=\"wp-block-heading has-text-align-center\">Tipps f\u00fcr deinen Aufenthalt im Fr\u00fchling<\/h2>\n\n\n\n<div class=\"wp-block-columns is-layout-flex wp-block-columns-is-layout-flex\">\n<div class=\"wp-block-column is-layout-flow wp-block-column-is-layout-flow\">\n<p>Der Fr\u00fchling bringt neues Leben! Nach dem langen Winterschlaf erwacht De Maashorst in voller Pracht. \u00dcberall bl\u00fchen die ersten Blumen, die V\u00f6gel singen lauter denn je, und die Tage werden sp\u00fcrbar l\u00e4nger. Auch wir sp\u00fcren das Kribbeln des Fr\u00fchlings \u2013 sobald sich die Sonne zeigt, zieht es uns nach drau\u00dfen.<\/p>\n<\/div>\n\n\n\n<div class=\"wp-block-column is-layout-flow wp-block-column-is-layout-flow\">\n<p>Der Fr\u00fchling ist eine wunderbare Zeit, um Holenberg zu besuchen. Beachte jedoch, dass die N\u00e4chte noch k\u00fchl sein k\u00f6nnen und es in den Ferienzeiten etwas voller wird. Hier findest du alle wichtigen Hinweise f\u00fcr deinen Fr\u00fchlingsaufenthalt, damit du die Natur in vollen Z\u00fcgen genie\u00dfen kannst.<\/p>\n<\/div>\n<\/div>\n\n\n\n<div class=\"wp-block-group has-beige-light-background-color has-background is-layout-flow wp-block-group-is-layout-flow\" style=\"margin-top:0;margin-bottom:0\"><div class=\"hol-grid\" style=\"--col-count: 3;\">\n  \n<div class=\"hol-grid-item\">\n  \n\n<div style=\"height:2rem\" aria-hidden=\"true\" class=\"wp-block-spacer\"><\/div>\n\n\n\n<h3 class=\"wp-block-heading has-text-align-center\"><strong>BARFUSS UNTERWEGS<\/strong><\/h3>\n\n\n\n<p>Lauf w\u00e4hrend deines Aufenthalts so oft wie m\u00f6glich barfu\u00df \u2013 das bringt dich n\u00e4her an die Natur, du sp\u00fcrst den direkten Kontakt. Wenn du lieber nicht drau\u00dfen barfu\u00df l\u00e4ufst, nimm am besten ein Paar Hausschuhe oder Sandalen mit, um leicht zwischen drinnen und drau\u00dfen zu wechseln.<\/p>\n\n\n<\/div>\n\n<div class=\"hol-grid-item\">\n  \n\n<div style=\"height:2rem\" aria-hidden=\"true\" class=\"wp-block-spacer\"><\/div>\n\n\n\n<h3 class=\"wp-block-heading has-text-align-center\"><strong>SONNENSCHUTZ<\/strong><\/h3>\n\n\n\n<p>In jeder Jahreszeit solltest du dich vor UV-Strahlung sch\u00fctzen \u2013 besonders nach dem Winter, wenn die Haut empfindlicher ist. Verwende eine Sonnencreme mit Lichtschutzfaktor, trink ausreichend Wasser und trage bei Bedarf sch\u00fctzende Kleidung.<\/p>\n\n\n<\/div>\n\n<div class=\"hol-grid-item\">\n  \n\n<div style=\"height:2rem\" aria-hidden=\"true\" class=\"wp-block-spacer\"><\/div>\n\n\n\n<h3 class=\"wp-block-heading has-text-align-center\"><strong><strong>ZECKEN<\/strong><\/strong><\/h3>\n\n\n\n<p>Nach einem Aufenthalt in der Natur solltest du dich immer auf Zecken kontrollieren \u2013 auch in der Kleidung. Pack am besten eine Zeckenzange ein. Vergiss bei der Kontrolle nicht die Haargrenze, Ohren und den Nacken. Wenn es ein starkes Zeckenjahr ist, bleib m\u00f6glichst auf den Wegen, trag geschlossene Schuhe und Kleidung, die Arme und Beine bedeckt. Bei Bedarf kannst du DEET auf unbedeckte Hautstellen auftragen.<\/p>\n\n\n<\/div>\n\n<div class=\"hol-grid-item\">\n  \n\n<div style=\"height:2rem\" aria-hidden=\"true\" class=\"wp-block-spacer\"><\/div>\n\n\n\n<h3 class=\"wp-block-heading has-text-align-center\"><strong><strong>M\u00dcCKEN<\/strong><\/strong><\/h3>\n\n\n\n<p>Auch wenn M\u00fccken meist im Sommer aktiv sind, k\u00f6nnen sie im Fr\u00fchling bereits auftreten.<\/p>\n\n\n\n<p>Sollten M\u00fccken unterwegs sein, findest du in deiner Cabin ein Moskitonetz, das du komplett ums Bett schlie\u00dfen kannst. Nutze ein gutes Insektenschutzmittel wie z.B. DEET \u2013 vor allem bei Sonnenaufgang und Sonnenuntergang.<\/p>\n\n\n<\/div>\n\n<div class=\"hol-grid-item\">\n  \n\n<div style=\"height:31px\" aria-hidden=\"true\" class=\"wp-block-spacer\"><\/div>\n\n\n\n<h3 class=\"wp-block-heading has-text-align-center\"><strong>K\u00c4LTE<\/strong><\/h3>\n\n\n\n<p>Im Fr\u00fchling kann es abends und nachts rasch k\u00fchl werden. Packe eine zus\u00e4tzliche warme Jacke oder einen Pullover ein, damit dir nicht kalt wird. Wenn du drau\u00dfen unter dem Sternenhimmel schlafen m\u00f6chtest, zieh mehrere w\u00e4rmende Kleidungsschichten an.<\/p>\n\n\n<\/div>\n\n<div class=\"hol-grid-item\">\n  \n\n<div style=\"height:2rem\" aria-hidden=\"true\" class=\"wp-block-spacer\"><\/div>\n\n\n\n<h3 class=\"wp-block-heading has-text-align-center\"><strong>PLANUNG DEINER AKTIVIT\u00c4TEN<\/strong><\/h3>\n\n\n\n<p>M\u00f6chtest du w\u00e4hrend deines Aufenthalts an einer gef\u00fchrten Aktivit\u00e4t teilnehmen? Dann buche fr\u00fchzeitig \u2013 besonders an Feiertagen wie Ostern, in den Fr\u00fchjahrsferien oder an Wochenenden ist die Nachfrage hoch. Hier findest du eine \u00dcbersicht \u00fcber das Aktivit\u00e4tenangebot.<\/p>\n\n\n<\/div>\n\n<\/div><\/div>\n\n\n<div class=\"hol-image-slider is-section-display \"><div class=\"hol-image-slider__controls\">\n    <button class=\"hol-image-slider__control\"><svg width=\"6.846\" height=\"7.732\" viewBox=\"0 0 6.846 7.732\"><path d=\"M6.844 3.844a2.433 2.433 0 00-.42-.45Q3.646 1.746.85.123C.385-.149.015.042.015.573q-.028 3.285 0 6.571c0 .535.37.741.833.469q2.819-1.63 5.615-3.3c.137-.087.219-.276.383-.472z\" fill=\"currentColor\"><\/path><\/svg><\/button>\n    <button class=\"hol-image-slider__control\"><svg width=\"6.846\" height=\"7.732\" viewBox=\"0 0 6.846 7.732\"><path d=\"M6.844 3.844a2.433 2.433 0 00-.42-.45Q3.646 1.746.85.123C.385-.149.015.042.015.573q-.028 3.285 0 6.571c0 .535.37.741.833.469q2.819-1.63 5.615-3.3c.137-.087.219-.276.383-.472z\" fill=\"currentColor\"><\/path><\/svg><\/button>\n  <\/div><div class=\"hol-image-slider__wrapper\"><div class=\"wrapper\"><img loading=\"lazy\" decoding=\"async\" width=\"800\" height=\"450\" src=\"https:\/\/www.holenberg.com\/wp-content\/uploads\/2025\/01\/cf4a3923-1-800x450.jpg\" class=\"hol-image-slider__image\" alt=\"\" srcset=\"https:\/\/www.holenberg.com\/wp-content\/uploads\/2025\/01\/cf4a3923-1-800x450.jpg 800w, https:\/\/www.holenberg.com\/wp-content\/uploads\/2025\/01\/cf4a3923-1-300x169.jpg 300w, https:\/\/www.holenberg.com\/wp-content\/uploads\/2025\/01\/cf4a3923-1-1024x576.jpg 1024w, https:\/\/www.holenberg.com\/wp-content\/uploads\/2025\/01\/cf4a3923-1-768x432.jpg 768w, https:\/\/www.holenberg.com\/wp-content\/uploads\/2025\/01\/cf4a3923-1.jpg 1280w\" sizes=\"auto, (max-width: 800px) 100vw, 800px\" \/><img loading=\"lazy\" decoding=\"async\" width=\"800\" height=\"450\" src=\"https:\/\/www.holenberg.com\/wp-content\/uploads\/2025\/01\/dji-0485-800x450.jpg\" class=\"hol-image-slider__image\" alt=\"\" srcset=\"https:\/\/www.holenberg.com\/wp-content\/uploads\/2025\/01\/dji-0485-800x450.jpg 800w, https:\/\/www.holenberg.com\/wp-content\/uploads\/2025\/01\/dji-0485-300x169.jpg 300w, https:\/\/www.holenberg.com\/wp-content\/uploads\/2025\/01\/dji-0485-1024x576.jpg 1024w, https:\/\/www.holenberg.com\/wp-content\/uploads\/2025\/01\/dji-0485-768x432.jpg 768w, https:\/\/www.holenberg.com\/wp-content\/uploads\/2025\/01\/dji-0485.jpg 1280w\" sizes=\"auto, (max-width: 800px) 100vw, 800px\" \/><img loading=\"lazy\" decoding=\"async\" width=\"800\" height=\"450\" src=\"https:\/\/www.holenberg.com\/wp-content\/uploads\/2025\/01\/dsf9355-800x450.jpg\" class=\"hol-image-slider__image\" alt=\"\" srcset=\"https:\/\/www.holenberg.com\/wp-content\/uploads\/2025\/01\/dsf9355-800x450.jpg 800w, https:\/\/www.holenberg.com\/wp-content\/uploads\/2025\/01\/dsf9355-300x169.jpg 300w, https:\/\/www.holenberg.com\/wp-content\/uploads\/2025\/01\/dsf9355-1024x576.jpg 1024w, https:\/\/www.holenberg.com\/wp-content\/uploads\/2025\/01\/dsf9355-768x432.jpg 768w, https:\/\/www.holenberg.com\/wp-content\/uploads\/2025\/01\/dsf9355.jpg 1280w\" sizes=\"auto, (max-width: 800px) 100vw, 800px\" \/><img loading=\"lazy\" decoding=\"async\" width=\"800\" height=\"450\" src=\"https:\/\/www.holenberg.com\/wp-content\/uploads\/2025\/01\/cf4a1829-1-800x450.jpg\" class=\"hol-image-slider__image\" alt=\"\" srcset=\"https:\/\/www.holenberg.com\/wp-content\/uploads\/2025\/01\/cf4a1829-1-800x450.jpg 800w, https:\/\/www.holenberg.com\/wp-content\/uploads\/2025\/01\/cf4a1829-1-300x169.jpg 300w, https:\/\/www.holenberg.com\/wp-content\/uploads\/2025\/01\/cf4a1829-1-1024x576.jpg 1024w, https:\/\/www.holenberg.com\/wp-content\/uploads\/2025\/01\/cf4a1829-1-768x432.jpg 768w, https:\/\/www.holenberg.com\/wp-content\/uploads\/2025\/01\/cf4a1829-1.jpg 1280w\" sizes=\"auto, (max-width: 800px) 100vw, 800px\" \/><img loading=\"lazy\" decoding=\"async\" width=\"800\" height=\"450\" src=\"https:\/\/www.holenberg.com\/wp-content\/uploads\/2025\/01\/dsf9177-800x450.jpg\" class=\"hol-image-slider__image\" alt=\"\" srcset=\"https:\/\/www.holenberg.com\/wp-content\/uploads\/2025\/01\/dsf9177-800x450.jpg 800w, https:\/\/www.holenberg.com\/wp-content\/uploads\/2025\/01\/dsf9177-300x169.jpg 300w, https:\/\/www.holenberg.com\/wp-content\/uploads\/2025\/01\/dsf9177-1024x576.jpg 1024w, https:\/\/www.holenberg.com\/wp-content\/uploads\/2025\/01\/dsf9177-768x432.jpg 768w, https:\/\/www.holenberg.com\/wp-content\/uploads\/2025\/01\/dsf9177.jpg 1280w\" sizes=\"auto, (max-width: 800px) 100vw, 800px\" \/><img loading=\"lazy\" decoding=\"async\" width=\"800\" height=\"450\" src=\"https:\/\/www.holenberg.com\/wp-content\/uploads\/2025\/01\/dsf0017-800x450.jpg\" class=\"hol-image-slider__image\" alt=\"\" srcset=\"https:\/\/www.holenberg.com\/wp-content\/uploads\/2025\/01\/dsf0017-800x450.jpg 800w, https:\/\/www.holenberg.com\/wp-content\/uploads\/2025\/01\/dsf0017-300x169.jpg 300w, https:\/\/www.holenberg.com\/wp-content\/uploads\/2025\/01\/dsf0017-1024x576.jpg 1024w, https:\/\/www.holenberg.com\/wp-content\/uploads\/2025\/01\/dsf0017-768x432.jpg 768w, https:\/\/www.holenberg.com\/wp-content\/uploads\/2025\/01\/dsf0017.jpg 1280w\" sizes=\"auto, (max-width: 800px) 100vw, 800px\" \/><\/div><\/div><div class=\"progress-indicators\">\n      <div class=\"wrapper\">\n        <div class=\"progress-indicators__bar\"><\/div>\n        <div class=\"progress-indicators__count\">1\/6<\/div>\n      <\/div>\n    <\/div><\/div>","protected":false},"excerpt":{"rendered":"Tipps f\u00fcr deinen Aufenthalt im Fr\u00fchling Der Fr\u00fchling bringt neues Leben! Nach dem langen Winterschlaf erwacht De Maashorst in voller Pracht. \u00dcberall bl\u00fchen die ersten Blumen, die V\u00f6gel singen lauter denn je, und die Tage werden sp\u00fcrbar l\u00e4nger. Auch wir sp\u00fcren das Kribbeln des Fr\u00fchlings \u2013 sobald sich die Sonne zeigt, zieht es uns nach [&hellip;]","protected":false},"author":1,"featured_media":0,"parent":1225,"menu_order":0,"comment_status":"closed","ping_status":"closed","template":"","meta":{"_acf_changed":false,"footnotes":""},"class_list":["post-1241","page","type-page","status-publish","hentry"],"acf":[],"yoast_head":"<!-- This site is optimized with the Yoast SEO plugin v27.3 - https:\/\/yoast.com\/product\/yoast-seo-wordpress\/ -->\n<title>Tips voor een verblijf in de lente - Holenberg<\/title>\n<meta name=\"description\" content=\"Die richtige Vorbereitung f\u00fcr den Fr\u00fchling\" \/>\n<meta name=\"robots\" content=\"index, follow, max-snippet:-1, max-image-preview:large, max-video-preview:-1\" \/>\n<link rel=\"canonical\" href=\"https:\/\/www.holenberg.com\/de\/mein-aufenthalt\/jahreszeit\/fruhling\/\" \/>\n<meta property=\"og:locale\" content=\"de_DE\" \/>\n<meta property=\"og:type\" content=\"article\" \/>\n<meta property=\"og:title\" content=\"Tips voor een verblijf in de lente - Holenberg\" \/>\n<meta property=\"og:description\" content=\"Die richtige Vorbereitung f\u00fcr den Fr\u00fchling\" \/>\n<meta property=\"og:url\" content=\"https:\/\/www.holenberg.com\/de\/mein-aufenthalt\/jahreszeit\/fruhling\/\" \/>\n<meta property=\"og:site_name\" content=\"Holenberg\" \/>\n<meta property=\"article:modified_time\" content=\"2025-06-02T12:52:59+00:00\" \/>\n<meta name=\"twitter:card\" content=\"summary_large_image\" \/>\n<meta name=\"twitter:label1\" content=\"Gesch\u00e4tzte Lesezeit\" \/>\n\t<meta name=\"twitter:data1\" content=\"2\u00a0Minuten\" \/>\n<script type=\"application\/ld+json\" class=\"yoast-schema-graph\">{\"@context\":\"https:\\\/\\\/schema.org\",\"@graph\":[{\"@type\":\"WebPage\",\"@id\":\"https:\\\/\\\/www.holenberg.com\\\/de\\\/mein-aufenthalt\\\/jahreszeit\\\/fruhling\\\/\",\"url\":\"https:\\\/\\\/www.holenberg.com\\\/de\\\/mein-aufenthalt\\\/jahreszeit\\\/fruhling\\\/\",\"name\":\"Tips voor een verblijf in de lente - Holenberg\",\"isPartOf\":{\"@id\":\"https:\\\/\\\/www.holenberg.com\\\/de\\\/#website\"},\"datePublished\":\"2025-01-14T12:44:22+00:00\",\"dateModified\":\"2025-06-02T12:52:59+00:00\",\"description\":\"Die richtige Vorbereitung f\u00fcr den Fr\u00fchling\",\"breadcrumb\":{\"@id\":\"https:\\\/\\\/www.holenberg.com\\\/de\\\/mein-aufenthalt\\\/jahreszeit\\\/fruhling\\\/#breadcrumb\"},\"inLanguage\":\"de\",\"potentialAction\":[{\"@type\":\"ReadAction\",\"target\":[\"https:\\\/\\\/www.holenberg.com\\\/de\\\/mein-aufenthalt\\\/jahreszeit\\\/fruhling\\\/\"]}]},{\"@type\":\"BreadcrumbList\",\"@id\":\"https:\\\/\\\/www.holenberg.com\\\/de\\\/mein-aufenthalt\\\/jahreszeit\\\/fruhling\\\/#breadcrumb\",\"itemListElement\":[{\"@type\":\"ListItem\",\"position\":1,\"name\":\"Home\",\"item\":\"https:\\\/\\\/www.holenberg.com\\\/de\\\/\"},{\"@type\":\"ListItem\",\"position\":2,\"name\":\"Mein Aufenthalt auf Holenberg\",\"item\":\"https:\\\/\\\/www.holenberg.com\\\/de\\\/mein-aufenthalt\\\/\"},{\"@type\":\"ListItem\",\"position\":3,\"name\":\"Bereite dich auf die Jahreszeit vor\",\"item\":\"https:\\\/\\\/www.holenberg.com\\\/de\\\/mein-aufenthalt\\\/jahreszeit\\\/\"},{\"@type\":\"ListItem\",\"position\":4,\"name\":\"F\u00fcr den Fr\u00fchling\"}]},{\"@type\":\"WebSite\",\"@id\":\"https:\\\/\\\/www.holenberg.com\\\/de\\\/#website\",\"url\":\"https:\\\/\\\/www.holenberg.com\\\/de\\\/\",\"name\":\"Holenberg\",\"description\":\"Home of ANNA\",\"potentialAction\":[{\"@type\":\"SearchAction\",\"target\":{\"@type\":\"EntryPoint\",\"urlTemplate\":\"https:\\\/\\\/www.holenberg.com\\\/de\\\/?s={search_term_string}\"},\"query-input\":{\"@type\":\"PropertyValueSpecification\",\"valueRequired\":true,\"valueName\":\"search_term_string\"}}],\"inLanguage\":\"de\"}]}<\/script>\n<!-- \/ Yoast SEO plugin. -->","yoast_head_json":{"title":"Tips voor een verblijf in de lente - Holenberg","description":"Die richtige Vorbereitung f\u00fcr den Fr\u00fchling","robots":{"index":"index","follow":"follow","max-snippet":"max-snippet:-1","max-image-preview":"max-image-preview:large","max-video-preview":"max-video-preview:-1"},"canonical":"https:\/\/www.holenberg.com\/de\/mein-aufenthalt\/jahreszeit\/fruhling\/","og_locale":"de_DE","og_type":"article","og_title":"Tips voor een verblijf in de lente - Holenberg","og_description":"Die richtige Vorbereitung f\u00fcr den Fr\u00fchling","og_url":"https:\/\/www.holenberg.com\/de\/mein-aufenthalt\/jahreszeit\/fruhling\/","og_site_name":"Holenberg","article_modified_time":"2025-06-02T12:52:59+00:00","twitter_card":"summary_large_image","twitter_misc":{"Gesch\u00e4tzte Lesezeit":"2\u00a0Minuten"},"schema":{"@context":"https:\/\/schema.org","@graph":[{"@type":"WebPage","@id":"https:\/\/www.holenberg.com\/de\/mein-aufenthalt\/jahreszeit\/fruhling\/","url":"https:\/\/www.holenberg.com\/de\/mein-aufenthalt\/jahreszeit\/fruhling\/","name":"Tips voor een verblijf in de lente - Holenberg","isPartOf":{"@id":"https:\/\/www.holenberg.com\/de\/#website"},"datePublished":"2025-01-14T12:44:22+00:00","dateModified":"2025-06-02T12:52:59+00:00","description":"Die richtige Vorbereitung f\u00fcr den Fr\u00fchling","breadcrumb":{"@id":"https:\/\/www.holenberg.com\/de\/mein-aufenthalt\/jahreszeit\/fruhling\/#breadcrumb"},"inLanguage":"de","potentialAction":[{"@type":"ReadAction","target":["https:\/\/www.holenberg.com\/de\/mein-aufenthalt\/jahreszeit\/fruhling\/"]}]},{"@type":"BreadcrumbList","@id":"https:\/\/www.holenberg.com\/de\/mein-aufenthalt\/jahreszeit\/fruhling\/#breadcrumb","itemListElement":[{"@type":"ListItem","position":1,"name":"Home","item":"https:\/\/www.holenberg.com\/de\/"},{"@type":"ListItem","position":2,"name":"Mein Aufenthalt auf Holenberg","item":"https:\/\/www.holenberg.com\/de\/mein-aufenthalt\/"},{"@type":"ListItem","position":3,"name":"Bereite dich auf die Jahreszeit vor","item":"https:\/\/www.holenberg.com\/de\/mein-aufenthalt\/jahreszeit\/"},{"@type":"ListItem","position":4,"name":"F\u00fcr den Fr\u00fchling"}]},{"@type":"WebSite","@id":"https:\/\/www.holenberg.com\/de\/#website","url":"https:\/\/www.holenberg.com\/de\/","name":"Holenberg","description":"Home of ANNA","potentialAction":[{"@type":"SearchAction","target":{"@type":"EntryPoint","urlTemplate":"https:\/\/www.holenberg.com\/de\/?s={search_term_string}"},"query-input":{"@type":"PropertyValueSpecification","valueRequired":true,"valueName":"search_term_string"}}],"inLanguage":"de"}]}},"_links":{"self":[{"href":"https:\/\/www.holenberg.com\/de\/wp-json\/wp\/v2\/pages\/1241","targetHints":{"allow":["GET"]}}],"collection":[{"href":"https:\/\/www.holenberg.com\/de\/wp-json\/wp\/v2\/pages"}],"about":[{"href":"https:\/\/www.holenberg.com\/de\/wp-json\/wp\/v2\/types\/page"}],"author":[{"embeddable":true,"href":"https:\/\/www.holenberg.com\/de\/wp-json\/wp\/v2\/users\/1"}],"replies":[{"embeddable":true,"href":"https:\/\/www.holenberg.com\/de\/wp-json\/wp\/v2\/comments?post=1241"}],"version-history":[{"count":1,"href":"https:\/\/www.holenberg.com\/de\/wp-json\/wp\/v2\/pages\/1241\/revisions"}],"predecessor-version":[{"id":1250,"href":"https:\/\/www.holenberg.com\/de\/wp-json\/wp\/v2\/pages\/1241\/revisions\/1250"}],"up":[{"embeddable":true,"href":"https:\/\/www.holenberg.com\/de\/wp-json\/wp\/v2\/pages\/1225"}],"wp:attachment":[{"href":"https:\/\/www.holenberg.com\/de\/wp-json\/wp\/v2\/media?parent=1241"}],"curies":[{"name":"wp","href":"https:\/\/api.w.org\/{rel}","templated":true}]}}