{"id":1231,"date":"2025-01-14T11:34:22","date_gmt":"2025-01-14T11:34:22","guid":{"rendered":"https:\/\/www.holenberg.com\/mein-aufenthalt\/jahreszeit\/herfst\/"},"modified":"2025-06-02T12:49:50","modified_gmt":"2025-06-02T12:49:50","slug":"herbst","status":"publish","type":"page","link":"https:\/\/www.holenberg.com\/de\/mein-aufenthalt\/jahreszeit\/herbst\/","title":{"rendered":"F\u00fcr den Herbst"},"content":{"rendered":"\n<h2 class=\"wp-block-heading has-text-align-center\">Tipps f\u00fcr einen Aufenthalt im Herbst<\/h2>\n\n\n\n<div class=\"wp-block-columns is-layout-flex wp-block-columns-is-layout-flex\">\n<div class=\"wp-block-column is-layout-flow wp-block-column-is-layout-flow\">\n<p>Dein Aufenthalt f\u00e4llt in eine zauberhafte Zeit des Jahres. Eine Zeit voller tiefer Farben in allen Schichten des Waldes, Sonnenstrahlen, die sich nach kr\u00e4ftigen Schauern durch dichte Wolken brechen, und Tiere, die sich auf den R\u00fcckzug vorbereiten. De Maashorst ist in dieser Jahreszeit von beeindruckender Sch\u00f6nheit. F\u00fcr das Leben im Freien ist es wichtig, die passende Kleidung dabei zu haben \u2013 denn die N\u00e4chte werden allm\u00e4hlich k\u00fchler, und dein Aufenthalt bekommt einen abenteuerlichen Charakter.<\/p>\n<\/div>\n\n\n\n<div class=\"wp-block-column is-layout-flow wp-block-column-is-layout-flow\">\n<p>Deine Cabin ANNA ist mit einem guten Holzofen, einer Winterdaunendecke, W\u00e4rmflaschen, Wolldecken und warmen Socken ausgestattet. M\u00f6glicherweise musst du nachts den Ofen nachlegen oder dich mit einer W\u00e4rmflasche ins Bett kuscheln. Wir empfehlen dir, Hausschuhe einzupacken und dich mit mehreren Lagen warmer Innen- und Au\u00dfenkleidung zu kleiden \u2013 f\u00fcr maximalen Komfort. Hier findest du alle wichtigen Tipps zur Vorbereitung auf deinen Herbstaufenthalt, damit du die Natur in vollen Z\u00fcgen genie\u00dfen kannst.<\/p>\n<\/div>\n<\/div>\n\n\n\n<div class=\"wp-block-group has-beige-light-background-color has-background is-layout-flow wp-block-group-is-layout-flow\" style=\"margin-top:0;margin-bottom:0\"><div class=\"hol-grid\" style=\"--col-count: 3;\">\n  \n<div class=\"hol-grid-item\">\n  \n\n<div style=\"height:2rem\" aria-hidden=\"true\" class=\"wp-block-spacer\"><\/div>\n\n\n\n<h3 class=\"wp-block-heading has-text-align-center\"><strong>WARM OBEN DRAUF<\/strong><\/h3>\n\n\n\n<p>Planst du eine Wanderung durch De Maashorst? Eine gute M\u00fctze ist entscheidend \u2013 sie sollte nicht nur den Kopf, sondern auch Ohren und Nacken sch\u00fctzen. Wenn es besonders kalt wird, denk auch an ein gutes Paar Handschuhe.<\/p>\n\n\n<\/div>\n\n<div class=\"hol-grid-item\">\n  \n\n<div style=\"height:2rem\" aria-hidden=\"true\" class=\"wp-block-spacer\"><\/div>\n\n\n\n<h3 class=\"wp-block-heading has-text-align-center\"><strong>WARME SOCKEN AUS WOLLE<\/strong><\/h3>\n\n\n\n<p>Wolle ist das mit Abstand beste Material f\u00fcr warme Socken \u2013 sie h\u00e4lt deine F\u00fc\u00dfe auch dann warm, wenn sie feucht sind. Warme F\u00fc\u00dfe sind die Grundlage f\u00fcr ein angenehm warmes K\u00f6rpergef\u00fchl.<\/p>\n\n\n<\/div>\n\n<div class=\"hol-grid-item\">\n  \n\n<div style=\"height:2rem\" aria-hidden=\"true\" class=\"wp-block-spacer\"><\/div>\n\n\n\n<h3 class=\"wp-block-heading has-text-align-center\"><strong>FEUCHTIGKEITSTRANSPORT<\/strong><\/h3>\n\n\n\n<p>Die Schicht direkt auf der Haut sollte Feuchtigkeit zuverl\u00e4ssig abf\u00fchren. Wolle oder Wollmischungen sind ideal. Fleece \u2013 am besten winddicht \u2013 eignet sich hervorragend als mittlere Lage.<\/p>\n\n\n<\/div>\n\n<div class=\"hol-grid-item\">\n  \n\n<div style=\"height:2rem\" aria-hidden=\"true\" class=\"wp-block-spacer\"><\/div>\n\n\n\n<h3 class=\"wp-block-heading has-text-align-center\"><strong>SCHLAFEN<\/strong><\/h3>\n\n\n\n<p>F\u00fcr die Nacht in ANNA empfehlen wir dir, warme Socken, eventuell Thermounterw\u00e4sche und eine M\u00fctze zu tragen \u2013 besonders, wenn du unter freiem Himmel schlafen m\u00f6chtest. Frierst du nachts leicht? Dann trage mehrere Lagen atmungsaktiver Kleidung, die gut w\u00e4rmt und zugleich Feuchtigkeit reguliert.<\/p>\n\n\n<\/div>\n\n<div class=\"hol-grid-item\">\n  \n\n<div style=\"height:31px\" aria-hidden=\"true\" class=\"wp-block-spacer\"><\/div>\n\n\n\n<h3 class=\"wp-block-heading has-text-align-center\"><strong>ZWEITES PAAR SCHUHE UND SOCKEN<\/strong><\/h3>\n\n\n\n<p>Der Herbst ist bekannt f\u00fcr kr\u00e4ftige Regenschauer. Nimm ein zus\u00e4tzliches Paar Schuhe und Socken mit, falls du bei einem l\u00e4ngeren Spaziergang \u00fcberraschend nass wirst.<\/p>\n\n\n<\/div>\n\n<div class=\"hol-grid-item\">\n  \n\n<div style=\"height:2rem\" aria-hidden=\"true\" class=\"wp-block-spacer\"><\/div>\n\n\n\n<h3 class=\"wp-block-heading has-text-align-center\"><strong>SCHUTZ GEGEN DEN WIND<\/strong><\/h3>\n\n\n\n<p>Deine Jacke sollte gemeinsam mit den \u00e4u\u00dferen Kleidungsschichten Schutz vor Wind und Regen bieten. Das Material sollte atmungsaktiv sein und Bewegungsfreiheit bieten \u2013 z.\u202fB. Gore-Tex. Eine zus\u00e4tzliche Daunenjacke oder ein dicker Fleece- oder Wollpullover eignet sich ideal als w\u00e4rmende Extraschicht.<\/p>\n\n\n<\/div>\n\n<\/div><\/div>\n\n\n<div class=\"hol-image-slider is-section-display \"><div class=\"hol-image-slider__controls\">\n    <button class=\"hol-image-slider__control\"><svg width=\"6.846\" height=\"7.732\" viewBox=\"0 0 6.846 7.732\"><path d=\"M6.844 3.844a2.433 2.433 0 00-.42-.45Q3.646 1.746.85.123C.385-.149.015.042.015.573q-.028 3.285 0 6.571c0 .535.37.741.833.469q2.819-1.63 5.615-3.3c.137-.087.219-.276.383-.472z\" fill=\"currentColor\"><\/path><\/svg><\/button>\n    <button class=\"hol-image-slider__control\"><svg width=\"6.846\" height=\"7.732\" viewBox=\"0 0 6.846 7.732\"><path d=\"M6.844 3.844a2.433 2.433 0 00-.42-.45Q3.646 1.746.85.123C.385-.149.015.042.015.573q-.028 3.285 0 6.571c0 .535.37.741.833.469q2.819-1.63 5.615-3.3c.137-.087.219-.276.383-.472z\" fill=\"currentColor\"><\/path><\/svg><\/button>\n  <\/div><div class=\"hol-image-slider__wrapper\"><div class=\"wrapper\"><img loading=\"lazy\" decoding=\"async\" width=\"800\" height=\"450\" src=\"https:\/\/www.holenberg.com\/wp-content\/uploads\/2025\/01\/edit-sb-dji-0422-hdr-800x450.jpg\" class=\"hol-image-slider__image\" alt=\"\" srcset=\"https:\/\/www.holenberg.com\/wp-content\/uploads\/2025\/01\/edit-sb-dji-0422-hdr-800x450.jpg 800w, https:\/\/www.holenberg.com\/wp-content\/uploads\/2025\/01\/edit-sb-dji-0422-hdr-300x169.jpg 300w, https:\/\/www.holenberg.com\/wp-content\/uploads\/2025\/01\/edit-sb-dji-0422-hdr-1024x576.jpg 1024w, https:\/\/www.holenberg.com\/wp-content\/uploads\/2025\/01\/edit-sb-dji-0422-hdr-768x432.jpg 768w, https:\/\/www.holenberg.com\/wp-content\/uploads\/2025\/01\/edit-sb-dji-0422-hdr-1536x864.jpg 1536w, https:\/\/www.holenberg.com\/wp-content\/uploads\/2025\/01\/edit-sb-dji-0422-hdr.jpg 1920w\" sizes=\"auto, (max-width: 800px) 100vw, 800px\" \/><img loading=\"lazy\" decoding=\"async\" width=\"800\" height=\"450\" src=\"https:\/\/www.holenberg.com\/wp-content\/uploads\/2025\/01\/cdb-dji-0323-800x450.jpg\" class=\"hol-image-slider__image\" alt=\"\" srcset=\"https:\/\/www.holenberg.com\/wp-content\/uploads\/2025\/01\/cdb-dji-0323-800x450.jpg 800w, https:\/\/www.holenberg.com\/wp-content\/uploads\/2025\/01\/cdb-dji-0323-300x169.jpg 300w, https:\/\/www.holenberg.com\/wp-content\/uploads\/2025\/01\/cdb-dji-0323-1024x576.jpg 1024w, https:\/\/www.holenberg.com\/wp-content\/uploads\/2025\/01\/cdb-dji-0323-768x432.jpg 768w, https:\/\/www.holenberg.com\/wp-content\/uploads\/2025\/01\/cdb-dji-0323-1536x864.jpg 1536w, https:\/\/www.holenberg.com\/wp-content\/uploads\/2025\/01\/cdb-dji-0323.jpg 1920w\" sizes=\"auto, (max-width: 800px) 100vw, 800px\" \/><img loading=\"lazy\" decoding=\"async\" width=\"800\" height=\"450\" src=\"https:\/\/www.holenberg.com\/wp-content\/uploads\/2025\/01\/edit-sb-r6cb8751-bewerkt-800x450.jpg\" class=\"hol-image-slider__image\" alt=\"\" srcset=\"https:\/\/www.holenberg.com\/wp-content\/uploads\/2025\/01\/edit-sb-r6cb8751-bewerkt-800x450.jpg 800w, https:\/\/www.holenberg.com\/wp-content\/uploads\/2025\/01\/edit-sb-r6cb8751-bewerkt-300x169.jpg 300w, https:\/\/www.holenberg.com\/wp-content\/uploads\/2025\/01\/edit-sb-r6cb8751-bewerkt-1024x576.jpg 1024w, https:\/\/www.holenberg.com\/wp-content\/uploads\/2025\/01\/edit-sb-r6cb8751-bewerkt-768x432.jpg 768w, https:\/\/www.holenberg.com\/wp-content\/uploads\/2025\/01\/edit-sb-r6cb8751-bewerkt-1536x864.jpg 1536w, https:\/\/www.holenberg.com\/wp-content\/uploads\/2025\/01\/edit-sb-r6cb8751-bewerkt.jpg 1920w\" sizes=\"auto, (max-width: 800px) 100vw, 800px\" \/><img loading=\"lazy\" decoding=\"async\" width=\"800\" height=\"450\" src=\"https:\/\/www.holenberg.com\/wp-content\/uploads\/2025\/01\/cdb-r6cb8778-800x450.jpg\" class=\"hol-image-slider__image\" alt=\"\" srcset=\"https:\/\/www.holenberg.com\/wp-content\/uploads\/2025\/01\/cdb-r6cb8778-800x450.jpg 800w, https:\/\/www.holenberg.com\/wp-content\/uploads\/2025\/01\/cdb-r6cb8778-300x169.jpg 300w, https:\/\/www.holenberg.com\/wp-content\/uploads\/2025\/01\/cdb-r6cb8778-1024x576.jpg 1024w, https:\/\/www.holenberg.com\/wp-content\/uploads\/2025\/01\/cdb-r6cb8778-768x432.jpg 768w, https:\/\/www.holenberg.com\/wp-content\/uploads\/2025\/01\/cdb-r6cb8778-1536x864.jpg 1536w, https:\/\/www.holenberg.com\/wp-content\/uploads\/2025\/01\/cdb-r6cb8778.jpg 1920w\" sizes=\"auto, (max-width: 800px) 100vw, 800px\" \/><img loading=\"lazy\" decoding=\"async\" width=\"800\" height=\"450\" src=\"https:\/\/www.holenberg.com\/wp-content\/uploads\/2025\/01\/cdb-dji-0380-edit-1-800x450.jpg\" class=\"hol-image-slider__image\" alt=\"\" srcset=\"https:\/\/www.holenberg.com\/wp-content\/uploads\/2025\/01\/cdb-dji-0380-edit-1-800x450.jpg 800w, https:\/\/www.holenberg.com\/wp-content\/uploads\/2025\/01\/cdb-dji-0380-edit-1-300x169.jpg 300w, https:\/\/www.holenberg.com\/wp-content\/uploads\/2025\/01\/cdb-dji-0380-edit-1-1024x576.jpg 1024w, https:\/\/www.holenberg.com\/wp-content\/uploads\/2025\/01\/cdb-dji-0380-edit-1-768x432.jpg 768w, https:\/\/www.holenberg.com\/wp-content\/uploads\/2025\/01\/cdb-dji-0380-edit-1-1536x864.jpg 1536w, https:\/\/www.holenberg.com\/wp-content\/uploads\/2025\/01\/cdb-dji-0380-edit-1.jpg 1920w\" sizes=\"auto, (max-width: 800px) 100vw, 800px\" \/><img loading=\"lazy\" decoding=\"async\" width=\"800\" height=\"450\" src=\"https:\/\/www.holenberg.com\/wp-content\/uploads\/2025\/01\/edit-sb-dji-0425-hdr-800x450.jpg\" class=\"hol-image-slider__image\" alt=\"\" srcset=\"https:\/\/www.holenberg.com\/wp-content\/uploads\/2025\/01\/edit-sb-dji-0425-hdr-800x450.jpg 800w, https:\/\/www.holenberg.com\/wp-content\/uploads\/2025\/01\/edit-sb-dji-0425-hdr-300x169.jpg 300w, https:\/\/www.holenberg.com\/wp-content\/uploads\/2025\/01\/edit-sb-dji-0425-hdr-1024x576.jpg 1024w, https:\/\/www.holenberg.com\/wp-content\/uploads\/2025\/01\/edit-sb-dji-0425-hdr-768x432.jpg 768w, https:\/\/www.holenberg.com\/wp-content\/uploads\/2025\/01\/edit-sb-dji-0425-hdr-1536x864.jpg 1536w, https:\/\/www.holenberg.com\/wp-content\/uploads\/2025\/01\/edit-sb-dji-0425-hdr.jpg 1920w\" sizes=\"auto, (max-width: 800px) 100vw, 800px\" \/><\/div><\/div><div class=\"progress-indicators\">\n      <div class=\"wrapper\">\n        <div class=\"progress-indicators__bar\"><\/div>\n        <div class=\"progress-indicators__count\">1\/6<\/div>\n      <\/div>\n    <\/div><\/div>","protected":false},"excerpt":{"rendered":"Tipps f\u00fcr einen Aufenthalt im Herbst Dein Aufenthalt f\u00e4llt in eine zauberhafte Zeit des Jahres. Eine Zeit voller tiefer Farben in allen Schichten des Waldes, Sonnenstrahlen, die sich nach kr\u00e4ftigen Schauern durch dichte Wolken brechen, und Tiere, die sich auf den R\u00fcckzug vorbereiten. De Maashorst ist in dieser Jahreszeit von beeindruckender Sch\u00f6nheit. F\u00fcr das Leben [&hellip;]","protected":false},"author":1,"featured_media":0,"parent":1225,"menu_order":0,"comment_status":"closed","ping_status":"closed","template":"","meta":{"_acf_changed":false,"footnotes":""},"class_list":["post-1231","page","type-page","status-publish","hentry"],"acf":[],"yoast_head":"<!-- This site is optimized with the Yoast SEO plugin v27.3 - https:\/\/yoast.com\/product\/yoast-seo-wordpress\/ -->\n<title>Tips voor een verblijf in de herfst<\/title>\n<meta name=\"description\" content=\"Die richtige Vorbereitung f\u00fcr den Herbst\" \/>\n<meta name=\"robots\" content=\"index, follow, max-snippet:-1, max-image-preview:large, max-video-preview:-1\" \/>\n<link rel=\"canonical\" href=\"https:\/\/www.holenberg.com\/de\/mein-aufenthalt\/jahreszeit\/herbst\/\" \/>\n<meta property=\"og:locale\" content=\"de_DE\" \/>\n<meta property=\"og:type\" content=\"article\" \/>\n<meta property=\"og:title\" content=\"Tips voor een verblijf in de herfst\" \/>\n<meta property=\"og:description\" content=\"Die richtige Vorbereitung f\u00fcr den Herbst\" \/>\n<meta property=\"og:url\" content=\"https:\/\/www.holenberg.com\/de\/mein-aufenthalt\/jahreszeit\/herbst\/\" \/>\n<meta property=\"og:site_name\" content=\"Holenberg\" \/>\n<meta property=\"article:modified_time\" content=\"2025-06-02T12:49:50+00:00\" \/>\n<meta name=\"twitter:card\" content=\"summary_large_image\" \/>\n<meta name=\"twitter:label1\" content=\"Gesch\u00e4tzte Lesezeit\" \/>\n\t<meta name=\"twitter:data1\" content=\"2\u00a0Minuten\" \/>\n<script type=\"application\/ld+json\" class=\"yoast-schema-graph\">{\"@context\":\"https:\\\/\\\/schema.org\",\"@graph\":[{\"@type\":\"WebPage\",\"@id\":\"https:\\\/\\\/www.holenberg.com\\\/de\\\/mein-aufenthalt\\\/jahreszeit\\\/herbst\\\/\",\"url\":\"https:\\\/\\\/www.holenberg.com\\\/de\\\/mein-aufenthalt\\\/jahreszeit\\\/herbst\\\/\",\"name\":\"Tips voor een verblijf in de herfst\",\"isPartOf\":{\"@id\":\"https:\\\/\\\/www.holenberg.com\\\/de\\\/#website\"},\"datePublished\":\"2025-01-14T11:34:22+00:00\",\"dateModified\":\"2025-06-02T12:49:50+00:00\",\"description\":\"Die richtige Vorbereitung f\u00fcr den Herbst\",\"breadcrumb\":{\"@id\":\"https:\\\/\\\/www.holenberg.com\\\/de\\\/mein-aufenthalt\\\/jahreszeit\\\/herbst\\\/#breadcrumb\"},\"inLanguage\":\"de\",\"potentialAction\":[{\"@type\":\"ReadAction\",\"target\":[\"https:\\\/\\\/www.holenberg.com\\\/de\\\/mein-aufenthalt\\\/jahreszeit\\\/herbst\\\/\"]}]},{\"@type\":\"BreadcrumbList\",\"@id\":\"https:\\\/\\\/www.holenberg.com\\\/de\\\/mein-aufenthalt\\\/jahreszeit\\\/herbst\\\/#breadcrumb\",\"itemListElement\":[{\"@type\":\"ListItem\",\"position\":1,\"name\":\"Home\",\"item\":\"https:\\\/\\\/www.holenberg.com\\\/de\\\/\"},{\"@type\":\"ListItem\",\"position\":2,\"name\":\"Mein Aufenthalt auf Holenberg\",\"item\":\"https:\\\/\\\/www.holenberg.com\\\/de\\\/mein-aufenthalt\\\/\"},{\"@type\":\"ListItem\",\"position\":3,\"name\":\"Bereite dich auf die Jahreszeit vor\",\"item\":\"https:\\\/\\\/www.holenberg.com\\\/de\\\/mein-aufenthalt\\\/jahreszeit\\\/\"},{\"@type\":\"ListItem\",\"position\":4,\"name\":\"F\u00fcr den Herbst\"}]},{\"@type\":\"WebSite\",\"@id\":\"https:\\\/\\\/www.holenberg.com\\\/de\\\/#website\",\"url\":\"https:\\\/\\\/www.holenberg.com\\\/de\\\/\",\"name\":\"Holenberg\",\"description\":\"Home of ANNA\",\"potentialAction\":[{\"@type\":\"SearchAction\",\"target\":{\"@type\":\"EntryPoint\",\"urlTemplate\":\"https:\\\/\\\/www.holenberg.com\\\/de\\\/?s={search_term_string}\"},\"query-input\":{\"@type\":\"PropertyValueSpecification\",\"valueRequired\":true,\"valueName\":\"search_term_string\"}}],\"inLanguage\":\"de\"}]}<\/script>\n<!-- \/ Yoast SEO plugin. -->","yoast_head_json":{"title":"Tips voor een verblijf in de herfst","description":"Die richtige Vorbereitung f\u00fcr den Herbst","robots":{"index":"index","follow":"follow","max-snippet":"max-snippet:-1","max-image-preview":"max-image-preview:large","max-video-preview":"max-video-preview:-1"},"canonical":"https:\/\/www.holenberg.com\/de\/mein-aufenthalt\/jahreszeit\/herbst\/","og_locale":"de_DE","og_type":"article","og_title":"Tips voor een verblijf in de herfst","og_description":"Die richtige Vorbereitung f\u00fcr den Herbst","og_url":"https:\/\/www.holenberg.com\/de\/mein-aufenthalt\/jahreszeit\/herbst\/","og_site_name":"Holenberg","article_modified_time":"2025-06-02T12:49:50+00:00","twitter_card":"summary_large_image","twitter_misc":{"Gesch\u00e4tzte Lesezeit":"2\u00a0Minuten"},"schema":{"@context":"https:\/\/schema.org","@graph":[{"@type":"WebPage","@id":"https:\/\/www.holenberg.com\/de\/mein-aufenthalt\/jahreszeit\/herbst\/","url":"https:\/\/www.holenberg.com\/de\/mein-aufenthalt\/jahreszeit\/herbst\/","name":"Tips voor een verblijf in de herfst","isPartOf":{"@id":"https:\/\/www.holenberg.com\/de\/#website"},"datePublished":"2025-01-14T11:34:22+00:00","dateModified":"2025-06-02T12:49:50+00:00","description":"Die richtige Vorbereitung f\u00fcr den Herbst","breadcrumb":{"@id":"https:\/\/www.holenberg.com\/de\/mein-aufenthalt\/jahreszeit\/herbst\/#breadcrumb"},"inLanguage":"de","potentialAction":[{"@type":"ReadAction","target":["https:\/\/www.holenberg.com\/de\/mein-aufenthalt\/jahreszeit\/herbst\/"]}]},{"@type":"BreadcrumbList","@id":"https:\/\/www.holenberg.com\/de\/mein-aufenthalt\/jahreszeit\/herbst\/#breadcrumb","itemListElement":[{"@type":"ListItem","position":1,"name":"Home","item":"https:\/\/www.holenberg.com\/de\/"},{"@type":"ListItem","position":2,"name":"Mein Aufenthalt auf Holenberg","item":"https:\/\/www.holenberg.com\/de\/mein-aufenthalt\/"},{"@type":"ListItem","position":3,"name":"Bereite dich auf die Jahreszeit vor","item":"https:\/\/www.holenberg.com\/de\/mein-aufenthalt\/jahreszeit\/"},{"@type":"ListItem","position":4,"name":"F\u00fcr den Herbst"}]},{"@type":"WebSite","@id":"https:\/\/www.holenberg.com\/de\/#website","url":"https:\/\/www.holenberg.com\/de\/","name":"Holenberg","description":"Home of ANNA","potentialAction":[{"@type":"SearchAction","target":{"@type":"EntryPoint","urlTemplate":"https:\/\/www.holenberg.com\/de\/?s={search_term_string}"},"query-input":{"@type":"PropertyValueSpecification","valueRequired":true,"valueName":"search_term_string"}}],"inLanguage":"de"}]}},"_links":{"self":[{"href":"https:\/\/www.holenberg.com\/de\/wp-json\/wp\/v2\/pages\/1231","targetHints":{"allow":["GET"]}}],"collection":[{"href":"https:\/\/www.holenberg.com\/de\/wp-json\/wp\/v2\/pages"}],"about":[{"href":"https:\/\/www.holenberg.com\/de\/wp-json\/wp\/v2\/types\/page"}],"author":[{"embeddable":true,"href":"https:\/\/www.holenberg.com\/de\/wp-json\/wp\/v2\/users\/1"}],"replies":[{"embeddable":true,"href":"https:\/\/www.holenberg.com\/de\/wp-json\/wp\/v2\/comments?post=1231"}],"version-history":[{"count":1,"href":"https:\/\/www.holenberg.com\/de\/wp-json\/wp\/v2\/pages\/1231\/revisions"}],"predecessor-version":[{"id":1240,"href":"https:\/\/www.holenberg.com\/de\/wp-json\/wp\/v2\/pages\/1231\/revisions\/1240"}],"up":[{"embeddable":true,"href":"https:\/\/www.holenberg.com\/de\/wp-json\/wp\/v2\/pages\/1225"}],"wp:attachment":[{"href":"https:\/\/www.holenberg.com\/de\/wp-json\/wp\/v2\/media?parent=1231"}],"curies":[{"name":"wp","href":"https:\/\/api.w.org\/{rel}","templated":true}]}}