{"id":1225,"date":"2025-01-14T11:18:09","date_gmt":"2025-01-14T11:18:09","guid":{"rendered":"https:\/\/www.holenberg.com\/mein-aufenthalt\/seizoen\/"},"modified":"2025-06-05T07:05:05","modified_gmt":"2025-06-05T07:05:05","slug":"jahreszeit","status":"publish","type":"page","link":"https:\/\/www.holenberg.com\/de\/mein-aufenthalt\/jahreszeit\/","title":{"rendered":"Bereite dich auf die Jahreszeit vor"},"content":{"rendered":"\n<p class=\"has-text-align-center\">Sobald du auf Holenberg ankommst, f\u00fchlt sich alles richtig an. Hier bist du zu Hause in der Natur. Auch wenn sich diese Verbundenheit ganz selbstverst\u00e4ndlich anf\u00fchlt \u2013 das Leben in und mit der Natur sind wir l\u00e4ngst nicht mehr gewohnt. Mit der richtigen Vorbereitung auf die jeweilige Jahreszeit wird dein Aufenthalt in der Natur zu einem unvergesslichen Erlebnis. W\u00e4hle unten die Jahreszeit deines Aufenthalts aus.<\/p>\n\n\n<div class=\"hol-full-grid\"><div class=\"hol-full-grid__item\">\n      <a href=\"https:\/\/www.holenberg.com\/de\/mein-aufenthalt\/jahreszeit\/herbst\/\" class=\"hol-full-grid__image-container\">\n        <img loading=\"lazy\" decoding=\"async\" width=\"1280\" height=\"720\" src=\"https:\/\/www.holenberg.com\/wp-content\/uploads\/2025\/01\/cf4a9840-1.jpg\" class=\"hol-full-grid__item-image\" alt=\"\" srcset=\"https:\/\/www.holenberg.com\/wp-content\/uploads\/2025\/01\/cf4a9840-1.jpg 1280w, https:\/\/www.holenberg.com\/wp-content\/uploads\/2025\/01\/cf4a9840-1-300x169.jpg 300w, https:\/\/www.holenberg.com\/wp-content\/uploads\/2025\/01\/cf4a9840-1-1024x576.jpg 1024w, https:\/\/www.holenberg.com\/wp-content\/uploads\/2025\/01\/cf4a9840-1-768x432.jpg 768w, https:\/\/www.holenberg.com\/wp-content\/uploads\/2025\/01\/cf4a9840-1-800x450.jpg 800w\" sizes=\"auto, (max-width: 1280px) 100vw, 1280px\" \/>\n      <\/a>\n      <div class=\"hol-full-grid__item-container\">\n        <div class=\"hol-full-grid__item-content\">\n          <h2 class=\"mb-3 mb-md-4 h3\">Herbst<\/h2>\n<div class=\"cms-content mb-3 mb-md-4\">Mit einem wahren Farb- und Duftspektakel bereitet sich der Holenberg-Wald auf den kommenden Winter vor. Lies hier, wie du dich auf diese vielseitige Jahreszeit vorbereiten kannst.<\/div>\n<div><\/div>\n<div class=\"wp-block-button\"><a href=\"https:\/\/www.holenberg.com\/de\/mein-aufenthalt\/jahreszeit\/herbst\/\"><span class=\"wp-block-button__link-icon\" aria-hidden=\"true\"><svg width=\"6.846\" height=\"7.732\" viewBox=\"0 0 6.846 7.732\"><path d=\"M6.844 3.844a2.433 2.433 0 00-.42-.45Q3.646 1.746.85.123C.385-.149.015.042.015.573q-.028 3.285 0 6.571c0 .535.37.741.833.469q2.819-1.63 5.615-3.3c.137-.087.219-.276.383-.472z\" fill=\"currentColor\"><\/path><\/svg><\/span>Mehr erfahren<\/a><\/div>\n\n        <\/div>\n      <\/div>\n    <\/div><div class=\"hol-full-grid__item\">\n      <a href=\"https:\/\/www.holenberg.com\/de\/mein-aufenthalt\/jahreszeit\/winter-aufenthalt\/\" class=\"hol-full-grid__image-container\">\n        <img loading=\"lazy\" decoding=\"async\" width=\"1280\" height=\"720\" src=\"https:\/\/www.holenberg.com\/wp-content\/uploads\/2025\/01\/cf4a9972-1.jpg\" class=\"hol-full-grid__item-image\" alt=\"\" srcset=\"https:\/\/www.holenberg.com\/wp-content\/uploads\/2025\/01\/cf4a9972-1.jpg 1280w, https:\/\/www.holenberg.com\/wp-content\/uploads\/2025\/01\/cf4a9972-1-300x169.jpg 300w, https:\/\/www.holenberg.com\/wp-content\/uploads\/2025\/01\/cf4a9972-1-1024x576.jpg 1024w, https:\/\/www.holenberg.com\/wp-content\/uploads\/2025\/01\/cf4a9972-1-768x432.jpg 768w, https:\/\/www.holenberg.com\/wp-content\/uploads\/2025\/01\/cf4a9972-1-800x450.jpg 800w\" sizes=\"auto, (max-width: 1280px) 100vw, 1280px\" \/>\n      <\/a>\n      <div class=\"hol-full-grid__item-container\">\n        <div class=\"hol-full-grid__item-content\">\n          <h2 class=\"mb-3 mb-md-4 h3\">Winter<\/h2>\n<div class=\"cms-content mb-3 mb-md-4\">Ein Winteraufenthalt l\u00e4dt dich ein, den Winter aus einer neuen Perspektive zu erleben. Gerade diese Zeit bietet eine magische Erfahrung \u2013 vorausgesetzt, du achtest gut auf deinen K\u00f6rper und bleibst warm.<\/div>\n<div><\/div>\n<div class=\"wp-block-button\"><a class=\"wp-block-button__link\" href=\"https:\/\/www.holenberg.com\/de\/mein-aufenthalt\/jahreszeit\/winter-aufenthalt\/\"><span class=\"wp-block-button__link-icon\" aria-hidden=\"true\"><svg width=\"6.846\" height=\"7.732\" viewBox=\"0 0 6.846 7.732\"><path d=\"M6.844 3.844a2.433 2.433 0 00-.42-.45Q3.646 1.746.85.123C.385-.149.015.042.015.573q-.028 3.285 0 6.571c0 .535.37.741.833.469q2.819-1.63 5.615-3.3c.137-.087.219-.276.383-.472z\" fill=\"currentColor\"><\/path><\/svg><\/span>Mehr erfahren<\/a><\/div>\n\n        <\/div>\n      <\/div>\n    <\/div><div class=\"hol-full-grid__item\">\n      <a href=\"https:\/\/www.holenberg.com\/de\/mein-aufenthalt\/jahreszeit\/fruhling\/\" class=\"hol-full-grid__image-container\">\n        <img loading=\"lazy\" decoding=\"async\" width=\"1875\" height=\"1250\" src=\"https:\/\/www.holenberg.com\/wp-content\/uploads\/2024\/12\/cf4a7456-1-1875x1250.jpg\" class=\"hol-full-grid__item-image\" alt=\"\" srcset=\"https:\/\/www.holenberg.com\/wp-content\/uploads\/2024\/12\/cf4a7456-1-1875x1250.jpg 1875w, https:\/\/www.holenberg.com\/wp-content\/uploads\/2024\/12\/cf4a7456-1-300x200.jpg 300w, https:\/\/www.holenberg.com\/wp-content\/uploads\/2024\/12\/cf4a7456-1-1024x683.jpg 1024w, https:\/\/www.holenberg.com\/wp-content\/uploads\/2024\/12\/cf4a7456-1-768x512.jpg 768w, https:\/\/www.holenberg.com\/wp-content\/uploads\/2024\/12\/cf4a7456-1-1536x1024.jpg 1536w, https:\/\/www.holenberg.com\/wp-content\/uploads\/2024\/12\/cf4a7456-1-2048x1366.jpg 2048w, https:\/\/www.holenberg.com\/wp-content\/uploads\/2024\/12\/cf4a7456-1-800x533.jpg 800w\" sizes=\"auto, (max-width: 1875px) 100vw, 1875px\" \/>\n      <\/a>\n      <div class=\"hol-full-grid__item-container\">\n        <div class=\"hol-full-grid__item-content\">\n          <h2 class=\"mb-3 mb-md-4 h3\">Fr\u00fchling<\/h2>\n<div class=\"cms-content mb-3 mb-md-4\">Wache mit den ersten Sonnenstrahlen des Tages auf und sp\u00fcre, wie der Fr\u00fchling neues Leben in alles bringt. Mit der richtigen Vorbereitung erlebst du die Fr\u00fchlingszeit in Cabin ANNA ganz intensiv.<\/div>\n<div><\/div>\n<div class=\"wp-block-button\"><a class=\"wp-block-button__link\" href=\"https:\/\/www.holenberg.com\/de\/mein-aufenthalt\/jahreszeit\/fruhling\/\"><span class=\"wp-block-button__link-icon\" aria-hidden=\"true\"><svg width=\"6.846\" height=\"7.732\" viewBox=\"0 0 6.846 7.732\"><path d=\"M6.844 3.844a2.433 2.433 0 00-.42-.45Q3.646 1.746.85.123C.385-.149.015.042.015.573q-.028 3.285 0 6.571c0 .535.37.741.833.469q2.819-1.63 5.615-3.3c.137-.087.219-.276.383-.472z\" fill=\"currentColor\"><\/path><\/svg><\/span>Mehr erfahren<\/a><\/div>\n\n        <\/div>\n      <\/div>\n    <\/div><div class=\"hol-full-grid__item\">\n      <a href=\"https:\/\/www.holenberg.com\/de\/mein-aufenthalt\/jahreszeit\/sommer\/\" class=\"hol-full-grid__image-container\">\n        <img loading=\"lazy\" decoding=\"async\" width=\"1280\" height=\"720\" src=\"https:\/\/www.holenberg.com\/wp-content\/uploads\/2025\/01\/cf4a8994-1.jpg\" class=\"hol-full-grid__item-image\" alt=\"\" srcset=\"https:\/\/www.holenberg.com\/wp-content\/uploads\/2025\/01\/cf4a8994-1.jpg 1280w, https:\/\/www.holenberg.com\/wp-content\/uploads\/2025\/01\/cf4a8994-1-300x169.jpg 300w, https:\/\/www.holenberg.com\/wp-content\/uploads\/2025\/01\/cf4a8994-1-1024x576.jpg 1024w, https:\/\/www.holenberg.com\/wp-content\/uploads\/2025\/01\/cf4a8994-1-768x432.jpg 768w, https:\/\/www.holenberg.com\/wp-content\/uploads\/2025\/01\/cf4a8994-1-800x450.jpg 800w\" sizes=\"auto, (max-width: 1280px) 100vw, 1280px\" \/>\n      <\/a>\n      <div class=\"hol-full-grid__item-container\">\n        <div class=\"hol-full-grid__item-content\">\n          <h2 class=\"mb-3 mb-md-4 h3\">Sommer<\/h2>\n<div class=\"cms-content mb-3 mb-md-4\">Die warmen Sommertage sind vielleicht die angenehmste Zeit, um in der Natur zu leben. Schl\u00e4fst du unter dem Glasdach oder unter dem freien Sternenhimmel? Hier findest du praktische Tipps f\u00fcr deinen Sommeraufenthalt.<\/div>\n<div><\/div>\n<div class=\"wp-block-button\"><a class=\"wp-block-button__link\" href=\"https:\/\/www.holenberg.com\/de\/mein-aufenthalt\/jahreszeit\/sommer\/\"><span class=\"wp-block-button__link-icon\" aria-hidden=\"true\"><svg width=\"6.846\" height=\"7.732\" viewBox=\"0 0 6.846 7.732\"><path d=\"M6.844 3.844a2.433 2.433 0 00-.42-.45Q3.646 1.746.85.123C.385-.149.015.042.015.573q-.028 3.285 0 6.571c0 .535.37.741.833.469q2.819-1.63 5.615-3.3c.137-.087.219-.276.383-.472z\" fill=\"currentColor\"><\/path><\/svg><\/span>Mehr erfahren<\/a><\/div>\n\n        <\/div>\n      <\/div>\n    <\/div><\/div>","protected":false},"excerpt":{"rendered":"Sobald du auf Holenberg ankommst, f\u00fchlt sich alles richtig an. Hier bist du zu Hause in der Natur. Auch wenn sich diese Verbundenheit ganz selbstverst\u00e4ndlich anf\u00fchlt \u2013 das Leben in und mit der Natur sind wir l\u00e4ngst nicht mehr gewohnt. Mit der richtigen Vorbereitung auf die jeweilige Jahreszeit wird dein Aufenthalt in der Natur zu [&hellip;]","protected":false},"author":1,"featured_media":0,"parent":1213,"menu_order":0,"comment_status":"closed","ping_status":"closed","template":"","meta":{"_acf_changed":false,"footnotes":""},"class_list":["post-1225","page","type-page","status-publish","hentry"],"acf":[],"yoast_head":"<!-- This site is optimized with the Yoast SEO plugin v27.3 - https:\/\/yoast.com\/product\/yoast-seo-wordpress\/ -->\n<title>Bereite dich auf die Jahreszeit vor - Holenberg<\/title>\n<meta name=\"description\" content=\"Ein Aufenthalt auf Holenberg ist ein Aufenthalt im Herzen der Natur. Bereite dich deshalb gut auf die jeweilige Jahreszeit vor.\" \/>\n<meta name=\"robots\" content=\"index, follow, max-snippet:-1, max-image-preview:large, max-video-preview:-1\" \/>\n<link rel=\"canonical\" href=\"https:\/\/www.holenberg.com\/de\/mein-aufenthalt\/jahreszeit\/\" \/>\n<meta property=\"og:locale\" content=\"de_DE\" \/>\n<meta property=\"og:type\" content=\"article\" \/>\n<meta property=\"og:title\" content=\"Bereite dich auf die Jahreszeit vor - Holenberg\" \/>\n<meta property=\"og:description\" content=\"Ein Aufenthalt auf Holenberg ist ein Aufenthalt im Herzen der Natur. Bereite dich deshalb gut auf die jeweilige Jahreszeit vor.\" \/>\n<meta property=\"og:url\" content=\"https:\/\/www.holenberg.com\/de\/mein-aufenthalt\/jahreszeit\/\" \/>\n<meta property=\"og:site_name\" content=\"Holenberg\" \/>\n<meta property=\"article:modified_time\" content=\"2025-06-05T07:05:05+00:00\" \/>\n<meta name=\"twitter:card\" content=\"summary_large_image\" \/>\n<meta name=\"twitter:label1\" content=\"Gesch\u00e4tzte Lesezeit\" \/>\n\t<meta name=\"twitter:data1\" content=\"1\u00a0Minute\" \/>\n<script type=\"application\/ld+json\" class=\"yoast-schema-graph\">{\"@context\":\"https:\\\/\\\/schema.org\",\"@graph\":[{\"@type\":\"WebPage\",\"@id\":\"https:\\\/\\\/www.holenberg.com\\\/de\\\/mein-aufenthalt\\\/jahreszeit\\\/\",\"url\":\"https:\\\/\\\/www.holenberg.com\\\/de\\\/mein-aufenthalt\\\/jahreszeit\\\/\",\"name\":\"Bereite dich auf die Jahreszeit vor - Holenberg\",\"isPartOf\":{\"@id\":\"https:\\\/\\\/www.holenberg.com\\\/de\\\/#website\"},\"datePublished\":\"2025-01-14T11:18:09+00:00\",\"dateModified\":\"2025-06-05T07:05:05+00:00\",\"description\":\"Ein Aufenthalt auf Holenberg ist ein Aufenthalt im Herzen der Natur. Bereite dich deshalb gut auf die jeweilige Jahreszeit vor.\",\"breadcrumb\":{\"@id\":\"https:\\\/\\\/www.holenberg.com\\\/de\\\/mein-aufenthalt\\\/jahreszeit\\\/#breadcrumb\"},\"inLanguage\":\"de\",\"potentialAction\":[{\"@type\":\"ReadAction\",\"target\":[\"https:\\\/\\\/www.holenberg.com\\\/de\\\/mein-aufenthalt\\\/jahreszeit\\\/\"]}]},{\"@type\":\"BreadcrumbList\",\"@id\":\"https:\\\/\\\/www.holenberg.com\\\/de\\\/mein-aufenthalt\\\/jahreszeit\\\/#breadcrumb\",\"itemListElement\":[{\"@type\":\"ListItem\",\"position\":1,\"name\":\"Home\",\"item\":\"https:\\\/\\\/www.holenberg.com\\\/de\\\/\"},{\"@type\":\"ListItem\",\"position\":2,\"name\":\"Mein Aufenthalt auf Holenberg\",\"item\":\"https:\\\/\\\/www.holenberg.com\\\/de\\\/mein-aufenthalt\\\/\"},{\"@type\":\"ListItem\",\"position\":3,\"name\":\"Bereite dich auf die Jahreszeit vor\"}]},{\"@type\":\"WebSite\",\"@id\":\"https:\\\/\\\/www.holenberg.com\\\/de\\\/#website\",\"url\":\"https:\\\/\\\/www.holenberg.com\\\/de\\\/\",\"name\":\"Holenberg\",\"description\":\"Home of ANNA\",\"potentialAction\":[{\"@type\":\"SearchAction\",\"target\":{\"@type\":\"EntryPoint\",\"urlTemplate\":\"https:\\\/\\\/www.holenberg.com\\\/de\\\/?s={search_term_string}\"},\"query-input\":{\"@type\":\"PropertyValueSpecification\",\"valueRequired\":true,\"valueName\":\"search_term_string\"}}],\"inLanguage\":\"de\"}]}<\/script>\n<!-- \/ Yoast SEO plugin. -->","yoast_head_json":{"title":"Bereite dich auf die Jahreszeit vor - Holenberg","description":"Ein Aufenthalt auf Holenberg ist ein Aufenthalt im Herzen der Natur. Bereite dich deshalb gut auf die jeweilige Jahreszeit vor.","robots":{"index":"index","follow":"follow","max-snippet":"max-snippet:-1","max-image-preview":"max-image-preview:large","max-video-preview":"max-video-preview:-1"},"canonical":"https:\/\/www.holenberg.com\/de\/mein-aufenthalt\/jahreszeit\/","og_locale":"de_DE","og_type":"article","og_title":"Bereite dich auf die Jahreszeit vor - Holenberg","og_description":"Ein Aufenthalt auf Holenberg ist ein Aufenthalt im Herzen der Natur. Bereite dich deshalb gut auf die jeweilige Jahreszeit vor.","og_url":"https:\/\/www.holenberg.com\/de\/mein-aufenthalt\/jahreszeit\/","og_site_name":"Holenberg","article_modified_time":"2025-06-05T07:05:05+00:00","twitter_card":"summary_large_image","twitter_misc":{"Gesch\u00e4tzte Lesezeit":"1\u00a0Minute"},"schema":{"@context":"https:\/\/schema.org","@graph":[{"@type":"WebPage","@id":"https:\/\/www.holenberg.com\/de\/mein-aufenthalt\/jahreszeit\/","url":"https:\/\/www.holenberg.com\/de\/mein-aufenthalt\/jahreszeit\/","name":"Bereite dich auf die Jahreszeit vor - Holenberg","isPartOf":{"@id":"https:\/\/www.holenberg.com\/de\/#website"},"datePublished":"2025-01-14T11:18:09+00:00","dateModified":"2025-06-05T07:05:05+00:00","description":"Ein Aufenthalt auf Holenberg ist ein Aufenthalt im Herzen der Natur. Bereite dich deshalb gut auf die jeweilige Jahreszeit vor.","breadcrumb":{"@id":"https:\/\/www.holenberg.com\/de\/mein-aufenthalt\/jahreszeit\/#breadcrumb"},"inLanguage":"de","potentialAction":[{"@type":"ReadAction","target":["https:\/\/www.holenberg.com\/de\/mein-aufenthalt\/jahreszeit\/"]}]},{"@type":"BreadcrumbList","@id":"https:\/\/www.holenberg.com\/de\/mein-aufenthalt\/jahreszeit\/#breadcrumb","itemListElement":[{"@type":"ListItem","position":1,"name":"Home","item":"https:\/\/www.holenberg.com\/de\/"},{"@type":"ListItem","position":2,"name":"Mein Aufenthalt auf Holenberg","item":"https:\/\/www.holenberg.com\/de\/mein-aufenthalt\/"},{"@type":"ListItem","position":3,"name":"Bereite dich auf die Jahreszeit vor"}]},{"@type":"WebSite","@id":"https:\/\/www.holenberg.com\/de\/#website","url":"https:\/\/www.holenberg.com\/de\/","name":"Holenberg","description":"Home of ANNA","potentialAction":[{"@type":"SearchAction","target":{"@type":"EntryPoint","urlTemplate":"https:\/\/www.holenberg.com\/de\/?s={search_term_string}"},"query-input":{"@type":"PropertyValueSpecification","valueRequired":true,"valueName":"search_term_string"}}],"inLanguage":"de"}]}},"_links":{"self":[{"href":"https:\/\/www.holenberg.com\/de\/wp-json\/wp\/v2\/pages\/1225","targetHints":{"allow":["GET"]}}],"collection":[{"href":"https:\/\/www.holenberg.com\/de\/wp-json\/wp\/v2\/pages"}],"about":[{"href":"https:\/\/www.holenberg.com\/de\/wp-json\/wp\/v2\/types\/page"}],"author":[{"embeddable":true,"href":"https:\/\/www.holenberg.com\/de\/wp-json\/wp\/v2\/users\/1"}],"replies":[{"embeddable":true,"href":"https:\/\/www.holenberg.com\/de\/wp-json\/wp\/v2\/comments?post=1225"}],"version-history":[{"count":4,"href":"https:\/\/www.holenberg.com\/de\/wp-json\/wp\/v2\/pages\/1225\/revisions"}],"predecessor-version":[{"id":1459,"href":"https:\/\/www.holenberg.com\/de\/wp-json\/wp\/v2\/pages\/1225\/revisions\/1459"}],"up":[{"embeddable":true,"href":"https:\/\/www.holenberg.com\/de\/wp-json\/wp\/v2\/pages\/1213"}],"wp:attachment":[{"href":"https:\/\/www.holenberg.com\/de\/wp-json\/wp\/v2\/media?parent=1225"}],"curies":[{"name":"wp","href":"https:\/\/api.w.org\/{rel}","templated":true}]}}