{"id":1213,"date":"2025-01-08T12:50:30","date_gmt":"2025-01-08T12:50:30","guid":{"rendered":"https:\/\/www.holenberg.com\/mijn-verblijf\/"},"modified":"2025-06-05T07:04:25","modified_gmt":"2025-06-05T07:04:25","slug":"mein-aufenthalt","status":"publish","type":"page","link":"https:\/\/www.holenberg.com\/de\/mein-aufenthalt\/","title":{"rendered":"Mein Aufenthalt auf Holenberg"},"content":{"rendered":"\n<h2 class=\"wp-block-heading has-text-align-center\">Die richtige Vorbereitung f\u00fcr einen angenehmen Aufenthalt<\/h2>\n\n\n\n<p class=\"has-text-align-center\">Bald ist es so weit \u2013 du verbringst schon bald Zeit in deiner eigenen Cabin ANNA auf Holenberg! Da ein Aufenthalt auf Holenberg manchmal etwas anders ist als gewohnt, empfehlen wir, die folgenden Informationen vorab durchzulesen. So bist du bestens vorbereitet auf dein Naturerlebnis.<\/p>\n\n\n\n<div style=\"height:8rem\" aria-hidden=\"true\" class=\"wp-block-spacer\"><\/div>\n\n\n\n<div class=\"wp-block-group has-beige-light-background-color has-background is-layout-flow wp-block-group-is-layout-flow\" style=\"margin-top:0;margin-bottom:0\">\n<h3 class=\"wp-block-heading has-text-align-center\">THEMA W\u00c4HLEN<\/h3>\n\n\n\n<div style=\"height:4rem\" aria-hidden=\"true\" class=\"wp-block-spacer\"><\/div>\n\n\n<div class=\"hol-grid\" style=\"--col-count: 2;\">\n  \n<div class=\"hol-grid-item\">\n  \n\n<figure class=\"wp-block-image size-full\"><a href=\"https:\/\/www.holenberg.com\/de\/mein-aufenthalt\/jahreszeit\/\"><span class=\"wp-block-button__link-icon\" aria-hidden=\"true\"><svg width=\"6.846\" height=\"7.732\" viewBox=\"0 0 6.846 7.732\"><path d=\"M6.844 3.844a2.433 2.433 0 00-.42-.45Q3.646 1.746.85.123C.385-.149.015.042.015.573q-.028 3.285 0 6.571c0 .535.37.741.833.469q2.819-1.63 5.615-3.3c.137-.087.219-.276.383-.472z\" fill=\"currentColor\"><\/path><\/svg><\/span><img loading=\"lazy\" decoding=\"async\" width=\"720\" height=\"405\" src=\"https:\/\/www.holenberg.com\/wp-content\/uploads\/2025\/01\/cdb-r6cb8610.jpg\" alt=\"\" class=\"wp-image-528\" srcset=\"https:\/\/www.holenberg.com\/wp-content\/uploads\/2025\/01\/cdb-r6cb8610.jpg 720w, https:\/\/www.holenberg.com\/wp-content\/uploads\/2025\/01\/cdb-r6cb8610-300x169.jpg 300w\" sizes=\"auto, (max-width: 720px) 100vw, 720px\" \/><\/a><\/figure>\n\n\n\n<div style=\"height:2rem\" aria-hidden=\"true\" class=\"wp-block-spacer\"><\/div>\n\n\n\n<h3 class=\"wp-block-heading has-text-align-center\"><strong>VORBEREITUNG AUF DIE JAHRESZEIT<\/strong><\/h3>\n\n\n\n<p>Jede Jahreszeit bringt ihre eigene Stimmung \u2013 aber auch ihre eigenen Anforderungen. Hier findest du Tipps und n\u00fctzliche Infos zur Vorbereitung auf dein gebuchtes Reisezeitfenster.<\/p>\n\n\n\n<div class=\"wp-block-buttons is-layout-flex wp-block-buttons-is-layout-flex\">\n<div class=\"wp-block-button is-round-button\"><a class=\"wp-block-button__link wp-element-button\" href=\"https:\/\/www.holenberg.com\/de\/mein-aufenthalt\/jahreszeit\/\"><span class=\"wp-block-button__link-icon\" aria-hidden=\"true\"><svg width=\"6.846\" height=\"7.732\" viewBox=\"0 0 6.846 7.732\"><path d=\"M6.844 3.844a2.433 2.433 0 00-.42-.45Q3.646 1.746.85.123C.385-.149.015.042.015.573q-.028 3.285 0 6.571c0 .535.37.741.833.469q2.819-1.63 5.615-3.3c.137-.087.219-.276.383-.472z\" fill=\"currentColor\"><\/path><\/svg><\/span>Mehr erfahren<\/a><\/div>\n<\/div>\n\n\n<\/div>\n\n<div class=\"hol-grid-item\">\n  \n\n<figure class=\"wp-block-image size-full\"><a href=\"https:\/\/www.holenberg.com\/de\/mein-aufenthalt\/praktische-informationen\/\"><span class=\"wp-block-button__link-icon\" aria-hidden=\"true\"><svg width=\"6.846\" height=\"7.732\" viewBox=\"0 0 6.846 7.732\"><path d=\"M6.844 3.844a2.433 2.433 0 00-.42-.45Q3.646 1.746.85.123C.385-.149.015.042.015.573q-.028 3.285 0 6.571c0 .535.37.741.833.469q2.819-1.63 5.615-3.3c.137-.087.219-.276.383-.472z\" fill=\"currentColor\"><\/path><\/svg><\/span><img loading=\"lazy\" decoding=\"async\" width=\"720\" height=\"405\" src=\"https:\/\/www.holenberg.com\/wp-content\/uploads\/2025\/01\/edit-sb-r5sb0110-bewerkt.jpg\" alt=\"\" class=\"wp-image-532\" srcset=\"https:\/\/www.holenberg.com\/wp-content\/uploads\/2025\/01\/edit-sb-r5sb0110-bewerkt.jpg 720w, https:\/\/www.holenberg.com\/wp-content\/uploads\/2025\/01\/edit-sb-r5sb0110-bewerkt-300x169.jpg 300w\" sizes=\"auto, (max-width: 720px) 100vw, 720px\" \/><\/a><\/figure>\n\n\n\n<div style=\"height:2rem\" aria-hidden=\"true\" class=\"wp-block-spacer\"><\/div>\n\n\n\n<h3 class=\"wp-block-heading has-text-align-center\"><strong>PRAKTISCHE INFORMATIONEN<\/strong><\/h3>\n\n\n\n<p>Alle Infos zu deiner Anreise, eine Gel\u00e4nde\u00fcbersicht, die Ausstattung der Cabin und Antworten auf h\u00e4ufig gestellte Fragen.<\/p>\n\n\n\n<div class=\"wp-block-buttons is-layout-flex wp-block-buttons-is-layout-flex\">\n<div class=\"wp-block-button is-round-button\"><a class=\"wp-block-button__link wp-element-button\" href=\"https:\/\/www.holenberg.com\/de\/mein-aufenthalt\/praktische-informationen\/\"><span class=\"wp-block-button__link-icon\" aria-hidden=\"true\"><svg width=\"6.846\" height=\"7.732\" viewBox=\"0 0 6.846 7.732\"><path d=\"M6.844 3.844a2.433 2.433 0 00-.42-.45Q3.646 1.746.85.123C.385-.149.015.042.015.573q-.028 3.285 0 6.571c0 .535.37.741.833.469q2.819-1.63 5.615-3.3c.137-.087.219-.276.383-.472z\" fill=\"currentColor\"><\/path><\/svg><\/span>Mehr erfahren<\/a><\/div>\n<\/div>\n\n\n<\/div>\n\n<div class=\"hol-grid-item\">\n  \n\n<figure class=\"wp-block-image size-full\"><a href=\"https:\/\/www.holenberg.com\/de\/aktivitaten\/\"><span class=\"wp-block-button__link-icon\" aria-hidden=\"true\"><svg width=\"6.846\" height=\"7.732\" viewBox=\"0 0 6.846 7.732\"><path d=\"M6.844 3.844a2.433 2.433 0 00-.42-.45Q3.646 1.746.85.123C.385-.149.015.042.015.573q-.028 3.285 0 6.571c0 .535.37.741.833.469q2.819-1.63 5.615-3.3c.137-.087.219-.276.383-.472z\" fill=\"currentColor\"><\/path><\/svg><\/span><img loading=\"lazy\" decoding=\"async\" width=\"720\" height=\"405\" src=\"https:\/\/www.holenberg.com\/wp-content\/uploads\/2025\/01\/huifkar.jpg\" alt=\"\" class=\"wp-image-534\" srcset=\"https:\/\/www.holenberg.com\/wp-content\/uploads\/2025\/01\/huifkar.jpg 720w, https:\/\/www.holenberg.com\/wp-content\/uploads\/2025\/01\/huifkar-300x169.jpg 300w\" sizes=\"auto, (max-width: 720px) 100vw, 720px\" \/><\/a><\/figure>\n\n\n\n<div style=\"height:32px\" aria-hidden=\"true\" class=\"wp-block-spacer\"><\/div>\n\n\n\n<h3 class=\"wp-block-heading has-text-align-center\"><strong>EINE AKTIVIT\u00c4T BUCHEN<\/strong><\/h3>\n\n\n\n<p>W\u00e4hrend deines Aufenthalts kannst du verschiedene Aktivit\u00e4ten unternehmen. Entdecke das Angebot und reserviere direkt f\u00fcr deinen Reisezeitraum.<\/p>\n\n\n\n<div class=\"wp-block-buttons is-layout-flex wp-block-buttons-is-layout-flex\">\n<div class=\"wp-block-button is-round-button\"><a class=\"wp-block-button__link wp-element-button\" href=\"https:\/\/www.holenberg.com\/de\/aktivitaten\/\"><span class=\"wp-block-button__link-icon\" aria-hidden=\"true\"><svg width=\"6.846\" height=\"7.732\" viewBox=\"0 0 6.846 7.732\"><path d=\"M6.844 3.844a2.433 2.433 0 00-.42-.45Q3.646 1.746.85.123C.385-.149.015.042.015.573q-.028 3.285 0 6.571c0 .535.37.741.833.469q2.819-1.63 5.615-3.3c.137-.087.219-.276.383-.472z\" fill=\"currentColor\"><\/path><\/svg><\/span>Mehr erfahren<\/a><\/div>\n<\/div>\n\n\n<\/div>\n\n<div class=\"hol-grid-item\">\n  \n\n<figure class=\"wp-block-image size-full\"><a href=\"https:\/\/www.holenberg.com\/de\/mein-aufenthalt\/essen\/\"><span class=\"wp-block-button__link-icon\" aria-hidden=\"true\"><svg width=\"6.846\" height=\"7.732\" viewBox=\"0 0 6.846 7.732\"><path d=\"M6.844 3.844a2.433 2.433 0 00-.42-.45Q3.646 1.746.85.123C.385-.149.015.042.015.573q-.028 3.285 0 6.571c0 .535.37.741.833.469q2.819-1.63 5.615-3.3c.137-.087.219-.276.383-.472z\" fill=\"currentColor\"><\/path><\/svg><\/span><img loading=\"lazy\" decoding=\"async\" width=\"720\" height=\"405\" src=\"https:\/\/www.holenberg.com\/wp-content\/uploads\/2025\/01\/dsf9866.jpg\" alt=\"\" class=\"wp-image-530\" srcset=\"https:\/\/www.holenberg.com\/wp-content\/uploads\/2025\/01\/dsf9866.jpg 720w, https:\/\/www.holenberg.com\/wp-content\/uploads\/2025\/01\/dsf9866-300x169.jpg 300w\" sizes=\"auto, (max-width: 720px) 100vw, 720px\" \/><\/a><\/figure>\n\n\n\n<div style=\"height:2rem\" aria-hidden=\"true\" class=\"wp-block-spacer\"><\/div>\n\n\n\n<h3 class=\"wp-block-heading has-text-align-center\"><strong>ESSEN IN DEINER ANNA<\/strong><\/h3>\n\n\n\n<p>Informiere dich \u00fcber die M\u00f6glichkeiten f\u00fcr Mittag- und Abendessen in deiner Cabin oder in der Umgebung. Reserviere vorab eine Mahlzeit oder einen Tisch im Restaurant.<\/p>\n\n\n\n<div class=\"wp-block-buttons is-layout-flex wp-block-buttons-is-layout-flex\">\n<div class=\"wp-block-button is-round-button\"><a class=\"wp-block-button__link wp-element-button\" href=\"https:\/\/www.holenberg.com\/de\/mein-aufenthalt\/essen\/\"><span class=\"wp-block-button__link-icon\" aria-hidden=\"true\"><svg width=\"6.846\" height=\"7.732\" viewBox=\"0 0 6.846 7.732\"><path d=\"M6.844 3.844a2.433 2.433 0 00-.42-.45Q3.646 1.746.85.123C.385-.149.015.042.015.573q-.028 3.285 0 6.571c0 .535.37.741.833.469q2.819-1.63 5.615-3.3c.137-.087.219-.276.383-.472z\" fill=\"currentColor\"><\/path><\/svg><\/span>Mehr erfahren<\/a><\/div>\n<\/div>\n\n\n<\/div>\n\n<\/div><\/div>\n\n\n\n<div class=\"wp-block-cover\" style=\"margin-top:0rem\"><img loading=\"lazy\" decoding=\"async\" width=\"2560\" height=\"1709\" class=\"wp-block-cover__image-background wp-image-526\" alt=\"\" src=\"https:\/\/www.holenberg.com\/wp-content\/uploads\/2025\/01\/tumbleweed-fireflies-photography-nachtje-cabin-anna-26.jpg\" data-object-fit=\"cover\" srcset=\"https:\/\/www.holenberg.com\/wp-content\/uploads\/2025\/01\/tumbleweed-fireflies-photography-nachtje-cabin-anna-26.jpg 2560w, https:\/\/www.holenberg.com\/wp-content\/uploads\/2025\/01\/tumbleweed-fireflies-photography-nachtje-cabin-anna-26-300x200.jpg 300w, https:\/\/www.holenberg.com\/wp-content\/uploads\/2025\/01\/tumbleweed-fireflies-photography-nachtje-cabin-anna-26-1024x684.jpg 1024w, https:\/\/www.holenberg.com\/wp-content\/uploads\/2025\/01\/tumbleweed-fireflies-photography-nachtje-cabin-anna-26-768x513.jpg 768w, https:\/\/www.holenberg.com\/wp-content\/uploads\/2025\/01\/tumbleweed-fireflies-photography-nachtje-cabin-anna-26-1536x1025.jpg 1536w, https:\/\/www.holenberg.com\/wp-content\/uploads\/2025\/01\/tumbleweed-fireflies-photography-nachtje-cabin-anna-26-2048x1367.jpg 2048w, https:\/\/www.holenberg.com\/wp-content\/uploads\/2025\/01\/tumbleweed-fireflies-photography-nachtje-cabin-anna-26-1872x1250.jpg 1872w, https:\/\/www.holenberg.com\/wp-content\/uploads\/2025\/01\/tumbleweed-fireflies-photography-nachtje-cabin-anna-26-800x534.jpg 800w\" sizes=\"auto, (max-width: 2560px) 100vw, 2560px\" \/><span aria-hidden=\"true\" class=\"wp-block-cover__background has-background-dim-0 has-background-dim\" style=\"background-color:#66675c\"><\/span><div class=\"wp-block-cover__inner-container is-layout-constrained wp-block-cover-is-layout-constrained\">\n<p class=\"has-text-align-center\"><\/p>\n<\/div><\/div>\n","protected":false},"excerpt":{"rendered":"Die richtige Vorbereitung f\u00fcr einen angenehmen Aufenthalt Bald ist es so weit \u2013 du verbringst schon bald Zeit in deiner eigenen Cabin ANNA auf Holenberg! Da ein Aufenthalt auf Holenberg manchmal etwas anders ist als gewohnt, empfehlen wir, die folgenden Informationen vorab durchzulesen. So bist du bestens vorbereitet auf dein Naturerlebnis. THEMA W\u00c4HLEN","protected":false},"author":1,"featured_media":0,"parent":0,"menu_order":0,"comment_status":"closed","ping_status":"closed","template":"","meta":{"_acf_changed":false,"footnotes":""},"class_list":["post-1213","page","type-page","status-publish","hentry"],"acf":[],"yoast_head":"<!-- This site is optimized with the Yoast SEO plugin v27.3 - https:\/\/yoast.com\/product\/yoast-seo-wordpress\/ -->\n<title>Mein Aufenthalt auf Holenberg - Holenberg<\/title>\n<meta name=\"description\" content=\"Entdecke hilfreiche Tipps und praktische Informationen \u2013 und bereite dich gut auf einen komfortablen Aufenthalt in der Natur vor.\" \/>\n<meta name=\"robots\" content=\"index, follow, max-snippet:-1, max-image-preview:large, max-video-preview:-1\" \/>\n<link rel=\"canonical\" href=\"https:\/\/www.holenberg.com\/de\/mein-aufenthalt\/\" \/>\n<meta property=\"og:locale\" content=\"de_DE\" \/>\n<meta property=\"og:type\" content=\"article\" \/>\n<meta property=\"og:title\" content=\"Mein Aufenthalt auf Holenberg - Holenberg\" \/>\n<meta property=\"og:description\" content=\"Entdecke hilfreiche Tipps und praktische Informationen \u2013 und bereite dich gut auf einen komfortablen Aufenthalt in der Natur vor.\" \/>\n<meta property=\"og:url\" content=\"https:\/\/www.holenberg.com\/de\/mein-aufenthalt\/\" \/>\n<meta property=\"og:site_name\" content=\"Holenberg\" \/>\n<meta property=\"article:modified_time\" content=\"2025-06-05T07:04:25+00:00\" \/>\n<meta property=\"og:image\" content=\"https:\/\/www.holenberg.com\/wp-content\/uploads\/2025\/01\/cdb-r6cb8610.jpg\" \/>\n\t<meta property=\"og:image:width\" content=\"720\" \/>\n\t<meta property=\"og:image:height\" content=\"405\" \/>\n\t<meta property=\"og:image:type\" content=\"image\/jpeg\" \/>\n<meta name=\"twitter:card\" content=\"summary_large_image\" \/>\n<meta name=\"twitter:label1\" content=\"Gesch\u00e4tzte Lesezeit\" \/>\n\t<meta name=\"twitter:data1\" content=\"2\u00a0Minuten\" \/>\n<script type=\"application\/ld+json\" class=\"yoast-schema-graph\">{\"@context\":\"https:\\\/\\\/schema.org\",\"@graph\":[{\"@type\":\"WebPage\",\"@id\":\"https:\\\/\\\/www.holenberg.com\\\/de\\\/mein-aufenthalt\\\/\",\"url\":\"https:\\\/\\\/www.holenberg.com\\\/de\\\/mein-aufenthalt\\\/\",\"name\":\"Mein Aufenthalt auf Holenberg - Holenberg\",\"isPartOf\":{\"@id\":\"https:\\\/\\\/www.holenberg.com\\\/de\\\/#website\"},\"primaryImageOfPage\":{\"@id\":\"https:\\\/\\\/www.holenberg.com\\\/de\\\/mein-aufenthalt\\\/#primaryimage\"},\"image\":{\"@id\":\"https:\\\/\\\/www.holenberg.com\\\/de\\\/mein-aufenthalt\\\/#primaryimage\"},\"thumbnailUrl\":\"https:\\\/\\\/www.holenberg.com\\\/wp-content\\\/uploads\\\/2025\\\/01\\\/cdb-r6cb8610.jpg\",\"datePublished\":\"2025-01-08T12:50:30+00:00\",\"dateModified\":\"2025-06-05T07:04:25+00:00\",\"description\":\"Entdecke hilfreiche Tipps und praktische Informationen \u2013 und bereite dich gut auf einen komfortablen Aufenthalt in der Natur vor.\",\"breadcrumb\":{\"@id\":\"https:\\\/\\\/www.holenberg.com\\\/de\\\/mein-aufenthalt\\\/#breadcrumb\"},\"inLanguage\":\"de\",\"potentialAction\":[{\"@type\":\"ReadAction\",\"target\":[\"https:\\\/\\\/www.holenberg.com\\\/de\\\/mein-aufenthalt\\\/\"]}]},{\"@type\":\"ImageObject\",\"inLanguage\":\"de\",\"@id\":\"https:\\\/\\\/www.holenberg.com\\\/de\\\/mein-aufenthalt\\\/#primaryimage\",\"url\":\"https:\\\/\\\/www.holenberg.com\\\/wp-content\\\/uploads\\\/2025\\\/01\\\/cdb-r6cb8610.jpg\",\"contentUrl\":\"https:\\\/\\\/www.holenberg.com\\\/wp-content\\\/uploads\\\/2025\\\/01\\\/cdb-r6cb8610.jpg\"},{\"@type\":\"BreadcrumbList\",\"@id\":\"https:\\\/\\\/www.holenberg.com\\\/de\\\/mein-aufenthalt\\\/#breadcrumb\",\"itemListElement\":[{\"@type\":\"ListItem\",\"position\":1,\"name\":\"Home\",\"item\":\"https:\\\/\\\/www.holenberg.com\\\/de\\\/\"},{\"@type\":\"ListItem\",\"position\":2,\"name\":\"Mein Aufenthalt auf Holenberg\"}]},{\"@type\":\"WebSite\",\"@id\":\"https:\\\/\\\/www.holenberg.com\\\/de\\\/#website\",\"url\":\"https:\\\/\\\/www.holenberg.com\\\/de\\\/\",\"name\":\"Holenberg\",\"description\":\"Home of ANNA\",\"potentialAction\":[{\"@type\":\"SearchAction\",\"target\":{\"@type\":\"EntryPoint\",\"urlTemplate\":\"https:\\\/\\\/www.holenberg.com\\\/de\\\/?s={search_term_string}\"},\"query-input\":{\"@type\":\"PropertyValueSpecification\",\"valueRequired\":true,\"valueName\":\"search_term_string\"}}],\"inLanguage\":\"de\"}]}<\/script>\n<!-- \/ Yoast SEO plugin. -->","yoast_head_json":{"title":"Mein Aufenthalt auf Holenberg - Holenberg","description":"Entdecke hilfreiche Tipps und praktische Informationen \u2013 und bereite dich gut auf einen komfortablen Aufenthalt in der Natur vor.","robots":{"index":"index","follow":"follow","max-snippet":"max-snippet:-1","max-image-preview":"max-image-preview:large","max-video-preview":"max-video-preview:-1"},"canonical":"https:\/\/www.holenberg.com\/de\/mein-aufenthalt\/","og_locale":"de_DE","og_type":"article","og_title":"Mein Aufenthalt auf Holenberg - Holenberg","og_description":"Entdecke hilfreiche Tipps und praktische Informationen \u2013 und bereite dich gut auf einen komfortablen Aufenthalt in der Natur vor.","og_url":"https:\/\/www.holenberg.com\/de\/mein-aufenthalt\/","og_site_name":"Holenberg","article_modified_time":"2025-06-05T07:04:25+00:00","og_image":[{"width":720,"height":405,"url":"https:\/\/www.holenberg.com\/wp-content\/uploads\/2025\/01\/cdb-r6cb8610.jpg","type":"image\/jpeg"}],"twitter_card":"summary_large_image","twitter_misc":{"Gesch\u00e4tzte Lesezeit":"2\u00a0Minuten"},"schema":{"@context":"https:\/\/schema.org","@graph":[{"@type":"WebPage","@id":"https:\/\/www.holenberg.com\/de\/mein-aufenthalt\/","url":"https:\/\/www.holenberg.com\/de\/mein-aufenthalt\/","name":"Mein Aufenthalt auf Holenberg - Holenberg","isPartOf":{"@id":"https:\/\/www.holenberg.com\/de\/#website"},"primaryImageOfPage":{"@id":"https:\/\/www.holenberg.com\/de\/mein-aufenthalt\/#primaryimage"},"image":{"@id":"https:\/\/www.holenberg.com\/de\/mein-aufenthalt\/#primaryimage"},"thumbnailUrl":"https:\/\/www.holenberg.com\/wp-content\/uploads\/2025\/01\/cdb-r6cb8610.jpg","datePublished":"2025-01-08T12:50:30+00:00","dateModified":"2025-06-05T07:04:25+00:00","description":"Entdecke hilfreiche Tipps und praktische Informationen \u2013 und bereite dich gut auf einen komfortablen Aufenthalt in der Natur vor.","breadcrumb":{"@id":"https:\/\/www.holenberg.com\/de\/mein-aufenthalt\/#breadcrumb"},"inLanguage":"de","potentialAction":[{"@type":"ReadAction","target":["https:\/\/www.holenberg.com\/de\/mein-aufenthalt\/"]}]},{"@type":"ImageObject","inLanguage":"de","@id":"https:\/\/www.holenberg.com\/de\/mein-aufenthalt\/#primaryimage","url":"https:\/\/www.holenberg.com\/wp-content\/uploads\/2025\/01\/cdb-r6cb8610.jpg","contentUrl":"https:\/\/www.holenberg.com\/wp-content\/uploads\/2025\/01\/cdb-r6cb8610.jpg"},{"@type":"BreadcrumbList","@id":"https:\/\/www.holenberg.com\/de\/mein-aufenthalt\/#breadcrumb","itemListElement":[{"@type":"ListItem","position":1,"name":"Home","item":"https:\/\/www.holenberg.com\/de\/"},{"@type":"ListItem","position":2,"name":"Mein Aufenthalt auf Holenberg"}]},{"@type":"WebSite","@id":"https:\/\/www.holenberg.com\/de\/#website","url":"https:\/\/www.holenberg.com\/de\/","name":"Holenberg","description":"Home of ANNA","potentialAction":[{"@type":"SearchAction","target":{"@type":"EntryPoint","urlTemplate":"https:\/\/www.holenberg.com\/de\/?s={search_term_string}"},"query-input":{"@type":"PropertyValueSpecification","valueRequired":true,"valueName":"search_term_string"}}],"inLanguage":"de"}]}},"_links":{"self":[{"href":"https:\/\/www.holenberg.com\/de\/wp-json\/wp\/v2\/pages\/1213","targetHints":{"allow":["GET"]}}],"collection":[{"href":"https:\/\/www.holenberg.com\/de\/wp-json\/wp\/v2\/pages"}],"about":[{"href":"https:\/\/www.holenberg.com\/de\/wp-json\/wp\/v2\/types\/page"}],"author":[{"embeddable":true,"href":"https:\/\/www.holenberg.com\/de\/wp-json\/wp\/v2\/users\/1"}],"replies":[{"embeddable":true,"href":"https:\/\/www.holenberg.com\/de\/wp-json\/wp\/v2\/comments?post=1213"}],"version-history":[{"count":9,"href":"https:\/\/www.holenberg.com\/de\/wp-json\/wp\/v2\/pages\/1213\/revisions"}],"predecessor-version":[{"id":1458,"href":"https:\/\/www.holenberg.com\/de\/wp-json\/wp\/v2\/pages\/1213\/revisions\/1458"}],"wp:attachment":[{"href":"https:\/\/www.holenberg.com\/de\/wp-json\/wp\/v2\/media?parent=1213"}],"curies":[{"name":"wp","href":"https:\/\/api.w.org\/{rel}","templated":true}]}}