{"id":1211,"date":"2025-01-14T10:11:02","date_gmt":"2025-01-14T10:11:02","guid":{"rendered":"https:\/\/www.holenberg.com\/mein-aufenthalt-biesbosch\/eten-biesbosch\/"},"modified":"2025-06-02T12:02:11","modified_gmt":"2025-06-02T12:02:11","slug":"essen-biesbosch","status":"publish","type":"page","link":"https:\/\/www.holenberg.com\/de\/mein-aufenthalt-biesbosch\/essen-biesbosch\/","title":{"rendered":"Restaurants"},"content":{"rendered":"\n<p class=\"has-text-align-center\">ANNA ist mit einer gut ausgestatteten K\u00fcche versehen \u2013 und auf dem Holzofen l\u00e4sst sich wunderbar kochen. Wenn du dich aber lieber verw\u00f6hnen l\u00e4sst, geben wir dir gern ein paar Empfehlungen. Hier findest du eine Auswahl besonderer Restaurants in der Umgebung.<\/p>\n\n\n\n<div class=\"wp-block-group is-small is-layout-constrained wp-block-group-is-layout-constrained\">\n<p><strong>Het Magazijn, Dordrecht<\/strong><br>Restaurant, Concept Stores und Kunstausleihe unter einem Dach. Restaurant Het Magazijn ist ein Ort, an dem Einfachheit, Gastfreundschaft und eine entspannte Atmosph\u00e4re im Mittelpunkt stehen. Lust auf einen Besuch im gr\u00fcnen Innenhof?<\/p>\n\n\n\n<p><strong>Huiskamercaf\u00e9 fluitekruid, Dordrecht&nbsp;<\/strong><br>Nimm die kleine F\u00e4hre nach Dordrecht und mach es dir auf der gem\u00fctlichen Terrasse dieses Caf\u00e9s bequem. Bei schlechtem Wetter kannst du auch drinnen sitzen und dort hausgemachten Kuchen, ein vegetarisches Mittagessen oder ein gutes Getr\u00e4nk genie\u00dfen.<\/p>\n\n\n\n<p><strong>Herberg de kop van \u2019t Land, Dordrecht&nbsp;<\/strong><br>Am Rande der Biesbosch liegt das kleine Restaurant Herberg De Kop van \u2019t Land. Hier wird ausschlie\u00dflich vegetarisch \u2013 ohne Fleisch und Fisch \u2013 gekocht, mit einem starken Fokus auf Nachhaltigkeit und minimaler Verschwendung. Es gibt nur ein \u00dcberraschungsmen\u00fc, individuelle W\u00fcnsche sollten im Voraus angegeben werden. Die \u00dcberfahrt mit der F\u00e4hre ist einfach, aber beachte: Abends fahren die Boote seltener, f\u00fcr den R\u00fcckweg musst du unter Umst\u00e4nden mit dem Auto einen Umweg machen.<\/p>\n\n\n\n<p><strong>Villa Augustus, Dordrecht&nbsp;<\/strong><br>Mitten im Gem\u00fcsegarten, im ehemaligen Pumpenhaus, befindet sich das Restaurant von Villa Augustus. Obst, Gem\u00fcse und Kr\u00e4uter kommen direkt nach der Ernte in die K\u00fcche \u2013 und landen frisch auf deinem Teller. Gekocht wird t\u00e4glich im Holzofen.<\/p>\n\n\n\n<p><strong>Fort Altena, Werkendam&nbsp;<\/strong><br>Fort Altena ist Teil der Neuen Holl\u00e4ndischen Wasserlinie und diente einst dem Schutz der Festung Holland. Heute befindet sich darin eine stilvolle Brasserie.<\/p>\n\n\n\n<p><strong>SIS Lunch Boutique, Werkendam<\/strong><br>Lass dich vom freundlichen Team der SIS Lunch Boutique verw\u00f6hnen \u2013 mit hausgemachtem Kuchen, frischen Smoothies und einem Fr\u00fchst\u00fccksbuffet am Samstagmorgen. Ein echter Genuss! SIS bietet auch Speisen zum Mitnehmen an.<\/p>\n\n\n\n<p><strong>Stoute Karel, Gorinchem&nbsp;<\/strong><br>An einem wundersch\u00f6nen Ort direkt an der Merwede gelegen. Ideal f\u00fcr einen entspannten Drink mit Ausblick aufs Wasser.<\/p>\n<\/div>\n\n\n\n<p><\/p>\n","protected":false},"excerpt":{"rendered":"ANNA ist mit einer gut ausgestatteten K\u00fcche versehen \u2013 und auf dem Holzofen l\u00e4sst sich wunderbar kochen. Wenn du dich aber lieber verw\u00f6hnen l\u00e4sst, geben wir dir gern ein paar Empfehlungen. Hier findest du eine Auswahl besonderer Restaurants in der Umgebung. Het Magazijn, DordrechtRestaurant, Concept Stores und Kunstausleihe unter einem Dach. Restaurant Het Magazijn ist [&hellip;]","protected":false},"author":1,"featured_media":0,"parent":1188,"menu_order":0,"comment_status":"closed","ping_status":"closed","template":"","meta":{"_acf_changed":false,"footnotes":""},"class_list":["post-1211","page","type-page","status-publish","hentry"],"acf":[],"yoast_head":"<!-- This site is optimized with the Yoast SEO plugin v27.3 - https:\/\/yoast.com\/product\/yoast-seo-wordpress\/ -->\n<title>Eten in ANNA Biesbosch - Holenberg<\/title>\n<meta name=\"robots\" content=\"index, follow, max-snippet:-1, max-image-preview:large, max-video-preview:-1\" \/>\n<link rel=\"canonical\" href=\"https:\/\/www.holenberg.com\/de\/mein-aufenthalt-biesbosch\/essen-biesbosch\/\" \/>\n<meta property=\"og:locale\" content=\"de_DE\" \/>\n<meta property=\"og:type\" content=\"article\" \/>\n<meta property=\"og:title\" content=\"Eten in ANNA Biesbosch - Holenberg\" \/>\n<meta property=\"og:description\" content=\"ANNA ist mit einer gut ausgestatteten K\u00fcche versehen \u2013 und auf dem Holzofen l\u00e4sst sich wunderbar kochen. Wenn du dich aber lieber verw\u00f6hnen l\u00e4sst, geben wir dir gern ein paar Empfehlungen. Hier findest du eine Auswahl besonderer Restaurants in der Umgebung. Het Magazijn, DordrechtRestaurant, Concept Stores und Kunstausleihe unter einem Dach. Restaurant Het Magazijn ist [&hellip;]\" \/>\n<meta property=\"og:url\" content=\"https:\/\/www.holenberg.com\/de\/mein-aufenthalt-biesbosch\/essen-biesbosch\/\" \/>\n<meta property=\"og:site_name\" content=\"Holenberg\" \/>\n<meta property=\"article:modified_time\" content=\"2025-06-02T12:02:11+00:00\" \/>\n<meta name=\"twitter:card\" content=\"summary_large_image\" \/>\n<meta name=\"twitter:label1\" content=\"Gesch\u00e4tzte Lesezeit\" \/>\n\t<meta name=\"twitter:data1\" content=\"2\u00a0Minuten\" \/>\n<script type=\"application\/ld+json\" class=\"yoast-schema-graph\">{\"@context\":\"https:\\\/\\\/schema.org\",\"@graph\":[{\"@type\":\"WebPage\",\"@id\":\"https:\\\/\\\/www.holenberg.com\\\/de\\\/mein-aufenthalt-biesbosch\\\/essen-biesbosch\\\/\",\"url\":\"https:\\\/\\\/www.holenberg.com\\\/de\\\/mein-aufenthalt-biesbosch\\\/essen-biesbosch\\\/\",\"name\":\"Eten in ANNA Biesbosch - Holenberg\",\"isPartOf\":{\"@id\":\"https:\\\/\\\/www.holenberg.com\\\/de\\\/#website\"},\"datePublished\":\"2025-01-14T10:11:02+00:00\",\"dateModified\":\"2025-06-02T12:02:11+00:00\",\"breadcrumb\":{\"@id\":\"https:\\\/\\\/www.holenberg.com\\\/de\\\/mein-aufenthalt-biesbosch\\\/essen-biesbosch\\\/#breadcrumb\"},\"inLanguage\":\"de\",\"potentialAction\":[{\"@type\":\"ReadAction\",\"target\":[\"https:\\\/\\\/www.holenberg.com\\\/de\\\/mein-aufenthalt-biesbosch\\\/essen-biesbosch\\\/\"]}]},{\"@type\":\"BreadcrumbList\",\"@id\":\"https:\\\/\\\/www.holenberg.com\\\/de\\\/mein-aufenthalt-biesbosch\\\/essen-biesbosch\\\/#breadcrumb\",\"itemListElement\":[{\"@type\":\"ListItem\",\"position\":1,\"name\":\"Home\",\"item\":\"https:\\\/\\\/www.holenberg.com\\\/de\\\/\"},{\"@type\":\"ListItem\",\"position\":2,\"name\":\"Mein Aufenthalt in De Biesbosch\",\"item\":\"https:\\\/\\\/www.holenberg.com\\\/de\\\/mein-aufenthalt-biesbosch\\\/\"},{\"@type\":\"ListItem\",\"position\":3,\"name\":\"Restaurants\"}]},{\"@type\":\"WebSite\",\"@id\":\"https:\\\/\\\/www.holenberg.com\\\/de\\\/#website\",\"url\":\"https:\\\/\\\/www.holenberg.com\\\/de\\\/\",\"name\":\"Holenberg\",\"description\":\"Home of ANNA\",\"potentialAction\":[{\"@type\":\"SearchAction\",\"target\":{\"@type\":\"EntryPoint\",\"urlTemplate\":\"https:\\\/\\\/www.holenberg.com\\\/de\\\/?s={search_term_string}\"},\"query-input\":{\"@type\":\"PropertyValueSpecification\",\"valueRequired\":true,\"valueName\":\"search_term_string\"}}],\"inLanguage\":\"de\"}]}<\/script>\n<!-- \/ Yoast SEO plugin. -->","yoast_head_json":{"title":"Eten in ANNA Biesbosch - Holenberg","robots":{"index":"index","follow":"follow","max-snippet":"max-snippet:-1","max-image-preview":"max-image-preview:large","max-video-preview":"max-video-preview:-1"},"canonical":"https:\/\/www.holenberg.com\/de\/mein-aufenthalt-biesbosch\/essen-biesbosch\/","og_locale":"de_DE","og_type":"article","og_title":"Eten in ANNA Biesbosch - Holenberg","og_description":"ANNA ist mit einer gut ausgestatteten K\u00fcche versehen \u2013 und auf dem Holzofen l\u00e4sst sich wunderbar kochen. Wenn du dich aber lieber verw\u00f6hnen l\u00e4sst, geben wir dir gern ein paar Empfehlungen. Hier findest du eine Auswahl besonderer Restaurants in der Umgebung. Het Magazijn, DordrechtRestaurant, Concept Stores und Kunstausleihe unter einem Dach. Restaurant Het Magazijn ist [&hellip;]","og_url":"https:\/\/www.holenberg.com\/de\/mein-aufenthalt-biesbosch\/essen-biesbosch\/","og_site_name":"Holenberg","article_modified_time":"2025-06-02T12:02:11+00:00","twitter_card":"summary_large_image","twitter_misc":{"Gesch\u00e4tzte Lesezeit":"2\u00a0Minuten"},"schema":{"@context":"https:\/\/schema.org","@graph":[{"@type":"WebPage","@id":"https:\/\/www.holenberg.com\/de\/mein-aufenthalt-biesbosch\/essen-biesbosch\/","url":"https:\/\/www.holenberg.com\/de\/mein-aufenthalt-biesbosch\/essen-biesbosch\/","name":"Eten in ANNA Biesbosch - Holenberg","isPartOf":{"@id":"https:\/\/www.holenberg.com\/de\/#website"},"datePublished":"2025-01-14T10:11:02+00:00","dateModified":"2025-06-02T12:02:11+00:00","breadcrumb":{"@id":"https:\/\/www.holenberg.com\/de\/mein-aufenthalt-biesbosch\/essen-biesbosch\/#breadcrumb"},"inLanguage":"de","potentialAction":[{"@type":"ReadAction","target":["https:\/\/www.holenberg.com\/de\/mein-aufenthalt-biesbosch\/essen-biesbosch\/"]}]},{"@type":"BreadcrumbList","@id":"https:\/\/www.holenberg.com\/de\/mein-aufenthalt-biesbosch\/essen-biesbosch\/#breadcrumb","itemListElement":[{"@type":"ListItem","position":1,"name":"Home","item":"https:\/\/www.holenberg.com\/de\/"},{"@type":"ListItem","position":2,"name":"Mein Aufenthalt in De Biesbosch","item":"https:\/\/www.holenberg.com\/de\/mein-aufenthalt-biesbosch\/"},{"@type":"ListItem","position":3,"name":"Restaurants"}]},{"@type":"WebSite","@id":"https:\/\/www.holenberg.com\/de\/#website","url":"https:\/\/www.holenberg.com\/de\/","name":"Holenberg","description":"Home of ANNA","potentialAction":[{"@type":"SearchAction","target":{"@type":"EntryPoint","urlTemplate":"https:\/\/www.holenberg.com\/de\/?s={search_term_string}"},"query-input":{"@type":"PropertyValueSpecification","valueRequired":true,"valueName":"search_term_string"}}],"inLanguage":"de"}]}},"_links":{"self":[{"href":"https:\/\/www.holenberg.com\/de\/wp-json\/wp\/v2\/pages\/1211","targetHints":{"allow":["GET"]}}],"collection":[{"href":"https:\/\/www.holenberg.com\/de\/wp-json\/wp\/v2\/pages"}],"about":[{"href":"https:\/\/www.holenberg.com\/de\/wp-json\/wp\/v2\/types\/page"}],"author":[{"embeddable":true,"href":"https:\/\/www.holenberg.com\/de\/wp-json\/wp\/v2\/users\/1"}],"replies":[{"embeddable":true,"href":"https:\/\/www.holenberg.com\/de\/wp-json\/wp\/v2\/comments?post=1211"}],"version-history":[{"count":1,"href":"https:\/\/www.holenberg.com\/de\/wp-json\/wp\/v2\/pages\/1211\/revisions"}],"predecessor-version":[{"id":1212,"href":"https:\/\/www.holenberg.com\/de\/wp-json\/wp\/v2\/pages\/1211\/revisions\/1212"}],"up":[{"embeddable":true,"href":"https:\/\/www.holenberg.com\/de\/wp-json\/wp\/v2\/pages\/1188"}],"wp:attachment":[{"href":"https:\/\/www.holenberg.com\/de\/wp-json\/wp\/v2\/media?parent=1211"}],"curies":[{"name":"wp","href":"https:\/\/api.w.org\/{rel}","templated":true}]}}