{"id":1204,"date":"2025-01-14T12:53:41","date_gmt":"2025-01-14T12:53:41","guid":{"rendered":"https:\/\/www.holenberg.com\/mein-aufenthalt-biesbosch\/ontdek-de-biesbosch\/"},"modified":"2025-06-04T12:39:40","modified_gmt":"2025-06-04T12:39:40","slug":"entdecke-de-biesbosch","status":"publish","type":"page","link":"https:\/\/www.holenberg.com\/de\/mein-aufenthalt-biesbosch\/entdecke-de-biesbosch\/","title":{"rendered":"Entdecke De Biesbosch"},"content":{"rendered":"\n<p class=\"has-text-align-center\">Der Nationalpark De Biesbosch ist ein gesch\u00fctztes Naturgebiet und das gr\u00f6\u00dfte S\u00fc\u00dfwasser-Gezeitengebiet Europas. Dieser einzigartige Ort bietet dir unz\u00e4hlige M\u00f6glichkeiten, die lokale Flora und Fauna zu entdecken \u2013 und dich von der Natur inspirieren zu lassen.<\/p>\n\n\n\n<div class=\"wp-block-group is-small is-layout-constrained wp-block-group-is-layout-constrained\">\n<h4 class=\"wp-block-heading\"><strong><strong>Schwimmen bei ANNA Biesbosch<\/strong><\/strong><\/h4>\n\n\n\n<p>ANNA Biesbosch ist von Wasser umgeben. Direkt vor der Cabin befindet sich das Revier des Bibers \u2013 hier darfst du nicht schwimmen. M\u00f6chtest du dich erfrischen? Auf zwemwater.nl findest du die n\u00e4chstgelegenen offiziellen Badestellen und Informationen zur Wasserqualit\u00e4t. Suchst du einen Platz n\u00e4her bei der Cabin? Folge dem kleinen Trampelpfad bis zur Spitze der Halbinsel, bleibe links von der Bojenlinie \u2013 dort kannst du wunderbar schwimmen. Bitte beachte: Dies ist keine offizielle Badestelle. Das Schwimmen dort erfolgt auf eigene Verantwortung.<\/p>\n\n\n\n<p><a href=\"https:\/\/www.zwemwater.nl\/\"><span class=\"wp-block-button__link-icon\" aria-hidden=\"true\"><svg width=\"6.846\" height=\"7.732\" viewBox=\"0 0 6.846 7.732\"><path d=\"M6.844 3.844a2.433 2.433 0 00-.42-.45Q3.646 1.746.85.123C.385-.149.015.042.015.573q-.028 3.285 0 6.571c0 .535.37.741.833.469q2.819-1.63 5.615-3.3c.137-.087.219-.276.383-.472z\" fill=\"currentColor\"><\/path><\/svg><\/span>zwemwater.nl<\/a><\/p>\n\n\n\n<h4 class=\"wp-block-heading\"><strong><strong>Kanufahren ab ANNA Biesbosch<\/strong><\/strong><\/h4>\n\n\n\n<p>Vom Wasser aus erlebst du De Biesbosch ganz intensiv. F\u00fchle dich wie in einem Dschungel \u2013 mit engen, kurvigen Wasserwegen und \u00fcberh\u00e4ngenden \u00c4sten. Paddel durch eine weite, wilde Landschaft mit gro\u00dfen Kan\u00e4len, Schilfinseln und offenen Wasserfl\u00e4chen mit breiten Schilfg\u00fcrteln. Es gibt Routen f\u00fcr Anf\u00e4nger und Fortgeschrittene \u2013 von 2 Stunden bis zu einem ganzen Tag. W\u00e4hrend deines Aufenthalts in Cabin ANNA steht dir ein Canadier-Kanu zur Verf\u00fcgung.<\/p>\n\n\n\n<p>Es liegt am Steg gegen\u00fcber der Cabin und muss immer abgeschlossen werden. Das Zahlenschloss l\u00e4sst sich mit dem gleichen Code wie f\u00fcr die Schranke MALTHA und den Holzschuppen \u00f6ffnen. Die Paddel befinden sich im Technikraum. In der K\u00fcchenschrank-Garderobe findest du Schwimmwesten und ein wasserdichtes Tonnengef\u00e4\u00df f\u00fcr deine pers\u00f6nlichen Gegenst\u00e4nde. Die Nutzung des Kanus erfolgt auf eigene Verantwortung. In einem Notfall w\u00e4hle 112.<\/p>\n\n\n\n<h4 class=\"wp-block-heading\"><strong><strong>Wandern ab ANNA Biesbosch<\/strong><\/strong><\/h4>\n\n\n\n<p>Von einem kurzen Spaziergang \u00fcber befestigte Wege bis hin zu ausgedehnten Touren durch sumpfiges Feuchtgebiet \u2013 von Uferwegen entlang dicht bewachsener Kan\u00e4le bis hin zu Wiesen mit Wiesenv\u00f6geln oder \u00fcber schmale Deiche mit naturbelassenen Pfaden: Wandern in De Biesbosch ist ein Erlebnis!<\/p>\n\n\n\n<p>Der Weg von der Schranke bis zu Cabin ANNA Biesbosch ist ca. 1,5 Kilometer lang. Geh einfach mal gem\u00fctlich hin und zur\u00fcck \u2013 und genie\u00dfe die Umgebung. Im Polder Maltha lassen sich das ganze Jahr \u00fcber viele besondere Vogelarten beobachten. In etwa 3,5 Kilometer Entfernung liegt die Museumsinsel, von wo aus viele sch\u00f6ne Wanderrouten starten. Wusstest du, dass man auch gef\u00fchrte Wanderungen buchen kann? Oder dass du von der Museumsinsel mit einem Fl\u00fcsterboot die Biesbosch vom Wasser aus erleben kannst? Schau f\u00fcr aktuelle Angebote auf der Website der <a href=\"https:\/\/www.biesboschmuseumeiland.nl\/\"><span class=\"wp-block-button__link-icon\" aria-hidden=\"true\"><svg width=\"6.846\" height=\"7.732\" viewBox=\"0 0 6.846 7.732\"><path d=\"M6.844 3.844a2.433 2.433 0 00-.42-.45Q3.646 1.746.85.123C.385-.149.015.042.015.573q-.028 3.285 0 6.571c0 .535.37.741.833.469q2.819-1.63 5.615-3.3c.137-.087.219-.276.383-.472z\" fill=\"currentColor\"><\/path><\/svg><\/span>Museumsinsel<\/a> nach.<\/p>\n\n\n\n<p><a href=\"https:\/\/www.beleefdebiesbosch.nl\/zien-doen\/wandelen\"><span class=\"wp-block-button__link-icon\" aria-hidden=\"true\"><svg width=\"6.846\" height=\"7.732\" viewBox=\"0 0 6.846 7.732\"><path d=\"M6.844 3.844a2.433 2.433 0 00-.42-.45Q3.646 1.746.85.123C.385-.149.015.042.015.573q-.028 3.285 0 6.571c0 .535.37.741.833.469q2.819-1.63 5.615-3.3c.137-.087.219-.276.383-.472z\" fill=\"currentColor\"><\/path><\/svg><\/span>Wandern in De Biesbosch<\/a><\/p>\n\n\n\n<h4 class=\"wp-block-heading\"><strong><strong>Erlebe De Biesbosch<\/strong><\/strong><\/h4>\n\n\n\n<p>In De Biesbosch gibt es so viel zu <s>tun<\/s> erleben, dass die Wahl manchmal schwerf\u00e4llt. Auf der Website von Beleef De Biesbosch findest du alle Tipps auf einen Blick \u2013 von Wasseraktivit\u00e4ten f\u00fcr echte Wasserratten bis hin zu gef\u00fchrten Exkursionen, bei denen du alles \u00fcber das Gebiet lernen kannst. Besuche ein Fort, tauche mit Hilfe von Rangern und Gastgebern in die Geschichte der Biesbosch ein oder schau dir eine Ausstellung an. Was auch immer du planst \u2013 es gibt ganz sicher eine Aktivit\u00e4t, die zu dir passt!<\/p>\n\n\n\n<p><a href=\"https:\/\/www.holenberg.com\/de\/aktivitaten-biesbosch\/\"><span class=\"wp-block-button__link-icon\" aria-hidden=\"true\"><svg width=\"6.846\" height=\"7.732\" viewBox=\"0 0 6.846 7.732\"><path d=\"M6.844 3.844a2.433 2.433 0 00-.42-.45Q3.646 1.746.85.123C.385-.149.015.042.015.573q-.028 3.285 0 6.571c0 .535.37.741.833.469q2.819-1.63 5.615-3.3c.137-.087.219-.276.383-.472z\" fill=\"currentColor\"><\/path><\/svg><\/span>Weitere Aktivit\u00e4ten<\/a><\/p>\n<\/div>\n","protected":false},"excerpt":{"rendered":"Der Nationalpark De Biesbosch ist ein gesch\u00fctztes Naturgebiet und das gr\u00f6\u00dfte S\u00fc\u00dfwasser-Gezeitengebiet Europas. Dieser einzigartige Ort bietet dir unz\u00e4hlige M\u00f6glichkeiten, die lokale Flora und Fauna zu entdecken \u2013 und dich von der Natur inspirieren zu lassen. Schwimmen bei ANNA Biesbosch ANNA Biesbosch ist von Wasser umgeben. Direkt vor der Cabin befindet sich das Revier des [&hellip;]","protected":false},"author":1,"featured_media":0,"parent":1188,"menu_order":0,"comment_status":"closed","ping_status":"closed","template":"","meta":{"_acf_changed":false,"footnotes":""},"class_list":["post-1204","page","type-page","status-publish","hentry"],"acf":[],"yoast_head":"<!-- This site is optimized with the Yoast SEO plugin v27.3 - https:\/\/yoast.com\/product\/yoast-seo-wordpress\/ -->\n<title>Entdecke De Biesbosch - Holenberg<\/title>\n<meta name=\"robots\" content=\"index, follow, max-snippet:-1, max-image-preview:large, max-video-preview:-1\" \/>\n<link rel=\"canonical\" href=\"https:\/\/www.holenberg.com\/de\/mein-aufenthalt-biesbosch\/entdecke-de-biesbosch\/\" \/>\n<meta property=\"og:locale\" content=\"de_DE\" \/>\n<meta property=\"og:type\" content=\"article\" \/>\n<meta property=\"og:title\" content=\"Entdecke De Biesbosch - Holenberg\" \/>\n<meta property=\"og:description\" content=\"Der Nationalpark De Biesbosch ist ein gesch\u00fctztes Naturgebiet und das gr\u00f6\u00dfte S\u00fc\u00dfwasser-Gezeitengebiet Europas. Dieser einzigartige Ort bietet dir unz\u00e4hlige M\u00f6glichkeiten, die lokale Flora und Fauna zu entdecken \u2013 und dich von der Natur inspirieren zu lassen. Schwimmen bei ANNA Biesbosch ANNA Biesbosch ist von Wasser umgeben. Direkt vor der Cabin befindet sich das Revier des [&hellip;]\" \/>\n<meta property=\"og:url\" content=\"https:\/\/www.holenberg.com\/de\/mein-aufenthalt-biesbosch\/entdecke-de-biesbosch\/\" \/>\n<meta property=\"og:site_name\" content=\"Holenberg\" \/>\n<meta property=\"article:modified_time\" content=\"2025-06-04T12:39:40+00:00\" \/>\n<meta name=\"twitter:card\" content=\"summary_large_image\" \/>\n<meta name=\"twitter:label1\" content=\"Gesch\u00e4tzte Lesezeit\" \/>\n\t<meta name=\"twitter:data1\" content=\"3\u00a0Minuten\" \/>\n<script type=\"application\/ld+json\" class=\"yoast-schema-graph\">{\"@context\":\"https:\\\/\\\/schema.org\",\"@graph\":[{\"@type\":\"WebPage\",\"@id\":\"https:\\\/\\\/www.holenberg.com\\\/de\\\/mein-aufenthalt-biesbosch\\\/entdecke-de-biesbosch\\\/\",\"url\":\"https:\\\/\\\/www.holenberg.com\\\/de\\\/mein-aufenthalt-biesbosch\\\/entdecke-de-biesbosch\\\/\",\"name\":\"Entdecke De Biesbosch - Holenberg\",\"isPartOf\":{\"@id\":\"https:\\\/\\\/www.holenberg.com\\\/de\\\/#website\"},\"datePublished\":\"2025-01-14T12:53:41+00:00\",\"dateModified\":\"2025-06-04T12:39:40+00:00\",\"breadcrumb\":{\"@id\":\"https:\\\/\\\/www.holenberg.com\\\/de\\\/mein-aufenthalt-biesbosch\\\/entdecke-de-biesbosch\\\/#breadcrumb\"},\"inLanguage\":\"de\",\"potentialAction\":[{\"@type\":\"ReadAction\",\"target\":[\"https:\\\/\\\/www.holenberg.com\\\/de\\\/mein-aufenthalt-biesbosch\\\/entdecke-de-biesbosch\\\/\"]}]},{\"@type\":\"BreadcrumbList\",\"@id\":\"https:\\\/\\\/www.holenberg.com\\\/de\\\/mein-aufenthalt-biesbosch\\\/entdecke-de-biesbosch\\\/#breadcrumb\",\"itemListElement\":[{\"@type\":\"ListItem\",\"position\":1,\"name\":\"Home\",\"item\":\"https:\\\/\\\/www.holenberg.com\\\/de\\\/\"},{\"@type\":\"ListItem\",\"position\":2,\"name\":\"Mein Aufenthalt in De Biesbosch\",\"item\":\"https:\\\/\\\/www.holenberg.com\\\/de\\\/mein-aufenthalt-biesbosch\\\/\"},{\"@type\":\"ListItem\",\"position\":3,\"name\":\"Entdecke De Biesbosch\"}]},{\"@type\":\"WebSite\",\"@id\":\"https:\\\/\\\/www.holenberg.com\\\/de\\\/#website\",\"url\":\"https:\\\/\\\/www.holenberg.com\\\/de\\\/\",\"name\":\"Holenberg\",\"description\":\"Home of ANNA\",\"potentialAction\":[{\"@type\":\"SearchAction\",\"target\":{\"@type\":\"EntryPoint\",\"urlTemplate\":\"https:\\\/\\\/www.holenberg.com\\\/de\\\/?s={search_term_string}\"},\"query-input\":{\"@type\":\"PropertyValueSpecification\",\"valueRequired\":true,\"valueName\":\"search_term_string\"}}],\"inLanguage\":\"de\"}]}<\/script>\n<!-- \/ Yoast SEO plugin. -->","yoast_head_json":{"title":"Entdecke De Biesbosch - Holenberg","robots":{"index":"index","follow":"follow","max-snippet":"max-snippet:-1","max-image-preview":"max-image-preview:large","max-video-preview":"max-video-preview:-1"},"canonical":"https:\/\/www.holenberg.com\/de\/mein-aufenthalt-biesbosch\/entdecke-de-biesbosch\/","og_locale":"de_DE","og_type":"article","og_title":"Entdecke De Biesbosch - Holenberg","og_description":"Der Nationalpark De Biesbosch ist ein gesch\u00fctztes Naturgebiet und das gr\u00f6\u00dfte S\u00fc\u00dfwasser-Gezeitengebiet Europas. Dieser einzigartige Ort bietet dir unz\u00e4hlige M\u00f6glichkeiten, die lokale Flora und Fauna zu entdecken \u2013 und dich von der Natur inspirieren zu lassen. Schwimmen bei ANNA Biesbosch ANNA Biesbosch ist von Wasser umgeben. Direkt vor der Cabin befindet sich das Revier des [&hellip;]","og_url":"https:\/\/www.holenberg.com\/de\/mein-aufenthalt-biesbosch\/entdecke-de-biesbosch\/","og_site_name":"Holenberg","article_modified_time":"2025-06-04T12:39:40+00:00","twitter_card":"summary_large_image","twitter_misc":{"Gesch\u00e4tzte Lesezeit":"3\u00a0Minuten"},"schema":{"@context":"https:\/\/schema.org","@graph":[{"@type":"WebPage","@id":"https:\/\/www.holenberg.com\/de\/mein-aufenthalt-biesbosch\/entdecke-de-biesbosch\/","url":"https:\/\/www.holenberg.com\/de\/mein-aufenthalt-biesbosch\/entdecke-de-biesbosch\/","name":"Entdecke De Biesbosch - Holenberg","isPartOf":{"@id":"https:\/\/www.holenberg.com\/de\/#website"},"datePublished":"2025-01-14T12:53:41+00:00","dateModified":"2025-06-04T12:39:40+00:00","breadcrumb":{"@id":"https:\/\/www.holenberg.com\/de\/mein-aufenthalt-biesbosch\/entdecke-de-biesbosch\/#breadcrumb"},"inLanguage":"de","potentialAction":[{"@type":"ReadAction","target":["https:\/\/www.holenberg.com\/de\/mein-aufenthalt-biesbosch\/entdecke-de-biesbosch\/"]}]},{"@type":"BreadcrumbList","@id":"https:\/\/www.holenberg.com\/de\/mein-aufenthalt-biesbosch\/entdecke-de-biesbosch\/#breadcrumb","itemListElement":[{"@type":"ListItem","position":1,"name":"Home","item":"https:\/\/www.holenberg.com\/de\/"},{"@type":"ListItem","position":2,"name":"Mein Aufenthalt in De Biesbosch","item":"https:\/\/www.holenberg.com\/de\/mein-aufenthalt-biesbosch\/"},{"@type":"ListItem","position":3,"name":"Entdecke De Biesbosch"}]},{"@type":"WebSite","@id":"https:\/\/www.holenberg.com\/de\/#website","url":"https:\/\/www.holenberg.com\/de\/","name":"Holenberg","description":"Home of ANNA","potentialAction":[{"@type":"SearchAction","target":{"@type":"EntryPoint","urlTemplate":"https:\/\/www.holenberg.com\/de\/?s={search_term_string}"},"query-input":{"@type":"PropertyValueSpecification","valueRequired":true,"valueName":"search_term_string"}}],"inLanguage":"de"}]}},"_links":{"self":[{"href":"https:\/\/www.holenberg.com\/de\/wp-json\/wp\/v2\/pages\/1204","targetHints":{"allow":["GET"]}}],"collection":[{"href":"https:\/\/www.holenberg.com\/de\/wp-json\/wp\/v2\/pages"}],"about":[{"href":"https:\/\/www.holenberg.com\/de\/wp-json\/wp\/v2\/types\/page"}],"author":[{"embeddable":true,"href":"https:\/\/www.holenberg.com\/de\/wp-json\/wp\/v2\/users\/1"}],"replies":[{"embeddable":true,"href":"https:\/\/www.holenberg.com\/de\/wp-json\/wp\/v2\/comments?post=1204"}],"version-history":[{"count":2,"href":"https:\/\/www.holenberg.com\/de\/wp-json\/wp\/v2\/pages\/1204\/revisions"}],"predecessor-version":[{"id":1373,"href":"https:\/\/www.holenberg.com\/de\/wp-json\/wp\/v2\/pages\/1204\/revisions\/1373"}],"up":[{"embeddable":true,"href":"https:\/\/www.holenberg.com\/de\/wp-json\/wp\/v2\/pages\/1188"}],"wp:attachment":[{"href":"https:\/\/www.holenberg.com\/de\/wp-json\/wp\/v2\/media?parent=1204"}],"curies":[{"name":"wp","href":"https:\/\/api.w.org\/{rel}","templated":true}]}}