{"id":1201,"date":"2025-01-08T14:08:23","date_gmt":"2025-01-08T14:08:23","guid":{"rendered":"https:\/\/www.holenberg.com\/mein-aufenthalt-biesbosch\/off-grid\/"},"modified":"2025-06-30T11:24:37","modified_gmt":"2025-06-30T11:24:37","slug":"off-grid","status":"publish","type":"page","link":"https:\/\/www.holenberg.com\/de\/mein-aufenthalt-biesbosch\/off-grid\/","title":{"rendered":"Off Grid"},"content":{"rendered":"\n<p class=\"has-text-align-center\">Es begann mit dem Wunsch, der Natur n\u00e4her zu sein. In der Natur zu sein, ist nicht nur sch\u00f6n \u2013 es hat eine magische Wirkung auf unser Leben, unser Denken, Handeln und sogar unsere Heilung.<br>Studien zeigen, dass nat\u00fcrliches Licht, Ger\u00e4usche, Ausblicke und Farben einen deutlich positiven Einfluss auf unsere k\u00f6rperliche und geistige Gesundheit haben. Um ganz in und mit den Elementen der Natur zu leben, ist ANNA Biesbosch mit einem selbsterkl\u00e4renden Off-Grid-System ausgestattet.<\/p>\n\n\n\n<div class=\"wp-block-group is-small is-layout-constrained wp-block-group-is-layout-constrained\">\n<h4 class=\"wp-block-heading\"><strong>Warmwasser erzeugen<\/strong><\/h4>\n\n\n\n<p>Der Ofen erhitzt mithilfe eines W\u00e4rmetauschers das Wasser im Boiler. Daf\u00fcr muss ein kr\u00e4ftiges Feuer gemacht werden. Plane gen\u00fcgend Zeit ein, um das Wasser auf Temperatur zu bringen (durchschnittlich 3 bis 5 Stunden).<\/p>\n\n\n\n<p>Auf dem Thermometer in der K\u00fcche kannst du die aktuelle Wassertemperatur ablesen:<\/p>\n\n\n\n<p>\u2022 Sp\u00fclen: ab 30 \u00b0C<\/p>\n\n\n\n<p>\u2022 Duschen: ab 40 \u00b0C<\/p>\n\n\n\n<p>\u2022 Baden: ab 60 \u00b0C<\/p>\n\n\n\n<h4 class=\"wp-block-heading\"><strong>Kochen<\/strong><\/h4>\n\n\n\n<p>Der Holzofen ist mit einer Kochplatte und einem Backofen ausgestattet. Beides wird direkt vom Feuer beheizt. Zum Kochen d\u00fcrfen ausschlie\u00dflich der gr\u00fcne gusseiserne Topf und der Br\u00e4ter verwendet werden. Die Temperatur der Kochplatte steigt von innen nach au\u00dfen an. Wenn du gerade nicht kochst, schlie\u00dfe bitte den Deckel \u2013 so bleibt die Platte auf Temperatur.<\/p>\n\n\n\n<p>Der Temperaturmesser an der Ofent\u00fcr zeigt dir die ungef\u00e4hre Temperatur des Backofens an.<\/p>\n\n\n\n<h4 class=\"wp-block-heading\"><strong><strong>Kickspace-Heizung in der K\u00fcche<\/strong><\/strong><\/h4>\n\n\n\n<p>Wenn du den Ofen gut einheizt hast, erreicht das Wasser im Boiler die maximale Temperatur. Dann wird die W\u00e4rme \u00fcber die Kickspace-Heizung in die K\u00fcche geleitet. Das bedeutet, dass Sie hin und wieder ein zischendes Ger\u00e4usch aus der K\u00fcche h\u00f6ren k\u00f6nnten.<\/p>\n\n\n\n<h4 class=\"wp-block-heading\"><strong><strong>Zus\u00e4tzliches Brennholz<\/strong><\/strong><\/h4>\n\n\n\n<p>Neben dem Ofen findest du einen Korb mit Brennholz. Weitere Holzvorr\u00e4te findest du im Holzschuppen zwischen der Cabin und dem Steg auf der S\u00fcdseite des Terps. Der Zugangscode f\u00fcr das Holzlager ist derselbe wie f\u00fcr die Schranke bei Maltha.<\/p>\n\n\n\n<h4 class=\"wp-block-heading\"><strong><strong>Wasserversorgung<\/strong><\/strong><\/h4>\n\n\n\n<p>F\u00fcr deinen Aufenthalt pumpen wir das Wasser direkt aus dem Boden \u2013 es wird anschlie\u00dfend gefiltert. Du kannst damit kochen, duschen und baden \u2013 mit frischem Wasser aus De Biesbosch.<\/p>\n\n\n\n<p>Auch wenn es gefiltert ist, kann es anders aussehen oder riechen, als du es gewohnt bist \u2013 manchmal leicht schwefelig. Das ist v\u00f6llig normal. Wichtig: Das Leitungswasser ist kein Trinkwasser! In der K\u00fcche steht ein Wasserbeh\u00e4lter mit 10 Litern frischem Trinkwasser f\u00fcr deinen Aufenthalt bereit.<\/p>\n<\/div>\n","protected":false},"excerpt":{"rendered":"Es begann mit dem Wunsch, der Natur n\u00e4her zu sein. In der Natur zu sein, ist nicht nur sch\u00f6n \u2013 es hat eine magische Wirkung auf unser Leben, unser Denken, Handeln und sogar unsere Heilung.Studien zeigen, dass nat\u00fcrliches Licht, Ger\u00e4usche, Ausblicke und Farben einen deutlich positiven Einfluss auf unsere k\u00f6rperliche und geistige Gesundheit haben. Um [&hellip;]","protected":false},"author":1,"featured_media":0,"parent":1188,"menu_order":0,"comment_status":"closed","ping_status":"closed","template":"","meta":{"_acf_changed":false,"footnotes":""},"class_list":["post-1201","page","type-page","status-publish","hentry"],"acf":[],"yoast_head":"<!-- This site is optimized with the Yoast SEO plugin v27.3 - https:\/\/yoast.com\/product\/yoast-seo-wordpress\/ -->\n<title>Off Grid - Holenberg<\/title>\n<meta name=\"robots\" content=\"index, follow, max-snippet:-1, max-image-preview:large, max-video-preview:-1\" \/>\n<link rel=\"canonical\" href=\"https:\/\/www.holenberg.com\/de\/mein-aufenthalt-biesbosch\/off-grid\/\" \/>\n<meta property=\"og:locale\" content=\"de_DE\" \/>\n<meta property=\"og:type\" content=\"article\" \/>\n<meta property=\"og:title\" content=\"Off Grid - Holenberg\" \/>\n<meta property=\"og:description\" content=\"Es begann mit dem Wunsch, der Natur n\u00e4her zu sein. In der Natur zu sein, ist nicht nur sch\u00f6n \u2013 es hat eine magische Wirkung auf unser Leben, unser Denken, Handeln und sogar unsere Heilung.Studien zeigen, dass nat\u00fcrliches Licht, Ger\u00e4usche, Ausblicke und Farben einen deutlich positiven Einfluss auf unsere k\u00f6rperliche und geistige Gesundheit haben. Um [&hellip;]\" \/>\n<meta property=\"og:url\" content=\"https:\/\/www.holenberg.com\/de\/mein-aufenthalt-biesbosch\/off-grid\/\" \/>\n<meta property=\"og:site_name\" content=\"Holenberg\" \/>\n<meta property=\"article:modified_time\" content=\"2025-06-30T11:24:37+00:00\" \/>\n<meta name=\"twitter:card\" content=\"summary_large_image\" \/>\n<meta name=\"twitter:label1\" content=\"Gesch\u00e4tzte Lesezeit\" \/>\n\t<meta name=\"twitter:data1\" content=\"2\u00a0Minuten\" \/>\n<script type=\"application\/ld+json\" class=\"yoast-schema-graph\">{\"@context\":\"https:\\\/\\\/schema.org\",\"@graph\":[{\"@type\":\"WebPage\",\"@id\":\"https:\\\/\\\/www.holenberg.com\\\/de\\\/mein-aufenthalt-biesbosch\\\/off-grid\\\/\",\"url\":\"https:\\\/\\\/www.holenberg.com\\\/de\\\/mein-aufenthalt-biesbosch\\\/off-grid\\\/\",\"name\":\"Off Grid - Holenberg\",\"isPartOf\":{\"@id\":\"https:\\\/\\\/www.holenberg.com\\\/de\\\/#website\"},\"datePublished\":\"2025-01-08T14:08:23+00:00\",\"dateModified\":\"2025-06-30T11:24:37+00:00\",\"breadcrumb\":{\"@id\":\"https:\\\/\\\/www.holenberg.com\\\/de\\\/mein-aufenthalt-biesbosch\\\/off-grid\\\/#breadcrumb\"},\"inLanguage\":\"de\",\"potentialAction\":[{\"@type\":\"ReadAction\",\"target\":[\"https:\\\/\\\/www.holenberg.com\\\/de\\\/mein-aufenthalt-biesbosch\\\/off-grid\\\/\"]}]},{\"@type\":\"BreadcrumbList\",\"@id\":\"https:\\\/\\\/www.holenberg.com\\\/de\\\/mein-aufenthalt-biesbosch\\\/off-grid\\\/#breadcrumb\",\"itemListElement\":[{\"@type\":\"ListItem\",\"position\":1,\"name\":\"Home\",\"item\":\"https:\\\/\\\/www.holenberg.com\\\/de\\\/\"},{\"@type\":\"ListItem\",\"position\":2,\"name\":\"Mein Aufenthalt in De Biesbosch\",\"item\":\"https:\\\/\\\/www.holenberg.com\\\/de\\\/mein-aufenthalt-biesbosch\\\/\"},{\"@type\":\"ListItem\",\"position\":3,\"name\":\"Off Grid\"}]},{\"@type\":\"WebSite\",\"@id\":\"https:\\\/\\\/www.holenberg.com\\\/de\\\/#website\",\"url\":\"https:\\\/\\\/www.holenberg.com\\\/de\\\/\",\"name\":\"Holenberg\",\"description\":\"Home of ANNA\",\"potentialAction\":[{\"@type\":\"SearchAction\",\"target\":{\"@type\":\"EntryPoint\",\"urlTemplate\":\"https:\\\/\\\/www.holenberg.com\\\/de\\\/?s={search_term_string}\"},\"query-input\":{\"@type\":\"PropertyValueSpecification\",\"valueRequired\":true,\"valueName\":\"search_term_string\"}}],\"inLanguage\":\"de\"}]}<\/script>\n<!-- \/ Yoast SEO plugin. -->","yoast_head_json":{"title":"Off Grid - Holenberg","robots":{"index":"index","follow":"follow","max-snippet":"max-snippet:-1","max-image-preview":"max-image-preview:large","max-video-preview":"max-video-preview:-1"},"canonical":"https:\/\/www.holenberg.com\/de\/mein-aufenthalt-biesbosch\/off-grid\/","og_locale":"de_DE","og_type":"article","og_title":"Off Grid - Holenberg","og_description":"Es begann mit dem Wunsch, der Natur n\u00e4her zu sein. In der Natur zu sein, ist nicht nur sch\u00f6n \u2013 es hat eine magische Wirkung auf unser Leben, unser Denken, Handeln und sogar unsere Heilung.Studien zeigen, dass nat\u00fcrliches Licht, Ger\u00e4usche, Ausblicke und Farben einen deutlich positiven Einfluss auf unsere k\u00f6rperliche und geistige Gesundheit haben. Um [&hellip;]","og_url":"https:\/\/www.holenberg.com\/de\/mein-aufenthalt-biesbosch\/off-grid\/","og_site_name":"Holenberg","article_modified_time":"2025-06-30T11:24:37+00:00","twitter_card":"summary_large_image","twitter_misc":{"Gesch\u00e4tzte Lesezeit":"2\u00a0Minuten"},"schema":{"@context":"https:\/\/schema.org","@graph":[{"@type":"WebPage","@id":"https:\/\/www.holenberg.com\/de\/mein-aufenthalt-biesbosch\/off-grid\/","url":"https:\/\/www.holenberg.com\/de\/mein-aufenthalt-biesbosch\/off-grid\/","name":"Off Grid - Holenberg","isPartOf":{"@id":"https:\/\/www.holenberg.com\/de\/#website"},"datePublished":"2025-01-08T14:08:23+00:00","dateModified":"2025-06-30T11:24:37+00:00","breadcrumb":{"@id":"https:\/\/www.holenberg.com\/de\/mein-aufenthalt-biesbosch\/off-grid\/#breadcrumb"},"inLanguage":"de","potentialAction":[{"@type":"ReadAction","target":["https:\/\/www.holenberg.com\/de\/mein-aufenthalt-biesbosch\/off-grid\/"]}]},{"@type":"BreadcrumbList","@id":"https:\/\/www.holenberg.com\/de\/mein-aufenthalt-biesbosch\/off-grid\/#breadcrumb","itemListElement":[{"@type":"ListItem","position":1,"name":"Home","item":"https:\/\/www.holenberg.com\/de\/"},{"@type":"ListItem","position":2,"name":"Mein Aufenthalt in De Biesbosch","item":"https:\/\/www.holenberg.com\/de\/mein-aufenthalt-biesbosch\/"},{"@type":"ListItem","position":3,"name":"Off Grid"}]},{"@type":"WebSite","@id":"https:\/\/www.holenberg.com\/de\/#website","url":"https:\/\/www.holenberg.com\/de\/","name":"Holenberg","description":"Home of ANNA","potentialAction":[{"@type":"SearchAction","target":{"@type":"EntryPoint","urlTemplate":"https:\/\/www.holenberg.com\/de\/?s={search_term_string}"},"query-input":{"@type":"PropertyValueSpecification","valueRequired":true,"valueName":"search_term_string"}}],"inLanguage":"de"}]}},"_links":{"self":[{"href":"https:\/\/www.holenberg.com\/de\/wp-json\/wp\/v2\/pages\/1201","targetHints":{"allow":["GET"]}}],"collection":[{"href":"https:\/\/www.holenberg.com\/de\/wp-json\/wp\/v2\/pages"}],"about":[{"href":"https:\/\/www.holenberg.com\/de\/wp-json\/wp\/v2\/types\/page"}],"author":[{"embeddable":true,"href":"https:\/\/www.holenberg.com\/de\/wp-json\/wp\/v2\/users\/1"}],"replies":[{"embeddable":true,"href":"https:\/\/www.holenberg.com\/de\/wp-json\/wp\/v2\/comments?post=1201"}],"version-history":[{"count":2,"href":"https:\/\/www.holenberg.com\/de\/wp-json\/wp\/v2\/pages\/1201\/revisions"}],"predecessor-version":[{"id":1525,"href":"https:\/\/www.holenberg.com\/de\/wp-json\/wp\/v2\/pages\/1201\/revisions\/1525"}],"up":[{"embeddable":true,"href":"https:\/\/www.holenberg.com\/de\/wp-json\/wp\/v2\/pages\/1188"}],"wp:attachment":[{"href":"https:\/\/www.holenberg.com\/de\/wp-json\/wp\/v2\/media?parent=1201"}],"curies":[{"name":"wp","href":"https:\/\/api.w.org\/{rel}","templated":true}]}}