{"id":1188,"date":"2024-12-18T13:26:48","date_gmt":"2024-12-18T13:26:48","guid":{"rendered":"https:\/\/www.holenberg.com\/mijn-verblijf-biesbosch\/"},"modified":"2025-06-04T12:39:02","modified_gmt":"2025-06-04T12:39:02","slug":"mein-aufenthalt-biesbosch","status":"publish","type":"page","link":"https:\/\/www.holenberg.com\/de\/mein-aufenthalt-biesbosch\/","title":{"rendered":"Mein Aufenthalt in De Biesbosch"},"content":{"rendered":"\n<h2 class=\"wp-block-heading has-text-align-center\">Gut vorbereitet f\u00fcr einen komfortablen Aufenthalt<\/h2>\n\n\n\n<p class=\"has-text-align-center\">Bald ist es so weit: Du verbringst schon bald deine Zeit in Cabin ANNA Biesbosch! Diese Cabin ist vollst\u00e4ndig off grid, deshalb ist es sinnvoll, die folgenden Informationen im Voraus durchzulesen \u2013 so bist du bestens vorbereitet auf dein autarkes Naturerlebnis.<\/p>\n\n\n\n<div style=\"height:8rem\" aria-hidden=\"true\" class=\"wp-block-spacer\"><\/div>\n\n\n\n<div class=\"wp-block-group has-beige-light-background-color has-background is-layout-flow wp-block-group-is-layout-flow\" style=\"margin-top:0;margin-bottom:0\">\n<h3 class=\"wp-block-heading has-text-align-center\">W\u00c4HLE EIN THEMA<\/h3>\n\n\n\n<div style=\"height:4rem\" aria-hidden=\"true\" class=\"wp-block-spacer\"><\/div>\n\n\n<div class=\"hol-grid\" style=\"--col-count: 2;\">\n  \n<div class=\"hol-grid-item\">\n  \n\n<figure class=\"wp-block-image size-full\"><a href=\"https:\/\/www.holenberg.com\/de\/mein-aufenthalt-biesbosch\/praktische-informationen-biesbosch\/\"><span class=\"wp-block-button__link-icon\" aria-hidden=\"true\"><svg width=\"6.846\" height=\"7.732\" viewBox=\"0 0 6.846 7.732\"><path d=\"M6.844 3.844a2.433 2.433 0 00-.42-.45Q3.646 1.746.85.123C.385-.149.015.042.015.573q-.028 3.285 0 6.571c0 .535.37.741.833.469q2.819-1.63 5.615-3.3c.137-.087.219-.276.383-.472z\" fill=\"currentColor\"><\/path><\/svg><\/span><img loading=\"lazy\" decoding=\"async\" width=\"720\" height=\"405\" src=\"https:\/\/www.holenberg.com\/wp-content\/uploads\/2025\/01\/mg-6544.jpg\" alt=\"\" class=\"wp-image-470\" srcset=\"https:\/\/www.holenberg.com\/wp-content\/uploads\/2025\/01\/mg-6544.jpg 720w, https:\/\/www.holenberg.com\/wp-content\/uploads\/2025\/01\/mg-6544-300x169.jpg 300w\" sizes=\"auto, (max-width: 720px) 100vw, 720px\" \/><\/a><\/figure>\n\n\n\n<div style=\"height:2rem\" aria-hidden=\"true\" class=\"wp-block-spacer\"><\/div>\n\n\n\n<h3 class=\"wp-block-heading has-text-align-center\"><strong>MEIN AUFENTHALT IN ANNA BIESBOSCH<\/strong><\/h3>\n\n\n\n<p>Um ganz in und mit den Elementen der Natur zu leben, ist ANNA Biesbosch mit einem selbsterkl\u00e4renden off grid-System ausgestattet.<\/p>\n\n\n\n<div class=\"wp-block-buttons is-layout-flex wp-block-buttons-is-layout-flex\">\n<div class=\"wp-block-button is-round-button\"><a class=\"wp-block-button__link wp-element-button\" href=\"https:\/\/www.holenberg.com\/de\/mein-aufenthalt-biesbosch\/praktische-informationen-biesbosch\/\"><span class=\"wp-block-button__link-icon\" aria-hidden=\"true\"><svg width=\"6.846\" height=\"7.732\" viewBox=\"0 0 6.846 7.732\"><path d=\"M6.844 3.844a2.433 2.433 0 00-.42-.45Q3.646 1.746.85.123C.385-.149.015.042.015.573q-.028 3.285 0 6.571c0 .535.37.741.833.469q2.819-1.63 5.615-3.3c.137-.087.219-.276.383-.472z\" fill=\"currentColor\"><\/path><\/svg><\/span>Mehr erfahren<\/a><\/div>\n<\/div>\n\n\n<\/div>\n\n<div class=\"hol-grid-item\">\n  \n\n<figure class=\"wp-block-image size-full\"><a href=\"https:\/\/www.holenberg.com\/de\/mein-aufenthalt-biesbosch\/off-grid\/\"><span class=\"wp-block-button__link-icon\" aria-hidden=\"true\"><svg width=\"6.846\" height=\"7.732\" viewBox=\"0 0 6.846 7.732\"><path d=\"M6.844 3.844a2.433 2.433 0 00-.42-.45Q3.646 1.746.85.123C.385-.149.015.042.015.573q-.028 3.285 0 6.571c0 .535.37.741.833.469q2.819-1.63 5.615-3.3c.137-.087.219-.276.383-.472z\" fill=\"currentColor\"><\/path><\/svg><\/span><img loading=\"lazy\" decoding=\"async\" width=\"720\" height=\"405\" src=\"https:\/\/www.holenberg.com\/wp-content\/uploads\/2025\/01\/cabin-anna-35b.jpg\" alt=\"\" class=\"wp-image-464\" srcset=\"https:\/\/www.holenberg.com\/wp-content\/uploads\/2025\/01\/cabin-anna-35b.jpg 720w, https:\/\/www.holenberg.com\/wp-content\/uploads\/2025\/01\/cabin-anna-35b-300x169.jpg 300w\" sizes=\"auto, (max-width: 720px) 100vw, 720px\" \/><\/a><\/figure>\n\n\n\n<div style=\"height:2rem\" aria-hidden=\"true\" class=\"wp-block-spacer\"><\/div>\n\n\n\n<h3 class=\"wp-block-heading has-text-align-center\"><strong>OFF GRID<\/strong><\/h3>\n\n\n\n<p>Um ganz in und mit den Elementen der Natur zu leben, ist ANNA Biesbosch mit einem selbsterkl\u00e4renden off grid-System ausgestattet.<\/p>\n\n\n\n<div class=\"wp-block-buttons is-layout-flex wp-block-buttons-is-layout-flex\">\n<div class=\"wp-block-button is-round-button\"><a class=\"wp-block-button__link wp-element-button\" href=\"https:\/\/www.holenberg.com\/de\/mein-aufenthalt-biesbosch\/off-grid\/\"><span class=\"wp-block-button__link-icon\" aria-hidden=\"true\"><svg width=\"6.846\" height=\"7.732\" viewBox=\"0 0 6.846 7.732\"><path d=\"M6.844 3.844a2.433 2.433 0 00-.42-.45Q3.646 1.746.85.123C.385-.149.015.042.015.573q-.028 3.285 0 6.571c0 .535.37.741.833.469q2.819-1.63 5.615-3.3c.137-.087.219-.276.383-.472z\" fill=\"currentColor\"><\/path><\/svg><\/span>Mehr erfahren<\/a><\/div>\n<\/div>\n\n\n<\/div>\n\n<div class=\"hol-grid-item\">\n  \n\n<figure class=\"wp-block-image size-full\"><a href=\"https:\/\/www.holenberg.com\/de\/mein-aufenthalt-biesbosch\/entdecke-de-biesbosch\/\"><span class=\"wp-block-button__link-icon\" aria-hidden=\"true\"><svg width=\"6.846\" height=\"7.732\" viewBox=\"0 0 6.846 7.732\"><path d=\"M6.844 3.844a2.433 2.433 0 00-.42-.45Q3.646 1.746.85.123C.385-.149.015.042.015.573q-.028 3.285 0 6.571c0 .535.37.741.833.469q2.819-1.63 5.615-3.3c.137-.087.219-.276.383-.472z\" fill=\"currentColor\"><\/path><\/svg><\/span><img loading=\"lazy\" decoding=\"async\" width=\"720\" height=\"405\" src=\"https:\/\/www.holenberg.com\/wp-content\/uploads\/2025\/01\/cabin-anna-38b.jpg\" alt=\"\" class=\"wp-image-466\" srcset=\"https:\/\/www.holenberg.com\/wp-content\/uploads\/2025\/01\/cabin-anna-38b.jpg 720w, https:\/\/www.holenberg.com\/wp-content\/uploads\/2025\/01\/cabin-anna-38b-300x169.jpg 300w\" sizes=\"auto, (max-width: 720px) 100vw, 720px\" \/><\/a><\/figure>\n\n\n\n<div style=\"height:2rem\" aria-hidden=\"true\" class=\"wp-block-spacer\"><\/div>\n\n\n\n<h3 class=\"wp-block-heading has-text-align-center\"><strong>ENTDECKE DE BIESBOSCH<\/strong><\/h3>\n\n\n\n<p>Entdecke De Biesbosch \u2013 einen von zwanzig Nationalparks der Niederlande. Ein bedeutendes Naturgebiet mit au\u00dfergew\u00f6hnlicher Artenvielfalt und dem gr\u00f6\u00dften S\u00fc\u00dfwasser-Gezeitengebiet Europas. Finde heraus, was du in der Umgebung alles erleben kannst.&nbsp;<\/p>\n\n\n\n<div class=\"wp-block-buttons is-layout-flex wp-block-buttons-is-layout-flex\">\n<div class=\"wp-block-button is-round-button\"><a class=\"wp-block-button__link wp-element-button\" href=\"https:\/\/www.holenberg.com\/de\/mein-aufenthalt-biesbosch\/entdecke-de-biesbosch\/\"><span class=\"wp-block-button__link-icon\" aria-hidden=\"true\"><svg width=\"6.846\" height=\"7.732\" viewBox=\"0 0 6.846 7.732\"><path d=\"M6.844 3.844a2.433 2.433 0 00-.42-.45Q3.646 1.746.85.123C.385-.149.015.042.015.573q-.028 3.285 0 6.571c0 .535.37.741.833.469q2.819-1.63 5.615-3.3c.137-.087.219-.276.383-.472z\" fill=\"currentColor\"><\/path><\/svg><\/span>Mehr erfahren<\/a><\/div>\n<\/div>\n\n\n<\/div>\n\n<div class=\"hol-grid-item\">\n  \n\n<figure class=\"wp-block-image size-full\"><a href=\"https:\/\/www.holenberg.com\/de\/mein-aufenthalt-biesbosch\/essen-biesbosch\/\"><span class=\"wp-block-button__link-icon\" aria-hidden=\"true\"><svg width=\"6.846\" height=\"7.732\" viewBox=\"0 0 6.846 7.732\"><path d=\"M6.844 3.844a2.433 2.433 0 00-.42-.45Q3.646 1.746.85.123C.385-.149.015.042.015.573q-.028 3.285 0 6.571c0 .535.37.741.833.469q2.819-1.63 5.615-3.3c.137-.087.219-.276.383-.472z\" fill=\"currentColor\"><\/path><\/svg><\/span><img loading=\"lazy\" decoding=\"async\" width=\"720\" height=\"405\" src=\"https:\/\/www.holenberg.com\/wp-content\/uploads\/2025\/01\/dscf0246.jpg\" alt=\"\" class=\"wp-image-468\" srcset=\"https:\/\/www.holenberg.com\/wp-content\/uploads\/2025\/01\/dscf0246.jpg 720w, https:\/\/www.holenberg.com\/wp-content\/uploads\/2025\/01\/dscf0246-300x169.jpg 300w\" sizes=\"auto, (max-width: 720px) 100vw, 720px\" \/><\/a><\/figure>\n\n\n\n<div style=\"height:2rem\" aria-hidden=\"true\" class=\"wp-block-spacer\"><\/div>\n\n\n\n<h3 class=\"wp-block-heading has-text-align-center\"><strong>ESSEN IN ANNA BIESBOSCH<\/strong><\/h3>\n\n\n\n<p>ANNA ist mit einer gut ausgestatteten K\u00fcche versehen, und auf dem Holzofen l\u00e4sst sich wunderbar kochen. Wenn du dich lieber verw\u00f6hnen l\u00e4sst, geben wir dir gern ein paar Empfehlungen.<\/p>\n\n\n\n<div class=\"wp-block-buttons is-layout-flex wp-block-buttons-is-layout-flex\">\n<div class=\"wp-block-button is-round-button\"><a class=\"wp-block-button__link wp-element-button\" href=\"https:\/\/www.holenberg.com\/de\/mein-aufenthalt-biesbosch\/essen-biesbosch\/\"><span class=\"wp-block-button__link-icon\" aria-hidden=\"true\"><svg width=\"6.846\" height=\"7.732\" viewBox=\"0 0 6.846 7.732\"><path d=\"M6.844 3.844a2.433 2.433 0 00-.42-.45Q3.646 1.746.85.123C.385-.149.015.042.015.573q-.028 3.285 0 6.571c0 .535.37.741.833.469q2.819-1.63 5.615-3.3c.137-.087.219-.276.383-.472z\" fill=\"currentColor\"><\/path><\/svg><\/span>Mehr erfahren<\/a><\/div>\n<\/div>\n\n\n<\/div>\n\n<\/div><\/div>\n\n\n\n<div class=\"wp-block-cover\" style=\"margin-top:0rem\"><img loading=\"lazy\" decoding=\"async\" width=\"2560\" height=\"1920\" class=\"wp-block-cover__image-background wp-image-486\" alt=\"\" src=\"https:\/\/www.holenberg.com\/wp-content\/uploads\/2025\/01\/cabin-anna-7.jpg\" data-object-fit=\"cover\" srcset=\"https:\/\/www.holenberg.com\/wp-content\/uploads\/2025\/01\/cabin-anna-7.jpg 2560w, https:\/\/www.holenberg.com\/wp-content\/uploads\/2025\/01\/cabin-anna-7-300x225.jpg 300w, https:\/\/www.holenberg.com\/wp-content\/uploads\/2025\/01\/cabin-anna-7-1024x768.jpg 1024w, https:\/\/www.holenberg.com\/wp-content\/uploads\/2025\/01\/cabin-anna-7-768x576.jpg 768w, https:\/\/www.holenberg.com\/wp-content\/uploads\/2025\/01\/cabin-anna-7-1536x1152.jpg 1536w, https:\/\/www.holenberg.com\/wp-content\/uploads\/2025\/01\/cabin-anna-7-2048x1536.jpg 2048w, https:\/\/www.holenberg.com\/wp-content\/uploads\/2025\/01\/cabin-anna-7-1667x1250.jpg 1667w, https:\/\/www.holenberg.com\/wp-content\/uploads\/2025\/01\/cabin-anna-7-800x600.jpg 800w\" sizes=\"auto, (max-width: 2560px) 100vw, 2560px\" \/><span aria-hidden=\"true\" class=\"wp-block-cover__background has-background-dim-0 has-background-dim\" style=\"background-color:#5c5f37\"><\/span><div class=\"wp-block-cover__inner-container is-layout-constrained wp-block-cover-is-layout-constrained\">\n<p class=\"has-text-align-center\"><\/p>\n<\/div><\/div>\n","protected":false},"excerpt":{"rendered":"Gut vorbereitet f\u00fcr einen komfortablen Aufenthalt Bald ist es so weit: Du verbringst schon bald deine Zeit in Cabin ANNA Biesbosch! Diese Cabin ist vollst\u00e4ndig off grid, deshalb ist es sinnvoll, die folgenden Informationen im Voraus durchzulesen \u2013 so bist du bestens vorbereitet auf dein autarkes Naturerlebnis. W\u00c4HLE EIN THEMA","protected":false},"author":1,"featured_media":0,"parent":0,"menu_order":0,"comment_status":"closed","ping_status":"closed","template":"","meta":{"_acf_changed":false,"footnotes":""},"class_list":["post-1188","page","type-page","status-publish","hentry"],"acf":[],"yoast_head":"<!-- This site is optimized with the Yoast SEO plugin v27.3 - https:\/\/yoast.com\/product\/yoast-seo-wordpress\/ -->\n<title>Mein Aufenthalt in De Biesbosch - Holenberg<\/title>\n<meta name=\"robots\" content=\"index, follow, max-snippet:-1, max-image-preview:large, max-video-preview:-1\" \/>\n<link rel=\"canonical\" href=\"https:\/\/www.holenberg.com\/de\/mein-aufenthalt-biesbosch\/\" \/>\n<meta property=\"og:locale\" content=\"de_DE\" \/>\n<meta property=\"og:type\" content=\"article\" \/>\n<meta property=\"og:title\" content=\"Mein Aufenthalt in De Biesbosch - Holenberg\" \/>\n<meta property=\"og:description\" content=\"Gut vorbereitet f\u00fcr einen komfortablen Aufenthalt Bald ist es so weit: Du verbringst schon bald deine Zeit in Cabin ANNA Biesbosch! Diese Cabin ist vollst\u00e4ndig off grid, deshalb ist es sinnvoll, die folgenden Informationen im Voraus durchzulesen \u2013 so bist du bestens vorbereitet auf dein autarkes Naturerlebnis. W\u00c4HLE EIN THEMA\" \/>\n<meta property=\"og:url\" content=\"https:\/\/www.holenberg.com\/de\/mein-aufenthalt-biesbosch\/\" \/>\n<meta property=\"og:site_name\" content=\"Holenberg\" \/>\n<meta property=\"article:modified_time\" content=\"2025-06-04T12:39:02+00:00\" \/>\n<meta property=\"og:image\" content=\"https:\/\/www.holenberg.com\/wp-content\/uploads\/2025\/01\/mg-6544.jpg\" \/>\n\t<meta property=\"og:image:width\" content=\"720\" \/>\n\t<meta property=\"og:image:height\" content=\"405\" \/>\n\t<meta property=\"og:image:type\" content=\"image\/jpeg\" \/>\n<meta name=\"twitter:card\" content=\"summary_large_image\" \/>\n<meta name=\"twitter:label1\" content=\"Gesch\u00e4tzte Lesezeit\" \/>\n\t<meta name=\"twitter:data1\" content=\"2\u00a0Minuten\" \/>\n<script type=\"application\/ld+json\" class=\"yoast-schema-graph\">{\"@context\":\"https:\\\/\\\/schema.org\",\"@graph\":[{\"@type\":\"WebPage\",\"@id\":\"https:\\\/\\\/www.holenberg.com\\\/de\\\/mein-aufenthalt-biesbosch\\\/\",\"url\":\"https:\\\/\\\/www.holenberg.com\\\/de\\\/mein-aufenthalt-biesbosch\\\/\",\"name\":\"Mein Aufenthalt in De Biesbosch - Holenberg\",\"isPartOf\":{\"@id\":\"https:\\\/\\\/www.holenberg.com\\\/de\\\/#website\"},\"primaryImageOfPage\":{\"@id\":\"https:\\\/\\\/www.holenberg.com\\\/de\\\/mein-aufenthalt-biesbosch\\\/#primaryimage\"},\"image\":{\"@id\":\"https:\\\/\\\/www.holenberg.com\\\/de\\\/mein-aufenthalt-biesbosch\\\/#primaryimage\"},\"thumbnailUrl\":\"https:\\\/\\\/www.holenberg.com\\\/wp-content\\\/uploads\\\/2025\\\/01\\\/mg-6544.jpg\",\"datePublished\":\"2024-12-18T13:26:48+00:00\",\"dateModified\":\"2025-06-04T12:39:02+00:00\",\"breadcrumb\":{\"@id\":\"https:\\\/\\\/www.holenberg.com\\\/de\\\/mein-aufenthalt-biesbosch\\\/#breadcrumb\"},\"inLanguage\":\"de\",\"potentialAction\":[{\"@type\":\"ReadAction\",\"target\":[\"https:\\\/\\\/www.holenberg.com\\\/de\\\/mein-aufenthalt-biesbosch\\\/\"]}]},{\"@type\":\"ImageObject\",\"inLanguage\":\"de\",\"@id\":\"https:\\\/\\\/www.holenberg.com\\\/de\\\/mein-aufenthalt-biesbosch\\\/#primaryimage\",\"url\":\"https:\\\/\\\/www.holenberg.com\\\/wp-content\\\/uploads\\\/2025\\\/01\\\/mg-6544.jpg\",\"contentUrl\":\"https:\\\/\\\/www.holenberg.com\\\/wp-content\\\/uploads\\\/2025\\\/01\\\/mg-6544.jpg\"},{\"@type\":\"BreadcrumbList\",\"@id\":\"https:\\\/\\\/www.holenberg.com\\\/de\\\/mein-aufenthalt-biesbosch\\\/#breadcrumb\",\"itemListElement\":[{\"@type\":\"ListItem\",\"position\":1,\"name\":\"Home\",\"item\":\"https:\\\/\\\/www.holenberg.com\\\/de\\\/\"},{\"@type\":\"ListItem\",\"position\":2,\"name\":\"Mein Aufenthalt in De Biesbosch\"}]},{\"@type\":\"WebSite\",\"@id\":\"https:\\\/\\\/www.holenberg.com\\\/de\\\/#website\",\"url\":\"https:\\\/\\\/www.holenberg.com\\\/de\\\/\",\"name\":\"Holenberg\",\"description\":\"Home of ANNA\",\"potentialAction\":[{\"@type\":\"SearchAction\",\"target\":{\"@type\":\"EntryPoint\",\"urlTemplate\":\"https:\\\/\\\/www.holenberg.com\\\/de\\\/?s={search_term_string}\"},\"query-input\":{\"@type\":\"PropertyValueSpecification\",\"valueRequired\":true,\"valueName\":\"search_term_string\"}}],\"inLanguage\":\"de\"}]}<\/script>\n<!-- \/ Yoast SEO plugin. -->","yoast_head_json":{"title":"Mein Aufenthalt in De Biesbosch - Holenberg","robots":{"index":"index","follow":"follow","max-snippet":"max-snippet:-1","max-image-preview":"max-image-preview:large","max-video-preview":"max-video-preview:-1"},"canonical":"https:\/\/www.holenberg.com\/de\/mein-aufenthalt-biesbosch\/","og_locale":"de_DE","og_type":"article","og_title":"Mein Aufenthalt in De Biesbosch - Holenberg","og_description":"Gut vorbereitet f\u00fcr einen komfortablen Aufenthalt Bald ist es so weit: Du verbringst schon bald deine Zeit in Cabin ANNA Biesbosch! Diese Cabin ist vollst\u00e4ndig off grid, deshalb ist es sinnvoll, die folgenden Informationen im Voraus durchzulesen \u2013 so bist du bestens vorbereitet auf dein autarkes Naturerlebnis. W\u00c4HLE EIN THEMA","og_url":"https:\/\/www.holenberg.com\/de\/mein-aufenthalt-biesbosch\/","og_site_name":"Holenberg","article_modified_time":"2025-06-04T12:39:02+00:00","og_image":[{"width":720,"height":405,"url":"https:\/\/www.holenberg.com\/wp-content\/uploads\/2025\/01\/mg-6544.jpg","type":"image\/jpeg"}],"twitter_card":"summary_large_image","twitter_misc":{"Gesch\u00e4tzte Lesezeit":"2\u00a0Minuten"},"schema":{"@context":"https:\/\/schema.org","@graph":[{"@type":"WebPage","@id":"https:\/\/www.holenberg.com\/de\/mein-aufenthalt-biesbosch\/","url":"https:\/\/www.holenberg.com\/de\/mein-aufenthalt-biesbosch\/","name":"Mein Aufenthalt in De Biesbosch - Holenberg","isPartOf":{"@id":"https:\/\/www.holenberg.com\/de\/#website"},"primaryImageOfPage":{"@id":"https:\/\/www.holenberg.com\/de\/mein-aufenthalt-biesbosch\/#primaryimage"},"image":{"@id":"https:\/\/www.holenberg.com\/de\/mein-aufenthalt-biesbosch\/#primaryimage"},"thumbnailUrl":"https:\/\/www.holenberg.com\/wp-content\/uploads\/2025\/01\/mg-6544.jpg","datePublished":"2024-12-18T13:26:48+00:00","dateModified":"2025-06-04T12:39:02+00:00","breadcrumb":{"@id":"https:\/\/www.holenberg.com\/de\/mein-aufenthalt-biesbosch\/#breadcrumb"},"inLanguage":"de","potentialAction":[{"@type":"ReadAction","target":["https:\/\/www.holenberg.com\/de\/mein-aufenthalt-biesbosch\/"]}]},{"@type":"ImageObject","inLanguage":"de","@id":"https:\/\/www.holenberg.com\/de\/mein-aufenthalt-biesbosch\/#primaryimage","url":"https:\/\/www.holenberg.com\/wp-content\/uploads\/2025\/01\/mg-6544.jpg","contentUrl":"https:\/\/www.holenberg.com\/wp-content\/uploads\/2025\/01\/mg-6544.jpg"},{"@type":"BreadcrumbList","@id":"https:\/\/www.holenberg.com\/de\/mein-aufenthalt-biesbosch\/#breadcrumb","itemListElement":[{"@type":"ListItem","position":1,"name":"Home","item":"https:\/\/www.holenberg.com\/de\/"},{"@type":"ListItem","position":2,"name":"Mein Aufenthalt in De Biesbosch"}]},{"@type":"WebSite","@id":"https:\/\/www.holenberg.com\/de\/#website","url":"https:\/\/www.holenberg.com\/de\/","name":"Holenberg","description":"Home of ANNA","potentialAction":[{"@type":"SearchAction","target":{"@type":"EntryPoint","urlTemplate":"https:\/\/www.holenberg.com\/de\/?s={search_term_string}"},"query-input":{"@type":"PropertyValueSpecification","valueRequired":true,"valueName":"search_term_string"}}],"inLanguage":"de"}]}},"_links":{"self":[{"href":"https:\/\/www.holenberg.com\/de\/wp-json\/wp\/v2\/pages\/1188","targetHints":{"allow":["GET"]}}],"collection":[{"href":"https:\/\/www.holenberg.com\/de\/wp-json\/wp\/v2\/pages"}],"about":[{"href":"https:\/\/www.holenberg.com\/de\/wp-json\/wp\/v2\/types\/page"}],"author":[{"embeddable":true,"href":"https:\/\/www.holenberg.com\/de\/wp-json\/wp\/v2\/users\/1"}],"replies":[{"embeddable":true,"href":"https:\/\/www.holenberg.com\/de\/wp-json\/wp\/v2\/comments?post=1188"}],"version-history":[{"count":7,"href":"https:\/\/www.holenberg.com\/de\/wp-json\/wp\/v2\/pages\/1188\/revisions"}],"predecessor-version":[{"id":1372,"href":"https:\/\/www.holenberg.com\/de\/wp-json\/wp\/v2\/pages\/1188\/revisions\/1372"}],"wp:attachment":[{"href":"https:\/\/www.holenberg.com\/de\/wp-json\/wp\/v2\/media?parent=1188"}],"curies":[{"name":"wp","href":"https:\/\/api.w.org\/{rel}","templated":true}]}}