{"id":1155,"date":"2024-12-16T11:31:42","date_gmt":"2024-12-16T11:31:42","guid":{"rendered":"https:\/\/www.holenberg.com\/cabin-anna-biesbosch\/"},"modified":"2025-06-04T12:20:06","modified_gmt":"2025-06-04T12:20:06","slug":"cabin-anna-biesbosch","status":"publish","type":"page","link":"https:\/\/www.holenberg.com\/de\/cabin-anna-biesbosch\/","title":{"rendered":"Ein Aufenthalt in der Biesbosch"},"content":{"rendered":"\n<h2 class=\"wp-block-heading has-text-align-center\">Entdecke De Biesbosch<\/h2>\n\n\n\n<p class=\"has-text-align-center\">Der Nationalpark De Biesbosch ist einer von zwanzig Nationalparks in den Niederlanden \u2013 ein au\u00dfergew\u00f6hnliches Naturgebiet mit hoher \u00f6kologischer Qualit\u00e4t und das gr\u00f6\u00dfte S\u00fc\u00dfwasser-Gezeitengebiet Europas. Ein seltenes Naturph\u00e4nomen \u2013 und ein fantastischer Ort, um mitten in der Natur zur Ruhe zu kommen.<\/p>\n\n\n\n<p class=\"has-text-align-center\">Erkunde die weite Landschaft zu Fu\u00df \u00fcber die vielen Pfade oder gleite lautlos mit dem Kanu durchs Wasser \u2013 das bei Cabin ANNA f\u00fcr dich bereitliegt. In der Biesbosch leben viele verschiedene Tiere. Der wohl bekannteste Bewohner? Der Biber \u2013 der ganze Stolz von De Biesbosch! Schon mehrfach wurde er direkt am Wasser bei ANNA gesichtet. Au\u00dferdem triffst du hier auch F\u00fcchse, Rehe, Baummarder, Hasen und die Nordische W\u00fchlmaus \u2013 und nat\u00fcrlich unz\u00e4hlige Vogelarten!<\/p>\n\n\n\n<div class=\"wp-block-buttons is-content-justification-center is-layout-flex wp-block-buttons-is-layout-flex\">\n<div class=\"wp-block-button\"><a class=\"wp-block-button__link wp-element-button\" href=\"https:\/\/www.holenberg.com\/de\/aktivitaten-biesbosch\/\"><span class=\"wp-block-button__link-icon\" aria-hidden=\"true\"><svg width=\"6.846\" height=\"7.732\" viewBox=\"0 0 6.846 7.732\"><path d=\"M6.844 3.844a2.433 2.433 0 00-.42-.45Q3.646 1.746.85.123C.385-.149.015.042.015.573q-.028 3.285 0 6.571c0 .535.37.741.833.469q2.819-1.63 5.615-3.3c.137-.087.219-.276.383-.472z\" fill=\"currentColor\"><\/path><\/svg><\/span>Aktivit\u00e4ten in De Biesbosch<\/a><\/div>\n<\/div>\n\n\n\n<div class=\"wp-block-cover is-light\"><img loading=\"lazy\" decoding=\"async\" width=\"1280\" height=\"853\" class=\"wp-block-cover__image-background wp-image-146\" alt=\"\" src=\"https:\/\/www.holenberg.com\/wp-content\/uploads\/2024\/12\/shutterstock-1367549714.jpg\" data-object-fit=\"cover\" srcset=\"https:\/\/www.holenberg.com\/wp-content\/uploads\/2024\/12\/shutterstock-1367549714.jpg 1280w, https:\/\/www.holenberg.com\/wp-content\/uploads\/2024\/12\/shutterstock-1367549714-300x200.jpg 300w, https:\/\/www.holenberg.com\/wp-content\/uploads\/2024\/12\/shutterstock-1367549714-1024x682.jpg 1024w, https:\/\/www.holenberg.com\/wp-content\/uploads\/2024\/12\/shutterstock-1367549714-768x512.jpg 768w, https:\/\/www.holenberg.com\/wp-content\/uploads\/2024\/12\/shutterstock-1367549714-800x533.jpg 800w\" sizes=\"auto, (max-width: 1280px) 100vw, 1280px\" \/><span aria-hidden=\"true\" class=\"wp-block-cover__background has-background-dim-0 has-background-dim\" style=\"background-color:#868a3f\"><\/span><div class=\"wp-block-cover__inner-container is-layout-constrained wp-block-cover-is-layout-constrained\">\n<p class=\"has-text-align-center\"><\/p>\n<\/div><\/div>\n\n\n\n<h2 class=\"wp-block-heading has-text-align-center\">Noch n\u00e4her an der Natur<\/h2>\n\n\n\n<div class=\"wp-block-columns is-layout-flex wp-block-columns-is-layout-flex\">\n<div class=\"wp-block-column is-layout-flow wp-block-column-is-layout-flow\">\n<p>Sp\u00fcre, wie der Wind \u00fcber deine Decke streicht. Schlafe unter einem endlosen Sternenhimmel ein. Und wache auf mit dem Gesang der V\u00f6gel. Nur du \u2013 und die Natur. Ja, das gibt es wirklich. Ab sofort kannst du vollst\u00e4ndig eigenst\u00e4ndig, in Cabin ANNA, die Natur der Biesbosch hautnah erleben.<\/p>\n\n\n\n<p>Obwohl du hier im Einklang mit der Natur lebst, ist De Biesbosch auch ein Gebiet, in dem Menschen zusammenkommen. Du teilst diese wundersch\u00f6ne Umgebung manchmal mit anderen \u2013 zum Beispiel mit Fischern oder Landwirten, die vor allem au\u00dferhalb der Brutzeit in der Gegend arbeiten. Das ist Teil des nat\u00fcrlichen Lebensrhythmus in diesem dynamischen Naturgebiet.<\/p>\n<\/div>\n\n\n\n<div class=\"wp-block-column is-layout-flow wp-block-column-is-layout-flow\">\n<p>Ein Ort zum Entschleunigen. Zum Auftanken. Zum Bei-dir-Ankommen und Loslassen. Aber auch ein Ort f\u00fcr echte Verbindung \u2013 mit dir selbst, mit anderen und mit deiner Umgebung. Hier kommt alles zusammen. Sch\u00e4rfe deine Sinne, gib dich den Elementen hin, bewege dich im Rhythmus der Natur \u2013 und erlebe Freiheit.<\/p>\n\n\n\n<div class=\"wp-block-buttons is-layout-flex wp-block-buttons-is-layout-flex\">\n<div class=\"wp-block-button\"><a class=\"wp-block-button__link wp-element-button\" href=\"https:\/\/www.holenberg.com\/de\/buchen\/\"><span class=\"wp-block-button__link-icon\" aria-hidden=\"true\"><svg width=\"6.846\" height=\"7.732\" viewBox=\"0 0 6.846 7.732\"><path d=\"M6.844 3.844a2.433 2.433 0 00-.42-.45Q3.646 1.746.85.123C.385-.149.015.042.015.573q-.028 3.285 0 6.571c0 .535.37.741.833.469q2.819-1.63 5.615-3.3c.137-.087.219-.276.383-.472z\" fill=\"currentColor\"><\/path><\/svg><\/span>Buche deinen Aufenthalt<\/a><\/div>\n<\/div>\n<\/div>\n<\/div>\n\n\n\n<div class=\"wp-block-cover has-animation\"><img loading=\"lazy\" decoding=\"async\" width=\"1280\" height=\"960\" class=\"wp-block-cover__image-background wp-image-152\" alt=\"\" src=\"https:\/\/www.holenberg.com\/wp-content\/uploads\/2024\/12\/cabin-anna-38b.jpg\" data-object-fit=\"cover\" srcset=\"https:\/\/www.holenberg.com\/wp-content\/uploads\/2024\/12\/cabin-anna-38b.jpg 1280w, https:\/\/www.holenberg.com\/wp-content\/uploads\/2024\/12\/cabin-anna-38b-300x225.jpg 300w, https:\/\/www.holenberg.com\/wp-content\/uploads\/2024\/12\/cabin-anna-38b-1024x768.jpg 1024w, https:\/\/www.holenberg.com\/wp-content\/uploads\/2024\/12\/cabin-anna-38b-768x576.jpg 768w, https:\/\/www.holenberg.com\/wp-content\/uploads\/2024\/12\/cabin-anna-38b-800x600.jpg 800w\" sizes=\"auto, (max-width: 1280px) 100vw, 1280px\" \/><span aria-hidden=\"true\" class=\"wp-block-cover__background has-background-dim-0 has-background-dim\" style=\"background-color:#6f7568\"><\/span><div class=\"wp-block-cover__inner-container is-layout-constrained wp-block-cover-is-layout-constrained\">\n<p class=\"has-text-align-center\"><\/p>\n<\/div><\/div>\n\n\n\n<div class=\"wp-block-columns is-extra-wide is-layout-flex wp-block-columns-is-layout-flex\">\n<div class=\"wp-block-column is-layout-flow wp-block-column-is-layout-flow\">\n<h2 class=\"wp-block-heading\">Off grid<\/h2>\n\n\n\n<p>Es begann mit dem Wunsch, der Natur n\u00e4her zu sein. In der Natur zu sein, ist nicht nur sch\u00f6n \u2013 es hat auch eine besondere Wirkung auf unser Leben, unser Denken, unser Handeln und unsere Heilung. Wissenschaftliche Studien zeigen, dass nat\u00fcrliches Licht, Kl\u00e4nge, Ausblicke und Farben einen deutlich positiven Einfluss auf unsere k\u00f6rperliche und mentale Gesundheit haben. Um ganz in und mit den Elementen der Natur zu leben, ist ANNA Biesbosch mit einem off-grid-System ausgestattet. Die Cabin befindet sich auf einer Halbinsel mitten im Naturgebiet De Biesbosch \u2013 ein Ort, den du zu bestimmten Tageszeiten mit anderen Naturliebhabern teilst.<\/p>\n\n\n\n<div class=\"wp-block-buttons is-layout-flex wp-block-buttons-is-layout-flex\">\n<div class=\"wp-block-button\"><a class=\"wp-block-button__link wp-element-button\" href=\"https:\/\/www.holenberg.com\/de\/mein-aufenthalt-biesbosch\/praktische-informationen-biesbosch\/\" target=\"_blank\" rel=\"noreferrer noopener\"><span class=\"wp-block-button__link-icon\" aria-hidden=\"true\"><svg width=\"6.846\" height=\"7.732\" viewBox=\"0 0 6.846 7.732\"><path d=\"M6.844 3.844a2.433 2.433 0 00-.42-.45Q3.646 1.746.85.123C.385-.149.015.042.015.573q-.028 3.285 0 6.571c0 .535.37.741.833.469q2.819-1.63 5.615-3.3c.137-.087.219-.276.383-.472z\" fill=\"currentColor\"><\/path><\/svg><\/span>Alle praktischen Informationen<\/a><\/div>\n\n\n\n<div class=\"wp-block-button\"><a class=\"wp-block-button__link wp-element-button\" href=\"https:\/\/youtu.be\/frF0dPniKx4?feature=shared\" target=\"_blank\" rel=\"noreferrer noopener\"><span class=\"wp-block-button__link-icon\" aria-hidden=\"true\"><svg width=\"6.846\" height=\"7.732\" viewBox=\"0 0 6.846 7.732\"><path d=\"M6.844 3.844a2.433 2.433 0 00-.42-.45Q3.646 1.746.85.123C.385-.149.015.042.015.573q-.028 3.285 0 6.571c0 .535.37.741.833.469q2.819-1.63 5.615-3.3c.137-.087.219-.276.383-.472z\" fill=\"currentColor\"><\/path><\/svg><\/span>Video ansehen<\/a><\/div>\n<\/div>\n<\/div>\n\n\n\n<div class=\"wp-block-column is-layout-flow wp-block-column-is-layout-flow\"><div class=\"hol-image-slider \"><div class=\"hol-image-slider__controls\">\n    <button class=\"hol-image-slider__control\"><svg width=\"6.846\" height=\"7.732\" viewBox=\"0 0 6.846 7.732\"><path d=\"M6.844 3.844a2.433 2.433 0 00-.42-.45Q3.646 1.746.85.123C.385-.149.015.042.015.573q-.028 3.285 0 6.571c0 .535.37.741.833.469q2.819-1.63 5.615-3.3c.137-.087.219-.276.383-.472z\" fill=\"currentColor\"><\/path><\/svg><\/button>\n    <button class=\"hol-image-slider__control\"><svg width=\"6.846\" height=\"7.732\" viewBox=\"0 0 6.846 7.732\"><path d=\"M6.844 3.844a2.433 2.433 0 00-.42-.45Q3.646 1.746.85.123C.385-.149.015.042.015.573q-.028 3.285 0 6.571c0 .535.37.741.833.469q2.819-1.63 5.615-3.3c.137-.087.219-.276.383-.472z\" fill=\"currentColor\"><\/path><\/svg><\/button>\n  <\/div><div class=\"hol-image-slider__wrapper\"><img loading=\"lazy\" decoding=\"async\" width=\"800\" height=\"600\" src=\"https:\/\/www.holenberg.com\/wp-content\/uploads\/2024\/12\/dscf3374-1-800x600.jpg\" class=\"hol-image-slider__image-clone\" alt=\"\" srcset=\"https:\/\/www.holenberg.com\/wp-content\/uploads\/2024\/12\/dscf3374-1-800x600.jpg 800w, https:\/\/www.holenberg.com\/wp-content\/uploads\/2024\/12\/dscf3374-1-300x225.jpg 300w, https:\/\/www.holenberg.com\/wp-content\/uploads\/2024\/12\/dscf3374-1-1024x768.jpg 1024w, https:\/\/www.holenberg.com\/wp-content\/uploads\/2024\/12\/dscf3374-1-768x576.jpg 768w, https:\/\/www.holenberg.com\/wp-content\/uploads\/2024\/12\/dscf3374-1.jpg 1280w\" sizes=\"auto, (max-width: 800px) 100vw, 800px\" \/><img loading=\"lazy\" decoding=\"async\" width=\"800\" height=\"600\" src=\"https:\/\/www.holenberg.com\/wp-content\/uploads\/2024\/12\/cabin-anna-3-800x600.jpg\" class=\"hol-image-slider__image\" alt=\"\" srcset=\"https:\/\/www.holenberg.com\/wp-content\/uploads\/2024\/12\/cabin-anna-3-800x600.jpg 800w, https:\/\/www.holenberg.com\/wp-content\/uploads\/2024\/12\/cabin-anna-3-300x225.jpg 300w, https:\/\/www.holenberg.com\/wp-content\/uploads\/2024\/12\/cabin-anna-3-1024x768.jpg 1024w, https:\/\/www.holenberg.com\/wp-content\/uploads\/2024\/12\/cabin-anna-3-768x576.jpg 768w, https:\/\/www.holenberg.com\/wp-content\/uploads\/2024\/12\/cabin-anna-3.jpg 1280w\" sizes=\"auto, (max-width: 800px) 100vw, 800px\" \/><img loading=\"lazy\" decoding=\"async\" width=\"800\" height=\"600\" src=\"https:\/\/www.holenberg.com\/wp-content\/uploads\/2024\/12\/cabin-anna-5-800x600.jpg\" class=\"hol-image-slider__image\" alt=\"\" srcset=\"https:\/\/www.holenberg.com\/wp-content\/uploads\/2024\/12\/cabin-anna-5-800x600.jpg 800w, https:\/\/www.holenberg.com\/wp-content\/uploads\/2024\/12\/cabin-anna-5-300x225.jpg 300w, https:\/\/www.holenberg.com\/wp-content\/uploads\/2024\/12\/cabin-anna-5-1024x768.jpg 1024w, https:\/\/www.holenberg.com\/wp-content\/uploads\/2024\/12\/cabin-anna-5-768x576.jpg 768w, https:\/\/www.holenberg.com\/wp-content\/uploads\/2024\/12\/cabin-anna-5.jpg 1280w\" sizes=\"auto, (max-width: 800px) 100vw, 800px\" \/><img loading=\"lazy\" decoding=\"async\" width=\"800\" height=\"600\" src=\"https:\/\/www.holenberg.com\/wp-content\/uploads\/2024\/12\/dscf3374-1-800x600.jpg\" class=\"hol-image-slider__image\" alt=\"\" srcset=\"https:\/\/www.holenberg.com\/wp-content\/uploads\/2024\/12\/dscf3374-1-800x600.jpg 800w, https:\/\/www.holenberg.com\/wp-content\/uploads\/2024\/12\/dscf3374-1-300x225.jpg 300w, https:\/\/www.holenberg.com\/wp-content\/uploads\/2024\/12\/dscf3374-1-1024x768.jpg 1024w, https:\/\/www.holenberg.com\/wp-content\/uploads\/2024\/12\/dscf3374-1-768x576.jpg 768w, https:\/\/www.holenberg.com\/wp-content\/uploads\/2024\/12\/dscf3374-1.jpg 1280w\" sizes=\"auto, (max-width: 800px) 100vw, 800px\" \/><img loading=\"lazy\" decoding=\"async\" width=\"800\" height=\"600\" src=\"https:\/\/www.holenberg.com\/wp-content\/uploads\/2024\/12\/cabin-anna-3-800x600.jpg\" class=\"hol-image-slider__image-clone\" alt=\"\" srcset=\"https:\/\/www.holenberg.com\/wp-content\/uploads\/2024\/12\/cabin-anna-3-800x600.jpg 800w, https:\/\/www.holenberg.com\/wp-content\/uploads\/2024\/12\/cabin-anna-3-300x225.jpg 300w, https:\/\/www.holenberg.com\/wp-content\/uploads\/2024\/12\/cabin-anna-3-1024x768.jpg 1024w, https:\/\/www.holenberg.com\/wp-content\/uploads\/2024\/12\/cabin-anna-3-768x576.jpg 768w, https:\/\/www.holenberg.com\/wp-content\/uploads\/2024\/12\/cabin-anna-3.jpg 1280w\" sizes=\"auto, (max-width: 800px) 100vw, 800px\" \/><\/div><\/div><\/div>\n<\/div>\n\n\n\n<div class=\"wp-block-group is-small is-layout-constrained wp-block-group-is-layout-constrained\">\n<h2 class=\"wp-block-heading has-text-align-center\">Lieber nicht off grid?<\/h2>\n\n\n\n<p>Du kannst ANNA auch in De Maashorst erleben \u2013 dem ersten Ort weltweit, an dem man in einer ANNA \u00fcbernachten kann. Hier steht das allererste Modell: ANNA Origin, gefolgt von den vier ANNA Stay-Versionen: Quercus, Cytisus, Ulex und Molinia. Alle liegen an einzigartigen Orten mitten im Wald \u2013 mit viel Ruhe und Privatsph\u00e4re. Im November 2023 wurde das neueste Modell, die ANNA Collection, in De Maashorst aufgestellt.<\/p>\n\n\n\n<div class=\"wp-block-buttons is-layout-flex wp-block-buttons-is-layout-flex\">\n<div class=\"wp-block-button\"><a class=\"wp-block-button__link wp-element-button\" href=\"https:\/\/www.holenberg.com\/de\/entdecke-de-maashorst\/\"><span class=\"wp-block-button__link-icon\" aria-hidden=\"true\"><svg width=\"6.846\" height=\"7.732\" viewBox=\"0 0 6.846 7.732\"><path d=\"M6.844 3.844a2.433 2.433 0 00-.42-.45Q3.646 1.746.85.123C.385-.149.015.042.015.573q-.028 3.285 0 6.571c0 .535.37.741.833.469q2.819-1.63 5.615-3.3c.137-.087.219-.276.383-.472z\" fill=\"currentColor\"><\/path><\/svg><\/span>Entdecke De Maashorst<\/a><\/div>\n<\/div>\n<\/div>\n","protected":false},"excerpt":{"rendered":"Entdecke De Biesbosch Der Nationalpark De Biesbosch ist einer von zwanzig Nationalparks in den Niederlanden \u2013 ein au\u00dfergew\u00f6hnliches Naturgebiet mit hoher \u00f6kologischer Qualit\u00e4t und das gr\u00f6\u00dfte S\u00fc\u00dfwasser-Gezeitengebiet Europas. Ein seltenes Naturph\u00e4nomen \u2013 und ein fantastischer Ort, um mitten in der Natur zur Ruhe zu kommen. Erkunde die weite Landschaft zu Fu\u00df \u00fcber die vielen Pfade [&hellip;]","protected":false},"author":1,"featured_media":0,"parent":0,"menu_order":0,"comment_status":"closed","ping_status":"closed","template":"","meta":{"_acf_changed":false,"footnotes":""},"class_list":["post-1155","page","type-page","status-publish","hentry"],"acf":[],"yoast_head":"<!-- This site is optimized with the Yoast SEO plugin v27.3 - https:\/\/yoast.com\/product\/yoast-seo-wordpress\/ -->\n<title>Ein Aufenthalt in der Biesbosch - Holenberg<\/title>\n<meta name=\"robots\" content=\"index, follow, max-snippet:-1, max-image-preview:large, max-video-preview:-1\" \/>\n<link rel=\"canonical\" href=\"https:\/\/www.holenberg.com\/de\/cabin-anna-biesbosch\/\" \/>\n<meta property=\"og:locale\" content=\"de_DE\" \/>\n<meta property=\"og:type\" content=\"article\" \/>\n<meta property=\"og:title\" content=\"Ein Aufenthalt in der Biesbosch - Holenberg\" \/>\n<meta property=\"og:description\" content=\"Entdecke De Biesbosch Der Nationalpark De Biesbosch ist einer von zwanzig Nationalparks in den Niederlanden \u2013 ein au\u00dfergew\u00f6hnliches Naturgebiet mit hoher \u00f6kologischer Qualit\u00e4t und das gr\u00f6\u00dfte S\u00fc\u00dfwasser-Gezeitengebiet Europas. Ein seltenes Naturph\u00e4nomen \u2013 und ein fantastischer Ort, um mitten in der Natur zur Ruhe zu kommen. Erkunde die weite Landschaft zu Fu\u00df \u00fcber die vielen Pfade [&hellip;]\" \/>\n<meta property=\"og:url\" content=\"https:\/\/www.holenberg.com\/de\/cabin-anna-biesbosch\/\" \/>\n<meta property=\"og:site_name\" content=\"Holenberg\" \/>\n<meta property=\"article:modified_time\" content=\"2025-06-04T12:20:06+00:00\" \/>\n<meta property=\"og:image\" content=\"https:\/\/www.holenberg.com\/wp-content\/uploads\/2024\/12\/shutterstock-1367549714.jpg\" \/>\n\t<meta property=\"og:image:width\" content=\"1280\" \/>\n\t<meta property=\"og:image:height\" content=\"853\" \/>\n\t<meta property=\"og:image:type\" content=\"image\/jpeg\" \/>\n<meta name=\"twitter:card\" content=\"summary_large_image\" \/>\n<meta name=\"twitter:label1\" content=\"Gesch\u00e4tzte Lesezeit\" \/>\n\t<meta name=\"twitter:data1\" content=\"3\u00a0Minuten\" \/>\n<script type=\"application\/ld+json\" class=\"yoast-schema-graph\">{\"@context\":\"https:\\\/\\\/schema.org\",\"@graph\":[{\"@type\":\"WebPage\",\"@id\":\"https:\\\/\\\/www.holenberg.com\\\/de\\\/cabin-anna-biesbosch\\\/\",\"url\":\"https:\\\/\\\/www.holenberg.com\\\/de\\\/cabin-anna-biesbosch\\\/\",\"name\":\"Ein Aufenthalt in der Biesbosch - Holenberg\",\"isPartOf\":{\"@id\":\"https:\\\/\\\/www.holenberg.com\\\/de\\\/#website\"},\"primaryImageOfPage\":{\"@id\":\"https:\\\/\\\/www.holenberg.com\\\/de\\\/cabin-anna-biesbosch\\\/#primaryimage\"},\"image\":{\"@id\":\"https:\\\/\\\/www.holenberg.com\\\/de\\\/cabin-anna-biesbosch\\\/#primaryimage\"},\"thumbnailUrl\":\"https:\\\/\\\/www.holenberg.com\\\/wp-content\\\/uploads\\\/2024\\\/12\\\/shutterstock-1367549714.jpg\",\"datePublished\":\"2024-12-16T11:31:42+00:00\",\"dateModified\":\"2025-06-04T12:20:06+00:00\",\"breadcrumb\":{\"@id\":\"https:\\\/\\\/www.holenberg.com\\\/de\\\/cabin-anna-biesbosch\\\/#breadcrumb\"},\"inLanguage\":\"de\",\"potentialAction\":[{\"@type\":\"ReadAction\",\"target\":[\"https:\\\/\\\/www.holenberg.com\\\/de\\\/cabin-anna-biesbosch\\\/\"]}]},{\"@type\":\"ImageObject\",\"inLanguage\":\"de\",\"@id\":\"https:\\\/\\\/www.holenberg.com\\\/de\\\/cabin-anna-biesbosch\\\/#primaryimage\",\"url\":\"https:\\\/\\\/www.holenberg.com\\\/wp-content\\\/uploads\\\/2024\\\/12\\\/shutterstock-1367549714.jpg\",\"contentUrl\":\"https:\\\/\\\/www.holenberg.com\\\/wp-content\\\/uploads\\\/2024\\\/12\\\/shutterstock-1367549714.jpg\"},{\"@type\":\"BreadcrumbList\",\"@id\":\"https:\\\/\\\/www.holenberg.com\\\/de\\\/cabin-anna-biesbosch\\\/#breadcrumb\",\"itemListElement\":[{\"@type\":\"ListItem\",\"position\":1,\"name\":\"Home\",\"item\":\"https:\\\/\\\/www.holenberg.com\\\/de\\\/\"},{\"@type\":\"ListItem\",\"position\":2,\"name\":\"Ein Aufenthalt in der Biesbosch\"}]},{\"@type\":\"WebSite\",\"@id\":\"https:\\\/\\\/www.holenberg.com\\\/de\\\/#website\",\"url\":\"https:\\\/\\\/www.holenberg.com\\\/de\\\/\",\"name\":\"Holenberg\",\"description\":\"Home of ANNA\",\"potentialAction\":[{\"@type\":\"SearchAction\",\"target\":{\"@type\":\"EntryPoint\",\"urlTemplate\":\"https:\\\/\\\/www.holenberg.com\\\/de\\\/?s={search_term_string}\"},\"query-input\":{\"@type\":\"PropertyValueSpecification\",\"valueRequired\":true,\"valueName\":\"search_term_string\"}}],\"inLanguage\":\"de\"}]}<\/script>\n<!-- \/ Yoast SEO plugin. -->","yoast_head_json":{"title":"Ein Aufenthalt in der Biesbosch - Holenberg","robots":{"index":"index","follow":"follow","max-snippet":"max-snippet:-1","max-image-preview":"max-image-preview:large","max-video-preview":"max-video-preview:-1"},"canonical":"https:\/\/www.holenberg.com\/de\/cabin-anna-biesbosch\/","og_locale":"de_DE","og_type":"article","og_title":"Ein Aufenthalt in der Biesbosch - Holenberg","og_description":"Entdecke De Biesbosch Der Nationalpark De Biesbosch ist einer von zwanzig Nationalparks in den Niederlanden \u2013 ein au\u00dfergew\u00f6hnliches Naturgebiet mit hoher \u00f6kologischer Qualit\u00e4t und das gr\u00f6\u00dfte S\u00fc\u00dfwasser-Gezeitengebiet Europas. Ein seltenes Naturph\u00e4nomen \u2013 und ein fantastischer Ort, um mitten in der Natur zur Ruhe zu kommen. Erkunde die weite Landschaft zu Fu\u00df \u00fcber die vielen Pfade [&hellip;]","og_url":"https:\/\/www.holenberg.com\/de\/cabin-anna-biesbosch\/","og_site_name":"Holenberg","article_modified_time":"2025-06-04T12:20:06+00:00","og_image":[{"width":1280,"height":853,"url":"https:\/\/www.holenberg.com\/wp-content\/uploads\/2024\/12\/shutterstock-1367549714.jpg","type":"image\/jpeg"}],"twitter_card":"summary_large_image","twitter_misc":{"Gesch\u00e4tzte Lesezeit":"3\u00a0Minuten"},"schema":{"@context":"https:\/\/schema.org","@graph":[{"@type":"WebPage","@id":"https:\/\/www.holenberg.com\/de\/cabin-anna-biesbosch\/","url":"https:\/\/www.holenberg.com\/de\/cabin-anna-biesbosch\/","name":"Ein Aufenthalt in der Biesbosch - Holenberg","isPartOf":{"@id":"https:\/\/www.holenberg.com\/de\/#website"},"primaryImageOfPage":{"@id":"https:\/\/www.holenberg.com\/de\/cabin-anna-biesbosch\/#primaryimage"},"image":{"@id":"https:\/\/www.holenberg.com\/de\/cabin-anna-biesbosch\/#primaryimage"},"thumbnailUrl":"https:\/\/www.holenberg.com\/wp-content\/uploads\/2024\/12\/shutterstock-1367549714.jpg","datePublished":"2024-12-16T11:31:42+00:00","dateModified":"2025-06-04T12:20:06+00:00","breadcrumb":{"@id":"https:\/\/www.holenberg.com\/de\/cabin-anna-biesbosch\/#breadcrumb"},"inLanguage":"de","potentialAction":[{"@type":"ReadAction","target":["https:\/\/www.holenberg.com\/de\/cabin-anna-biesbosch\/"]}]},{"@type":"ImageObject","inLanguage":"de","@id":"https:\/\/www.holenberg.com\/de\/cabin-anna-biesbosch\/#primaryimage","url":"https:\/\/www.holenberg.com\/wp-content\/uploads\/2024\/12\/shutterstock-1367549714.jpg","contentUrl":"https:\/\/www.holenberg.com\/wp-content\/uploads\/2024\/12\/shutterstock-1367549714.jpg"},{"@type":"BreadcrumbList","@id":"https:\/\/www.holenberg.com\/de\/cabin-anna-biesbosch\/#breadcrumb","itemListElement":[{"@type":"ListItem","position":1,"name":"Home","item":"https:\/\/www.holenberg.com\/de\/"},{"@type":"ListItem","position":2,"name":"Ein Aufenthalt in der Biesbosch"}]},{"@type":"WebSite","@id":"https:\/\/www.holenberg.com\/de\/#website","url":"https:\/\/www.holenberg.com\/de\/","name":"Holenberg","description":"Home of ANNA","potentialAction":[{"@type":"SearchAction","target":{"@type":"EntryPoint","urlTemplate":"https:\/\/www.holenberg.com\/de\/?s={search_term_string}"},"query-input":{"@type":"PropertyValueSpecification","valueRequired":true,"valueName":"search_term_string"}}],"inLanguage":"de"}]}},"_links":{"self":[{"href":"https:\/\/www.holenberg.com\/de\/wp-json\/wp\/v2\/pages\/1155","targetHints":{"allow":["GET"]}}],"collection":[{"href":"https:\/\/www.holenberg.com\/de\/wp-json\/wp\/v2\/pages"}],"about":[{"href":"https:\/\/www.holenberg.com\/de\/wp-json\/wp\/v2\/types\/page"}],"author":[{"embeddable":true,"href":"https:\/\/www.holenberg.com\/de\/wp-json\/wp\/v2\/users\/1"}],"replies":[{"embeddable":true,"href":"https:\/\/www.holenberg.com\/de\/wp-json\/wp\/v2\/comments?post=1155"}],"version-history":[{"count":6,"href":"https:\/\/www.holenberg.com\/de\/wp-json\/wp\/v2\/pages\/1155\/revisions"}],"predecessor-version":[{"id":1355,"href":"https:\/\/www.holenberg.com\/de\/wp-json\/wp\/v2\/pages\/1155\/revisions\/1355"}],"wp:attachment":[{"href":"https:\/\/www.holenberg.com\/de\/wp-json\/wp\/v2\/media?parent=1155"}],"curies":[{"name":"wp","href":"https:\/\/api.w.org\/{rel}","templated":true}]}}