{"id":1120,"date":"2025-02-05T08:13:29","date_gmt":"2025-02-05T08:13:29","guid":{"rendered":"https:\/\/www.holenberg.com\/boeking-geslaagd\/"},"modified":"2025-06-02T08:20:55","modified_gmt":"2025-06-02T08:20:55","slug":"buchung-erfolgreich","status":"publish","type":"page","link":"https:\/\/www.holenberg.com\/de\/buchung-erfolgreich\/","title":{"rendered":"Buchung erfolgreich"},"content":{"rendered":"\n<div class=\"wp-block-group is-small is-layout-constrained wp-block-group-is-layout-constrained\" style=\"margin-top:4rem;margin-bottom:4rem\">\n<p>Vielen Dank f\u00fcr deine Buchung!<\/p>\n\n\n\n<p>Deine Buchung wurde erfolgreich \u00fcbermittelt. Wir pr\u00fcfen sie und senden dir anschlie\u00dfend eine Zahlungsaufforderung zur Best\u00e4tigung.<\/p>\n\n\n\n<p>Wir bem\u00fchen uns, deine Buchung innerhalb von 24 Stunden zu best\u00e4tigen.<\/p>\n<\/div>\n","protected":false},"excerpt":{"rendered":"Vielen Dank f\u00fcr deine Buchung! Deine Buchung wurde erfolgreich \u00fcbermittelt. Wir pr\u00fcfen sie und senden dir anschlie\u00dfend eine Zahlungsaufforderung zur Best\u00e4tigung. Wir bem\u00fchen uns, deine Buchung innerhalb von 24 Stunden zu best\u00e4tigen.","protected":false},"author":1,"featured_media":0,"parent":0,"menu_order":0,"comment_status":"closed","ping_status":"closed","template":"","meta":{"_acf_changed":false,"footnotes":""},"class_list":["post-1120","page","type-page","status-publish","hentry"],"acf":[],"yoast_head":"<!-- This site is optimized with the Yoast SEO plugin v27.3 - https:\/\/yoast.com\/product\/yoast-seo-wordpress\/ -->\n<title>Buchung erfolgreich - Holenberg<\/title>\n<meta name=\"robots\" content=\"index, follow, max-snippet:-1, max-image-preview:large, max-video-preview:-1\" \/>\n<link rel=\"canonical\" href=\"https:\/\/www.holenberg.com\/de\/buchung-erfolgreich\/\" \/>\n<meta property=\"og:locale\" content=\"de_DE\" \/>\n<meta property=\"og:type\" content=\"article\" \/>\n<meta property=\"og:title\" content=\"Buchung erfolgreich - Holenberg\" \/>\n<meta property=\"og:description\" content=\"Vielen Dank f\u00fcr deine Buchung! Deine Buchung wurde erfolgreich \u00fcbermittelt. Wir pr\u00fcfen sie und senden dir anschlie\u00dfend eine Zahlungsaufforderung zur Best\u00e4tigung. Wir bem\u00fchen uns, deine Buchung innerhalb von 24 Stunden zu best\u00e4tigen.\" \/>\n<meta property=\"og:url\" content=\"https:\/\/www.holenberg.com\/de\/buchung-erfolgreich\/\" \/>\n<meta property=\"og:site_name\" content=\"Holenberg\" \/>\n<meta property=\"article:modified_time\" content=\"2025-06-02T08:20:55+00:00\" \/>\n<meta name=\"twitter:card\" content=\"summary_large_image\" \/>\n<meta name=\"twitter:label1\" content=\"Gesch\u00e4tzte Lesezeit\" \/>\n\t<meta name=\"twitter:data1\" content=\"1\u00a0Minute\" \/>\n<script type=\"application\/ld+json\" class=\"yoast-schema-graph\">{\"@context\":\"https:\\\/\\\/schema.org\",\"@graph\":[{\"@type\":\"WebPage\",\"@id\":\"https:\\\/\\\/www.holenberg.com\\\/de\\\/buchung-erfolgreich\\\/\",\"url\":\"https:\\\/\\\/www.holenberg.com\\\/de\\\/buchung-erfolgreich\\\/\",\"name\":\"Buchung erfolgreich - Holenberg\",\"isPartOf\":{\"@id\":\"https:\\\/\\\/www.holenberg.com\\\/de\\\/#website\"},\"datePublished\":\"2025-02-05T08:13:29+00:00\",\"dateModified\":\"2025-06-02T08:20:55+00:00\",\"breadcrumb\":{\"@id\":\"https:\\\/\\\/www.holenberg.com\\\/de\\\/buchung-erfolgreich\\\/#breadcrumb\"},\"inLanguage\":\"de\",\"potentialAction\":[{\"@type\":\"ReadAction\",\"target\":[\"https:\\\/\\\/www.holenberg.com\\\/de\\\/buchung-erfolgreich\\\/\"]}]},{\"@type\":\"BreadcrumbList\",\"@id\":\"https:\\\/\\\/www.holenberg.com\\\/de\\\/buchung-erfolgreich\\\/#breadcrumb\",\"itemListElement\":[{\"@type\":\"ListItem\",\"position\":1,\"name\":\"Home\",\"item\":\"https:\\\/\\\/www.holenberg.com\\\/de\\\/\"},{\"@type\":\"ListItem\",\"position\":2,\"name\":\"Buchung erfolgreich\"}]},{\"@type\":\"WebSite\",\"@id\":\"https:\\\/\\\/www.holenberg.com\\\/de\\\/#website\",\"url\":\"https:\\\/\\\/www.holenberg.com\\\/de\\\/\",\"name\":\"Holenberg\",\"description\":\"Home of ANNA\",\"potentialAction\":[{\"@type\":\"SearchAction\",\"target\":{\"@type\":\"EntryPoint\",\"urlTemplate\":\"https:\\\/\\\/www.holenberg.com\\\/de\\\/?s={search_term_string}\"},\"query-input\":{\"@type\":\"PropertyValueSpecification\",\"valueRequired\":true,\"valueName\":\"search_term_string\"}}],\"inLanguage\":\"de\"}]}<\/script>\n<!-- \/ Yoast SEO plugin. -->","yoast_head_json":{"title":"Buchung erfolgreich - Holenberg","robots":{"index":"index","follow":"follow","max-snippet":"max-snippet:-1","max-image-preview":"max-image-preview:large","max-video-preview":"max-video-preview:-1"},"canonical":"https:\/\/www.holenberg.com\/de\/buchung-erfolgreich\/","og_locale":"de_DE","og_type":"article","og_title":"Buchung erfolgreich - Holenberg","og_description":"Vielen Dank f\u00fcr deine Buchung! Deine Buchung wurde erfolgreich \u00fcbermittelt. Wir pr\u00fcfen sie und senden dir anschlie\u00dfend eine Zahlungsaufforderung zur Best\u00e4tigung. Wir bem\u00fchen uns, deine Buchung innerhalb von 24 Stunden zu best\u00e4tigen.","og_url":"https:\/\/www.holenberg.com\/de\/buchung-erfolgreich\/","og_site_name":"Holenberg","article_modified_time":"2025-06-02T08:20:55+00:00","twitter_card":"summary_large_image","twitter_misc":{"Gesch\u00e4tzte Lesezeit":"1\u00a0Minute"},"schema":{"@context":"https:\/\/schema.org","@graph":[{"@type":"WebPage","@id":"https:\/\/www.holenberg.com\/de\/buchung-erfolgreich\/","url":"https:\/\/www.holenberg.com\/de\/buchung-erfolgreich\/","name":"Buchung erfolgreich - Holenberg","isPartOf":{"@id":"https:\/\/www.holenberg.com\/de\/#website"},"datePublished":"2025-02-05T08:13:29+00:00","dateModified":"2025-06-02T08:20:55+00:00","breadcrumb":{"@id":"https:\/\/www.holenberg.com\/de\/buchung-erfolgreich\/#breadcrumb"},"inLanguage":"de","potentialAction":[{"@type":"ReadAction","target":["https:\/\/www.holenberg.com\/de\/buchung-erfolgreich\/"]}]},{"@type":"BreadcrumbList","@id":"https:\/\/www.holenberg.com\/de\/buchung-erfolgreich\/#breadcrumb","itemListElement":[{"@type":"ListItem","position":1,"name":"Home","item":"https:\/\/www.holenberg.com\/de\/"},{"@type":"ListItem","position":2,"name":"Buchung erfolgreich"}]},{"@type":"WebSite","@id":"https:\/\/www.holenberg.com\/de\/#website","url":"https:\/\/www.holenberg.com\/de\/","name":"Holenberg","description":"Home of ANNA","potentialAction":[{"@type":"SearchAction","target":{"@type":"EntryPoint","urlTemplate":"https:\/\/www.holenberg.com\/de\/?s={search_term_string}"},"query-input":{"@type":"PropertyValueSpecification","valueRequired":true,"valueName":"search_term_string"}}],"inLanguage":"de"}]}},"_links":{"self":[{"href":"https:\/\/www.holenberg.com\/de\/wp-json\/wp\/v2\/pages\/1120","targetHints":{"allow":["GET"]}}],"collection":[{"href":"https:\/\/www.holenberg.com\/de\/wp-json\/wp\/v2\/pages"}],"about":[{"href":"https:\/\/www.holenberg.com\/de\/wp-json\/wp\/v2\/types\/page"}],"author":[{"embeddable":true,"href":"https:\/\/www.holenberg.com\/de\/wp-json\/wp\/v2\/users\/1"}],"replies":[{"embeddable":true,"href":"https:\/\/www.holenberg.com\/de\/wp-json\/wp\/v2\/comments?post=1120"}],"version-history":[{"count":1,"href":"https:\/\/www.holenberg.com\/de\/wp-json\/wp\/v2\/pages\/1120\/revisions"}],"predecessor-version":[{"id":1121,"href":"https:\/\/www.holenberg.com\/de\/wp-json\/wp\/v2\/pages\/1120\/revisions\/1121"}],"wp:attachment":[{"href":"https:\/\/www.holenberg.com\/de\/wp-json\/wp\/v2\/media?parent=1120"}],"curies":[{"name":"wp","href":"https:\/\/api.w.org\/{rel}","templated":true}]}}