{"id":1114,"date":"2024-12-11T10:46:07","date_gmt":"2024-12-11T10:46:07","guid":{"rendered":"https:\/\/www.holenberg.com\/boeken\/"},"modified":"2025-12-03T08:55:54","modified_gmt":"2025-12-03T08:55:54","slug":"buchen","status":"publish","type":"page","link":"https:\/\/www.holenberg.com\/de\/buchen\/","title":{"rendered":"Buche deinen Aufenthalt"},"content":{"rendered":"\n<div class=\"wp-block-group container-size-med is-layout-constrained wp-block-group-is-layout-constrained\" style=\"margin-top:var(--wp--preset--spacing--20);margin-bottom:var(--wp--preset--spacing--20)\">\n<p class=\"has-text-align-center has-medium-font-size\">Holenberg \u2013 Home of Cabin ANNA \u2013 ist der einzige Ort weltweit, an dem du in ANNA \u00fcbernachten kannst: in De Maashorst und in De Biesbosch. Vom allerersten Modell, ANNA Origin, bis hin zu vier ANNA Stay-Varianten: Quercus, Cytisus, Ulex und Molinia. Alle liegen an einzigartigen Orten in De Maashorst \u2013 mit viel Ruhe und Privatsph\u00e4re. Seit November 2023 kannst du auch im neuesten Modell \u00fcbernachten: der ANNA Collection, sowohl in De Maashorst als auch in De Biesbosch.<\/p>\n\n\n\n<div class=\"wp-block-buttons is-content-justification-center is-layout-flex wp-block-buttons-is-layout-flex\">\n<div class=\"wp-block-button\"><a class=\"wp-block-button__link wp-element-button\" href=\"https:\/\/www.holenberg.com\/de\/unsere-cabin-annas\/\"><span class=\"wp-block-button__link-icon\" aria-hidden=\"true\"><svg width=\"6.846\" height=\"7.732\" viewBox=\"0 0 6.846 7.732\"><path d=\"M6.844 3.844a2.433 2.433 0 00-.42-.45Q3.646 1.746.85.123C.385-.149.015.042.015.573q-.028 3.285 0 6.571c0 .535.37.741.833.469q2.819-1.63 5.615-3.3c.137-.087.219-.276.383-.472z\" fill=\"currentColor\"><\/path><\/svg><\/span>Entdecke unsere Cabins<\/a><\/div>\n<\/div>\n<\/div>\n\n\n\n<div class=\"wp-block-group z-extra is-layout-constrained wp-block-group-is-layout-constrained\">\n<h2 class=\"wp-block-heading has-text-align-center\">Reserviere deine ANNA<\/h2>\n\n\n\n  <div class=\"breakout\"\n    data-tommy-widget=\"reservation\"\n    data-language=\"de\"\n    data-token=\"338-c7ba7d6329d73bea25d849ff8461509333e71629ceab0f03e4c068aa8ab5bb80312a4202ce608b2ea63bcd2c4c5c298c9a3c80b6ff9c61280ee2e46e64869037\"\n    data-host=\"https:\/\/public.tommbookingsupport.nl\"\n    ata-show-item-groups=\"0\"\n    data-location-preference=\"0\"\n    data-map-marker-size=\"20\"\n    data-success-url=\"https:\/\/www.holenberg.com\/de\/buchung-erfolgreich\/\"\n    data-terms-and-conditions-url=\"https:\/\/www.holenberg.com\/de\/allgemeine-geschaeftsbedingungen\/\"\n    data-arrangements=\"1\"\n    data-price-triggers=\"1\"\n    data-sales-channel-id=\"12841\"\n  ><\/div>\n  <script type=\"text\/javascript\" src=\"https:\/\/public.tommbookingsupport.nl\/reservation-inline.js\"><\/script>\n  \n<\/div>\n\n\n\n<div class=\"wp-block-group is-small is-layout-constrained wp-block-group-is-layout-constrained\">\n<h2 class=\"wp-block-heading has-text-align-center\">Hast du eine Frage?<\/h2>\n\n\n\n<p class=\"has-text-align-center\">Du hast Fragen zur Buchung? Schau gern einmal bei den <a href=\"https:\/\/www.holenberg.com\/de\/faq\/\"><span class=\"wp-block-button__link-icon\" aria-hidden=\"true\"><svg width=\"6.846\" height=\"7.732\" viewBox=\"0 0 6.846 7.732\"><path d=\"M6.844 3.844a2.433 2.433 0 00-.42-.45Q3.646 1.746.85.123C.385-.149.015.042.015.573q-.028 3.285 0 6.571c0 .535.37.741.833.469q2.819-1.63 5.615-3.3c.137-.087.219-.276.383-.472z\" fill=\"currentColor\"><\/path><\/svg><\/span>h\u00e4ufig gestellten Fragen<\/a> vorbei \u2013 vielleicht findest du dort schon eine Antwort. Und nat\u00fcrlich kannst du uns jederzeit <a href=\"https:\/\/www.holenberg.com\/de\/kontakt\/\"><span class=\"wp-block-button__link-icon\" aria-hidden=\"true\"><svg width=\"6.846\" height=\"7.732\" viewBox=\"0 0 6.846 7.732\"><path d=\"M6.844 3.844a2.433 2.433 0 00-.42-.45Q3.646 1.746.85.123C.385-.149.015.042.015.573q-.028 3.285 0 6.571c0 .535.37.741.833.469q2.819-1.63 5.615-3.3c.137-.087.219-.276.383-.472z\" fill=\"currentColor\"><\/path><\/svg><\/span>kontaktieren<\/a> \u2013 wir helfen dir gern weiter.<\/p>\n<\/div>\n","protected":false},"excerpt":{"rendered":"Holenberg \u2013 Home of Cabin ANNA \u2013 ist der einzige Ort weltweit, an dem du in ANNA \u00fcbernachten kannst: in De Maashorst und in De Biesbosch. Vom allerersten Modell, ANNA Origin, bis hin zu vier ANNA Stay-Varianten: Quercus, Cytisus, Ulex und Molinia. Alle liegen an einzigartigen Orten in De Maashorst \u2013 mit viel Ruhe und [&hellip;]","protected":false},"author":1,"featured_media":0,"parent":0,"menu_order":0,"comment_status":"closed","ping_status":"closed","template":"","meta":{"_acf_changed":false,"footnotes":""},"class_list":["post-1114","page","type-page","status-publish","hentry"],"acf":[],"yoast_head":"<!-- This site is optimized with the Yoast SEO plugin v27.3 - https:\/\/yoast.com\/product\/yoast-seo-wordpress\/ -->\n<title>Buche deinen Aufenthalt - Holenberg<\/title>\n<meta name=\"description\" content=\"Buche deinen Aufenthalt bei Holenberg. Pr\u00fcfe die Verf\u00fcgbarkeit und reserviere deine \u00dcbernachtung mitten in der Natur.\" \/>\n<meta name=\"robots\" content=\"index, follow, max-snippet:-1, max-image-preview:large, max-video-preview:-1\" \/>\n<link rel=\"canonical\" href=\"https:\/\/www.holenberg.com\/de\/buchen\/\" \/>\n<meta property=\"og:locale\" content=\"de_DE\" \/>\n<meta property=\"og:type\" content=\"article\" \/>\n<meta property=\"og:title\" content=\"Buche deinen Aufenthalt - Holenberg\" \/>\n<meta property=\"og:description\" content=\"Buche deinen Aufenthalt bei Holenberg. Pr\u00fcfe die Verf\u00fcgbarkeit und reserviere deine \u00dcbernachtung mitten in der Natur.\" \/>\n<meta property=\"og:url\" content=\"https:\/\/www.holenberg.com\/de\/buchen\/\" \/>\n<meta property=\"og:site_name\" content=\"Holenberg\" \/>\n<meta property=\"article:modified_time\" content=\"2025-12-03T08:55:54+00:00\" \/>\n<meta name=\"twitter:card\" content=\"summary_large_image\" \/>\n<meta name=\"twitter:label1\" content=\"Gesch\u00e4tzte Lesezeit\" \/>\n\t<meta name=\"twitter:data1\" content=\"1\u00a0Minute\" \/>\n<script type=\"application\/ld+json\" class=\"yoast-schema-graph\">{\"@context\":\"https:\\\/\\\/schema.org\",\"@graph\":[{\"@type\":\"WebPage\",\"@id\":\"https:\\\/\\\/www.holenberg.com\\\/de\\\/buchen\\\/\",\"url\":\"https:\\\/\\\/www.holenberg.com\\\/de\\\/buchen\\\/\",\"name\":\"Buche deinen Aufenthalt - Holenberg\",\"isPartOf\":{\"@id\":\"https:\\\/\\\/www.holenberg.com\\\/de\\\/#website\"},\"datePublished\":\"2024-12-11T10:46:07+00:00\",\"dateModified\":\"2025-12-03T08:55:54+00:00\",\"description\":\"Buche deinen Aufenthalt bei Holenberg. Pr\u00fcfe die Verf\u00fcgbarkeit und reserviere deine \u00dcbernachtung mitten in der Natur.\",\"breadcrumb\":{\"@id\":\"https:\\\/\\\/www.holenberg.com\\\/de\\\/buchen\\\/#breadcrumb\"},\"inLanguage\":\"de\",\"potentialAction\":[{\"@type\":\"ReadAction\",\"target\":[\"https:\\\/\\\/www.holenberg.com\\\/de\\\/buchen\\\/\"]}]},{\"@type\":\"BreadcrumbList\",\"@id\":\"https:\\\/\\\/www.holenberg.com\\\/de\\\/buchen\\\/#breadcrumb\",\"itemListElement\":[{\"@type\":\"ListItem\",\"position\":1,\"name\":\"Home\",\"item\":\"https:\\\/\\\/www.holenberg.com\\\/de\\\/\"},{\"@type\":\"ListItem\",\"position\":2,\"name\":\"Buche deinen Aufenthalt\"}]},{\"@type\":\"WebSite\",\"@id\":\"https:\\\/\\\/www.holenberg.com\\\/de\\\/#website\",\"url\":\"https:\\\/\\\/www.holenberg.com\\\/de\\\/\",\"name\":\"Holenberg\",\"description\":\"Home of ANNA\",\"potentialAction\":[{\"@type\":\"SearchAction\",\"target\":{\"@type\":\"EntryPoint\",\"urlTemplate\":\"https:\\\/\\\/www.holenberg.com\\\/de\\\/?s={search_term_string}\"},\"query-input\":{\"@type\":\"PropertyValueSpecification\",\"valueRequired\":true,\"valueName\":\"search_term_string\"}}],\"inLanguage\":\"de\"}]}<\/script>\n<!-- \/ Yoast SEO plugin. -->","yoast_head_json":{"title":"Buche deinen Aufenthalt - Holenberg","description":"Buche deinen Aufenthalt bei Holenberg. Pr\u00fcfe die Verf\u00fcgbarkeit und reserviere deine \u00dcbernachtung mitten in der Natur.","robots":{"index":"index","follow":"follow","max-snippet":"max-snippet:-1","max-image-preview":"max-image-preview:large","max-video-preview":"max-video-preview:-1"},"canonical":"https:\/\/www.holenberg.com\/de\/buchen\/","og_locale":"de_DE","og_type":"article","og_title":"Buche deinen Aufenthalt - Holenberg","og_description":"Buche deinen Aufenthalt bei Holenberg. Pr\u00fcfe die Verf\u00fcgbarkeit und reserviere deine \u00dcbernachtung mitten in der Natur.","og_url":"https:\/\/www.holenberg.com\/de\/buchen\/","og_site_name":"Holenberg","article_modified_time":"2025-12-03T08:55:54+00:00","twitter_card":"summary_large_image","twitter_misc":{"Gesch\u00e4tzte Lesezeit":"1\u00a0Minute"},"schema":{"@context":"https:\/\/schema.org","@graph":[{"@type":"WebPage","@id":"https:\/\/www.holenberg.com\/de\/buchen\/","url":"https:\/\/www.holenberg.com\/de\/buchen\/","name":"Buche deinen Aufenthalt - Holenberg","isPartOf":{"@id":"https:\/\/www.holenberg.com\/de\/#website"},"datePublished":"2024-12-11T10:46:07+00:00","dateModified":"2025-12-03T08:55:54+00:00","description":"Buche deinen Aufenthalt bei Holenberg. Pr\u00fcfe die Verf\u00fcgbarkeit und reserviere deine \u00dcbernachtung mitten in der Natur.","breadcrumb":{"@id":"https:\/\/www.holenberg.com\/de\/buchen\/#breadcrumb"},"inLanguage":"de","potentialAction":[{"@type":"ReadAction","target":["https:\/\/www.holenberg.com\/de\/buchen\/"]}]},{"@type":"BreadcrumbList","@id":"https:\/\/www.holenberg.com\/de\/buchen\/#breadcrumb","itemListElement":[{"@type":"ListItem","position":1,"name":"Home","item":"https:\/\/www.holenberg.com\/de\/"},{"@type":"ListItem","position":2,"name":"Buche deinen Aufenthalt"}]},{"@type":"WebSite","@id":"https:\/\/www.holenberg.com\/de\/#website","url":"https:\/\/www.holenberg.com\/de\/","name":"Holenberg","description":"Home of ANNA","potentialAction":[{"@type":"SearchAction","target":{"@type":"EntryPoint","urlTemplate":"https:\/\/www.holenberg.com\/de\/?s={search_term_string}"},"query-input":{"@type":"PropertyValueSpecification","valueRequired":true,"valueName":"search_term_string"}}],"inLanguage":"de"}]}},"_links":{"self":[{"href":"https:\/\/www.holenberg.com\/de\/wp-json\/wp\/v2\/pages\/1114","targetHints":{"allow":["GET"]}}],"collection":[{"href":"https:\/\/www.holenberg.com\/de\/wp-json\/wp\/v2\/pages"}],"about":[{"href":"https:\/\/www.holenberg.com\/de\/wp-json\/wp\/v2\/types\/page"}],"author":[{"embeddable":true,"href":"https:\/\/www.holenberg.com\/de\/wp-json\/wp\/v2\/users\/1"}],"replies":[{"embeddable":true,"href":"https:\/\/www.holenberg.com\/de\/wp-json\/wp\/v2\/comments?post=1114"}],"version-history":[{"count":14,"href":"https:\/\/www.holenberg.com\/de\/wp-json\/wp\/v2\/pages\/1114\/revisions"}],"predecessor-version":[{"id":2018,"href":"https:\/\/www.holenberg.com\/de\/wp-json\/wp\/v2\/pages\/1114\/revisions\/2018"}],"wp:attachment":[{"href":"https:\/\/www.holenberg.com\/de\/wp-json\/wp\/v2\/media?parent=1114"}],"curies":[{"name":"wp","href":"https:\/\/api.w.org\/{rel}","templated":true}]}}