{"id":1105,"date":"2024-12-16T12:23:11","date_gmt":"2024-12-16T12:23:11","guid":{"rendered":"https:\/\/www.holenberg.com\/activiteiten-holenberg-en-maashorst\/"},"modified":"2025-07-16T09:49:42","modified_gmt":"2025-07-16T09:49:42","slug":"aktivitaten-holenberg-und-maashorst","status":"publish","type":"page","link":"https:\/\/www.holenberg.com\/de\/aktivitaten-holenberg-und-maashorst\/","title":{"rendered":"Aktivit\u00e4ten w\u00e4hrend deines Aufenthalts"},"content":{"rendered":"<div class=\"hol-full-grid\"><div class=\"hol-full-grid__item\">\n      <a href=\"https:\/\/www.holenberg.com\/de\/aktivitaten\/\" class=\"hol-full-grid__image-container\">\n        <img loading=\"lazy\" decoding=\"async\" width=\"720\" height=\"405\" src=\"https:\/\/www.holenberg.com\/wp-content\/uploads\/2024\/12\/cf4a8300-1.jpg\" class=\"hol-full-grid__item-image\" alt=\"\" srcset=\"https:\/\/www.holenberg.com\/wp-content\/uploads\/2024\/12\/cf4a8300-1.jpg 720w, https:\/\/www.holenberg.com\/wp-content\/uploads\/2024\/12\/cf4a8300-1-300x169.jpg 300w\" sizes=\"auto, (max-width: 720px) 100vw, 720px\" \/>\n      <\/a>\n      <div class=\"hol-full-grid__item-container\">\n        <div class=\"hol-full-grid__item-content\">\n          <p><a href=\"https:\/\/www.holenberg.com\/de\/aktivitaten\/\"><span class=\"wp-block-button__link-icon\" aria-hidden=\"true\"><svg width=\"6.846\" height=\"7.732\" viewBox=\"0 0 6.846 7.732\"><path d=\"M6.844 3.844a2.433 2.433 0 00-.42-.45Q3.646 1.746.85.123C.385-.149.015.042.015.573q-.028 3.285 0 6.571c0 .535.37.741.833.469q2.819-1.63 5.615-3.3c.137-.087.219-.276.383-.472z\" fill=\"currentColor\"><\/path><\/svg><\/span><!-- wp:heading --><\/a><\/p>\n<h2 class=\"wp-block-heading\">Aktivit\u00e4ten in De Maashorst<\/h2>\n<p><!-- \/wp:heading --> <!-- wp:paragraph --><\/p>\n<p>Am Rande des Naturgebiets De Maashorst gelegen, bietet Holenberg zahlreiche M\u00f6glichkeiten, die Natur aktiv zu erleben. Entdecke w\u00e4hrend deines Aufenthalts die Sch\u00f6nheit dieser riesigen Landschaft und lass dich von den uralten Sch\u00e4tzen \u00fcberraschen, die De Maashorst zu bieten hat.<\/p>\n<div class=\"wp-block-buttons\">\n<div class=\"wp-block-button\"><a class=\"wp-block-button__link wp-element-button\" href=\"https:\/\/www.holenberg.com\/de\/aktivitaten\/\"><span class=\"wp-block-button__link-icon\" aria-hidden=\"true\"><svg width=\"6.846\" height=\"7.732\" viewBox=\"0 0 6.846 7.732\"><path d=\"M6.844 3.844a2.433 2.433 0 00-.42-.45Q3.646 1.746.85.123C.385-.149.015.042.015.573q-.028 3.285 0 6.571c0 .535.37.741.833.469q2.819-1.63 5.615-3.3c.137-.087.219-.276.383-.472z\" fill=\"currentColor\"><\/path><\/svg><\/span>Aktivit\u00e4ten in De Maashorst<\/a><\/div>\n<\/div>\n\n        <\/div>\n      <\/div>\n    <\/div><div class=\"hol-full-grid__item\">\n      <a href=\"https:\/\/www.holenberg.com\/de\/aktivitaten-biesbosch\/\" class=\"hol-full-grid__image-container\">\n        <img loading=\"lazy\" decoding=\"async\" width=\"1280\" height=\"853\" src=\"https:\/\/www.holenberg.com\/wp-content\/uploads\/2024\/12\/shutterstock-1367549714.jpg\" class=\"hol-full-grid__item-image\" alt=\"\" srcset=\"https:\/\/www.holenberg.com\/wp-content\/uploads\/2024\/12\/shutterstock-1367549714.jpg 1280w, https:\/\/www.holenberg.com\/wp-content\/uploads\/2024\/12\/shutterstock-1367549714-300x200.jpg 300w, https:\/\/www.holenberg.com\/wp-content\/uploads\/2024\/12\/shutterstock-1367549714-1024x682.jpg 1024w, https:\/\/www.holenberg.com\/wp-content\/uploads\/2024\/12\/shutterstock-1367549714-768x512.jpg 768w, https:\/\/www.holenberg.com\/wp-content\/uploads\/2024\/12\/shutterstock-1367549714-800x533.jpg 800w\" sizes=\"auto, (max-width: 1280px) 100vw, 1280px\" \/>\n      <\/a>\n      <div class=\"hol-full-grid__item-container\">\n        <div class=\"hol-full-grid__item-content\">\n          <p><!-- wp:heading --><\/p>\n<h2 class=\"mb-3 mb-md-4 h3\">Aktivit\u00e4ten in De Biesbosch<\/h2>\n<div class=\"cms-content mb-3 mb-md-4\">Erkunde die weite Natur zu Fu\u00df \u00fcber zahlreiche Wanderwege oder mit dem Kanu, das bei Cabin ANNA f\u00fcr dich bereitliegt. In De Biesbosch kannst du viele Tiere entdecken \u2013 der wohl bekannteste Bewohner ist der Biber: der ganze Stolz von De Biesbosch!<\/div>\n<div><\/div>\n<div class=\"wp-block-buttons\">\n<div class=\"wp-block-button\"><a class=\"wp-block-button__link wp-element-button\" href=\"https:\/\/www.holenberg.com\/de\/aktivitaten-biesbosch\/\"><span class=\"wp-block-button__link-icon\" aria-hidden=\"true\"><svg width=\"6.846\" height=\"7.732\" viewBox=\"0 0 6.846 7.732\"><path d=\"M6.844 3.844a2.433 2.433 0 00-.42-.45Q3.646 1.746.85.123C.385-.149.015.042.015.573q-.028 3.285 0 6.571c0 .535.37.741.833.469q2.819-1.63 5.615-3.3c.137-.087.219-.276.383-.472z\" fill=\"currentColor\"><\/path><\/svg><\/span>Aktivit\u00e4ten in De Biesbosch<\/a><\/div>\n<\/div>\n\n        <\/div>\n      <\/div>\n    <\/div><\/div>","protected":false},"excerpt":{"rendered":"","protected":false},"author":1,"featured_media":0,"parent":0,"menu_order":0,"comment_status":"closed","ping_status":"closed","template":"","meta":{"_acf_changed":false,"footnotes":""},"class_list":["post-1105","page","type-page","status-publish","hentry"],"acf":[],"yoast_head":"<!-- This site is optimized with the Yoast SEO plugin v27.3 - https:\/\/yoast.com\/product\/yoast-seo-wordpress\/ -->\n<title>Aktivit\u00e4ten w\u00e4hrend deines Aufenthalts - Holenberg<\/title>\n<meta name=\"robots\" content=\"index, follow, max-snippet:-1, max-image-preview:large, max-video-preview:-1\" \/>\n<link rel=\"canonical\" href=\"https:\/\/www.holenberg.com\/de\/aktivitaten-holenberg-und-maashorst\/\" \/>\n<meta property=\"og:locale\" content=\"de_DE\" \/>\n<meta property=\"og:type\" content=\"article\" \/>\n<meta property=\"og:title\" content=\"Aktivit\u00e4ten w\u00e4hrend deines Aufenthalts - Holenberg\" \/>\n<meta property=\"og:url\" content=\"https:\/\/www.holenberg.com\/de\/aktivitaten-holenberg-und-maashorst\/\" \/>\n<meta property=\"og:site_name\" content=\"Holenberg\" \/>\n<meta property=\"article:modified_time\" content=\"2025-07-16T09:49:42+00:00\" \/>\n<meta name=\"twitter:card\" content=\"summary_large_image\" \/>\n<script type=\"application\/ld+json\" class=\"yoast-schema-graph\">{\"@context\":\"https:\\\/\\\/schema.org\",\"@graph\":[{\"@type\":\"WebPage\",\"@id\":\"https:\\\/\\\/www.holenberg.com\\\/de\\\/aktivitaten-holenberg-und-maashorst\\\/\",\"url\":\"https:\\\/\\\/www.holenberg.com\\\/de\\\/aktivitaten-holenberg-und-maashorst\\\/\",\"name\":\"Aktivit\u00e4ten w\u00e4hrend deines Aufenthalts - Holenberg\",\"isPartOf\":{\"@id\":\"https:\\\/\\\/www.holenberg.com\\\/de\\\/#website\"},\"datePublished\":\"2024-12-16T12:23:11+00:00\",\"dateModified\":\"2025-07-16T09:49:42+00:00\",\"breadcrumb\":{\"@id\":\"https:\\\/\\\/www.holenberg.com\\\/de\\\/aktivitaten-holenberg-und-maashorst\\\/#breadcrumb\"},\"inLanguage\":\"de\",\"potentialAction\":[{\"@type\":\"ReadAction\",\"target\":[\"https:\\\/\\\/www.holenberg.com\\\/de\\\/aktivitaten-holenberg-und-maashorst\\\/\"]}]},{\"@type\":\"BreadcrumbList\",\"@id\":\"https:\\\/\\\/www.holenberg.com\\\/de\\\/aktivitaten-holenberg-und-maashorst\\\/#breadcrumb\",\"itemListElement\":[{\"@type\":\"ListItem\",\"position\":1,\"name\":\"Home\",\"item\":\"https:\\\/\\\/www.holenberg.com\\\/de\\\/\"},{\"@type\":\"ListItem\",\"position\":2,\"name\":\"Aktivit\u00e4ten w\u00e4hrend deines Aufenthalts\"}]},{\"@type\":\"WebSite\",\"@id\":\"https:\\\/\\\/www.holenberg.com\\\/de\\\/#website\",\"url\":\"https:\\\/\\\/www.holenberg.com\\\/de\\\/\",\"name\":\"Holenberg\",\"description\":\"Home of ANNA\",\"potentialAction\":[{\"@type\":\"SearchAction\",\"target\":{\"@type\":\"EntryPoint\",\"urlTemplate\":\"https:\\\/\\\/www.holenberg.com\\\/de\\\/?s={search_term_string}\"},\"query-input\":{\"@type\":\"PropertyValueSpecification\",\"valueRequired\":true,\"valueName\":\"search_term_string\"}}],\"inLanguage\":\"de\"}]}<\/script>\n<!-- \/ Yoast SEO plugin. -->","yoast_head_json":{"title":"Aktivit\u00e4ten w\u00e4hrend deines Aufenthalts - Holenberg","robots":{"index":"index","follow":"follow","max-snippet":"max-snippet:-1","max-image-preview":"max-image-preview:large","max-video-preview":"max-video-preview:-1"},"canonical":"https:\/\/www.holenberg.com\/de\/aktivitaten-holenberg-und-maashorst\/","og_locale":"de_DE","og_type":"article","og_title":"Aktivit\u00e4ten w\u00e4hrend deines Aufenthalts - Holenberg","og_url":"https:\/\/www.holenberg.com\/de\/aktivitaten-holenberg-und-maashorst\/","og_site_name":"Holenberg","article_modified_time":"2025-07-16T09:49:42+00:00","twitter_card":"summary_large_image","schema":{"@context":"https:\/\/schema.org","@graph":[{"@type":"WebPage","@id":"https:\/\/www.holenberg.com\/de\/aktivitaten-holenberg-und-maashorst\/","url":"https:\/\/www.holenberg.com\/de\/aktivitaten-holenberg-und-maashorst\/","name":"Aktivit\u00e4ten w\u00e4hrend deines Aufenthalts - Holenberg","isPartOf":{"@id":"https:\/\/www.holenberg.com\/de\/#website"},"datePublished":"2024-12-16T12:23:11+00:00","dateModified":"2025-07-16T09:49:42+00:00","breadcrumb":{"@id":"https:\/\/www.holenberg.com\/de\/aktivitaten-holenberg-und-maashorst\/#breadcrumb"},"inLanguage":"de","potentialAction":[{"@type":"ReadAction","target":["https:\/\/www.holenberg.com\/de\/aktivitaten-holenberg-und-maashorst\/"]}]},{"@type":"BreadcrumbList","@id":"https:\/\/www.holenberg.com\/de\/aktivitaten-holenberg-und-maashorst\/#breadcrumb","itemListElement":[{"@type":"ListItem","position":1,"name":"Home","item":"https:\/\/www.holenberg.com\/de\/"},{"@type":"ListItem","position":2,"name":"Aktivit\u00e4ten w\u00e4hrend deines Aufenthalts"}]},{"@type":"WebSite","@id":"https:\/\/www.holenberg.com\/de\/#website","url":"https:\/\/www.holenberg.com\/de\/","name":"Holenberg","description":"Home of ANNA","potentialAction":[{"@type":"SearchAction","target":{"@type":"EntryPoint","urlTemplate":"https:\/\/www.holenberg.com\/de\/?s={search_term_string}"},"query-input":{"@type":"PropertyValueSpecification","valueRequired":true,"valueName":"search_term_string"}}],"inLanguage":"de"}]}},"_links":{"self":[{"href":"https:\/\/www.holenberg.com\/de\/wp-json\/wp\/v2\/pages\/1105","targetHints":{"allow":["GET"]}}],"collection":[{"href":"https:\/\/www.holenberg.com\/de\/wp-json\/wp\/v2\/pages"}],"about":[{"href":"https:\/\/www.holenberg.com\/de\/wp-json\/wp\/v2\/types\/page"}],"author":[{"embeddable":true,"href":"https:\/\/www.holenberg.com\/de\/wp-json\/wp\/v2\/users\/1"}],"replies":[{"embeddable":true,"href":"https:\/\/www.holenberg.com\/de\/wp-json\/wp\/v2\/comments?post=1105"}],"version-history":[{"count":6,"href":"https:\/\/www.holenberg.com\/de\/wp-json\/wp\/v2\/pages\/1105\/revisions"}],"predecessor-version":[{"id":1611,"href":"https:\/\/www.holenberg.com\/de\/wp-json\/wp\/v2\/pages\/1105\/revisions\/1611"}],"wp:attachment":[{"href":"https:\/\/www.holenberg.com\/de\/wp-json\/wp\/v2\/media?parent=1105"}],"curies":[{"name":"wp","href":"https:\/\/api.w.org\/{rel}","templated":true}]}}