{"id":1102,"date":"2025-02-06T07:52:17","date_gmt":"2025-02-06T07:52:17","guid":{"rendered":"https:\/\/www.holenberg.com\/aanvraag-geslaagd\/"},"modified":"2025-06-02T08:03:22","modified_gmt":"2025-06-02T08:03:22","slug":"anfrage-erfolgreich","status":"publish","type":"page","link":"https:\/\/www.holenberg.com\/de\/anfrage-erfolgreich\/","title":{"rendered":"Anfrage erfolgreich gesendet"},"content":{"rendered":"\n<div class=\"wp-block-group is-small is-layout-constrained wp-block-group-is-layout-constrained\" style=\"margin-top:4rem\">\n<p>Vielen Dank f\u00fcr deine Anfrage!<\/p>\n\n\n\n<p>Deine Anfrage wurde erfolgreich \u00fcbermittelt. Wir pr\u00fcfen sie so schnell wie m\u00f6glich und best\u00e4tigen dir die Buchung, sofern Verf\u00fcgbarkeit besteht.<\/p>\n\n\n\n<p>Die Bezahlung erfolgt entweder zu Beginn der Exkursion oder beim Check-in.<\/p>\n<\/div>\n\n\n\n<p><\/p>\n","protected":false},"excerpt":{"rendered":"Vielen Dank f\u00fcr deine Anfrage! Deine Anfrage wurde erfolgreich \u00fcbermittelt. Wir pr\u00fcfen sie so schnell wie m\u00f6glich und best\u00e4tigen dir die Buchung, sofern Verf\u00fcgbarkeit besteht. Die Bezahlung erfolgt entweder zu Beginn der Exkursion oder beim Check-in.","protected":false},"author":1,"featured_media":0,"parent":0,"menu_order":0,"comment_status":"closed","ping_status":"closed","template":"","meta":{"_acf_changed":false,"footnotes":""},"class_list":["post-1102","page","type-page","status-publish","hentry"],"acf":[],"yoast_head":"<!-- This site is optimized with the Yoast SEO plugin v27.3 - https:\/\/yoast.com\/product\/yoast-seo-wordpress\/ -->\n<title>Anfrage erfolgreich gesendet - Holenberg<\/title>\n<meta name=\"robots\" content=\"index, follow, max-snippet:-1, max-image-preview:large, max-video-preview:-1\" \/>\n<link rel=\"canonical\" href=\"https:\/\/www.holenberg.com\/de\/anfrage-erfolgreich\/\" \/>\n<meta property=\"og:locale\" content=\"de_DE\" \/>\n<meta property=\"og:type\" content=\"article\" \/>\n<meta property=\"og:title\" content=\"Anfrage erfolgreich gesendet - Holenberg\" \/>\n<meta property=\"og:description\" content=\"Vielen Dank f\u00fcr deine Anfrage! Deine Anfrage wurde erfolgreich \u00fcbermittelt. Wir pr\u00fcfen sie so schnell wie m\u00f6glich und best\u00e4tigen dir die Buchung, sofern Verf\u00fcgbarkeit besteht. Die Bezahlung erfolgt entweder zu Beginn der Exkursion oder beim Check-in.\" \/>\n<meta property=\"og:url\" content=\"https:\/\/www.holenberg.com\/de\/anfrage-erfolgreich\/\" \/>\n<meta property=\"og:site_name\" content=\"Holenberg\" \/>\n<meta property=\"article:modified_time\" content=\"2025-06-02T08:03:22+00:00\" \/>\n<meta name=\"twitter:card\" content=\"summary_large_image\" \/>\n<meta name=\"twitter:label1\" content=\"Gesch\u00e4tzte Lesezeit\" \/>\n\t<meta name=\"twitter:data1\" content=\"1\u00a0Minute\" \/>\n<script type=\"application\/ld+json\" class=\"yoast-schema-graph\">{\"@context\":\"https:\\\/\\\/schema.org\",\"@graph\":[{\"@type\":\"WebPage\",\"@id\":\"https:\\\/\\\/www.holenberg.com\\\/de\\\/anfrage-erfolgreich\\\/\",\"url\":\"https:\\\/\\\/www.holenberg.com\\\/de\\\/anfrage-erfolgreich\\\/\",\"name\":\"Anfrage erfolgreich gesendet - Holenberg\",\"isPartOf\":{\"@id\":\"https:\\\/\\\/www.holenberg.com\\\/de\\\/#website\"},\"datePublished\":\"2025-02-06T07:52:17+00:00\",\"dateModified\":\"2025-06-02T08:03:22+00:00\",\"breadcrumb\":{\"@id\":\"https:\\\/\\\/www.holenberg.com\\\/de\\\/anfrage-erfolgreich\\\/#breadcrumb\"},\"inLanguage\":\"de\",\"potentialAction\":[{\"@type\":\"ReadAction\",\"target\":[\"https:\\\/\\\/www.holenberg.com\\\/de\\\/anfrage-erfolgreich\\\/\"]}]},{\"@type\":\"BreadcrumbList\",\"@id\":\"https:\\\/\\\/www.holenberg.com\\\/de\\\/anfrage-erfolgreich\\\/#breadcrumb\",\"itemListElement\":[{\"@type\":\"ListItem\",\"position\":1,\"name\":\"Home\",\"item\":\"https:\\\/\\\/www.holenberg.com\\\/de\\\/\"},{\"@type\":\"ListItem\",\"position\":2,\"name\":\"Anfrage erfolgreich gesendet\"}]},{\"@type\":\"WebSite\",\"@id\":\"https:\\\/\\\/www.holenberg.com\\\/de\\\/#website\",\"url\":\"https:\\\/\\\/www.holenberg.com\\\/de\\\/\",\"name\":\"Holenberg\",\"description\":\"Home of ANNA\",\"potentialAction\":[{\"@type\":\"SearchAction\",\"target\":{\"@type\":\"EntryPoint\",\"urlTemplate\":\"https:\\\/\\\/www.holenberg.com\\\/de\\\/?s={search_term_string}\"},\"query-input\":{\"@type\":\"PropertyValueSpecification\",\"valueRequired\":true,\"valueName\":\"search_term_string\"}}],\"inLanguage\":\"de\"}]}<\/script>\n<!-- \/ Yoast SEO plugin. -->","yoast_head_json":{"title":"Anfrage erfolgreich gesendet - Holenberg","robots":{"index":"index","follow":"follow","max-snippet":"max-snippet:-1","max-image-preview":"max-image-preview:large","max-video-preview":"max-video-preview:-1"},"canonical":"https:\/\/www.holenberg.com\/de\/anfrage-erfolgreich\/","og_locale":"de_DE","og_type":"article","og_title":"Anfrage erfolgreich gesendet - Holenberg","og_description":"Vielen Dank f\u00fcr deine Anfrage! Deine Anfrage wurde erfolgreich \u00fcbermittelt. Wir pr\u00fcfen sie so schnell wie m\u00f6glich und best\u00e4tigen dir die Buchung, sofern Verf\u00fcgbarkeit besteht. Die Bezahlung erfolgt entweder zu Beginn der Exkursion oder beim Check-in.","og_url":"https:\/\/www.holenberg.com\/de\/anfrage-erfolgreich\/","og_site_name":"Holenberg","article_modified_time":"2025-06-02T08:03:22+00:00","twitter_card":"summary_large_image","twitter_misc":{"Gesch\u00e4tzte Lesezeit":"1\u00a0Minute"},"schema":{"@context":"https:\/\/schema.org","@graph":[{"@type":"WebPage","@id":"https:\/\/www.holenberg.com\/de\/anfrage-erfolgreich\/","url":"https:\/\/www.holenberg.com\/de\/anfrage-erfolgreich\/","name":"Anfrage erfolgreich gesendet - Holenberg","isPartOf":{"@id":"https:\/\/www.holenberg.com\/de\/#website"},"datePublished":"2025-02-06T07:52:17+00:00","dateModified":"2025-06-02T08:03:22+00:00","breadcrumb":{"@id":"https:\/\/www.holenberg.com\/de\/anfrage-erfolgreich\/#breadcrumb"},"inLanguage":"de","potentialAction":[{"@type":"ReadAction","target":["https:\/\/www.holenberg.com\/de\/anfrage-erfolgreich\/"]}]},{"@type":"BreadcrumbList","@id":"https:\/\/www.holenberg.com\/de\/anfrage-erfolgreich\/#breadcrumb","itemListElement":[{"@type":"ListItem","position":1,"name":"Home","item":"https:\/\/www.holenberg.com\/de\/"},{"@type":"ListItem","position":2,"name":"Anfrage erfolgreich gesendet"}]},{"@type":"WebSite","@id":"https:\/\/www.holenberg.com\/de\/#website","url":"https:\/\/www.holenberg.com\/de\/","name":"Holenberg","description":"Home of ANNA","potentialAction":[{"@type":"SearchAction","target":{"@type":"EntryPoint","urlTemplate":"https:\/\/www.holenberg.com\/de\/?s={search_term_string}"},"query-input":{"@type":"PropertyValueSpecification","valueRequired":true,"valueName":"search_term_string"}}],"inLanguage":"de"}]}},"_links":{"self":[{"href":"https:\/\/www.holenberg.com\/de\/wp-json\/wp\/v2\/pages\/1102","targetHints":{"allow":["GET"]}}],"collection":[{"href":"https:\/\/www.holenberg.com\/de\/wp-json\/wp\/v2\/pages"}],"about":[{"href":"https:\/\/www.holenberg.com\/de\/wp-json\/wp\/v2\/types\/page"}],"author":[{"embeddable":true,"href":"https:\/\/www.holenberg.com\/de\/wp-json\/wp\/v2\/users\/1"}],"replies":[{"embeddable":true,"href":"https:\/\/www.holenberg.com\/de\/wp-json\/wp\/v2\/comments?post=1102"}],"version-history":[{"count":1,"href":"https:\/\/www.holenberg.com\/de\/wp-json\/wp\/v2\/pages\/1102\/revisions"}],"predecessor-version":[{"id":1104,"href":"https:\/\/www.holenberg.com\/de\/wp-json\/wp\/v2\/pages\/1102\/revisions\/1104"}],"wp:attachment":[{"href":"https:\/\/www.holenberg.com\/de\/wp-json\/wp\/v2\/media?parent=1102"}],"curies":[{"name":"wp","href":"https:\/\/api.w.org\/{rel}","templated":true}]}}